{"id":25,"date":"2023-03-05T10:39:43","date_gmt":"2023-03-05T10:39:43","guid":{"rendered":"https:\/\/keweisolder.com\/?page_id=25"},"modified":"2024-10-21T09:02:47","modified_gmt":"2024-10-21T09:02:47","slug":"about","status":"publish","type":"page","link":"https:\/\/keweisolder.com\/cs\/about\/","title":{"rendered":"O str\u00e1nk\u00e1ch"},"content":{"rendered":"<section class=\"section\" id=\"section_1251725535\">\n\t\t<div class=\"bg section-bg fill bg-fill  bg-loaded\" >\n\n\t\t\t\n\t\t\t\n\t\t\t\n\n\t\t<\/div>\n\n\t\t\n\n\t\t<div class=\"section-content relative\">\n\t\t\t\n<div class=\"row align-equal\"  id=\"row-308115400\">\n\n\t<div id=\"col-1954684017\" class=\"col medium-12 small-12 large-6 medium-col-first\"  >\n\t\t\t\t<div class=\"col-inner\"  >\n\t\t\t\n\t\t\t\n\t<div id=\"gap-1633973900\" class=\"gap-element clearfix\" style=\"display:block; height:auto;\">\n\t\t\n<style>\n#gap-1633973900 {\n  padding-top: 5px;\n}\n<\/style>\n\t<\/div>\n\t\n\t<div id=\"text-1180510118\" class=\"text\">\n\t\t\n<h2>INFORMACE O FIRM\u011a<\/h2>\n\t\t\n<style>\n#text-1180510118 {\n  font-size: 1rem;\n}\n@media (min-width:550px) {\n  #text-1180510118 {\n    font-size: 1rem;\n  }\n}\n@media (min-width:850px) {\n  #text-1180510118 {\n    font-size: 1.4rem;\n  }\n}\n<\/style>\n\t<\/div>\n\t\n<div class=\"is-divider divider clearfix\" style=\"max-width:50px;height:4px;background-color:rgb(59, 181, 76);\"><\/div>\n\t<div id=\"gap-867245267\" class=\"gap-element clearfix hide-for-small\" style=\"display:block; height:auto;\">\n\t\t\n<style>\n#gap-867245267 {\n  padding-top: 20px;\n}\n<\/style>\n\t<\/div>\n\t\n<p>Jako p\u0159edn\u00ed v\u00fdrobce v oblasti p\u00e1jen\u00ed se na\u0161e spole\u010dnost specializuje na v\u00fdrobu vysoce kvalitn\u00edho p\u00e1jec\u00edho dr\u00e1tu, p\u00e1jec\u00ed pasty, p\u00e1jec\u00edch ty\u010d\u00ed a p\u00e1jec\u00edho pr\u00e1\u0161ku. D\u00edky dlouholet\u00fdm zku\u0161enostem a siln\u00e9mu zam\u011b\u0159en\u00ed na inovace poskytujeme p\u0159\u00edm\u00e9 v\u00fdrobn\u00ed ceny, kter\u00e9 zaji\u0161\u0165uj\u00ed konkurenceschopn\u00e9 ceny pro v\u0161echny na\u0161e z\u00e1kazn\u00edky. Na\u0161e v\u00fdrobky jsou vyrobeny tak, aby spl\u0148ovaly nejvy\u0161\u0161\u00ed pr\u016fmyslov\u00e9 standardy, a nab\u00edzej\u00ed v\u00fdjime\u010dnou kvalitu a spolehlivost.<\/p>\n<p>Jsme hrd\u00ed na to, \u017ee nab\u00edz\u00edme p\u0159izp\u016fsobiteln\u00e1 \u0159e\u0161en\u00ed pro konkr\u00e9tn\u00ed pot\u0159eby z\u00e1kazn\u00edk\u016f, \u010d\u00edm\u017e zaji\u0161\u0165ujeme flexibilitu a spokojenost s ka\u017edou objedn\u00e1vkou. D\u00edky z\u00e1vazku rychl\u00e9ho dod\u00e1n\u00ed a vynikaj\u00edc\u00edho z\u00e1kaznick\u00e9ho servisu jsme va\u0161\u00edm spolehliv\u00fdm partnerem pro v\u0161echny p\u00e1jec\u00ed materi\u00e1ly.<\/p>\n\t<div id=\"gap-1911324471\" class=\"gap-element clearfix\" style=\"display:block; height:auto;\">\n\t\t\n<style>\n#gap-1911324471 {\n  padding-top: 30px;\n}\n<\/style>\n\t<\/div>\n\t\n<a href=\"\/cs\/contact\/\" class=\"button primary\"  style=\"border-radius:99px;\">\n    <span>Kontaktujte n\u00e1s<\/span>\n  <\/a>\n\n\t\t<\/div>\n\t\t\t\t\n<style>\n#col-1954684017 > .col-inner {\n  padding: 0px 0px 0px 0px;\n}\n@media (min-width:550px) {\n  #col-1954684017 > .col-inner {\n    padding: 0px 0px 0px 0px;\n  }\n}\n@media (min-width:850px) {\n  #col-1954684017 > .col-inner {\n    padding: 0px 20px 0px 0px;\n  }\n}\n<\/style>\n\t<\/div>\n\n\t\n\n\t<div id=\"col-1041185537\" class=\"col medium-12 small-12 large-6\"  >\n\t\t\t\t<div class=\"col-inner\"  >\n\t\t\t\n\t\t\t\n<div class=\"video video-fit mb\" style=\"padding-top:75%;\"><p><iframe loading=\"lazy\" title=\"Tov\u00e1rna na p\u00e1jec\u00ed dr\u00e1ty\" width=\"1020\" height=\"574\" src=\"https:\/\/www.youtube.com\/embed\/ZoK8IGM2gLw?feature=oembed\" frameborder=\"0\" allow=\"accelerometer; autoplay; clipboard-write; encrypted-media; gyroscope; picture-in-picture; web-share\" referrerpolicy=\"strict-origin-when-cross-origin\" allowfullscreen><\/iframe><\/p>\n<\/div>\n\t\t<\/div>\n\t\t\t\t\n<style>\n#col-1041185537 > .col-inner {\n  padding: 0px 0px 0px 0px;\n  border-radius: 8px;\n}\n@media (min-width:550px) {\n  #col-1041185537 > .col-inner {\n    padding: 0px 0px 0px 0px;\n  }\n}\n@media (min-width:850px) {\n  #col-1041185537 > .col-inner {\n    padding: 0px 0px 0px 20px;\n  }\n}\n<\/style>\n\t<\/div>\n\n\t\n<\/div>\n\t\t<\/div>\n\n\t\t\n<style>\n#section_1251725535 {\n  padding-top: 30px;\n  padding-bottom: 30px;\n}\n@media (min-width:550px) {\n  #section_1251725535 {\n    padding-top: 30px;\n    padding-bottom: 30px;\n  }\n}\n@media (min-width:850px) {\n  #section_1251725535 {\n    padding-top: 80px;\n    padding-bottom: 80px;\n  }\n}\n<\/style>\n\t<\/section>\n\t\n\n\n\t<section class=\"section\" id=\"section_963196393\">\n\t\t<div class=\"bg section-bg fill bg-fill  bg-loaded\" >\n\n\t\t\t\n\t\t\t\n\t\t\t\n\n\t\t<\/div>\n\n\t\t\n\n\t\t<div class=\"section-content relative\">\n\t\t\t\n<div class=\"row\"  id=\"row-2136427686\">\n\n\t<div id=\"col-877931339\" class=\"col small-12 large-12\"  >\n\t\t\t\t<div class=\"col-inner\"  >\n\t\t\t\n\t\t\t\n\t<div id=\"text-2922331232\" class=\"text\">\n\t\t\n<h1><strong><span style=\"font-size: 100%;\">CERTIFIK\u00c1T<\/span><\/strong><\/h1>\n\t\t\n<style>\n#text-2922331232 {\n  font-size: 1.3rem;\n  text-align: center;\n}\n<\/style>\n\t<\/div>\n\t\n\t\t<\/div>\n\t\t\t\t\t<\/div>\n\n\t\n\n\t<div id=\"col-1718208824\" class=\"col medium-4 small-12 large-4\"  >\n\t\t\t\t<div class=\"col-inner\"  >\n\t\t\t\n\t\t\t\n\t<div class=\"img has-hover x md-x lg-x y md-y lg-y\" id=\"image_1182474127\">\n\t\t\t\t\t\t\t\t<div class=\"img-inner dark\" >\n\t\t\t<img loading=\"lazy\" decoding=\"async\" width=\"724\" height=\"1024\" src=\"https:\/\/keweisolder.com\/wp-content\/uploads\/2024\/09\/Solder-Wire-Solder-Bar_ROHS-724x1024.webp\" class=\"attachment-large size-large\" alt=\"P\u00e1jec\u00ed slitina_ROHS\" srcset=\"https:\/\/keweisolder.com\/wp-content\/uploads\/2024\/09\/Solder-Wire-Solder-Bar_ROHS-724x1024.webp 724w, https:\/\/keweisolder.com\/wp-content\/uploads\/2024\/09\/Solder-Wire-Solder-Bar_ROHS-212x300.webp 212w, https:\/\/keweisolder.com\/wp-content\/uploads\/2024\/09\/Solder-Wire-Solder-Bar_ROHS-768x1086.webp 768w, https:\/\/keweisolder.com\/wp-content\/uploads\/2024\/09\/Solder-Wire-Solder-Bar_ROHS-8x12.webp 8w, https:\/\/keweisolder.com\/wp-content\/uploads\/2024\/09\/Solder-Wire-Solder-Bar_ROHS-600x849.webp 600w, https:\/\/keweisolder.com\/wp-content\/uploads\/2024\/09\/Solder-Wire-Solder-Bar_ROHS.webp 900w\" sizes=\"auto, (max-width: 724px) 100vw, 724px\" \/>\t\t\t\t\t\t\n\t\t\t\t\t<\/div>\n\t\t\t\t\t\t\t\t\n<style>\n#image_1182474127 {\n  width: 100%;\n}\n<\/style>\n\t<\/div>\n\t\n\t\t<\/div>\n\t\t\t\t\t<\/div>\n\n\t\n\n\t<div id=\"col-1914766262\" class=\"col medium-4 small-12 large-4\"  >\n\t\t\t\t<div class=\"col-inner\"  >\n\t\t\t\n\t\t\t\n\t<div class=\"img has-hover x md-x lg-x y md-y lg-y\" id=\"image_1691572270\">\n\t\t\t\t\t\t\t\t<div class=\"img-inner dark\" >\n\t\t\t<img loading=\"lazy\" decoding=\"async\" width=\"724\" height=\"1024\" src=\"https:\/\/keweisolder.com\/wp-content\/uploads\/2024\/09\/Solder-wire-Solder-Bar_REACH-724x1024.webp\" class=\"attachment-large size-large\" alt=\"P\u00e1jec\u00ed slitina_REACH\" srcset=\"https:\/\/keweisolder.com\/wp-content\/uploads\/2024\/09\/Solder-wire-Solder-Bar_REACH-724x1024.webp 724w, https:\/\/keweisolder.com\/wp-content\/uploads\/2024\/09\/Solder-wire-Solder-Bar_REACH-212x300.webp 212w, https:\/\/keweisolder.com\/wp-content\/uploads\/2024\/09\/Solder-wire-Solder-Bar_REACH-768x1086.webp 768w, https:\/\/keweisolder.com\/wp-content\/uploads\/2024\/09\/Solder-wire-Solder-Bar_REACH-8x12.webp 8w, https:\/\/keweisolder.com\/wp-content\/uploads\/2024\/09\/Solder-wire-Solder-Bar_REACH-600x849.webp 600w, https:\/\/keweisolder.com\/wp-content\/uploads\/2024\/09\/Solder-wire-Solder-Bar_REACH.webp 900w\" sizes=\"auto, (max-width: 724px) 100vw, 724px\" \/>\t\t\t\t\t\t\n\t\t\t\t\t<\/div>\n\t\t\t\t\t\t\t\t\n<style>\n#image_1691572270 {\n  width: 100%;\n}\n<\/style>\n\t<\/div>\n\t\n\t\t<\/div>\n\t\t\t\t\t<\/div>\n\n\t\n\n\t<div id=\"col-1940533092\" class=\"col medium-4 small-12 large-4\"  >\n\t\t\t\t<div class=\"col-inner\"  >\n\t\t\t\n\t\t\t\n\t<div class=\"img has-hover x md-x lg-x y md-y lg-y\" id=\"image_1799739464\">\n\t\t\t\t\t\t\t\t<div class=\"img-inner dark\" >\n\t\t\t<img loading=\"lazy\" decoding=\"async\" width=\"724\" height=\"1024\" src=\"https:\/\/keweisolder.com\/wp-content\/uploads\/2024\/09\/lead-free-solder-wire_Halogen-724x1024.webp\" class=\"attachment-large size-large\" alt=\"P\u00e1jec\u00ed slitina_Halogen\" srcset=\"https:\/\/keweisolder.com\/wp-content\/uploads\/2024\/09\/lead-free-solder-wire_Halogen-724x1024.webp 724w, https:\/\/keweisolder.com\/wp-content\/uploads\/2024\/09\/lead-free-solder-wire_Halogen-212x300.webp 212w, https:\/\/keweisolder.com\/wp-content\/uploads\/2024\/09\/lead-free-solder-wire_Halogen-768x1086.webp 768w, https:\/\/keweisolder.com\/wp-content\/uploads\/2024\/09\/lead-free-solder-wire_Halogen-8x12.webp 8w, https:\/\/keweisolder.com\/wp-content\/uploads\/2024\/09\/lead-free-solder-wire_Halogen-600x849.webp 600w, https:\/\/keweisolder.com\/wp-content\/uploads\/2024\/09\/lead-free-solder-wire_Halogen.webp 900w\" sizes=\"auto, (max-width: 724px) 100vw, 724px\" \/>\t\t\t\t\t\t\n\t\t\t\t\t<\/div>\n\t\t\t\t\t\t\t\t\n<style>\n#image_1799739464 {\n  width: 100%;\n}\n<\/style>\n\t<\/div>\n\t\n\t\t<\/div>\n\t\t\t\t\t<\/div>\n\n\t\n<\/div>\n\t<div id=\"gap-2002977016\" class=\"gap-element clearfix\" style=\"display:block; height:auto;\">\n\t\t\n<style>\n#gap-2002977016 {\n  padding-top: 30px;\n}\n<\/style>\n\t<\/div>\n\t\n\t\t<\/div>\n\n\t\t\n<style>\n#section_963196393 {\n  padding-top: 30px;\n  padding-bottom: 30px;\n}\n<\/style>\n\t<\/section>\n\t\n\t<section class=\"section\" id=\"section_1129013895\">\n\t\t<div class=\"bg section-bg fill bg-fill  bg-loaded\" >\n\n\t\t\t\t<div class=\"video-overlay no-click fill\"><\/div>\n\t<div id=\"ytplayer-349\" class=\"ux-youtube fill object-fit hide-for-medium\" data-videoid=\"https:\/\/youtu.be\/IUzC21jFZPg\" data-loop=\"1\" data-audio=\"0\"><\/div>\n\n\t\t\t<div class=\"section-bg-overlay absolute fill\"><\/div>\n\t\t\t\n\n\t\t<\/div>\n\n\t\t\n\n\t\t<div class=\"section-content relative\">\n\t\t\t\n\t<div id=\"gap-432751649\" class=\"gap-element clearfix\" style=\"display:block; height:auto;\">\n\t\t\n<style>\n#gap-432751649 {\n  padding-top: 30px;\n}\n<\/style>\n\t<\/div>\n\t\n<div class=\"row align-center\"  id=\"row-727402353\">\n\n\t<div id=\"col-442874945\" class=\"col medium-10 small-12 large-10\"  >\n\t\t\t\t<div class=\"col-inner\"  >\n\t\t\t\n\t\t\t\n\t<div id=\"text-2965354510\" class=\"text\">\n\t\t\n<div class=\"fusion-text fusion-text-1\">\n<h2 class=\"fusion-responsive-typography-calculated\" data-lineheight=\"47.6px\" data-fontsize=\"34\"><span style=\"color: #fafafa;\"><strong><em>Celosv\u011btov\u00fd v\u00fdrobce p\u00e1jec\u00edch a p\u00e1jec\u00edch produkt\u016f<\/em><\/strong><\/span><\/h2>\n<\/div>\n\t\t\n<style>\n#text-2965354510 {\n  font-size: 1.35rem;\n  text-align: center;\n  color: rgb(255,255,255);\n}\n#text-2965354510 > * {\n  color: rgb(255,255,255);\n}\n<\/style>\n\t<\/div>\n\t\n<div class=\"text-center\"><div class=\"is-divider divider clearfix\" style=\"background-color:rgb(255, 255, 255);\"><\/div><\/div>\n\t\t<\/div>\n\t\t\t\t\n<style>\n#col-442874945 > .col-inner {\n  margin: 0px 0px -20px 0px;\n}\n<\/style>\n\t<\/div>\n\n\t\n<\/div>\n<div class=\"row\"  id=\"row-259861193\">\n\n\t<div id=\"col-283461906\" class=\"col small-12 large-12\"  >\n\t\t\t\t<div class=\"col-inner text-center\"  >\n\t\t\t\n\t\t\t\n<a href=\"\/cs\/shop\/\" class=\"button white\"  style=\"border-radius:99px;\">\n    <span>Zjist\u011bte v\u00edce<\/span>\n  <\/a>\n\n\t\t<\/div>\n\t\t\t\t\n<style>\n#col-283461906 > .col-inner {\n  margin: 0px 0px -20px 0px;\n}\n<\/style>\n\t<\/div>\n\n\t\n<\/div>\n\t\t<\/div>\n\n\t\t\n<style>\n#section_1129013895 {\n  padding-top: 30px;\n  padding-bottom: 30px;\n}\n#section_1129013895 .section-bg-overlay {\n  background-color: rgb(58, 181, 75);\n}\n<\/style>\n\t<\/section>\n\t\n\t<section class=\"section\" id=\"section_1902547876\">\n\t\t<div class=\"bg section-bg fill bg-fill  bg-loaded\" >\n\n\t\t\t\n\t\t\t\n\t\t\t\n\n\t\t<\/div>\n\n\t\t\n\n\t\t<div class=\"section-content relative\">\n\t\t\t\n<div class=\"row\"  id=\"row-2042640250\">\n\n\t<div id=\"col-261799987\" class=\"col small-12 large-12\"  >\n\t\t\t\t<div class=\"col-inner\"  >\n\t\t\t\n\t\t\t\n\t<div id=\"gap-371675701\" class=\"gap-element clearfix hide-for-medium\" style=\"display:block; height:auto;\">\n\t\t\n<style>\n#gap-371675701 {\n  padding-top: 30px;\n}\n<\/style>\n\t<\/div>\n\t\n\t\t<\/div>\n\t\t\t\t\n<style>\n#col-261799987 > .col-inner {\n  margin: 0px 0px -20px 0px;\n}\n<\/style>\n\t<\/div>\n\n\t\n<\/div>\n<div class=\"row align-equal\" style=\"max-width:1400px\" id=\"row-1155081349\">\n\n\t<div id=\"col-283596363\" class=\"col medium-12 small-12 large-6\"  >\n\t\t\t\t<div class=\"col-inner\"  >\n\t\t\t\n\t\t\t\n\t<div class=\"img has-hover x md-x lg-x y md-y lg-y\" id=\"image_1997496296\">\n\t\t\t\t\t\t\t\t<div class=\"img-inner box-shadow-1 box-shadow-5-hover dark\" >\n\t\t\t<img loading=\"lazy\" decoding=\"async\" width=\"747\" height=\"519\" src=\"https:\/\/keweisolder.com\/wp-content\/uploads\/2024\/09\/solder-wireing-manufacturer-2.webp\" class=\"attachment-original size-original\" alt=\"v\u00fdrobce p\u00e1jec\u00edch kabel\u016f\" srcset=\"https:\/\/keweisolder.com\/wp-content\/uploads\/2024\/09\/solder-wireing-manufacturer-2.webp 747w, https:\/\/keweisolder.com\/wp-content\/uploads\/2024\/09\/solder-wireing-manufacturer-2-300x208.webp 300w, https:\/\/keweisolder.com\/wp-content\/uploads\/2024\/09\/solder-wireing-manufacturer-2-18x12.webp 18w, https:\/\/keweisolder.com\/wp-content\/uploads\/2024\/09\/solder-wireing-manufacturer-2-600x417.webp 600w\" sizes=\"auto, (max-width: 747px) 100vw, 747px\" \/>\t\t\t\t\t\t\n\t\t\t\t\t<\/div>\n\t\t\t\t\t\t\t\t\n<style>\n#image_1997496296 {\n  width: 100%;\n}\n@media (min-width:550px) {\n  #image_1997496296 {\n    width: 100%;\n  }\n}\n<\/style>\n\t<\/div>\n\t\n\t\t<\/div>\n\t\t\t\t\n<style>\n#col-283596363 > .col-inner {\n  padding: 0px 0px 0px 0px;\n}\n@media (min-width:550px) {\n  #col-283596363 > .col-inner {\n    padding: 0px 0px 0px 0px;\n  }\n}\n@media (min-width:850px) {\n  #col-283596363 > .col-inner {\n    padding: 0px 30px 0px 0px;\n  }\n}\n<\/style>\n\t<\/div>\n\n\t\n\n\t<div id=\"col-2030809909\" class=\"col medium-12 small-12 large-6 medium-col-first\"  >\n\t\t\t\t<div class=\"col-inner\"  >\n\t\t\t\n\t\t\t\n\t<div id=\"text-870914348\" class=\"text\">\n\t\t\n<h2>KORPOR\u00c1TN\u00cd T\u00ddM<\/h2>\n\t\t\n<style>\n#text-870914348 {\n  font-size: 1rem;\n}\n@media (min-width:550px) {\n  #text-870914348 {\n    font-size: 1rem;\n  }\n}\n@media (min-width:850px) {\n  #text-870914348 {\n    font-size: 1.3rem;\n  }\n}\n<\/style>\n\t<\/div>\n\t\n<div class=\"is-divider divider clearfix\" style=\"max-width:50px;height:4px;background-color:rgb(59, 181, 76);\"><\/div>\n\t<div id=\"gap-1880173922\" class=\"gap-element clearfix\" style=\"display:block; height:auto;\">\n\t\t\n<style>\n#gap-1880173922 {\n  padding-top: 20px;\n}\n<\/style>\n\t<\/div>\n\t\n<p>Jako p\u0159edn\u00ed <strong>v\u00fdrobce p\u00e1jky<\/strong>, n\u00e1\u0161 t\u00fdm se skl\u00e1d\u00e1 z kvalifikovan\u00fdch odborn\u00edk\u016f s rozs\u00e1hl\u00fdmi zku\u0161enostmi v oboru p\u00e1jen\u00ed. Od specialist\u016f na v\u00fdrobu a\u017e po odborn\u00edky na kontrolu kvality zaji\u0161\u0165ujeme, aby ka\u017ed\u00fd v\u00fdrobek spl\u0148oval nejvy\u0161\u0161\u00ed standardy. V na\u0161em <strong>tov\u00e1rna na p\u00e1jen\u00ed<\/strong>, na\u0161i specializovan\u00ed in\u017een\u00fd\u0159i \u00fazce spolupracuj\u00ed s klienty a nab\u00edzej\u00ed. <strong>p\u0159izp\u016fsobiteln\u00e9 slu\u017eby<\/strong>a poskytuje \u0159e\u0161en\u00ed na m\u00edru, kter\u00e1 odpov\u00eddaj\u00ed va\u0161im specifick\u00fdm pot\u0159eb\u00e1m v oblasti p\u00e1jen\u00ed. N\u00e1\u0161 t\u00fdm se zav\u00e1zal dod\u00e1vat v\u00fdjime\u010dn\u00e9 produkty a vynikaj\u00edc\u00ed z\u00e1kaznickou podporu, \u010d\u00edm\u017e zaji\u0161\u0165uje spolehliv\u00e9 v\u00fdsledky a dlouhodob\u00e9 partnerstv\u00ed.<\/p>\n\t<div id=\"gap-74729274\" class=\"gap-element clearfix\" style=\"display:block; height:auto;\">\n\t\t\n<style>\n#gap-74729274 {\n  padding-top: 30px;\n}\n<\/style>\n\t<\/div>\n\t\n<a href=\"\/cs\/contact\/\" class=\"button primary\"  style=\"border-radius:99px;\">\n    <span>P\u0159ipojte se k n\u00e1m nyn\u00ed<\/span>\n  <\/a>\n\n\t\t<\/div>\n\t\t\t\t\n<style>\n#col-2030809909 > .col-inner {\n  padding: 0px 0px 0px 0px;\n}\n@media (min-width:550px) {\n  #col-2030809909 > .col-inner {\n    padding: 0px 0px 0px 0px;\n  }\n}\n@media (min-width:850px) {\n  #col-2030809909 > .col-inner {\n    padding: 0px 90px 0px 30px;\n  }\n}\n<\/style>\n\t<\/div>\n\n\t\n<\/div>\n\t\t<\/div>\n\n\t\t\n<style>\n#section_1902547876 {\n  padding-top: 0px;\n  padding-bottom: 0px;\n}\n@media (min-width:550px) {\n  #section_1902547876 {\n    padding-top: 0px;\n    padding-bottom: 0px;\n  }\n}\n@media (min-width:850px) {\n  #section_1902547876 {\n    padding-top: 50px;\n    padding-bottom: 50px;\n  }\n}\n<\/style>\n\t<\/section>","protected":false},"excerpt":{"rendered":"","protected":false},"author":1,"featured_media":0,"parent":0,"menu_order":0,"comment_status":"closed","ping_status":"closed","template":"page-blank.php","meta":{"footnotes":""},"class_list":["post-25","page","type-page","status-publish","hentry"],"yoast_head":"<!-- This site is optimized with the Yoast SEO plugin v25.5 - https:\/\/yoast.com\/wordpress\/plugins\/seo\/ -->\n<title>about Kewei Solder<\/title>\n<meta name=\"description\" content=\"Kewei Solder \u2013 a leading manufacturer of solder assembly materials, dedicated to producing high-quality soldering materials for a variety of industries.\" \/>\n<meta name=\"robots\" content=\"index, follow, max-snippet:-1, max-image-preview:large, max-video-preview:-1\" \/>\n<link rel=\"canonical\" href=\"https:\/\/keweisolder.com\/cs\/about\/\" \/>\n<meta property=\"og:locale\" content=\"cs_CZ\" \/>\n<meta property=\"og:type\" content=\"article\" \/>\n<meta property=\"og:title\" content=\"about Kewei Solder\" \/>\n<meta property=\"og:description\" content=\"Kewei Solder \u2013 a leading manufacturer of solder assembly materials, dedicated to producing high-quality soldering materials for a variety of industries.\" \/>\n<meta property=\"og:url\" content=\"https:\/\/keweisolder.com\/cs\/about\/\" \/>\n<meta property=\"og:site_name\" content=\"Kewei Industries HK Limited\" \/>\n<meta property=\"article:modified_time\" content=\"2024-10-21T09:02:47+00:00\" \/>\n<meta name=\"twitter:card\" content=\"summary_large_image\" \/>\n<meta name=\"twitter:label1\" content=\"Odhadovan\u00e1 doba \u010dten\u00ed\" \/>\n\t<meta name=\"twitter:data1\" content=\"4 minuty\" \/>\n<script type=\"application\/ld+json\" class=\"yoast-schema-graph\">{\"@context\":\"https:\/\/schema.org\",\"@graph\":[{\"@type\":\"WebPage\",\"@id\":\"https:\/\/keweisolder.com\/about\/\",\"url\":\"https:\/\/keweisolder.com\/about\/\",\"name\":\"about Kewei Solder\",\"isPartOf\":{\"@id\":\"https:\/\/keweisolder.com\/#website\"},\"datePublished\":\"2023-03-05T10:39:43+00:00\",\"dateModified\":\"2024-10-21T09:02:47+00:00\",\"description\":\"Kewei Solder \u2013 a leading manufacturer of solder assembly materials, dedicated to producing high-quality soldering materials for a variety of industries.\",\"breadcrumb\":{\"@id\":\"https:\/\/keweisolder.com\/about\/#breadcrumb\"},\"inLanguage\":\"cs\",\"potentialAction\":[{\"@type\":\"ReadAction\",\"target\":[\"https:\/\/keweisolder.com\/about\/\"]}]},{\"@type\":\"BreadcrumbList\",\"@id\":\"https:\/\/keweisolder.com\/about\/#breadcrumb\",\"itemListElement\":[{\"@type\":\"ListItem\",\"position\":1,\"name\":\"Dom\u016f\",\"item\":\"https:\/\/keweisolder.com\/\"},{\"@type\":\"ListItem\",\"position\":2,\"name\":\"About\"}]},{\"@type\":\"WebSite\",\"@id\":\"https:\/\/keweisolder.com\/#website\",\"url\":\"https:\/\/keweisolder.com\/\",\"name\":\"Kewei Industries HK Limited\",\"description\":\"Tin factoty mainly making soldering related products.\",\"potentialAction\":[{\"@type\":\"SearchAction\",\"target\":{\"@type\":\"EntryPoint\",\"urlTemplate\":\"https:\/\/keweisolder.com\/?s={search_term_string}\"},\"query-input\":{\"@type\":\"PropertyValueSpecification\",\"valueRequired\":true,\"valueName\":\"search_term_string\"}}],\"inLanguage\":\"cs\"}]}<\/script>\n<!-- \/ Yoast SEO plugin. -->","yoast_head_json":{"title":"o spole\u010dnosti Kewei Solder","description":"Kewei Solder - p\u0159edn\u00ed v\u00fdrobce p\u00e1jec\u00edch mont\u00e1\u017en\u00edch materi\u00e1l\u016f, kter\u00fd se zab\u00fdv\u00e1 v\u00fdrobou vysoce kvalitn\u00edch p\u00e1jec\u00edch materi\u00e1l\u016f pro r\u016fzn\u00e1 pr\u016fmyslov\u00e1 odv\u011btv\u00ed.","robots":{"index":"index","follow":"follow","max-snippet":"max-snippet:-1","max-image-preview":"max-image-preview:large","max-video-preview":"max-video-preview:-1"},"canonical":"https:\/\/keweisolder.com\/cs\/about\/","og_locale":"cs_CZ","og_type":"article","og_title":"about Kewei Solder","og_description":"Kewei Solder \u2013 a leading manufacturer of solder assembly materials, dedicated to producing high-quality soldering materials for a variety of industries.","og_url":"https:\/\/keweisolder.com\/cs\/about\/","og_site_name":"Kewei Industries HK Limited","article_modified_time":"2024-10-21T09:02:47+00:00","twitter_card":"summary_large_image","twitter_misc":{"Odhadovan\u00e1 doba \u010dten\u00ed":"4 minuty"},"schema":{"@context":"https:\/\/schema.org","@graph":[{"@type":"WebPage","@id":"https:\/\/keweisolder.com\/about\/","url":"https:\/\/keweisolder.com\/about\/","name":"o spole\u010dnosti Kewei Solder","isPartOf":{"@id":"https:\/\/keweisolder.com\/#website"},"datePublished":"2023-03-05T10:39:43+00:00","dateModified":"2024-10-21T09:02:47+00:00","description":"Kewei Solder - p\u0159edn\u00ed v\u00fdrobce p\u00e1jec\u00edch mont\u00e1\u017en\u00edch materi\u00e1l\u016f, kter\u00fd se zab\u00fdv\u00e1 v\u00fdrobou vysoce kvalitn\u00edch p\u00e1jec\u00edch materi\u00e1l\u016f pro r\u016fzn\u00e1 pr\u016fmyslov\u00e1 odv\u011btv\u00ed.","breadcrumb":{"@id":"https:\/\/keweisolder.com\/about\/#breadcrumb"},"inLanguage":"cs","potentialAction":[{"@type":"ReadAction","target":["https:\/\/keweisolder.com\/about\/"]}]},{"@type":"BreadcrumbList","@id":"https:\/\/keweisolder.com\/about\/#breadcrumb","itemListElement":[{"@type":"ListItem","position":1,"name":"Dom\u016f","item":"https:\/\/keweisolder.com\/"},{"@type":"ListItem","position":2,"name":"About"}]},{"@type":"WebSite","@id":"https:\/\/keweisolder.com\/#website","url":"https:\/\/keweisolder.com\/","name":"Kewei Industries HK Limited","description":"C\u00ednov\u00e9 faktoty vyr\u00e1b\u011bj\u00edc\u00ed p\u0159edev\u0161\u00edm v\u00fdrobky souvisej\u00edc\u00ed s p\u00e1jen\u00edm.","potentialAction":[{"@type":"SearchAction","target":{"@type":"EntryPoint","urlTemplate":"https:\/\/keweisolder.com\/?s={search_term_string}"},"query-input":{"@type":"PropertyValueSpecification","valueRequired":true,"valueName":"search_term_string"}}],"inLanguage":"cs"}]}},"_links":{"self":[{"href":"https:\/\/keweisolder.com\/cs\/wp-json\/wp\/v2\/pages\/25","targetHints":{"allow":["GET"]}}],"collection":[{"href":"https:\/\/keweisolder.com\/cs\/wp-json\/wp\/v2\/pages"}],"about":[{"href":"https:\/\/keweisolder.com\/cs\/wp-json\/wp\/v2\/types\/page"}],"author":[{"embeddable":true,"href":"https:\/\/keweisolder.com\/cs\/wp-json\/wp\/v2\/users\/1"}],"replies":[{"embeddable":true,"href":"https:\/\/keweisolder.com\/cs\/wp-json\/wp\/v2\/comments?post=25"}],"version-history":[{"count":0,"href":"https:\/\/keweisolder.com\/cs\/wp-json\/wp\/v2\/pages\/25\/revisions"}],"wp:attachment":[{"href":"https:\/\/keweisolder.com\/cs\/wp-json\/wp\/v2\/media?parent=25"}],"curies":[{"name":"wp","href":"https:\/\/api.w.org\/{rel}","templated":true}]}}