{"id":1611,"date":"2024-09-21T13:05:03","date_gmt":"2024-09-21T13:05:03","guid":{"rendered":"https:\/\/keweisolder.com\/?post_type=product&#038;p=1611"},"modified":"2024-10-18T11:02:48","modified_gmt":"2024-10-18T11:02:48","slug":"solder-bar","status":"publish","type":"product","link":"https:\/\/keweisolder.com\/cs\/manufacturer\/solder-bar\/","title":{"rendered":"P\u00e1jec\u00ed ty\u010d"},"content":{"rendered":"<table id=\"tablepress-8\" class=\"tablepress tablepress-id-8\">\n<thead>\n<tr class=\"row-1\">\n\t<th class=\"column-1\">Model<\/th><th class=\"column-2\">Bod t\u00e1n\u00ed<\/th><th class=\"column-3\">Hustota<\/th>\n<\/tr>\n<\/thead>\n<tbody class=\"row-striping row-hover\">\n<tr class=\"row-2\">\n\t<td class=\"column-1\">Sn63Pb37<\/td><td class=\"column-2\">183<\/td><td class=\"column-3\">8.4<\/td>\n<\/tr>\n<tr class=\"row-3\">\n\t<td class=\"column-1\">Sn60Pb40<\/td><td class=\"column-2\">183~190<\/td><td class=\"column-3\">8.5<\/td>\n<\/tr>\n<tr class=\"row-4\">\n\t<td class=\"column-1\">Sn55Pb45<\/td><td class=\"column-2\">183~203<\/td><td class=\"column-3\">8.7<\/td>\n<\/tr>\n<tr class=\"row-5\">\n\t<td class=\"column-1\">Sn50Pb50<\/td><td class=\"column-2\">183~216<\/td><td class=\"column-3\">8.9<\/td>\n<\/tr>\n<tr class=\"row-6\">\n\t<td class=\"column-1\">Sn45Pb55<\/td><td class=\"column-2\">183~227<\/td><td class=\"column-3\">9.1<\/td>\n<\/tr>\n<tr class=\"row-7\">\n\t<td class=\"column-1\">Sn40Pb60<\/td><td class=\"column-2\">183~238<\/td><td class=\"column-3\">9.3<\/td>\n<\/tr>\n<tr class=\"row-8\">\n\t<td class=\"column-1\">Sn35Pb65<\/td><td class=\"column-2\">183~247<\/td><td class=\"column-3\">9.5<\/td>\n<\/tr>\n<tr class=\"row-9\">\n\t<td class=\"column-1\">Sn30Pb70<\/td><td class=\"column-2\">183~255<\/td><td class=\"column-3\">9.7<\/td>\n<\/tr>\n<tr class=\"row-10\">\n\t<td class=\"column-1\">Sn25Pb75<\/td><td class=\"column-2\">183-266<\/td><td class=\"column-3\">9.9<\/td>\n<\/tr>\n<tr class=\"row-11\">\n\t<td class=\"column-1\">Sn99.3Cu0.7<\/td><td class=\"column-2\">227<\/td><td class=\"column-3\">7.4<\/td>\n<\/tr>\n<\/tbody>\n<\/table>\n<!-- #tablepress-8 from cache -->\n<h2>Pro\u010d si vybrat na\u0161i p\u00e1jec\u00ed ty\u010d<\/h2>\n<div class=\"row\"  id=\"row-313362674\">\n\n\t<div id=\"col-1988164802\" class=\"col medium-4 small-12 large-4\"  >\n\t\t\t\t<div class=\"col-inner\"  >\n\t\t\t\n\t\t\t\n\t<div class=\"box has-hover   has-hover box-text-bottom\" >\n\n\t\t<div class=\"box-image\" >\n\t\t\t\t\t\t<div class=\"\" >\n\t\t\t\t<img loading=\"lazy\" decoding=\"async\" width=\"600\" height=\"600\" src=\"https:\/\/keweisolder.com\/wp-content\/uploads\/2024\/10\/solder-bar-4.webp\" class=\"attachment- size-\" alt=\"p\u00e1jec\u00ed ty\u010d\" srcset=\"https:\/\/keweisolder.com\/wp-content\/uploads\/2024\/10\/solder-bar-4.webp 600w, https:\/\/keweisolder.com\/wp-content\/uploads\/2024\/10\/solder-bar-4-300x300.webp 300w, https:\/\/keweisolder.com\/wp-content\/uploads\/2024\/10\/solder-bar-4-150x150.webp 150w, https:\/\/keweisolder.com\/wp-content\/uploads\/2024\/10\/solder-bar-4-12x12.webp 12w, https:\/\/keweisolder.com\/wp-content\/uploads\/2024\/10\/solder-bar-4-100x100.webp 100w\" sizes=\"auto, (max-width: 600px) 100vw, 600px\" \/>\t\t\t\t\t\t\t\t\t\t\t<\/div>\n\t\t\t\t\t<\/div>\n\n\t\t<div class=\"box-text text-center\" >\n\t\t\t<div class=\"box-text-inner\">\n\t\t\t\t\n<h4>Sv\u011btl\u00e9 p\u00e1jec\u00ed spoje<\/h4>\n\t\t\t<\/div>\n\t\t<\/div>\n\t<\/div>\n\t\n\t\t<\/div>\n\t\t\t\t\t<\/div>\n\n\t\n\n\t<div id=\"col-1745998845\" class=\"col medium-4 small-12 large-4\"  >\n\t\t\t\t<div class=\"col-inner\"  >\n\t\t\t\n\t\t\t\n\t<div class=\"box has-hover   has-hover box-text-bottom\" >\n\n\t\t<div class=\"box-image\" >\n\t\t\t\t\t\t<div class=\"\" >\n\t\t\t\t<img loading=\"lazy\" decoding=\"async\" width=\"600\" height=\"600\" src=\"https:\/\/keweisolder.com\/wp-content\/uploads\/2024\/10\/solder-bar-3.webp\" class=\"attachment- size-\" alt=\"p\u00e1jec\u00ed ty\u010d\" srcset=\"https:\/\/keweisolder.com\/wp-content\/uploads\/2024\/10\/solder-bar-3.webp 600w, https:\/\/keweisolder.com\/wp-content\/uploads\/2024\/10\/solder-bar-3-300x300.webp 300w, https:\/\/keweisolder.com\/wp-content\/uploads\/2024\/10\/solder-bar-3-150x150.webp 150w, https:\/\/keweisolder.com\/wp-content\/uploads\/2024\/10\/solder-bar-3-12x12.webp 12w, https:\/\/keweisolder.com\/wp-content\/uploads\/2024\/10\/solder-bar-3-100x100.webp 100w\" sizes=\"auto, (max-width: 600px) 100vw, 600px\" \/>\t\t\t\t\t\t\t\t\t\t\t<\/div>\n\t\t\t\t\t<\/div>\n\n\t\t<div class=\"box-text text-center\" >\n\t\t\t<div class=\"box-text-inner\">\n\t\t\t\t\n<h4>Vysok\u00e1 \u00fa\u010dinnost sva\u0159ov\u00e1n\u00ed<\/h4>\n\t\t\t<\/div>\n\t\t<\/div>\n\t<\/div>\n\t\n\t\t<\/div>\n\t\t\t\t\t<\/div>\n\n\t\n\n\t<div id=\"col-2100525404\" class=\"col medium-4 small-12 large-4\"  >\n\t\t\t\t<div class=\"col-inner\"  >\n\t\t\t\n\t\t\t\n\t<div class=\"box has-hover   has-hover box-text-bottom\" >\n\n\t\t<div class=\"box-image\" >\n\t\t\t\t\t\t<div class=\"\" >\n\t\t\t\t<img loading=\"lazy\" decoding=\"async\" width=\"600\" height=\"600\" src=\"https:\/\/keweisolder.com\/wp-content\/uploads\/2024\/10\/solder-bar-1.webp\" class=\"attachment- size-\" alt=\"p\u00e1jec\u00ed ty\u010d\" srcset=\"https:\/\/keweisolder.com\/wp-content\/uploads\/2024\/10\/solder-bar-1.webp 600w, https:\/\/keweisolder.com\/wp-content\/uploads\/2024\/10\/solder-bar-1-300x300.webp 300w, https:\/\/keweisolder.com\/wp-content\/uploads\/2024\/10\/solder-bar-1-150x150.webp 150w, https:\/\/keweisolder.com\/wp-content\/uploads\/2024\/10\/solder-bar-1-12x12.webp 12w, https:\/\/keweisolder.com\/wp-content\/uploads\/2024\/10\/solder-bar-1-100x100.webp 100w\" sizes=\"auto, (max-width: 600px) 100vw, 600px\" \/>\t\t\t\t\t\t\t\t\t\t\t<\/div>\n\t\t\t\t\t<\/div>\n\n\t\t<div class=\"box-text text-center\" >\n\t\t\t<div class=\"box-text-inner\">\n\t\t\t\t\n<h4>Vysok\u00e1 \u010distota a antioxidant<\/h4>\n\t\t\t<\/div>\n\t\t<\/div>\n\t<\/div>\n\t\n\t\t<\/div>\n\t\t\t\t\t<\/div>\n\n\t\n\n\t<div id=\"col-1865129170\" class=\"col medium-4 small-12 large-4\"  >\n\t\t\t\t<div class=\"col-inner\"  >\n\t\t\t\n\t\t\t\n\t<div class=\"box has-hover   has-hover box-text-bottom\" >\n\n\t\t<div class=\"box-image\" >\n\t\t\t\t\t\t<div class=\"image-cover\" style=\"padding-top:75%;\">\n\t\t\t\t<img loading=\"lazy\" decoding=\"async\" width=\"750\" height=\"500\" src=\"https:\/\/keweisolder.com\/wp-content\/uploads\/2024\/09\/solder-wire-suppliers.webp\" class=\"attachment- size-\" alt=\"dodavatel\u00e9 p\u00e1jec\u00edch dr\u00e1t\u016f\" srcset=\"https:\/\/keweisolder.com\/wp-content\/uploads\/2024\/09\/solder-wire-suppliers.webp 750w, https:\/\/keweisolder.com\/wp-content\/uploads\/2024\/09\/solder-wire-suppliers-300x200.webp 300w, https:\/\/keweisolder.com\/wp-content\/uploads\/2024\/09\/solder-wire-suppliers-18x12.webp 18w, https:\/\/keweisolder.com\/wp-content\/uploads\/2024\/09\/solder-wire-suppliers-600x400.webp 600w\" sizes=\"auto, (max-width: 750px) 100vw, 750px\" \/>\t\t\t\t\t\t\t\t\t\t\t<\/div>\n\t\t\t\t\t<\/div>\n\n\t\t<div class=\"box-text text-center\" >\n\t\t\t<div class=\"box-text-inner\">\n\t\t\t\t\n<h4>Tov\u00e1rn\u00ed servis<\/h4>\n\t\t\t<\/div>\n\t\t<\/div>\n\t<\/div>\n\t\n\t\t<\/div>\n\t\t\t\t\t<\/div>\n\n\t\n\n\t<div id=\"col-705867079\" class=\"col medium-4 small-12 large-4\"  >\n\t\t\t\t<div class=\"col-inner\"  >\n\t\t\t\n\t\t\t\n\t<div class=\"box has-hover   has-hover box-text-bottom\" >\n\n\t\t<div class=\"box-image\" >\n\t\t\t\t\t\t<div class=\"\" >\n\t\t\t\t<img loading=\"lazy\" decoding=\"async\" width=\"900\" height=\"675\" src=\"https:\/\/keweisolder.com\/wp-content\/uploads\/2024\/10\/shipment-2.webp\" class=\"attachment- size-\" alt=\"z\u00e1silka\" srcset=\"https:\/\/keweisolder.com\/wp-content\/uploads\/2024\/10\/shipment-2.webp 900w, https:\/\/keweisolder.com\/wp-content\/uploads\/2024\/10\/shipment-2-300x225.webp 300w, https:\/\/keweisolder.com\/wp-content\/uploads\/2024\/10\/shipment-2-768x576.webp 768w, https:\/\/keweisolder.com\/wp-content\/uploads\/2024\/10\/shipment-2-16x12.webp 16w, https:\/\/keweisolder.com\/wp-content\/uploads\/2024\/10\/shipment-2-600x450.webp 600w\" sizes=\"auto, (max-width: 900px) 100vw, 900px\" \/>\t\t\t\t\t\t\t\t\t\t\t<\/div>\n\t\t\t\t\t<\/div>\n\n\t\t<div class=\"box-text text-center\" >\n\t\t\t<div class=\"box-text-inner\">\n\t\t\t\t\n<h4>Rychl\u00e9 dod\u00e1n\u00ed<\/h4>\n\t\t\t<\/div>\n\t\t<\/div>\n\t<\/div>\n\t\n\t\t<\/div>\n\t\t\t\t\t<\/div>\n\n\t\n\n\t<div id=\"col-1858793053\" class=\"col medium-4 small-12 large-4\"  >\n\t\t\t\t<div class=\"col-inner\"  >\n\t\t\t\n\t\t\t\n\t<div class=\"box has-hover   has-hover box-text-bottom\" >\n\n\t\t<div class=\"box-image\" >\n\t\t\t\t\t\t<div class=\"image-cover\" style=\"padding-top:75%;\">\n\t\t\t\t<img loading=\"lazy\" decoding=\"async\" width=\"750\" height=\"500\" src=\"https:\/\/keweisolder.com\/wp-content\/uploads\/2024\/09\/solder-wire-suppliers5.webp\" class=\"attachment- size-\" alt=\"dodavatel\u00e9 p\u00e1jec\u00edch dr\u00e1t\u016f\" srcset=\"https:\/\/keweisolder.com\/wp-content\/uploads\/2024\/09\/solder-wire-suppliers5.webp 750w, https:\/\/keweisolder.com\/wp-content\/uploads\/2024\/09\/solder-wire-suppliers5-300x200.webp 300w, https:\/\/keweisolder.com\/wp-content\/uploads\/2024\/09\/solder-wire-suppliers5-18x12.webp 18w, https:\/\/keweisolder.com\/wp-content\/uploads\/2024\/09\/solder-wire-suppliers5-600x400.webp 600w\" sizes=\"auto, (max-width: 750px) 100vw, 750px\" \/>\t\t\t\t\t\t\t\t\t\t\t<\/div>\n\t\t\t\t\t<\/div>\n\n\t\t<div class=\"box-text text-center\" >\n\t\t\t<div class=\"box-text-inner\">\n\t\t\t\t\n<h4>Profesion\u00e1ln\u00ed t\u00fdm<\/h4>\n\t\t\t<\/div>\n\t\t<\/div>\n\t<\/div>\n\t\n\t\t<\/div>\n\t\t\t\t\t<\/div>\n\n\t\n<\/div>\n<div class=\"video video-fit mb\" style=\"padding-top:56.25%;\"><p><iframe loading=\"lazy\" title=\"Tov\u00e1rn\u00ed bezolovnat\u00e1 p\u00e1jec\u00ed ty\u010d\" width=\"1020\" height=\"574\" src=\"https:\/\/www.youtube.com\/embed\/rRYd6nkJrNg?feature=oembed\" frameborder=\"0\" allow=\"accelerometer; autoplay; clipboard-write; encrypted-media; gyroscope; picture-in-picture; web-share\" referrerpolicy=\"strict-origin-when-cross-origin\" allowfullscreen><\/iframe><\/p>\n<\/div>\n<h2><strong>\u010cASTO KLADEN\u00c9 DOTAZY<\/strong><\/h2>\n<p><b data-spm-anchor-id=\"a2700.details.0.i37.58051a0442HZr9\">1. Kdo jsme?<\/b><br \/>\nJsme tov\u00e1rna na c\u00edn se s\u00eddlem v Guangdongu, \u010c\u00edna, za\u010d\u00edt od roku 2018, prod\u00e1vat na dom\u00e1c\u00edm trhu (15.00%), jihov\u00fdchodn\u00ed Asie (13.00%), Severn\u00ed Amerika (10.00%), Ji\u017en\u00ed Asie (10.00%), St\u0159edn\u00ed v\u00fdchod (9.00%), severn\u00ed Evropa (8.00%),Ji\u017en\u00ed Amerika(8.00%),Ji\u017en\u00ed Evropa(6.00%),V\u00fdchodn\u00ed Evropa(5.00%),Afrika(4.00%),Z\u00e1padn\u00ed Evropa(4.00%),St\u0159edn\u00ed Amerika(3.00%),V\u00fdchodn\u00ed Asie(3.00%),Oce\u00e1nie(2.00%). V na\u0161\u00ed kancel\u00e1\u0159i pracuje celkem asi 101-200 lid\u00ed.<\/p>\n<p><b>2. Jak m\u016f\u017eeme zaru\u010dit kvalitu?<\/b><br \/>\nP\u0159ed s\u00e9riovou v\u00fdrobou je v\u017edy k dispozici p\u0159edv\u00fdrobn\u00ed vzorek;<br \/>\nP\u0159ed odesl\u00e1n\u00edm v\u017edy provedete kone\u010dnou kontrolu;<\/p>\n<p><b>3.Co si u n\u00e1s m\u016f\u017eete koupit?<\/b><br \/>\nP\u00e1jec\u00ed dr\u00e1t, p\u00e1jec\u00ed ty\u010d, p\u00e1jec\u00ed pasta, m\u011bd\u011bn\u00fd dr\u00e1t, hlin\u00edkov\u00fd dr\u00e1t<\/p>\n<p><b>4. Pro\u010d byste m\u011bli nakupovat u n\u00e1s a ne u jin\u00fdch dodavatel\u016f?<\/b><br \/>\nSpole\u010dnost Kewei Tin manufaturer se zam\u011b\u0159uje p\u0159edev\u0161\u00edm na v\u00fdzkum a v\u00fdvoj p\u00e1jec\u00edch v\u00fdrobk\u016f, v\u00fdrobu a distribuci do cel\u00e9ho sv\u011bta. V sou\u010dasn\u00e9 dob\u011b m\u00e1me p\u00e1jec\u00ed dr\u00e1ty\/p\u00e1jec\u00ed ty\u010dinky\/p\u00e1jec\u00ed pasty\/c\u00ednov\u00e9 kuli\u010dky\/p\u00e1jec\u00ed tavidla\/topn\u00e9 pasty v bezolovnat\u00fdch\/bezhalgonov\u00fdch v\u00fdrobc\u00edch, hardwarov\u00e9 n\u00e1stroje atd.<\/p>\n<p><b>5. Jak\u00e9 slu\u017eby m\u016f\u017eeme poskytnout?<\/b><br \/>\nP\u0159ijat\u00e9 dodac\u00ed podm\u00ednky: FOB, CFR, CIF, EXW, DDP, DDU, Express Delivery\uff1b<br \/>\nP\u0159ij\u00edman\u00e1 m\u011bna platby:USD,EUR,JPY,CAD,AUD,HKD,CNY;<br \/>\nP\u0159ij\u00edman\u00fd typ platby: T\/T, PayPal, Western Union, hotovost;<br \/>\nJazyky, kter\u00fdmi hovo\u0159\u00edte:angli\u010dtina, \u010d\u00edn\u0161tina, \u0161pan\u011bl\u0161tina, japon\u0161tina, portugal\u0161tina, n\u011bm\u010dina, arab\u0161tina, francouz\u0161tina, ru\u0161tina, korej\u0161tina, hind\u0161tina, ital\u0161tina<\/p>","protected":false},"excerpt":{"rendered":"<ul>\n<li><span style=\"font-size: 75%;\"><strong>Slitina vysok\u00e9 \u010distoty<\/strong>: Na\u0161e p\u00e1jec\u00ed ty\u010de jsou vyrobeny z kov\u016f vysok\u00e9 \u010distoty, co\u017e zaji\u0161\u0165uje vynikaj\u00edc\u00ed elektrickou vodivost a pevn\u00e9 a odoln\u00e9 p\u00e1jec\u00ed spoje.<\/span><\/li>\n<li><span style=\"font-size: 75%;\"><strong>Hladk\u00e9 t\u00e1n\u00ed<\/strong>: P\u00e1jec\u00ed ty\u010dinka se tav\u00ed rovnom\u011brn\u011b, zaji\u0161\u0165uje konzistentn\u00ed tok a je ide\u00e1ln\u00ed pro ru\u010dn\u00ed i vlnov\u00e9 p\u00e1jen\u00ed.<\/span><\/li>\n<li><span style=\"font-size: 75%;\"><strong>N\u00edzk\u00e1 tvorba strusky<\/strong>: Je navr\u017een tak, aby minimalizoval tvorbu strusky p\u0159i p\u00e1jen\u00ed, \u010d\u00edm\u017e zaji\u0161\u0165uje \u010dist\u0161\u00ed provoz a sni\u017euje mno\u017estv\u00ed odpadn\u00edho materi\u00e1lu.<\/span><\/li>\n<li><span style=\"font-size: 75%;\"><strong>Bezolovnat\u00e9 mo\u017enosti<\/strong>: Nab\u00edz\u00edme bezolovnat\u00e9 p\u00e1jec\u00ed ty\u010de, kter\u00e9 spl\u0148uj\u00ed p\u0159edpisy RoHS, i tradi\u010dn\u00ed olovnat\u00e9 p\u00e1jec\u00ed ty\u010de pro r\u016fzn\u00e9 pr\u016fmyslov\u00e9 pot\u0159eby.<\/span><\/li>\n<li><span style=\"font-size: 75%;\"><strong>V\u0161estrann\u00e9 aplikace<\/strong>: Ide\u00e1ln\u00ed pro mont\u00e1\u017e elektroniky, instalat\u00e9rstv\u00ed a v\u0161eobecn\u00e9 pr\u016fmyslov\u00e9 p\u00e1jen\u00ed, kter\u00e9 zaji\u0161\u0165uje spolehliv\u00e9 a dlouhotrvaj\u00edc\u00ed spoje.<\/span><\/li>\n<\/ul>","protected":false},"featured_media":1589,"template":"","meta":[],"product_brand":[],"product_cat":[37],"product_tag":[],"class_list":{"0":"post-1611","1":"product","2":"type-product","3":"status-publish","4":"has-post-thumbnail","6":"product_cat-solder-bar","8":"first","9":"instock","10":"shipping-taxable","11":"product-type-simple"},"yoast_head":"<!-- This site is optimized with the Yoast SEO plugin v25.5 - https:\/\/yoast.com\/wordpress\/plugins\/seo\/ -->\n<title>High Quality Solder Bar Manufacturer - Wholesale &amp; OEM Solution<\/title>\n<meta name=\"description\" content=\"As a leading solder bar manufacturer, we specialize in providing OEM solutions,tailored to meet the diverse needs of industries worldwide.\" \/>\n<meta name=\"robots\" content=\"index, follow, max-snippet:-1, max-image-preview:large, max-video-preview:-1\" \/>\n<link rel=\"canonical\" href=\"https:\/\/keweisolder.com\/cs\/manufacturer\/solder-bar\/\" \/>\n<meta property=\"og:locale\" content=\"cs_CZ\" \/>\n<meta property=\"og:type\" content=\"article\" \/>\n<meta property=\"og:title\" content=\"High Quality Solder Bar Manufacturer - Wholesale &amp; OEM Solution\" \/>\n<meta property=\"og:description\" content=\"As a leading solder bar manufacturer, we specialize in providing OEM solutions,tailored to meet the diverse needs of industries worldwide.\" \/>\n<meta property=\"og:url\" content=\"https:\/\/keweisolder.com\/cs\/manufacturer\/solder-bar\/\" \/>\n<meta property=\"og:site_name\" content=\"Kewei Industries HK Limited\" \/>\n<meta property=\"article:modified_time\" content=\"2024-10-18T11:02:48+00:00\" \/>\n<meta property=\"og:image\" content=\"https:\/\/keweisolder.com\/wp-content\/uploads\/2024\/09\/solder-bar.webp\" \/>\n\t<meta property=\"og:image:width\" content=\"900\" \/>\n\t<meta property=\"og:image:height\" content=\"900\" \/>\n\t<meta property=\"og:image:type\" content=\"image\/webp\" \/>\n<meta name=\"twitter:card\" content=\"summary_large_image\" \/>\n<meta name=\"twitter:label1\" content=\"Odhadovan\u00e1 doba \u010dten\u00ed\" \/>\n\t<meta name=\"twitter:data1\" content=\"2 minuty\" \/>\n<script type=\"application\/ld+json\" class=\"yoast-schema-graph\">{\"@context\":\"https:\/\/schema.org\",\"@graph\":[{\"@type\":\"WebPage\",\"@id\":\"https:\/\/keweisolder.com\/manufacturer\/solder-bar\/\",\"url\":\"https:\/\/keweisolder.com\/manufacturer\/solder-bar\/\",\"name\":\"High Quality Solder Bar Manufacturer - Wholesale & OEM Solution\",\"isPartOf\":{\"@id\":\"https:\/\/keweisolder.com\/#website\"},\"primaryImageOfPage\":{\"@id\":\"https:\/\/keweisolder.com\/manufacturer\/solder-bar\/#primaryimage\"},\"image\":{\"@id\":\"https:\/\/keweisolder.com\/manufacturer\/solder-bar\/#primaryimage\"},\"thumbnailUrl\":\"https:\/\/keweisolder.com\/wp-content\/uploads\/2024\/09\/solder-bar.webp\",\"datePublished\":\"2024-09-21T13:05:03+00:00\",\"dateModified\":\"2024-10-18T11:02:48+00:00\",\"description\":\"As a leading solder bar manufacturer, we specialize in providing OEM solutions,tailored to meet the diverse needs of industries worldwide.\",\"breadcrumb\":{\"@id\":\"https:\/\/keweisolder.com\/manufacturer\/solder-bar\/#breadcrumb\"},\"inLanguage\":\"cs\",\"potentialAction\":[{\"@type\":\"ReadAction\",\"target\":[\"https:\/\/keweisolder.com\/manufacturer\/solder-bar\/\"]}]},{\"@type\":\"ImageObject\",\"inLanguage\":\"cs\",\"@id\":\"https:\/\/keweisolder.com\/manufacturer\/solder-bar\/#primaryimage\",\"url\":\"https:\/\/keweisolder.com\/wp-content\/uploads\/2024\/09\/solder-bar.webp\",\"contentUrl\":\"https:\/\/keweisolder.com\/wp-content\/uploads\/2024\/09\/solder-bar.webp\",\"width\":900,\"height\":900,\"caption\":\"solder bar\"},{\"@type\":\"BreadcrumbList\",\"@id\":\"https:\/\/keweisolder.com\/manufacturer\/solder-bar\/#breadcrumb\",\"itemListElement\":[{\"@type\":\"ListItem\",\"position\":1,\"name\":\"Dom\u016f\",\"item\":\"https:\/\/keweisolder.com\/\"},{\"@type\":\"ListItem\",\"position\":2,\"name\":\"Products\",\"item\":\"https:\/\/keweisolder.com\/shop\/\"},{\"@type\":\"ListItem\",\"position\":3,\"name\":\"Solder Bar\"}]},{\"@type\":\"WebSite\",\"@id\":\"https:\/\/keweisolder.com\/#website\",\"url\":\"https:\/\/keweisolder.com\/\",\"name\":\"Kewei Industries HK Limited\",\"description\":\"Tin factoty mainly making soldering related products.\",\"potentialAction\":[{\"@type\":\"SearchAction\",\"target\":{\"@type\":\"EntryPoint\",\"urlTemplate\":\"https:\/\/keweisolder.com\/?s={search_term_string}\"},\"query-input\":{\"@type\":\"PropertyValueSpecification\",\"valueRequired\":true,\"valueName\":\"search_term_string\"}}],\"inLanguage\":\"cs\"}]}<\/script>\n<!-- \/ Yoast SEO plugin. -->","yoast_head_json":{"title":"Vysoce kvalitn\u00ed v\u00fdrobce p\u00e1jec\u00edch ty\u010d\u00ed - velkoobchodn\u00ed a OEM \u0159e\u0161en\u00ed","description":"Jako p\u0159edn\u00ed v\u00fdrobce p\u00e1jec\u00edch ty\u010d\u00ed se specializujeme na poskytov\u00e1n\u00ed \u0159e\u0161en\u00ed OEM, kter\u00e1 jsou p\u0159izp\u016fsobena r\u016fzn\u00fdm pot\u0159eb\u00e1m pr\u016fmyslov\u00fdch odv\u011btv\u00ed po cel\u00e9m sv\u011bt\u011b.","robots":{"index":"index","follow":"follow","max-snippet":"max-snippet:-1","max-image-preview":"max-image-preview:large","max-video-preview":"max-video-preview:-1"},"canonical":"https:\/\/keweisolder.com\/cs\/manufacturer\/solder-bar\/","og_locale":"cs_CZ","og_type":"article","og_title":"High Quality Solder Bar Manufacturer - Wholesale & OEM Solution","og_description":"As a leading solder bar manufacturer, we specialize in providing OEM solutions,tailored to meet the diverse needs of industries worldwide.","og_url":"https:\/\/keweisolder.com\/cs\/manufacturer\/solder-bar\/","og_site_name":"Kewei Industries HK Limited","article_modified_time":"2024-10-18T11:02:48+00:00","og_image":[{"width":900,"height":900,"url":"https:\/\/keweisolder.com\/wp-content\/uploads\/2024\/09\/solder-bar.webp","type":"image\/webp"}],"twitter_card":"summary_large_image","twitter_misc":{"Odhadovan\u00e1 doba \u010dten\u00ed":"2 minuty"},"schema":{"@context":"https:\/\/schema.org","@graph":[{"@type":"WebPage","@id":"https:\/\/keweisolder.com\/manufacturer\/solder-bar\/","url":"https:\/\/keweisolder.com\/manufacturer\/solder-bar\/","name":"Vysoce kvalitn\u00ed v\u00fdrobce p\u00e1jec\u00edch ty\u010d\u00ed - velkoobchodn\u00ed a OEM \u0159e\u0161en\u00ed","isPartOf":{"@id":"https:\/\/keweisolder.com\/#website"},"primaryImageOfPage":{"@id":"https:\/\/keweisolder.com\/manufacturer\/solder-bar\/#primaryimage"},"image":{"@id":"https:\/\/keweisolder.com\/manufacturer\/solder-bar\/#primaryimage"},"thumbnailUrl":"https:\/\/keweisolder.com\/wp-content\/uploads\/2024\/09\/solder-bar.webp","datePublished":"2024-09-21T13:05:03+00:00","dateModified":"2024-10-18T11:02:48+00:00","description":"Jako p\u0159edn\u00ed v\u00fdrobce p\u00e1jec\u00edch ty\u010d\u00ed se specializujeme na poskytov\u00e1n\u00ed \u0159e\u0161en\u00ed OEM, kter\u00e1 jsou p\u0159izp\u016fsobena r\u016fzn\u00fdm pot\u0159eb\u00e1m pr\u016fmyslov\u00fdch odv\u011btv\u00ed po cel\u00e9m sv\u011bt\u011b.","breadcrumb":{"@id":"https:\/\/keweisolder.com\/manufacturer\/solder-bar\/#breadcrumb"},"inLanguage":"cs","potentialAction":[{"@type":"ReadAction","target":["https:\/\/keweisolder.com\/manufacturer\/solder-bar\/"]}]},{"@type":"ImageObject","inLanguage":"cs","@id":"https:\/\/keweisolder.com\/manufacturer\/solder-bar\/#primaryimage","url":"https:\/\/keweisolder.com\/wp-content\/uploads\/2024\/09\/solder-bar.webp","contentUrl":"https:\/\/keweisolder.com\/wp-content\/uploads\/2024\/09\/solder-bar.webp","width":900,"height":900,"caption":"solder bar"},{"@type":"BreadcrumbList","@id":"https:\/\/keweisolder.com\/manufacturer\/solder-bar\/#breadcrumb","itemListElement":[{"@type":"ListItem","position":1,"name":"Dom\u016f","item":"https:\/\/keweisolder.com\/"},{"@type":"ListItem","position":2,"name":"Products","item":"https:\/\/keweisolder.com\/shop\/"},{"@type":"ListItem","position":3,"name":"Solder Bar"}]},{"@type":"WebSite","@id":"https:\/\/keweisolder.com\/#website","url":"https:\/\/keweisolder.com\/","name":"Kewei Industries HK Limited","description":"C\u00ednov\u00e9 faktoty vyr\u00e1b\u011bj\u00edc\u00ed p\u0159edev\u0161\u00edm v\u00fdrobky souvisej\u00edc\u00ed s p\u00e1jen\u00edm.","potentialAction":[{"@type":"SearchAction","target":{"@type":"EntryPoint","urlTemplate":"https:\/\/keweisolder.com\/?s={search_term_string}"},"query-input":{"@type":"PropertyValueSpecification","valueRequired":true,"valueName":"search_term_string"}}],"inLanguage":"cs"}]}},"_links":{"self":[{"href":"https:\/\/keweisolder.com\/cs\/wp-json\/wp\/v2\/product\/1611","targetHints":{"allow":["GET"]}}],"collection":[{"href":"https:\/\/keweisolder.com\/cs\/wp-json\/wp\/v2\/product"}],"about":[{"href":"https:\/\/keweisolder.com\/cs\/wp-json\/wp\/v2\/types\/product"}],"wp:featuredmedia":[{"embeddable":true,"href":"https:\/\/keweisolder.com\/cs\/wp-json\/wp\/v2\/media\/1589"}],"wp:attachment":[{"href":"https:\/\/keweisolder.com\/cs\/wp-json\/wp\/v2\/media?parent=1611"}],"wp:term":[{"taxonomy":"product_brand","embeddable":true,"href":"https:\/\/keweisolder.com\/cs\/wp-json\/wp\/v2\/product_brand?post=1611"},{"taxonomy":"product_cat","embeddable":true,"href":"https:\/\/keweisolder.com\/cs\/wp-json\/wp\/v2\/product_cat?post=1611"},{"taxonomy":"product_tag","embeddable":true,"href":"https:\/\/keweisolder.com\/cs\/wp-json\/wp\/v2\/product_tag?post=1611"}],"curies":[{"name":"wp","href":"https:\/\/api.w.org\/{rel}","templated":true}]}}