{"id":1870,"date":"2024-10-16T08:26:05","date_gmt":"2024-10-16T08:26:05","guid":{"rendered":"https:\/\/keweisolder.com\/?post_type=product&#038;p=1870"},"modified":"2024-12-28T03:20:39","modified_gmt":"2024-12-28T03:20:39","slug":"lead-free-solder-wire-sn99-3cu0-7-for-electronics","status":"publish","type":"product","link":"https:\/\/keweisolder.com\/cs\/manufacturer\/lead-free-solder-wire-sn99-3cu0-7-for-electronics\/","title":{"rendered":"Bezolovnat\u00fd p\u00e1jec\u00ed dr\u00e1t Sn99.3Cu0.7"},"content":{"rendered":"<h2><strong>\u00davod<\/strong><\/h2>\n<p>Na str\u00e1nk\u00e1ch<strong> Bezolovnat\u00fd p\u00e1jec\u00ed dr\u00e1t Sn99.3Cu0.7<\/strong> se skl\u00e1d\u00e1 z 99,396 c\u00ednu a 0,7% m\u011bdi. Je \u017e\u00e1douc\u00ed pro pou\u017eit\u00ed v za\u0159\u00edzen\u00edch z b\u011b\u017en\u00fdch kov\u016f, m\u011bd\u011bn\u00fdch trubk\u00e1ch a m\u011bd\u011bn\u00fdch desk\u00e1ch. Tento v\u00fdrobek je konven\u010dn\u00edm typem ekologicky \u0161etrn\u00e9 p\u00e1jky d\u00edky p\u0159ijet\u00ed technologie bezolovnat\u00e9ho p\u00e1jen\u00ed. Pr\u016fm\u011br dr\u00e1tu m\u016f\u017ee dos\u00e1hnout v\u00edce ne\u017e 0,18 mm.<\/p>\n<div class=\"row\"  id=\"row-322913014\">\n\n\t<div id=\"col-1963151862\" class=\"col medium-4 small-12 large-4\"  >\n\t\t\t\t<div class=\"col-inner\"  >\n\t\t\t\n\t\t\t\n\t<div class=\"box has-hover   has-hover box-text-bottom\" >\n\n\t\t<div class=\"box-image\" >\n\t\t\t\t\t\t<div class=\"\" >\n\t\t\t\t<img loading=\"lazy\" decoding=\"async\" width=\"600\" height=\"600\" src=\"https:\/\/keweisolder.com\/wp-content\/uploads\/2024\/09\/solderable-wire.webp\" class=\"attachment- size-\" alt=\"bezolovnat\u00fd p\u00e1jec\u00ed dr\u00e1t\" srcset=\"https:\/\/keweisolder.com\/wp-content\/uploads\/2024\/09\/solderable-wire.webp 600w, https:\/\/keweisolder.com\/wp-content\/uploads\/2024\/09\/solderable-wire-300x300.webp 300w, https:\/\/keweisolder.com\/wp-content\/uploads\/2024\/09\/solderable-wire-150x150.webp 150w, https:\/\/keweisolder.com\/wp-content\/uploads\/2024\/09\/solderable-wire-12x12.webp 12w, https:\/\/keweisolder.com\/wp-content\/uploads\/2024\/09\/solderable-wire-100x100.webp 100w\" sizes=\"auto, (max-width: 600px) 100vw, 600px\" \/>\t\t\t\t\t\t\t\t\t\t\t<\/div>\n\t\t\t\t\t<\/div>\n\n\t\t<div class=\"box-text text-center\" >\n\t\t\t<div class=\"box-text-inner\">\n\t\t\t\t\n<h4>Rozsah hmotnosti<\/h4>\n<p>50 g, 200 g, 500 g, 1000 g na c\u00edvce<\/p>\n\t\t\t<\/div>\n\t\t<\/div>\n\t<\/div>\n\t\n\t\t<\/div>\n\t\t\t\t\t<\/div>\n\n\t\n\n\t<div id=\"col-349701735\" class=\"col medium-4 small-12 large-4\"  >\n\t\t\t\t<div class=\"col-inner\"  >\n\t\t\t\n\t\t\t\n\t<div class=\"box has-hover   has-hover box-text-bottom\" >\n\n\t\t<div class=\"box-image\" >\n\t\t\t\t\t\t<div class=\"\" >\n\t\t\t\t<img loading=\"lazy\" decoding=\"async\" width=\"600\" height=\"600\" src=\"https:\/\/keweisolder.com\/wp-content\/uploads\/2024\/10\/lead-free-solder-wire.webp\" class=\"attachment- size-\" alt=\"bezolovnat\u00fd p\u00e1jec\u00ed dr\u00e1t\" srcset=\"https:\/\/keweisolder.com\/wp-content\/uploads\/2024\/10\/lead-free-solder-wire.webp 600w, https:\/\/keweisolder.com\/wp-content\/uploads\/2024\/10\/lead-free-solder-wire-300x300.webp 300w, https:\/\/keweisolder.com\/wp-content\/uploads\/2024\/10\/lead-free-solder-wire-150x150.webp 150w, https:\/\/keweisolder.com\/wp-content\/uploads\/2024\/10\/lead-free-solder-wire-12x12.webp 12w, https:\/\/keweisolder.com\/wp-content\/uploads\/2024\/10\/lead-free-solder-wire-100x100.webp 100w\" sizes=\"auto, (max-width: 600px) 100vw, 600px\" \/>\t\t\t\t\t\t\t\t\t\t\t<\/div>\n\t\t\t\t\t<\/div>\n\n\t\t<div class=\"box-text text-center\" >\n\t\t\t<div class=\"box-text-inner\">\n\t\t\t\t\n<h4>Rozsah pr\u016fm\u011br\u016f dr\u00e1tu<\/h4>\n<p>0,80 mm, 1,00 mm, 1,50 mm, 2,00 mm atd...<\/p>\n\t\t\t<\/div>\n\t\t<\/div>\n\t<\/div>\n\t\n\t\t<\/div>\n\t\t\t\t\t<\/div>\n\n\t\n\n\t<div id=\"col-1144118830\" class=\"col medium-4 small-12 large-4\"  >\n\t\t\t\t<div class=\"col-inner\"  >\n\t\t\t\n\t\t\t\n\t<div class=\"box has-hover   has-hover box-text-bottom\" >\n\n\t\t<div class=\"box-image\" >\n\t\t\t\t\t\t<div class=\"\" >\n\t\t\t\t<img loading=\"lazy\" decoding=\"async\" width=\"300\" height=\"300\" src=\"https:\/\/keweisolder.com\/wp-content\/uploads\/2024\/10\/lead-free-solder-wire-2-300x300.webp\" class=\"attachment-medium size-medium\" alt=\"bezolovnat\u00fd p\u00e1jec\u00ed dr\u00e1t\" srcset=\"https:\/\/keweisolder.com\/wp-content\/uploads\/2024\/10\/lead-free-solder-wire-2-300x300.webp 300w, https:\/\/keweisolder.com\/wp-content\/uploads\/2024\/10\/lead-free-solder-wire-2-150x150.webp 150w, https:\/\/keweisolder.com\/wp-content\/uploads\/2024\/10\/lead-free-solder-wire-2-12x12.webp 12w, https:\/\/keweisolder.com\/wp-content\/uploads\/2024\/10\/lead-free-solder-wire-2-100x100.webp 100w, https:\/\/keweisolder.com\/wp-content\/uploads\/2024\/10\/lead-free-solder-wire-2.webp 600w\" sizes=\"auto, (max-width: 300px) 100vw, 300px\" \/>\t\t\t\t\t\t\t\t\t\t\t<\/div>\n\t\t\t\t\t<\/div>\n\n\t\t<div class=\"box-text text-center\" >\n\t\t\t<div class=\"box-text-inner\">\n\t\t\t\t\n<h4>Bal\u00ed\u010dek<\/h4>\n<p>M\u016f\u017ee custmzie jako po\u017eadavek z\u00e1kazn\u00edk\u016f<\/p>\n\t\t\t<\/div>\n\t\t<\/div>\n\t<\/div>\n\t\n\t\t<\/div>\n\t\t\t\t\t<\/div>\n\n\t\n<\/div>\n<h2 style=\"text-align: left;\"><strong>Parametr<\/strong><\/h2>\n\n<table id=\"tablepress-6\" class=\"tablepress tablepress-id-6\">\n<thead>\n<tr class=\"row-1\">\n\t<th class=\"column-1\">Technick\u00fd parametr<\/th><th class=\"column-2\">Hodnota<\/th>\n<\/tr>\n<\/thead>\n<tbody class=\"row-striping row-hover\">\n<tr class=\"row-2\">\n\t<td class=\"column-1\">Slo\u017een\u00ed slitiny<\/td><td class=\"column-2\">C\u00edn (Sn): p\u0159ibli\u017en\u011b 99,3%, m\u011b\u010f (Cu): p\u0159ibli\u017en\u011b 0,7%. Ostatn\u00ed ne\u010distoty jsou na extr\u00e9mn\u011b n\u00edzk\u00e9 \u00farovni. <\/td>\n<\/tr>\n<tr class=\"row-3\">\n\t<td class=\"column-1\">Bod t\u00e1n\u00ed<\/td><td class=\"column-2\">P\u0159ibli\u017en\u011b 227 \u00b0C<\/td>\n<\/tr>\n<tr class=\"row-4\">\n\t<td class=\"column-1\">Hustota<\/td><td class=\"column-2\">Obecn\u011b kolem 7,37 - 7,4 g\/cm\u00b3<\/td>\n<\/tr>\n<tr class=\"row-5\">\n\t<td class=\"column-1\">Pr\u016fm\u011br dr\u00e1tu<\/td><td class=\"column-2\">0,8 mm, 1,0 mm atd., kter\u00e9 lze zvolit podle konkr\u00e9tn\u00edch po\u017eadavk\u016f na p\u00e1jen\u00ed.<\/td>\n<\/tr>\n<tr class=\"row-6\">\n\t<td class=\"column-1\">Obsah toku<\/td><td class=\"column-2\">obecn\u011b kolem 1,5% - 3%.<\/td>\n<\/tr>\n<tr class=\"row-7\">\n\t<td class=\"column-1\">Provozn\u00ed teplota p\u00e1jen\u00ed<\/td><td class=\"column-2\">Obvykle mezi 270 \u00b0C a 320 \u00b0C<\/td>\n<\/tr>\n<tr class=\"row-8\">\n\t<td class=\"column-1\">P\u00e1jitelnost<\/td><td class=\"column-2\">M\u00e1 dobrou p\u00e1jec\u00ed schopnost. P\u00e1jen\u00e9 spoje jsou jasn\u00e9, pln\u00e9 a pevnost spojen\u00ed po p\u00e1jen\u00ed je vysok\u00e1.<\/td>\n<\/tr>\n<tr class=\"row-9\">\n\t<td class=\"column-1\">D\u00e9lka rozptylu<\/td><td class=\"column-2\">B\u011bhem procesu p\u00e1jen\u00ed je d\u00e9lka rozprost\u0159en\u00ed roztaven\u00e9ho p\u00e1jec\u00edho dr\u00e1tu zpravidla men\u0161\u00ed ne\u017e 10 mm (tento parametr se m\u016f\u017ee m\u00edrn\u011b li\u0161it v z\u00e1vislosti na konkr\u00e9tn\u00edch podm\u00ednk\u00e1ch p\u00e1jen\u00ed a zp\u016fsobu pr\u00e1ce).<\/td>\n<\/tr>\n<tr class=\"row-10\">\n\t<td class=\"column-1\">Vzhled<\/td><td class=\"column-2\">Za norm\u00e1ln\u00edch okolnost\u00ed je vzhled bezolovnat\u00e9ho p\u00e1jec\u00edho dr\u00e1tu st\u0159\u00edbro\u0161ed\u00fd, s hladk\u00fdm povrchem bez oxidace, \u010dern\u00e1n\u00ed nebo jin\u00fdch jev\u016f.<\/td>\n<\/tr>\n<\/tbody>\n<\/table>\n<!-- #tablepress-6 from cache -->\n<div class=\"video video-fit mb\" style=\"padding-top:56.25%;\"><p><iframe loading=\"lazy\" title=\"Tov\u00e1rna na p\u00e1jec\u00ed dr\u00e1ty\" width=\"1020\" height=\"574\" src=\"https:\/\/www.youtube.com\/embed\/iiv3yXsA0TY?feature=oembed\" frameborder=\"0\" allow=\"accelerometer; autoplay; clipboard-write; encrypted-media; gyroscope; picture-in-picture; web-share\" referrerpolicy=\"strict-origin-when-cross-origin\" allowfullscreen><\/iframe><\/p>\n<\/div>\n<h2 style=\"text-align: left;\"><strong>Z\u00e1silka<\/strong><\/h2>\n\t<div class=\"img has-hover x md-x lg-x y md-y lg-y\" id=\"image_225650312\">\n\t\t\t\t\t\t\t\t<div class=\"img-inner dark\" >\n\t\t\t<img loading=\"lazy\" decoding=\"async\" width=\"900\" height=\"675\" src=\"https:\/\/keweisolder.com\/wp-content\/uploads\/2024\/10\/shipment-2.webp\" class=\"attachment-original size-original\" alt=\"z\u00e1silka\" srcset=\"https:\/\/keweisolder.com\/wp-content\/uploads\/2024\/10\/shipment-2.webp 900w, https:\/\/keweisolder.com\/wp-content\/uploads\/2024\/10\/shipment-2-300x225.webp 300w, https:\/\/keweisolder.com\/wp-content\/uploads\/2024\/10\/shipment-2-768x576.webp 768w, https:\/\/keweisolder.com\/wp-content\/uploads\/2024\/10\/shipment-2-16x12.webp 16w, https:\/\/keweisolder.com\/wp-content\/uploads\/2024\/10\/shipment-2-600x450.webp 600w\" sizes=\"auto, (max-width: 900px) 100vw, 900px\" \/>\t\t\t\t\t\t\n\t\t\t\t\t<\/div>\n\t\t\t\t\t\t\t\t\n<style>\n#image_225650312 {\n  width: 100%;\n}\n<\/style>\n\t<\/div>\n\t\n<h2 style=\"text-align: left;\"><strong>\u010cASTO KLADEN\u00c9 DOTAZY<\/strong><\/h2>\n<p><b data-spm-anchor-id=\"a2700.details.0.i37.58051a0442HZr9\">1. Kdo jsme?<\/b><br \/>\nJsme tov\u00e1rna na c\u00edn se s\u00eddlem v Guangdongu, \u010c\u00edna, za\u010d\u00edt od roku 2018, prod\u00e1vat na dom\u00e1c\u00edm trhu (15.00%), jihov\u00fdchodn\u00ed Asie (13.00%), Severn\u00ed Amerika (10.00%), Ji\u017en\u00ed Asie (10.00%), St\u0159edn\u00ed v\u00fdchod (9.00%), severn\u00ed Evropa (8.00%),Ji\u017en\u00ed Amerika(8.00%),Ji\u017en\u00ed Evropa(6.00%),V\u00fdchodn\u00ed Evropa(5.00%),Afrika(4.00%),Z\u00e1padn\u00ed Evropa(4.00%),St\u0159edn\u00ed Amerika(3.00%),V\u00fdchodn\u00ed Asie(3.00%),Oce\u00e1nie(2.00%). V na\u0161\u00ed kancel\u00e1\u0159i pracuje celkem asi 101-200 lid\u00ed.<\/p>\n<p><b>2. Jak m\u016f\u017eeme zaru\u010dit kvalitu?<\/b><br \/>\nP\u0159ed s\u00e9riovou v\u00fdrobou je v\u017edy k dispozici p\u0159edv\u00fdrobn\u00ed vzorek;<br \/>\nP\u0159ed odesl\u00e1n\u00edm v\u017edy provedete kone\u010dnou kontrolu;<\/p>\n<p><b>3.Co si u n\u00e1s m\u016f\u017eete koupit?<\/b><br \/>\nP\u00e1jec\u00ed dr\u00e1t, p\u00e1jec\u00ed ty\u010d, p\u00e1jec\u00ed pasta, m\u011bd\u011bn\u00fd dr\u00e1t, hlin\u00edkov\u00fd dr\u00e1t<\/p>\n<p><b>4. Pro\u010d byste m\u011bli nakupovat u n\u00e1s a ne u jin\u00fdch dodavatel\u016f?<\/b><br \/>\nSpole\u010dnost Kewei Tin manufaturer se zam\u011b\u0159uje p\u0159edev\u0161\u00edm na v\u00fdzkum a v\u00fdvoj p\u00e1jec\u00edch v\u00fdrobk\u016f, v\u00fdrobu a distribuci do cel\u00e9ho sv\u011bta. V sou\u010dasn\u00e9 dob\u011b m\u00e1me p\u00e1jec\u00ed dr\u00e1ty\/p\u00e1jec\u00ed ty\u010dinky\/p\u00e1jec\u00ed pasty\/c\u00ednov\u00e9 kuli\u010dky\/p\u00e1jec\u00ed tavidla\/topn\u00e9 pasty v bezolovnat\u00fdch\/bezhalgonov\u00fdch v\u00fdrobc\u00edch, hardwarov\u00e9 n\u00e1stroje atd.<\/p>\n<p><b>5. Jak\u00e9 slu\u017eby m\u016f\u017eeme poskytnout?<\/b><br \/>\nP\u0159ijat\u00e9 dodac\u00ed podm\u00ednky: FOB, CFR, CIF, EXW, DDP, DDU, Express Delivery\uff1b<br \/>\nP\u0159ij\u00edman\u00e1 m\u011bna platby:USD,EUR,JPY,CAD,AUD,HKD,CNY;<br \/>\nP\u0159ij\u00edman\u00fd typ platby: T\/T, PayPal, Western Union, hotovost;<br \/>\nJazyky, kter\u00fdmi hovo\u0159\u00edte:angli\u010dtina, \u010d\u00edn\u0161tina, \u0161pan\u011bl\u0161tina, japon\u0161tina, portugal\u0161tina, n\u011bm\u010dina, arab\u0161tina, francouz\u0161tina, ru\u0161tina, korej\u0161tina, hind\u0161tina, ital\u0161tina<\/p>","protected":false},"excerpt":{"rendered":"<p>Vysoce kvalitn\u00ed bezolovnat\u00fd p\u00e1jec\u00ed dr\u00e1t pro profesion\u00e1ln\u00ed p\u00e1jen\u00ed. Ide\u00e1ln\u00ed pro elektroniku, zaji\u0161\u0165uje spolehliv\u00e9 spoje, spl\u0148uje ekologick\u00e9 normy. Zlep\u0161ete sv\u00e9 zku\u0161enosti s p\u00e1jen\u00edm pomoc\u00ed na\u0161eho \u0161pi\u010dkov\u00e9ho dr\u00e1tu.<\/p>","protected":false},"featured_media":1853,"template":"","meta":[],"product_brand":[],"product_cat":[15,40],"product_tag":[],"class_list":{"0":"post-1870","1":"product","2":"type-product","3":"status-publish","4":"has-post-thumbnail","6":"product_cat-solder-wire","7":"product_cat-lead-free-solder-wire","9":"first","10":"instock","11":"shipping-taxable","12":"product-type-simple"},"yoast_head":"<!-- This site is optimized with the Yoast SEO plugin v25.5 - https:\/\/yoast.com\/wordpress\/plugins\/seo\/ -->\n<title>Hot Sale High Quality Lead Free Solder Wire from Solder Wire Factory<\/title>\n<meta name=\"description\" content=\"Premium lead free solder wire Sn99.3Cu0.7 available! It offers excellent soldering performance for electronic devices. Environment - friendly and long - lasting\" \/>\n<meta name=\"robots\" content=\"index, follow, max-snippet:-1, max-image-preview:large, max-video-preview:-1\" \/>\n<link rel=\"canonical\" href=\"https:\/\/keweisolder.com\/cs\/manufacturer\/lead-free-solder-wire-sn99-3cu0-7-for-electronics\/\" \/>\n<meta property=\"og:locale\" content=\"cs_CZ\" \/>\n<meta property=\"og:type\" content=\"article\" \/>\n<meta property=\"og:title\" content=\"Hot Sale High Quality Lead Free Solder Wire from Solder Wire Factory\" \/>\n<meta property=\"og:description\" content=\"Premium lead free solder wire Sn99.3Cu0.7 available! It offers excellent soldering performance for electronic devices. Environment - friendly and long - lasting\" \/>\n<meta property=\"og:url\" content=\"https:\/\/keweisolder.com\/cs\/manufacturer\/lead-free-solder-wire-sn99-3cu0-7-for-electronics\/\" \/>\n<meta property=\"og:site_name\" content=\"Kewei Industries HK Limited\" \/>\n<meta property=\"article:modified_time\" content=\"2024-12-28T03:20:39+00:00\" \/>\n<meta property=\"og:image\" content=\"https:\/\/keweisolder.com\/wp-content\/uploads\/2024\/09\/solderable-wire.webp\" \/>\n\t<meta property=\"og:image:width\" content=\"600\" \/>\n\t<meta property=\"og:image:height\" content=\"600\" \/>\n\t<meta property=\"og:image:type\" content=\"image\/webp\" \/>\n<meta name=\"twitter:card\" content=\"summary_large_image\" \/>\n<meta name=\"twitter:label1\" content=\"Odhadovan\u00e1 doba \u010dten\u00ed\" \/>\n\t<meta name=\"twitter:data1\" content=\"2 minuty\" \/>\n<script type=\"application\/ld+json\" class=\"yoast-schema-graph\">{\"@context\":\"https:\/\/schema.org\",\"@graph\":[{\"@type\":\"WebPage\",\"@id\":\"https:\/\/keweisolder.com\/manufacturer\/lead-free-solder-wire-sn99-3cu0-7-for-electronics\/\",\"url\":\"https:\/\/keweisolder.com\/manufacturer\/lead-free-solder-wire-sn99-3cu0-7-for-electronics\/\",\"name\":\"Hot Sale High Quality Lead Free Solder Wire from Solder Wire Factory\",\"isPartOf\":{\"@id\":\"https:\/\/keweisolder.com\/#website\"},\"primaryImageOfPage\":{\"@id\":\"https:\/\/keweisolder.com\/manufacturer\/lead-free-solder-wire-sn99-3cu0-7-for-electronics\/#primaryimage\"},\"image\":{\"@id\":\"https:\/\/keweisolder.com\/manufacturer\/lead-free-solder-wire-sn99-3cu0-7-for-electronics\/#primaryimage\"},\"thumbnailUrl\":\"https:\/\/keweisolder.com\/wp-content\/uploads\/2024\/09\/solderable-wire.webp\",\"datePublished\":\"2024-10-16T08:26:05+00:00\",\"dateModified\":\"2024-12-28T03:20:39+00:00\",\"description\":\"Premium lead free solder wire Sn99.3Cu0.7 available! It offers excellent soldering performance for electronic devices. Environment - friendly and long - lasting\",\"breadcrumb\":{\"@id\":\"https:\/\/keweisolder.com\/manufacturer\/lead-free-solder-wire-sn99-3cu0-7-for-electronics\/#breadcrumb\"},\"inLanguage\":\"cs\",\"potentialAction\":[{\"@type\":\"ReadAction\",\"target\":[\"https:\/\/keweisolder.com\/manufacturer\/lead-free-solder-wire-sn99-3cu0-7-for-electronics\/\"]}]},{\"@type\":\"ImageObject\",\"inLanguage\":\"cs\",\"@id\":\"https:\/\/keweisolder.com\/manufacturer\/lead-free-solder-wire-sn99-3cu0-7-for-electronics\/#primaryimage\",\"url\":\"https:\/\/keweisolder.com\/wp-content\/uploads\/2024\/09\/solderable-wire.webp\",\"contentUrl\":\"https:\/\/keweisolder.com\/wp-content\/uploads\/2024\/09\/solderable-wire.webp\",\"width\":600,\"height\":600,\"caption\":\"lead free solder wire\"},{\"@type\":\"BreadcrumbList\",\"@id\":\"https:\/\/keweisolder.com\/manufacturer\/lead-free-solder-wire-sn99-3cu0-7-for-electronics\/#breadcrumb\",\"itemListElement\":[{\"@type\":\"ListItem\",\"position\":1,\"name\":\"Dom\u016f\",\"item\":\"https:\/\/keweisolder.com\/\"},{\"@type\":\"ListItem\",\"position\":2,\"name\":\"Products\",\"item\":\"https:\/\/keweisolder.com\/shop\/\"},{\"@type\":\"ListItem\",\"position\":3,\"name\":\"Lead Free Solder Wire Sn99.3Cu0.7\"}]},{\"@type\":\"WebSite\",\"@id\":\"https:\/\/keweisolder.com\/#website\",\"url\":\"https:\/\/keweisolder.com\/\",\"name\":\"Kewei Industries HK Limited\",\"description\":\"Tin factoty mainly making soldering related products.\",\"potentialAction\":[{\"@type\":\"SearchAction\",\"target\":{\"@type\":\"EntryPoint\",\"urlTemplate\":\"https:\/\/keweisolder.com\/?s={search_term_string}\"},\"query-input\":{\"@type\":\"PropertyValueSpecification\",\"valueRequired\":true,\"valueName\":\"search_term_string\"}}],\"inLanguage\":\"cs\"}]}<\/script>\n<!-- \/ Yoast SEO plugin. -->","yoast_head_json":{"title":"Hot prodej vysoce kvalitn\u00ed bezolovnat\u00e9 p\u00e1jec\u00ed dr\u00e1ty z tov\u00e1rny na p\u00e1jec\u00ed dr\u00e1ty","description":"K dispozici je pr\u00e9miov\u00fd bezolovnat\u00fd p\u00e1jec\u00ed dr\u00e1t Sn99.3Cu0.7! Nab\u00edz\u00ed vynikaj\u00edc\u00ed p\u00e1jec\u00ed v\u00fdkon pro elektronick\u00e1 za\u0159\u00edzen\u00ed. \u0160etrn\u00fd k \u017eivotn\u00edmu prost\u0159ed\u00ed a s dlouhou \u017eivotnost\u00ed","robots":{"index":"index","follow":"follow","max-snippet":"max-snippet:-1","max-image-preview":"max-image-preview:large","max-video-preview":"max-video-preview:-1"},"canonical":"https:\/\/keweisolder.com\/cs\/manufacturer\/lead-free-solder-wire-sn99-3cu0-7-for-electronics\/","og_locale":"cs_CZ","og_type":"article","og_title":"Hot Sale High Quality Lead Free Solder Wire from Solder Wire Factory","og_description":"Premium lead free solder wire Sn99.3Cu0.7 available! It offers excellent soldering performance for electronic devices. Environment - friendly and long - lasting","og_url":"https:\/\/keweisolder.com\/cs\/manufacturer\/lead-free-solder-wire-sn99-3cu0-7-for-electronics\/","og_site_name":"Kewei Industries HK Limited","article_modified_time":"2024-12-28T03:20:39+00:00","og_image":[{"width":600,"height":600,"url":"https:\/\/keweisolder.com\/wp-content\/uploads\/2024\/09\/solderable-wire.webp","type":"image\/webp"}],"twitter_card":"summary_large_image","twitter_misc":{"Odhadovan\u00e1 doba \u010dten\u00ed":"2 minuty"},"schema":{"@context":"https:\/\/schema.org","@graph":[{"@type":"WebPage","@id":"https:\/\/keweisolder.com\/manufacturer\/lead-free-solder-wire-sn99-3cu0-7-for-electronics\/","url":"https:\/\/keweisolder.com\/manufacturer\/lead-free-solder-wire-sn99-3cu0-7-for-electronics\/","name":"Hot prodej vysoce kvalitn\u00ed bezolovnat\u00e9 p\u00e1jec\u00ed dr\u00e1ty z tov\u00e1rny na p\u00e1jec\u00ed dr\u00e1ty","isPartOf":{"@id":"https:\/\/keweisolder.com\/#website"},"primaryImageOfPage":{"@id":"https:\/\/keweisolder.com\/manufacturer\/lead-free-solder-wire-sn99-3cu0-7-for-electronics\/#primaryimage"},"image":{"@id":"https:\/\/keweisolder.com\/manufacturer\/lead-free-solder-wire-sn99-3cu0-7-for-electronics\/#primaryimage"},"thumbnailUrl":"https:\/\/keweisolder.com\/wp-content\/uploads\/2024\/09\/solderable-wire.webp","datePublished":"2024-10-16T08:26:05+00:00","dateModified":"2024-12-28T03:20:39+00:00","description":"K dispozici je pr\u00e9miov\u00fd bezolovnat\u00fd p\u00e1jec\u00ed dr\u00e1t Sn99.3Cu0.7! Nab\u00edz\u00ed vynikaj\u00edc\u00ed p\u00e1jec\u00ed v\u00fdkon pro elektronick\u00e1 za\u0159\u00edzen\u00ed. \u0160etrn\u00fd k \u017eivotn\u00edmu prost\u0159ed\u00ed a s dlouhou \u017eivotnost\u00ed","breadcrumb":{"@id":"https:\/\/keweisolder.com\/manufacturer\/lead-free-solder-wire-sn99-3cu0-7-for-electronics\/#breadcrumb"},"inLanguage":"cs","potentialAction":[{"@type":"ReadAction","target":["https:\/\/keweisolder.com\/manufacturer\/lead-free-solder-wire-sn99-3cu0-7-for-electronics\/"]}]},{"@type":"ImageObject","inLanguage":"cs","@id":"https:\/\/keweisolder.com\/manufacturer\/lead-free-solder-wire-sn99-3cu0-7-for-electronics\/#primaryimage","url":"https:\/\/keweisolder.com\/wp-content\/uploads\/2024\/09\/solderable-wire.webp","contentUrl":"https:\/\/keweisolder.com\/wp-content\/uploads\/2024\/09\/solderable-wire.webp","width":600,"height":600,"caption":"lead free solder wire"},{"@type":"BreadcrumbList","@id":"https:\/\/keweisolder.com\/manufacturer\/lead-free-solder-wire-sn99-3cu0-7-for-electronics\/#breadcrumb","itemListElement":[{"@type":"ListItem","position":1,"name":"Dom\u016f","item":"https:\/\/keweisolder.com\/"},{"@type":"ListItem","position":2,"name":"Products","item":"https:\/\/keweisolder.com\/shop\/"},{"@type":"ListItem","position":3,"name":"Lead Free Solder Wire Sn99.3Cu0.7"}]},{"@type":"WebSite","@id":"https:\/\/keweisolder.com\/#website","url":"https:\/\/keweisolder.com\/","name":"Kewei Industries HK Limited","description":"C\u00ednov\u00e9 faktoty vyr\u00e1b\u011bj\u00edc\u00ed p\u0159edev\u0161\u00edm v\u00fdrobky souvisej\u00edc\u00ed s p\u00e1jen\u00edm.","potentialAction":[{"@type":"SearchAction","target":{"@type":"EntryPoint","urlTemplate":"https:\/\/keweisolder.com\/?s={search_term_string}"},"query-input":{"@type":"PropertyValueSpecification","valueRequired":true,"valueName":"search_term_string"}}],"inLanguage":"cs"}]}},"_links":{"self":[{"href":"https:\/\/keweisolder.com\/cs\/wp-json\/wp\/v2\/product\/1870","targetHints":{"allow":["GET"]}}],"collection":[{"href":"https:\/\/keweisolder.com\/cs\/wp-json\/wp\/v2\/product"}],"about":[{"href":"https:\/\/keweisolder.com\/cs\/wp-json\/wp\/v2\/types\/product"}],"wp:featuredmedia":[{"embeddable":true,"href":"https:\/\/keweisolder.com\/cs\/wp-json\/wp\/v2\/media\/1853"}],"wp:attachment":[{"href":"https:\/\/keweisolder.com\/cs\/wp-json\/wp\/v2\/media?parent=1870"}],"wp:term":[{"taxonomy":"product_brand","embeddable":true,"href":"https:\/\/keweisolder.com\/cs\/wp-json\/wp\/v2\/product_brand?post=1870"},{"taxonomy":"product_cat","embeddable":true,"href":"https:\/\/keweisolder.com\/cs\/wp-json\/wp\/v2\/product_cat?post=1870"},{"taxonomy":"product_tag","embeddable":true,"href":"https:\/\/keweisolder.com\/cs\/wp-json\/wp\/v2\/product_tag?post=1870"}],"curies":[{"name":"wp","href":"https:\/\/api.w.org\/{rel}","templated":true}]}}