{"id":2050,"date":"2025-04-16T11:50:55","date_gmt":"2025-04-16T11:50:55","guid":{"rendered":"https:\/\/keweisolder.com\/?post_type=product&#038;p=2050"},"modified":"2025-07-01T03:31:29","modified_gmt":"2025-07-01T03:31:29","slug":"sn96-5ag3cu0-5-solder-wire-with-rohs-compliant","status":"publish","type":"product","link":"https:\/\/keweisolder.com\/cs\/manufacturer\/sn96-5ag3cu0-5-solder-wire-with-rohs-compliant\/","title":{"rendered":"Lead Free Solder Wire Sn96.5Ag3.0Cu0.5"},"content":{"rendered":"<h2><strong>\u00davod<\/strong><\/h2>\n<p>KEWEI SAC305 lead-free solder wire is a commonly used welding material in the electronics industry. It is composed of Sn96.5Ag3.0Cu0.5, meeting environmental protection requirements such as RoHS and REACH. With a melting point of about 217\u2103, it has good wettability and soldering reliability, which can form firm solder joints. This solder wire features low spatter, little smoke, and good solderability, and is widely used in manual soldering, selective soldering, wave soldering, and SMT soldering for instruments, home appliances, and other products.<\/p>\n<div class=\"row\"  id=\"row-1766138423\">\n\n\t<div id=\"col-1227141132\" class=\"col medium-4 small-12 large-4\"  >\n\t\t\t\t<div class=\"col-inner\"  >\n\t\t\t\n\t\t\t\n\t<div class=\"box has-hover   has-hover box-text-bottom\" >\n\n\t\t<div class=\"box-image\" >\n\t\t\t\t\t\t<div class=\"\" >\n\t\t\t\t<img loading=\"lazy\" decoding=\"async\" width=\"600\" height=\"600\" src=\"https:\/\/keweisolder.com\/wp-content\/uploads\/2024\/09\/solderable-wire.webp\" class=\"attachment- size-\" alt=\"bezolovnat\u00fd p\u00e1jec\u00ed dr\u00e1t\" srcset=\"https:\/\/keweisolder.com\/wp-content\/uploads\/2024\/09\/solderable-wire.webp 600w, https:\/\/keweisolder.com\/wp-content\/uploads\/2024\/09\/solderable-wire-300x300.webp 300w, https:\/\/keweisolder.com\/wp-content\/uploads\/2024\/09\/solderable-wire-150x150.webp 150w, https:\/\/keweisolder.com\/wp-content\/uploads\/2024\/09\/solderable-wire-12x12.webp 12w, https:\/\/keweisolder.com\/wp-content\/uploads\/2024\/09\/solderable-wire-100x100.webp 100w\" sizes=\"auto, (max-width: 600px) 100vw, 600px\" \/>\t\t\t\t\t\t\t\t\t\t\t<\/div>\n\t\t\t\t\t<\/div>\n\n\t\t<div class=\"box-text text-center\" >\n\t\t\t<div class=\"box-text-inner\">\n\t\t\t\t\n<h4>Rozsah hmotnosti<\/h4>\n<p>50 g, 200 g, 500 g, 1000 g na c\u00edvce<\/p>\n\t\t\t<\/div>\n\t\t<\/div>\n\t<\/div>\n\t\n\t\t<\/div>\n\t\t\t\t\t<\/div>\n\n\t\n\n\t<div id=\"col-778567699\" class=\"col medium-4 small-12 large-4\"  >\n\t\t\t\t<div class=\"col-inner\"  >\n\t\t\t\n\t\t\t\n\t<div class=\"box has-hover   has-hover box-text-bottom\" >\n\n\t\t<div class=\"box-image\" >\n\t\t\t\t\t\t<div class=\"\" >\n\t\t\t\t<img loading=\"lazy\" decoding=\"async\" width=\"600\" height=\"600\" src=\"https:\/\/keweisolder.com\/wp-content\/uploads\/2024\/10\/lead-free-solder-wire.webp\" class=\"attachment- size-\" alt=\"bezolovnat\u00fd p\u00e1jec\u00ed dr\u00e1t\" srcset=\"https:\/\/keweisolder.com\/wp-content\/uploads\/2024\/10\/lead-free-solder-wire.webp 600w, https:\/\/keweisolder.com\/wp-content\/uploads\/2024\/10\/lead-free-solder-wire-300x300.webp 300w, https:\/\/keweisolder.com\/wp-content\/uploads\/2024\/10\/lead-free-solder-wire-150x150.webp 150w, https:\/\/keweisolder.com\/wp-content\/uploads\/2024\/10\/lead-free-solder-wire-12x12.webp 12w, https:\/\/keweisolder.com\/wp-content\/uploads\/2024\/10\/lead-free-solder-wire-100x100.webp 100w\" sizes=\"auto, (max-width: 600px) 100vw, 600px\" \/>\t\t\t\t\t\t\t\t\t\t\t<\/div>\n\t\t\t\t\t<\/div>\n\n\t\t<div class=\"box-text text-center\" >\n\t\t\t<div class=\"box-text-inner\">\n\t\t\t\t\n<h4>Rozsah pr\u016fm\u011br\u016f dr\u00e1tu<\/h4>\n<p>0,80 mm, 1,00 mm, 1,50 mm, 2,00 mm atd...<\/p>\n\t\t\t<\/div>\n\t\t<\/div>\n\t<\/div>\n\t\n\t\t<\/div>\n\t\t\t\t\t<\/div>\n\n\t\n\n\t<div id=\"col-413658162\" class=\"col medium-4 small-12 large-4\"  >\n\t\t\t\t<div class=\"col-inner\"  >\n\t\t\t\n\t\t\t\n\t<div class=\"box has-hover   has-hover box-text-bottom\" >\n\n\t\t<div class=\"box-image\" >\n\t\t\t\t\t\t<div class=\"\" >\n\t\t\t\t<img loading=\"lazy\" decoding=\"async\" width=\"300\" height=\"300\" src=\"https:\/\/keweisolder.com\/wp-content\/uploads\/2024\/10\/lead-free-solder-wire-2-300x300.webp\" class=\"attachment-medium size-medium\" alt=\"bezolovnat\u00fd p\u00e1jec\u00ed dr\u00e1t\" srcset=\"https:\/\/keweisolder.com\/wp-content\/uploads\/2024\/10\/lead-free-solder-wire-2-300x300.webp 300w, https:\/\/keweisolder.com\/wp-content\/uploads\/2024\/10\/lead-free-solder-wire-2-150x150.webp 150w, https:\/\/keweisolder.com\/wp-content\/uploads\/2024\/10\/lead-free-solder-wire-2-12x12.webp 12w, https:\/\/keweisolder.com\/wp-content\/uploads\/2024\/10\/lead-free-solder-wire-2-100x100.webp 100w, https:\/\/keweisolder.com\/wp-content\/uploads\/2024\/10\/lead-free-solder-wire-2.webp 600w\" sizes=\"auto, (max-width: 300px) 100vw, 300px\" \/>\t\t\t\t\t\t\t\t\t\t\t<\/div>\n\t\t\t\t\t<\/div>\n\n\t\t<div class=\"box-text text-center\" >\n\t\t\t<div class=\"box-text-inner\">\n\t\t\t\t\n<h4>Bal\u00ed\u010dek<\/h4>\n<p>M\u016f\u017ee custmzie jako po\u017eadavek z\u00e1kazn\u00edk\u016f<\/p>\n\t\t\t<\/div>\n\t\t<\/div>\n\t<\/div>\n\t\n\t\t<\/div>\n\t\t\t\t\t<\/div>\n\n\t\n<\/div>\n<h2 style=\"text-align: left;\"><strong>Parametr<\/strong><\/h2>\n\n<table id=\"tablepress-24\" class=\"tablepress tablepress-id-24\">\n<thead>\n<tr class=\"row-1\">\n\t<th class=\"column-1\">N\u00e1zev produktu<\/th><th class=\"column-2\">P\u00e1jec\u00ed dr\u00e1t<\/th>\n<\/tr>\n<\/thead>\n<tbody class=\"row-striping row-hover\">\n<tr class=\"row-2\">\n\t<td class=\"column-1\">Slo\u017een\u00ed<\/td><td class=\"column-2\">Sn96,5Ag3,0Cu0,5<\/td>\n<\/tr>\n<tr class=\"row-3\">\n\t<td class=\"column-1\">Model no.<\/td><td class=\"column-2\">SAC305<\/td>\n<\/tr>\n<tr class=\"row-4\">\n\t<td class=\"column-1\">Flux<\/td><td class=\"column-2\">2.0%-2.2%<\/td>\n<\/tr>\n<tr class=\"row-5\">\n\t<td class=\"column-1\">Diameter<\/td><td class=\"column-2\">0.8mm-2.0mm<\/td>\n<\/tr>\n<tr class=\"row-6\">\n\t<td class=\"column-1\">Hmotnost<\/td><td class=\"column-2\">50g-1000g<\/td>\n<\/tr>\n<tr class=\"row-7\">\n\t<td class=\"column-1\">Materi\u00e1l<\/td><td class=\"column-2\">Tin\/Copper\/Silver<\/td>\n<\/tr>\n<tr class=\"row-8\">\n\t<td class=\"column-1\">Funkce<\/td><td class=\"column-2\">Lead Free Solder Wire<\/td>\n<\/tr>\n<tr class=\"row-9\">\n\t<td class=\"column-1\">Aplikace<\/td><td class=\"column-2\">SMT\/PCB Assembly, Smartphones\/Laptops, Automotive Electronics, Medical Devices, Aerospace\/Aviation<\/td>\n<\/tr>\n<\/tbody>\n<\/table>\n<!-- #tablepress-24 from cache -->\n<div class=\"video video-fit mb\" style=\"padding-top:56.25%;\"><p><iframe loading=\"lazy\" title=\"Tov\u00e1rna na p\u00e1jec\u00ed dr\u00e1ty\" width=\"1020\" height=\"574\" src=\"https:\/\/www.youtube.com\/embed\/iiv3yXsA0TY?feature=oembed\" frameborder=\"0\" allow=\"accelerometer; autoplay; clipboard-write; encrypted-media; gyroscope; picture-in-picture; web-share\" referrerpolicy=\"strict-origin-when-cross-origin\" allowfullscreen><\/iframe><\/p>\n<\/div>\n<h2 style=\"text-align: left;\"><strong>Z\u00e1silka<\/strong><\/h2>\n\t<div class=\"img has-hover x md-x lg-x y md-y lg-y\" id=\"image_692938798\">\n\t\t\t\t\t\t\t\t<div class=\"img-inner dark\" >\n\t\t\t<img loading=\"lazy\" decoding=\"async\" width=\"900\" height=\"675\" src=\"https:\/\/keweisolder.com\/wp-content\/uploads\/2024\/10\/shipment-2.webp\" class=\"attachment-original size-original\" alt=\"z\u00e1silka\" srcset=\"https:\/\/keweisolder.com\/wp-content\/uploads\/2024\/10\/shipment-2.webp 900w, https:\/\/keweisolder.com\/wp-content\/uploads\/2024\/10\/shipment-2-300x225.webp 300w, https:\/\/keweisolder.com\/wp-content\/uploads\/2024\/10\/shipment-2-768x576.webp 768w, https:\/\/keweisolder.com\/wp-content\/uploads\/2024\/10\/shipment-2-16x12.webp 16w, https:\/\/keweisolder.com\/wp-content\/uploads\/2024\/10\/shipment-2-600x450.webp 600w\" sizes=\"auto, (max-width: 900px) 100vw, 900px\" \/>\t\t\t\t\t\t\n\t\t\t\t\t<\/div>\n\t\t\t\t\t\t\t\t\n<style>\n#image_692938798 {\n  width: 100%;\n}\n<\/style>\n\t<\/div>\n\t\n<h2 style=\"text-align: left;\"><strong>\u010cASTO KLADEN\u00c9 DOTAZY<\/strong><\/h2>\n<p><b data-spm-anchor-id=\"a2700.details.0.i37.58051a0442HZr9\">1. Kdo jsme?<\/b><br \/>\nJsme tov\u00e1rna na c\u00edn se s\u00eddlem v Guangdongu, \u010c\u00edna, za\u010d\u00edt od roku 2018, prod\u00e1vat na dom\u00e1c\u00edm trhu (15.00%), jihov\u00fdchodn\u00ed Asie (13.00%), Severn\u00ed Amerika (10.00%), Ji\u017en\u00ed Asie (10.00%), St\u0159edn\u00ed v\u00fdchod (9.00%), severn\u00ed Evropa (8.00%),Ji\u017en\u00ed Amerika(8.00%),Ji\u017en\u00ed Evropa(6.00%),V\u00fdchodn\u00ed Evropa(5.00%),Afrika(4.00%),Z\u00e1padn\u00ed Evropa(4.00%),St\u0159edn\u00ed Amerika(3.00%),V\u00fdchodn\u00ed Asie(3.00%),Oce\u00e1nie(2.00%). V na\u0161\u00ed kancel\u00e1\u0159i pracuje celkem asi 101-200 lid\u00ed.<\/p>\n<p><b>2. Jak m\u016f\u017eeme zaru\u010dit kvalitu?<\/b><br \/>\nP\u0159ed s\u00e9riovou v\u00fdrobou je v\u017edy k dispozici p\u0159edv\u00fdrobn\u00ed vzorek;<br \/>\nP\u0159ed odesl\u00e1n\u00edm v\u017edy provedete kone\u010dnou kontrolu;<\/p>\n<p><b>3.Co si u n\u00e1s m\u016f\u017eete koupit?<\/b><br \/>\nP\u00e1jec\u00ed dr\u00e1t, p\u00e1jec\u00ed ty\u010d, p\u00e1jec\u00ed pasta, m\u011bd\u011bn\u00fd dr\u00e1t, hlin\u00edkov\u00fd dr\u00e1t<\/p>\n<p><b>4. Pro\u010d byste m\u011bli nakupovat u n\u00e1s a ne u jin\u00fdch dodavatel\u016f?<\/b><br \/>\nSpole\u010dnost Kewei Tin manufaturer se zam\u011b\u0159uje p\u0159edev\u0161\u00edm na v\u00fdzkum a v\u00fdvoj p\u00e1jec\u00edch v\u00fdrobk\u016f, v\u00fdrobu a distribuci do cel\u00e9ho sv\u011bta. V sou\u010dasn\u00e9 dob\u011b m\u00e1me p\u00e1jec\u00ed dr\u00e1ty\/p\u00e1jec\u00ed ty\u010dinky\/p\u00e1jec\u00ed pasty\/c\u00ednov\u00e9 kuli\u010dky\/p\u00e1jec\u00ed tavidla\/topn\u00e9 pasty v bezolovnat\u00fdch\/bezhalgonov\u00fdch v\u00fdrobc\u00edch, hardwarov\u00e9 n\u00e1stroje atd.<\/p>\n<p><b>5. Jak\u00e9 slu\u017eby m\u016f\u017eeme poskytnout?<\/b><br \/>\nP\u0159ijat\u00e9 dodac\u00ed podm\u00ednky: FOB, CFR, CIF, EXW, DDP, DDU, Express Delivery\uff1b<br \/>\nP\u0159ij\u00edman\u00e1 m\u011bna platby:USD,EUR,JPY,CAD,AUD,HKD,CNY;<br \/>\nP\u0159ij\u00edman\u00fd typ platby: T\/T, PayPal, Western Union, hotovost;<br \/>\nJazyky, kter\u00fdmi hovo\u0159\u00edte:angli\u010dtina, \u010d\u00edn\u0161tina, \u0161pan\u011bl\u0161tina, japon\u0161tina, portugal\u0161tina, n\u011bm\u010dina, arab\u0161tina, francouz\u0161tina, ru\u0161tina, korej\u0161tina, hind\u0161tina, ital\u0161tina<\/p>","protected":false},"excerpt":{"rendered":"<p>Vysoce kvalitn\u00ed bezolovnat\u00fd p\u00e1jec\u00ed dr\u00e1t pro profesion\u00e1ln\u00ed p\u00e1jen\u00ed. Ide\u00e1ln\u00ed pro elektroniku, zaji\u0161\u0165uje spolehliv\u00e9 spoje, spl\u0148uje ekologick\u00e9 normy. Zlep\u0161ete sv\u00e9 zku\u0161enosti s p\u00e1jen\u00edm pomoc\u00ed na\u0161eho \u0161pi\u010dkov\u00e9ho dr\u00e1tu.<\/p>","protected":false},"featured_media":1871,"template":"","meta":[],"product_brand":[],"product_cat":[15,40],"product_tag":[],"class_list":{"0":"post-2050","1":"product","2":"type-product","3":"status-publish","4":"has-post-thumbnail","6":"product_cat-solder-wire","7":"product_cat-lead-free-solder-wire","9":"first","10":"instock","11":"shipping-taxable","12":"product-type-simple"},"yoast_head":"<!-- This site is optimized with the Yoast SEO plugin v25.5 - https:\/\/yoast.com\/wordpress\/plugins\/seo\/ -->\n<title>Kewei Factory SAC305 Lead-Free Solder Wire High Purity Tin Alloy<\/title>\n<meta name=\"description\" content=\"Tin Factory Offers Sn96.5Ag3.0Cu0.5 Lead-free Solder Wire with A Melting Point of 217\u2103, Compliant with RoHS and REACH Standards\" \/>\n<meta name=\"robots\" content=\"index, follow, max-snippet:-1, max-image-preview:large, max-video-preview:-1\" \/>\n<link rel=\"canonical\" href=\"https:\/\/keweisolder.com\/cs\/manufacturer\/sn96-5ag3cu0-5-solder-wire-with-rohs-compliant\/\" \/>\n<meta property=\"og:locale\" content=\"cs_CZ\" \/>\n<meta property=\"og:type\" content=\"article\" \/>\n<meta property=\"og:title\" content=\"Kewei Factory SAC305 Lead-Free Solder Wire High Purity Tin Alloy\" \/>\n<meta property=\"og:description\" content=\"Tin Factory Offers Sn96.5Ag3.0Cu0.5 Lead-free Solder Wire with A Melting Point of 217\u2103, Compliant with RoHS and REACH Standards\" \/>\n<meta property=\"og:url\" content=\"https:\/\/keweisolder.com\/cs\/manufacturer\/sn96-5ag3cu0-5-solder-wire-with-rohs-compliant\/\" \/>\n<meta property=\"og:site_name\" content=\"Kewei Industries HK Limited\" \/>\n<meta property=\"article:modified_time\" content=\"2025-07-01T03:31:29+00:00\" \/>\n<meta property=\"og:image\" content=\"https:\/\/keweisolder.com\/wp-content\/uploads\/2024\/10\/lead-free-solder-wire-3.webp\" \/>\n\t<meta property=\"og:image:width\" content=\"600\" \/>\n\t<meta property=\"og:image:height\" content=\"600\" \/>\n\t<meta property=\"og:image:type\" content=\"image\/webp\" \/>\n<meta name=\"twitter:card\" content=\"summary_large_image\" \/>\n<meta name=\"twitter:label1\" content=\"Odhadovan\u00e1 doba \u010dten\u00ed\" \/>\n\t<meta name=\"twitter:data1\" content=\"2 minuty\" \/>\n<script type=\"application\/ld+json\" class=\"yoast-schema-graph\">{\"@context\":\"https:\/\/schema.org\",\"@graph\":[{\"@type\":\"WebPage\",\"@id\":\"https:\/\/keweisolder.com\/manufacturer\/sn96-5ag3cu0-5-solder-wire-with-rohs-compliant\/\",\"url\":\"https:\/\/keweisolder.com\/manufacturer\/sn96-5ag3cu0-5-solder-wire-with-rohs-compliant\/\",\"name\":\"Kewei Factory SAC305 Lead-Free Solder Wire High Purity Tin Alloy\",\"isPartOf\":{\"@id\":\"https:\/\/keweisolder.com\/#website\"},\"primaryImageOfPage\":{\"@id\":\"https:\/\/keweisolder.com\/manufacturer\/sn96-5ag3cu0-5-solder-wire-with-rohs-compliant\/#primaryimage\"},\"image\":{\"@id\":\"https:\/\/keweisolder.com\/manufacturer\/sn96-5ag3cu0-5-solder-wire-with-rohs-compliant\/#primaryimage\"},\"thumbnailUrl\":\"https:\/\/keweisolder.com\/wp-content\/uploads\/2024\/10\/lead-free-solder-wire-3.webp\",\"datePublished\":\"2025-04-16T11:50:55+00:00\",\"dateModified\":\"2025-07-01T03:31:29+00:00\",\"description\":\"Tin Factory Offers Sn96.5Ag3.0Cu0.5 Lead-free Solder Wire with A Melting Point of 217\u2103, Compliant with RoHS and REACH Standards\",\"breadcrumb\":{\"@id\":\"https:\/\/keweisolder.com\/manufacturer\/sn96-5ag3cu0-5-solder-wire-with-rohs-compliant\/#breadcrumb\"},\"inLanguage\":\"cs\",\"potentialAction\":[{\"@type\":\"ReadAction\",\"target\":[\"https:\/\/keweisolder.com\/manufacturer\/sn96-5ag3cu0-5-solder-wire-with-rohs-compliant\/\"]}]},{\"@type\":\"ImageObject\",\"inLanguage\":\"cs\",\"@id\":\"https:\/\/keweisolder.com\/manufacturer\/sn96-5ag3cu0-5-solder-wire-with-rohs-compliant\/#primaryimage\",\"url\":\"https:\/\/keweisolder.com\/wp-content\/uploads\/2024\/10\/lead-free-solder-wire-3.webp\",\"contentUrl\":\"https:\/\/keweisolder.com\/wp-content\/uploads\/2024\/10\/lead-free-solder-wire-3.webp\",\"width\":600,\"height\":600,\"caption\":\"lead free solder wire\"},{\"@type\":\"BreadcrumbList\",\"@id\":\"https:\/\/keweisolder.com\/manufacturer\/sn96-5ag3cu0-5-solder-wire-with-rohs-compliant\/#breadcrumb\",\"itemListElement\":[{\"@type\":\"ListItem\",\"position\":1,\"name\":\"Dom\u016f\",\"item\":\"https:\/\/keweisolder.com\/\"},{\"@type\":\"ListItem\",\"position\":2,\"name\":\"Products\",\"item\":\"https:\/\/keweisolder.com\/shop\/\"},{\"@type\":\"ListItem\",\"position\":3,\"name\":\"Lead Free Solder Wire Sn96.5Ag3.0Cu0.5\"}]},{\"@type\":\"WebSite\",\"@id\":\"https:\/\/keweisolder.com\/#website\",\"url\":\"https:\/\/keweisolder.com\/\",\"name\":\"Kewei Industries HK Limited\",\"description\":\"Tin factoty mainly making soldering related products.\",\"potentialAction\":[{\"@type\":\"SearchAction\",\"target\":{\"@type\":\"EntryPoint\",\"urlTemplate\":\"https:\/\/keweisolder.com\/?s={search_term_string}\"},\"query-input\":{\"@type\":\"PropertyValueSpecification\",\"valueRequired\":true,\"valueName\":\"search_term_string\"}}],\"inLanguage\":\"cs\"}]}<\/script>\n<!-- \/ Yoast SEO plugin. -->","yoast_head_json":{"title":"Kewei Factory SAC305 Lead-Free Solder Wire High Purity Tin Alloy","description":"Tin Factory Offers Sn96.5Ag3.0Cu0.5 Lead-free Solder Wire with A Melting Point of 217\u2103, Compliant with RoHS and REACH Standards","robots":{"index":"index","follow":"follow","max-snippet":"max-snippet:-1","max-image-preview":"max-image-preview:large","max-video-preview":"max-video-preview:-1"},"canonical":"https:\/\/keweisolder.com\/cs\/manufacturer\/sn96-5ag3cu0-5-solder-wire-with-rohs-compliant\/","og_locale":"cs_CZ","og_type":"article","og_title":"Kewei Factory SAC305 Lead-Free Solder Wire High Purity Tin Alloy","og_description":"Tin Factory Offers Sn96.5Ag3.0Cu0.5 Lead-free Solder Wire with A Melting Point of 217\u2103, Compliant with RoHS and REACH Standards","og_url":"https:\/\/keweisolder.com\/cs\/manufacturer\/sn96-5ag3cu0-5-solder-wire-with-rohs-compliant\/","og_site_name":"Kewei Industries HK Limited","article_modified_time":"2025-07-01T03:31:29+00:00","og_image":[{"width":600,"height":600,"url":"https:\/\/keweisolder.com\/wp-content\/uploads\/2024\/10\/lead-free-solder-wire-3.webp","type":"image\/webp"}],"twitter_card":"summary_large_image","twitter_misc":{"Odhadovan\u00e1 doba \u010dten\u00ed":"2 minuty"},"schema":{"@context":"https:\/\/schema.org","@graph":[{"@type":"WebPage","@id":"https:\/\/keweisolder.com\/manufacturer\/sn96-5ag3cu0-5-solder-wire-with-rohs-compliant\/","url":"https:\/\/keweisolder.com\/manufacturer\/sn96-5ag3cu0-5-solder-wire-with-rohs-compliant\/","name":"Kewei Factory SAC305 Lead-Free Solder Wire High Purity Tin Alloy","isPartOf":{"@id":"https:\/\/keweisolder.com\/#website"},"primaryImageOfPage":{"@id":"https:\/\/keweisolder.com\/manufacturer\/sn96-5ag3cu0-5-solder-wire-with-rohs-compliant\/#primaryimage"},"image":{"@id":"https:\/\/keweisolder.com\/manufacturer\/sn96-5ag3cu0-5-solder-wire-with-rohs-compliant\/#primaryimage"},"thumbnailUrl":"https:\/\/keweisolder.com\/wp-content\/uploads\/2024\/10\/lead-free-solder-wire-3.webp","datePublished":"2025-04-16T11:50:55+00:00","dateModified":"2025-07-01T03:31:29+00:00","description":"Tin Factory Offers Sn96.5Ag3.0Cu0.5 Lead-free Solder Wire with A Melting Point of 217\u2103, Compliant with RoHS and REACH Standards","breadcrumb":{"@id":"https:\/\/keweisolder.com\/manufacturer\/sn96-5ag3cu0-5-solder-wire-with-rohs-compliant\/#breadcrumb"},"inLanguage":"cs","potentialAction":[{"@type":"ReadAction","target":["https:\/\/keweisolder.com\/manufacturer\/sn96-5ag3cu0-5-solder-wire-with-rohs-compliant\/"]}]},{"@type":"ImageObject","inLanguage":"cs","@id":"https:\/\/keweisolder.com\/manufacturer\/sn96-5ag3cu0-5-solder-wire-with-rohs-compliant\/#primaryimage","url":"https:\/\/keweisolder.com\/wp-content\/uploads\/2024\/10\/lead-free-solder-wire-3.webp","contentUrl":"https:\/\/keweisolder.com\/wp-content\/uploads\/2024\/10\/lead-free-solder-wire-3.webp","width":600,"height":600,"caption":"lead free solder wire"},{"@type":"BreadcrumbList","@id":"https:\/\/keweisolder.com\/manufacturer\/sn96-5ag3cu0-5-solder-wire-with-rohs-compliant\/#breadcrumb","itemListElement":[{"@type":"ListItem","position":1,"name":"Dom\u016f","item":"https:\/\/keweisolder.com\/"},{"@type":"ListItem","position":2,"name":"Products","item":"https:\/\/keweisolder.com\/shop\/"},{"@type":"ListItem","position":3,"name":"Lead Free Solder Wire Sn96.5Ag3.0Cu0.5"}]},{"@type":"WebSite","@id":"https:\/\/keweisolder.com\/#website","url":"https:\/\/keweisolder.com\/","name":"Kewei Industries HK Limited","description":"C\u00ednov\u00e9 faktoty vyr\u00e1b\u011bj\u00edc\u00ed p\u0159edev\u0161\u00edm v\u00fdrobky souvisej\u00edc\u00ed s p\u00e1jen\u00edm.","potentialAction":[{"@type":"SearchAction","target":{"@type":"EntryPoint","urlTemplate":"https:\/\/keweisolder.com\/?s={search_term_string}"},"query-input":{"@type":"PropertyValueSpecification","valueRequired":true,"valueName":"search_term_string"}}],"inLanguage":"cs"}]}},"_links":{"self":[{"href":"https:\/\/keweisolder.com\/cs\/wp-json\/wp\/v2\/product\/2050","targetHints":{"allow":["GET"]}}],"collection":[{"href":"https:\/\/keweisolder.com\/cs\/wp-json\/wp\/v2\/product"}],"about":[{"href":"https:\/\/keweisolder.com\/cs\/wp-json\/wp\/v2\/types\/product"}],"wp:featuredmedia":[{"embeddable":true,"href":"https:\/\/keweisolder.com\/cs\/wp-json\/wp\/v2\/media\/1871"}],"wp:attachment":[{"href":"https:\/\/keweisolder.com\/cs\/wp-json\/wp\/v2\/media?parent=2050"}],"wp:term":[{"taxonomy":"product_brand","embeddable":true,"href":"https:\/\/keweisolder.com\/cs\/wp-json\/wp\/v2\/product_brand?post=2050"},{"taxonomy":"product_cat","embeddable":true,"href":"https:\/\/keweisolder.com\/cs\/wp-json\/wp\/v2\/product_cat?post=2050"},{"taxonomy":"product_tag","embeddable":true,"href":"https:\/\/keweisolder.com\/cs\/wp-json\/wp\/v2\/product_tag?post=2050"}],"curies":[{"name":"wp","href":"https:\/\/api.w.org\/{rel}","templated":true}]}}