{"id":2062,"date":"2025-05-29T04:20:49","date_gmt":"2025-05-29T04:20:49","guid":{"rendered":"https:\/\/keweisolder.com\/?post_type=product&#038;p=2062"},"modified":"2025-05-30T03:35:46","modified_gmt":"2025-05-30T03:35:46","slug":"lead-solder-wire-sn50pb50","status":"publish","type":"product","link":"https:\/\/keweisolder.com\/cs\/manufacturer\/lead-solder-wire-sn50pb50\/","title":{"rendered":"Olov\u011bn\u00fd p\u00e1jec\u00ed dr\u00e1t Sn50Pb50"},"content":{"rendered":"<h2><strong>\u00davod<\/strong><\/h2>\n<p>Kewei Solder Wire Sn50Pb50 is a high-performance soldering material. Through formula adjustment, it can meet the requirements of various electronic assembly projects. Kewei solder wire KWSW-505 achieves a perfect balance between the melting point and soldering efficiency, ensuring firm and reliable electrical connections. This solder wire undergoes strict quality control in the factory, featuring consistent diameter precision (0.3mm-3.0mm) and uniform rosin flux distribution (1.1%-3.0%). It is the best choice for both professional manufacturers and DIY enthusiasts.<\/p>\n<ul>\n<li><strong>Slo\u017een\u00ed:<\/strong> The 50\/50 ratio provides a balance that offers good soldering performance. Tin acts as the primary element, which lowers the melting point and improves wetting properties, while lead contributes to the solder&#8217;s malleability and strength.<\/li>\n<li><strong>Bod t\u00e1n\u00ed:<\/strong> This solder alloy typically melts at around 183-212\u00b0C (361-414\u00b0F), making it suitable for a variety of applications, as it flows well at relatively low temperatures.<\/li>\n<li><strong>Aplikace:<\/strong> Sn50Pb50 solder is widely used in electronic circuit board assembly due to its excellent electrical conductivity and mechanical strength. It is also employed in plumbing and other metal joining tasks where durability and reliable connections are essential.<\/li>\n<li><strong>V\u00fdhody:<\/strong> The Sn50Pb50 solder is known for its ease of use, good flow characteristics, and the formation of strong, durable joints. These properties make it a popular choice among professionals for tasks requiring precision and reliability.<\/li>\n<li><strong>\u00davahy:<\/strong>\u00a0Kv\u016fli p\u0159\u00edtomnosti olova podl\u00e9h\u00e1 tento typ p\u00e1jky v n\u011bkter\u00fdch oblastech, nap\u0159\u00edklad v Evropsk\u00e9 unii, regula\u010dn\u00edm omezen\u00edm podle sm\u011brnic RoHS (Restriction of Hazardous Substances). V aplikac\u00edch vy\u017eaduj\u00edc\u00edch dodr\u017eov\u00e1n\u00ed t\u011bchto p\u0159edpis\u016f se \u010dasto pou\u017e\u00edvaj\u00ed bezolovnat\u00e9 alternativy.<\/li>\n<\/ul>\n<div class=\"row\"  id=\"row-838090292\">\n\n\t<div id=\"col-343782372\" class=\"col medium-4 small-12 large-4\"  >\n\t\t\t\t<div class=\"col-inner\"  >\n\t\t\t\n\t\t\t\n\t<div class=\"box has-hover   has-hover box-text-bottom\" >\n\n\t\t<div class=\"box-image\" >\n\t\t\t\t\t\t<div class=\"\" >\n\t\t\t\t<img loading=\"lazy\" decoding=\"async\" width=\"600\" height=\"600\" src=\"https:\/\/keweisolder.com\/wp-content\/uploads\/2024\/10\/lead-solder-wire.webp\" class=\"attachment- size-\" alt=\"olov\u011bn\u00fd p\u00e1jec\u00ed dr\u00e1t\" srcset=\"https:\/\/keweisolder.com\/wp-content\/uploads\/2024\/10\/lead-solder-wire.webp 600w, https:\/\/keweisolder.com\/wp-content\/uploads\/2024\/10\/lead-solder-wire-300x300.webp 300w, https:\/\/keweisolder.com\/wp-content\/uploads\/2024\/10\/lead-solder-wire-150x150.webp 150w, https:\/\/keweisolder.com\/wp-content\/uploads\/2024\/10\/lead-solder-wire-12x12.webp 12w, https:\/\/keweisolder.com\/wp-content\/uploads\/2024\/10\/lead-solder-wire-100x100.webp 100w\" sizes=\"auto, (max-width: 600px) 100vw, 600px\" \/>\t\t\t\t\t\t\t\t\t\t\t<\/div>\n\t\t\t\t\t<\/div>\n\n\t\t<div class=\"box-text text-center\" >\n\t\t\t<div class=\"box-text-inner\">\n\t\t\t\t\n<h4>Rozsah hmotnosti<\/h4>\n<p>50 g, 200 g, 500 g, 1000 g na c\u00edvce<\/p>\n\t\t\t<\/div>\n\t\t<\/div>\n\t<\/div>\n\t\n\t\t<\/div>\n\t\t\t\t\t<\/div>\n\n\t\n\n\t<div id=\"col-1214588991\" class=\"col medium-4 small-12 large-4\"  >\n\t\t\t\t<div class=\"col-inner\"  >\n\t\t\t\n\t\t\t\n\t<div class=\"box has-hover   has-hover box-text-bottom\" >\n\n\t\t<div class=\"box-image\" >\n\t\t\t\t\t\t<div class=\"\" >\n\t\t\t\t<img loading=\"lazy\" decoding=\"async\" width=\"600\" height=\"600\" src=\"https:\/\/keweisolder.com\/wp-content\/uploads\/2024\/10\/lead-solder-wire-7.webp\" class=\"attachment- size-\" alt=\"olov\u011bn\u00fd p\u00e1jec\u00ed dr\u00e1t\" srcset=\"https:\/\/keweisolder.com\/wp-content\/uploads\/2024\/10\/lead-solder-wire-7.webp 600w, https:\/\/keweisolder.com\/wp-content\/uploads\/2024\/10\/lead-solder-wire-7-300x300.webp 300w, https:\/\/keweisolder.com\/wp-content\/uploads\/2024\/10\/lead-solder-wire-7-150x150.webp 150w, https:\/\/keweisolder.com\/wp-content\/uploads\/2024\/10\/lead-solder-wire-7-12x12.webp 12w, https:\/\/keweisolder.com\/wp-content\/uploads\/2024\/10\/lead-solder-wire-7-100x100.webp 100w\" sizes=\"auto, (max-width: 600px) 100vw, 600px\" \/>\t\t\t\t\t\t\t\t\t\t\t<\/div>\n\t\t\t\t\t<\/div>\n\n\t\t<div class=\"box-text text-center\" >\n\t\t\t<div class=\"box-text-inner\">\n\t\t\t\t\n<h4>Rozsah pr\u016fm\u011br\u016f dr\u00e1tu<\/h4>\n<p>0,80 mm, 1,00 mm, 1,50 mm, 2,00 mm atd...<\/p>\n\t\t\t<\/div>\n\t\t<\/div>\n\t<\/div>\n\t\n\t\t<\/div>\n\t\t\t\t\t<\/div>\n\n\t\n\n\t<div id=\"col-450231998\" class=\"col medium-4 small-12 large-4\"  >\n\t\t\t\t<div class=\"col-inner\"  >\n\t\t\t\n\t\t\t\n\t<div class=\"box has-hover   has-hover box-text-bottom\" >\n\n\t\t<div class=\"box-image\" >\n\t\t\t\t\t\t<div class=\"\" >\n\t\t\t\t<img loading=\"lazy\" decoding=\"async\" width=\"300\" height=\"300\" src=\"https:\/\/keweisolder.com\/wp-content\/uploads\/2024\/10\/lead-solder-wire-9-300x300.webp\" class=\"attachment-medium size-medium\" alt=\"olov\u011bn\u00fd p\u00e1jec\u00ed dr\u00e1t\" srcset=\"https:\/\/keweisolder.com\/wp-content\/uploads\/2024\/10\/lead-solder-wire-9-300x300.webp 300w, https:\/\/keweisolder.com\/wp-content\/uploads\/2024\/10\/lead-solder-wire-9-150x150.webp 150w, https:\/\/keweisolder.com\/wp-content\/uploads\/2024\/10\/lead-solder-wire-9-12x12.webp 12w, https:\/\/keweisolder.com\/wp-content\/uploads\/2024\/10\/lead-solder-wire-9-100x100.webp 100w, https:\/\/keweisolder.com\/wp-content\/uploads\/2024\/10\/lead-solder-wire-9.webp 600w\" sizes=\"auto, (max-width: 300px) 100vw, 300px\" \/>\t\t\t\t\t\t\t\t\t\t\t<\/div>\n\t\t\t\t\t<\/div>\n\n\t\t<div class=\"box-text text-center\" >\n\t\t\t<div class=\"box-text-inner\">\n\t\t\t\t\n<h4>Bal\u00ed\u010dek<\/h4>\n<p>M\u016f\u017ee custmzie jako po\u017eadavek z\u00e1kazn\u00edk\u016f<\/p>\n\t\t\t<\/div>\n\t\t<\/div>\n\t<\/div>\n\t\n\t\t<\/div>\n\t\t\t\t\t<\/div>\n\n\t\n<\/div>\n<h2 style=\"text-align: left;\"><strong>Parametr<\/strong><\/h2>\n\n<table id=\"tablepress-22\" class=\"tablepress tablepress-id-22\">\n<thead>\n<tr class=\"row-1\">\n\t<th class=\"column-1\">Technick\u00fd parametr<\/th><th class=\"column-2\">Podrobnosti na<\/th>\n<\/tr>\n<\/thead>\n<tbody class=\"row-striping row-hover\">\n<tr class=\"row-2\">\n\t<td class=\"column-1\">N\u00e1zev produktu<\/td><td class=\"column-2\">P\u00e1jec\u00ed dr\u00e1t<\/td>\n<\/tr>\n<tr class=\"row-3\">\n\t<td class=\"column-1\">Slo\u017een\u00ed slitiny<\/td><td class=\"column-2\">Sn50Pb50<\/td>\n<\/tr>\n<tr class=\"row-4\">\n\t<td class=\"column-1\">Model \u010d.<\/td><td class=\"column-2\">KWSW-505<\/td>\n<\/tr>\n<tr class=\"row-5\">\n\t<td class=\"column-1\">Bod t\u00e1n\u00ed<\/td><td class=\"column-2\">183-212C (361-414F)<\/td>\n<\/tr>\n<tr class=\"row-6\">\n\t<td class=\"column-1\">Hustota (g\/cm\u00b3)<\/td><td class=\"column-2\">8.5<\/td>\n<\/tr>\n<tr class=\"row-7\">\n\t<td class=\"column-1\">Diameter<\/td><td class=\"column-2\">0.30-3.00mm<\/td>\n<\/tr>\n<tr class=\"row-8\">\n\t<td class=\"column-1\">Obsah toku<\/td><td class=\"column-2\">2.0%-2.2%, No Clean<\/td>\n<\/tr>\n<tr class=\"row-9\">\n\t<td class=\"column-1\">Hmotnost<\/td><td class=\"column-2\">50g-1000g Spool<\/td>\n<\/tr>\n<tr class=\"row-10\">\n\t<td class=\"column-1\">Aplikace<\/td><td class=\"column-2\">Electronics Soldering, Telecommunication Equipment, Household Appliances, Automobile<\/td>\n<\/tr>\n<\/tbody>\n<\/table>\n<!-- #tablepress-22 from cache -->\n<div class=\"video video-fit mb\" style=\"padding-top:56.25%;\"><p><iframe loading=\"lazy\" title=\"V\u00fdrobce olov\u011bn\u00fdch p\u00e1jec\u00edch dr\u00e1t\u016f\" width=\"1020\" height=\"574\" src=\"https:\/\/www.youtube.com\/embed\/M7JHni6Locc?feature=oembed\" frameborder=\"0\" allow=\"accelerometer; autoplay; clipboard-write; encrypted-media; gyroscope; picture-in-picture; web-share\" referrerpolicy=\"strict-origin-when-cross-origin\" allowfullscreen><\/iframe><\/p>\n<\/div>\n<h2 style=\"text-align: left;\"><strong>Z\u00e1silka<\/strong><\/h2>\n\t<div class=\"img has-hover x md-x lg-x y md-y lg-y\" id=\"image_1545100354\">\n\t\t\t\t\t\t\t\t<div class=\"img-inner dark\" >\n\t\t\t<img loading=\"lazy\" decoding=\"async\" width=\"900\" height=\"675\" src=\"https:\/\/keweisolder.com\/wp-content\/uploads\/2024\/10\/shipment-2.webp\" class=\"attachment-original size-original\" alt=\"z\u00e1silka\" srcset=\"https:\/\/keweisolder.com\/wp-content\/uploads\/2024\/10\/shipment-2.webp 900w, https:\/\/keweisolder.com\/wp-content\/uploads\/2024\/10\/shipment-2-300x225.webp 300w, https:\/\/keweisolder.com\/wp-content\/uploads\/2024\/10\/shipment-2-768x576.webp 768w, https:\/\/keweisolder.com\/wp-content\/uploads\/2024\/10\/shipment-2-16x12.webp 16w, https:\/\/keweisolder.com\/wp-content\/uploads\/2024\/10\/shipment-2-600x450.webp 600w\" sizes=\"auto, (max-width: 900px) 100vw, 900px\" \/>\t\t\t\t\t\t\n\t\t\t\t\t<\/div>\n\t\t\t\t\t\t\t\t\n<style>\n#image_1545100354 {\n  width: 100%;\n}\n<\/style>\n\t<\/div>\n\t\n<h2 style=\"text-align: left;\"><strong>\u010cASTO KLADEN\u00c9 DOTAZY<\/strong><\/h2>\n<p><b data-spm-anchor-id=\"a2700.details.0.i37.58051a0442HZr9\">1. Kdo jsme?<\/b><br \/>\nJsme tov\u00e1rna na c\u00edn se s\u00eddlem v Guangdongu, \u010c\u00edna, za\u010d\u00edt od roku 2018, prod\u00e1vat na dom\u00e1c\u00edm trhu (15.00%), jihov\u00fdchodn\u00ed Asie (13.00%), Severn\u00ed Amerika (10.00%), Ji\u017en\u00ed Asie (10.00%), St\u0159edn\u00ed v\u00fdchod (9.00%), severn\u00ed Evropa (8.00%),Ji\u017en\u00ed Amerika(8.00%),Ji\u017en\u00ed Evropa(6.00%),V\u00fdchodn\u00ed Evropa(5.00%),Afrika(4.00%),Z\u00e1padn\u00ed Evropa(4.00%),St\u0159edn\u00ed Amerika(3.00%),V\u00fdchodn\u00ed Asie(3.00%),Oce\u00e1nie(2.00%). V na\u0161\u00ed kancel\u00e1\u0159i pracuje celkem asi 101-200 lid\u00ed.<\/p>\n<p><b>2. Jak m\u016f\u017eeme zaru\u010dit kvalitu?<\/b><br \/>\nP\u0159ed s\u00e9riovou v\u00fdrobou je v\u017edy k dispozici p\u0159edv\u00fdrobn\u00ed vzorek;<br \/>\nP\u0159ed odesl\u00e1n\u00edm v\u017edy provedete kone\u010dnou kontrolu;<\/p>\n<p><b>3.Co si u n\u00e1s m\u016f\u017eete koupit?<\/b><br \/>\nSolder Wire,Solder Bar,Solder Paste,Solder Flux,Soldering Tools,Copper Wire,Aluminum Wire<\/p>\n<p><b>4. Pro\u010d byste m\u011bli nakupovat u n\u00e1s a ne u jin\u00fdch dodavatel\u016f?<\/b><br \/>\nSpole\u010dnost Kewei Tin manufaturer se zam\u011b\u0159uje p\u0159edev\u0161\u00edm na v\u00fdzkum a v\u00fdvoj p\u00e1jec\u00edch v\u00fdrobk\u016f, v\u00fdrobu a distribuci do cel\u00e9ho sv\u011bta. V sou\u010dasn\u00e9 dob\u011b m\u00e1me p\u00e1jec\u00ed dr\u00e1ty\/p\u00e1jec\u00ed ty\u010dinky\/p\u00e1jec\u00ed pasty\/c\u00ednov\u00e9 kuli\u010dky\/p\u00e1jec\u00ed tavidla\/topn\u00e9 pasty v bezolovnat\u00fdch\/bezhalgonov\u00fdch v\u00fdrobc\u00edch, hardwarov\u00e9 n\u00e1stroje atd.<\/p>\n<p><b>5. Jak\u00e9 slu\u017eby m\u016f\u017eeme poskytnout?<\/b><br \/>\nP\u0159ijat\u00e9 dodac\u00ed podm\u00ednky: FOB, CFR, CIF, EXW, DDP, DDU, Express Delivery\uff1b<br \/>\nP\u0159ij\u00edman\u00e1 m\u011bna platby:USD,EUR,JPY,CAD,AUD,HKD,CNY;<br \/>\nP\u0159ij\u00edman\u00fd typ platby: T\/T, PayPal, Western Union, hotovost;<br \/>\nJazyky, kter\u00fdmi hovo\u0159\u00edte:angli\u010dtina, \u010d\u00edn\u0161tina, \u0161pan\u011bl\u0161tina, japon\u0161tina, portugal\u0161tina, n\u011bm\u010dina, arab\u0161tina, francouz\u0161tina, ru\u0161tina, korej\u0161tina, hind\u0161tina, ital\u0161tina<\/p>","protected":false},"excerpt":{"rendered":"<ol>\n<li><strong>Konzistentn\u00ed kvalita:<\/strong>\u00a0Spolehliv\u00fd dodavatel zaji\u0161\u0165uje vysoce kvalitn\u00ed p\u00e1jec\u00ed dr\u00e1t, kter\u00fd spl\u0148uje pr\u016fmyslov\u00e9 normy a zvy\u0161uje v\u00fdkon a trvanlivost va\u0161ich elektronick\u00fdch v\u00fdrobk\u016f.<\/li>\n<li><strong>\u0160irok\u00e1 \u0161k\u00e1la mo\u017enost\u00ed:<\/strong>\u00a0P\u0159\u00edstup k rozmanit\u00e9mu v\u00fdb\u011bru typ\u016f a specifikac\u00ed p\u00e1jec\u00edch dr\u00e1t\u016f, kter\u00fd v\u00e1m umo\u017en\u00ed naj\u00edt ide\u00e1ln\u00ed \u0159e\u0161en\u00ed pro r\u016fzn\u00e9 aplikace a technick\u00e9 pot\u0159eby.<\/li>\n<li><strong>Konkuren\u010dn\u00ed ceny:<\/strong>\u00a0Vyu\u017e\u00edvejte v\u00fdhod n\u00e1kladov\u011b efektivn\u00edch cenov\u00fdch strategi\u00ed, kter\u00e9 pom\u00e1haj\u00ed sni\u017eovat v\u00fdrobn\u00ed n\u00e1klady p\u0159i zachov\u00e1n\u00ed vynikaj\u00edc\u00ed kvality a spolehlivosti v\u00fdrobk\u016f.<\/li>\n<li><strong>Odborn\u00e1 podpora:<\/strong>\u00a0Vyu\u017eijte specializovanou z\u00e1kaznickou podporu a technick\u00e9 znalosti, kter\u00e9 v\u00e1m zajist\u00ed poradenstv\u00ed a \u0159e\u0161en\u00ed \u0161it\u00e9 na m\u00edru va\u0161im specifick\u00fdm v\u00fdrobn\u00edm po\u017eadavk\u016fm.<\/li>\n<\/ol>","protected":false},"featured_media":1881,"template":"","meta":[],"product_brand":[],"product_cat":[15,41],"product_tag":[],"class_list":{"0":"post-2062","1":"product","2":"type-product","3":"status-publish","4":"has-post-thumbnail","6":"product_cat-solder-wire","7":"product_cat-lead-solder-wire","9":"first","10":"instock","11":"shipping-taxable","12":"product-type-simple"},"yoast_head":"<!-- This site is optimized with the Yoast SEO plugin v25.5 - https:\/\/yoast.com\/wordpress\/plugins\/seo\/ -->\n<title>Kewei Factory Rosin Core Solder Wire Sn50Pb50 Dia.3.0mm<\/title>\n<meta name=\"description\" content=\"Kewei Sn50Pb50 Solder Wire Strikes an Ideal Balance between Melting Point and Soldering Performance, Ensuring Reliable Electrical Connections.\" \/>\n<meta name=\"robots\" content=\"index, follow, max-snippet:-1, max-image-preview:large, max-video-preview:-1\" \/>\n<link rel=\"canonical\" href=\"https:\/\/keweisolder.com\/cs\/manufacturer\/lead-solder-wire-sn50pb50\/\" \/>\n<meta property=\"og:locale\" content=\"cs_CZ\" \/>\n<meta property=\"og:type\" content=\"article\" \/>\n<meta property=\"og:title\" content=\"Kewei Factory Rosin Core Solder Wire Sn50Pb50 Dia.3.0mm\" \/>\n<meta property=\"og:description\" content=\"Kewei Sn50Pb50 Solder Wire Strikes an Ideal Balance between Melting Point and Soldering Performance, Ensuring Reliable Electrical Connections.\" \/>\n<meta property=\"og:url\" content=\"https:\/\/keweisolder.com\/cs\/manufacturer\/lead-solder-wire-sn50pb50\/\" \/>\n<meta property=\"og:site_name\" content=\"Kewei Industries HK Limited\" \/>\n<meta property=\"article:modified_time\" content=\"2025-05-30T03:35:46+00:00\" \/>\n<meta property=\"og:image\" content=\"https:\/\/keweisolder.com\/wp-content\/uploads\/2024\/10\/lead-solder-wire-1.webp\" \/>\n\t<meta property=\"og:image:width\" content=\"600\" \/>\n\t<meta property=\"og:image:height\" content=\"600\" \/>\n\t<meta property=\"og:image:type\" content=\"image\/webp\" \/>\n<meta name=\"twitter:card\" content=\"summary_large_image\" \/>\n<meta name=\"twitter:label1\" content=\"Odhadovan\u00e1 doba \u010dten\u00ed\" \/>\n\t<meta name=\"twitter:data1\" content=\"3 minuty\" \/>\n<script type=\"application\/ld+json\" class=\"yoast-schema-graph\">{\"@context\":\"https:\/\/schema.org\",\"@graph\":[{\"@type\":\"WebPage\",\"@id\":\"https:\/\/keweisolder.com\/manufacturer\/lead-solder-wire-sn50pb50\/\",\"url\":\"https:\/\/keweisolder.com\/manufacturer\/lead-solder-wire-sn50pb50\/\",\"name\":\"Kewei Factory Rosin Core Solder Wire Sn50Pb50 Dia.3.0mm\",\"isPartOf\":{\"@id\":\"https:\/\/keweisolder.com\/#website\"},\"primaryImageOfPage\":{\"@id\":\"https:\/\/keweisolder.com\/manufacturer\/lead-solder-wire-sn50pb50\/#primaryimage\"},\"image\":{\"@id\":\"https:\/\/keweisolder.com\/manufacturer\/lead-solder-wire-sn50pb50\/#primaryimage\"},\"thumbnailUrl\":\"https:\/\/keweisolder.com\/wp-content\/uploads\/2024\/10\/lead-solder-wire-1.webp\",\"datePublished\":\"2025-05-29T04:20:49+00:00\",\"dateModified\":\"2025-05-30T03:35:46+00:00\",\"description\":\"Kewei Sn50Pb50 Solder Wire Strikes an Ideal Balance between Melting Point and Soldering Performance, Ensuring Reliable Electrical Connections.\",\"breadcrumb\":{\"@id\":\"https:\/\/keweisolder.com\/manufacturer\/lead-solder-wire-sn50pb50\/#breadcrumb\"},\"inLanguage\":\"cs\",\"potentialAction\":[{\"@type\":\"ReadAction\",\"target\":[\"https:\/\/keweisolder.com\/manufacturer\/lead-solder-wire-sn50pb50\/\"]}]},{\"@type\":\"ImageObject\",\"inLanguage\":\"cs\",\"@id\":\"https:\/\/keweisolder.com\/manufacturer\/lead-solder-wire-sn50pb50\/#primaryimage\",\"url\":\"https:\/\/keweisolder.com\/wp-content\/uploads\/2024\/10\/lead-solder-wire-1.webp\",\"contentUrl\":\"https:\/\/keweisolder.com\/wp-content\/uploads\/2024\/10\/lead-solder-wire-1.webp\",\"width\":600,\"height\":600,\"caption\":\"lead solder wire\"},{\"@type\":\"BreadcrumbList\",\"@id\":\"https:\/\/keweisolder.com\/manufacturer\/lead-solder-wire-sn50pb50\/#breadcrumb\",\"itemListElement\":[{\"@type\":\"ListItem\",\"position\":1,\"name\":\"Dom\u016f\",\"item\":\"https:\/\/keweisolder.com\/\"},{\"@type\":\"ListItem\",\"position\":2,\"name\":\"Products\",\"item\":\"https:\/\/keweisolder.com\/shop\/\"},{\"@type\":\"ListItem\",\"position\":3,\"name\":\"Lead Solder Wire Sn50Pb50\"}]},{\"@type\":\"WebSite\",\"@id\":\"https:\/\/keweisolder.com\/#website\",\"url\":\"https:\/\/keweisolder.com\/\",\"name\":\"Kewei Industries HK Limited\",\"description\":\"Tin factoty mainly making soldering related products.\",\"potentialAction\":[{\"@type\":\"SearchAction\",\"target\":{\"@type\":\"EntryPoint\",\"urlTemplate\":\"https:\/\/keweisolder.com\/?s={search_term_string}\"},\"query-input\":{\"@type\":\"PropertyValueSpecification\",\"valueRequired\":true,\"valueName\":\"search_term_string\"}}],\"inLanguage\":\"cs\"}]}<\/script>\n<!-- \/ Yoast SEO plugin. -->","yoast_head_json":{"title":"Kewei Factory Rosin Core Solder Wire Sn50Pb50 Dia.3.0mm","description":"Kewei Sn50Pb50 Solder Wire Strikes an Ideal Balance between Melting Point and Soldering Performance, Ensuring Reliable Electrical Connections.","robots":{"index":"index","follow":"follow","max-snippet":"max-snippet:-1","max-image-preview":"max-image-preview:large","max-video-preview":"max-video-preview:-1"},"canonical":"https:\/\/keweisolder.com\/cs\/manufacturer\/lead-solder-wire-sn50pb50\/","og_locale":"cs_CZ","og_type":"article","og_title":"Kewei Factory Rosin Core Solder Wire Sn50Pb50 Dia.3.0mm","og_description":"Kewei Sn50Pb50 Solder Wire Strikes an Ideal Balance between Melting Point and Soldering Performance, Ensuring Reliable Electrical Connections.","og_url":"https:\/\/keweisolder.com\/cs\/manufacturer\/lead-solder-wire-sn50pb50\/","og_site_name":"Kewei Industries HK Limited","article_modified_time":"2025-05-30T03:35:46+00:00","og_image":[{"width":600,"height":600,"url":"https:\/\/keweisolder.com\/wp-content\/uploads\/2024\/10\/lead-solder-wire-1.webp","type":"image\/webp"}],"twitter_card":"summary_large_image","twitter_misc":{"Odhadovan\u00e1 doba \u010dten\u00ed":"3 minuty"},"schema":{"@context":"https:\/\/schema.org","@graph":[{"@type":"WebPage","@id":"https:\/\/keweisolder.com\/manufacturer\/lead-solder-wire-sn50pb50\/","url":"https:\/\/keweisolder.com\/manufacturer\/lead-solder-wire-sn50pb50\/","name":"Kewei Factory Rosin Core Solder Wire Sn50Pb50 Dia.3.0mm","isPartOf":{"@id":"https:\/\/keweisolder.com\/#website"},"primaryImageOfPage":{"@id":"https:\/\/keweisolder.com\/manufacturer\/lead-solder-wire-sn50pb50\/#primaryimage"},"image":{"@id":"https:\/\/keweisolder.com\/manufacturer\/lead-solder-wire-sn50pb50\/#primaryimage"},"thumbnailUrl":"https:\/\/keweisolder.com\/wp-content\/uploads\/2024\/10\/lead-solder-wire-1.webp","datePublished":"2025-05-29T04:20:49+00:00","dateModified":"2025-05-30T03:35:46+00:00","description":"Kewei Sn50Pb50 Solder Wire Strikes an Ideal Balance between Melting Point and Soldering Performance, Ensuring Reliable Electrical Connections.","breadcrumb":{"@id":"https:\/\/keweisolder.com\/manufacturer\/lead-solder-wire-sn50pb50\/#breadcrumb"},"inLanguage":"cs","potentialAction":[{"@type":"ReadAction","target":["https:\/\/keweisolder.com\/manufacturer\/lead-solder-wire-sn50pb50\/"]}]},{"@type":"ImageObject","inLanguage":"cs","@id":"https:\/\/keweisolder.com\/manufacturer\/lead-solder-wire-sn50pb50\/#primaryimage","url":"https:\/\/keweisolder.com\/wp-content\/uploads\/2024\/10\/lead-solder-wire-1.webp","contentUrl":"https:\/\/keweisolder.com\/wp-content\/uploads\/2024\/10\/lead-solder-wire-1.webp","width":600,"height":600,"caption":"lead solder wire"},{"@type":"BreadcrumbList","@id":"https:\/\/keweisolder.com\/manufacturer\/lead-solder-wire-sn50pb50\/#breadcrumb","itemListElement":[{"@type":"ListItem","position":1,"name":"Dom\u016f","item":"https:\/\/keweisolder.com\/"},{"@type":"ListItem","position":2,"name":"Products","item":"https:\/\/keweisolder.com\/shop\/"},{"@type":"ListItem","position":3,"name":"Lead Solder Wire Sn50Pb50"}]},{"@type":"WebSite","@id":"https:\/\/keweisolder.com\/#website","url":"https:\/\/keweisolder.com\/","name":"Kewei Industries HK Limited","description":"C\u00ednov\u00e9 faktoty vyr\u00e1b\u011bj\u00edc\u00ed p\u0159edev\u0161\u00edm v\u00fdrobky souvisej\u00edc\u00ed s p\u00e1jen\u00edm.","potentialAction":[{"@type":"SearchAction","target":{"@type":"EntryPoint","urlTemplate":"https:\/\/keweisolder.com\/?s={search_term_string}"},"query-input":{"@type":"PropertyValueSpecification","valueRequired":true,"valueName":"search_term_string"}}],"inLanguage":"cs"}]}},"_links":{"self":[{"href":"https:\/\/keweisolder.com\/cs\/wp-json\/wp\/v2\/product\/2062","targetHints":{"allow":["GET"]}}],"collection":[{"href":"https:\/\/keweisolder.com\/cs\/wp-json\/wp\/v2\/product"}],"about":[{"href":"https:\/\/keweisolder.com\/cs\/wp-json\/wp\/v2\/types\/product"}],"wp:featuredmedia":[{"embeddable":true,"href":"https:\/\/keweisolder.com\/cs\/wp-json\/wp\/v2\/media\/1881"}],"wp:attachment":[{"href":"https:\/\/keweisolder.com\/cs\/wp-json\/wp\/v2\/media?parent=2062"}],"wp:term":[{"taxonomy":"product_brand","embeddable":true,"href":"https:\/\/keweisolder.com\/cs\/wp-json\/wp\/v2\/product_brand?post=2062"},{"taxonomy":"product_cat","embeddable":true,"href":"https:\/\/keweisolder.com\/cs\/wp-json\/wp\/v2\/product_cat?post=2062"},{"taxonomy":"product_tag","embeddable":true,"href":"https:\/\/keweisolder.com\/cs\/wp-json\/wp\/v2\/product_tag?post=2062"}],"curies":[{"name":"wp","href":"https:\/\/api.w.org\/{rel}","templated":true}]}}