{"id":2045,"date":"2025-04-16T07:55:20","date_gmt":"2025-04-16T07:55:20","guid":{"rendered":"https:\/\/keweisolder.com\/?post_type=product&#038;p=2045"},"modified":"2025-04-16T11:41:29","modified_gmt":"2025-04-16T11:41:29","slug":"lead-free-solder-wire-sn99ag0-3cu0-7","status":"publish","type":"product","link":"https:\/\/keweisolder.com\/es\/manufacturer\/lead-free-solder-wire-sn99ag0-3cu0-7\/","title":{"rendered":"Alambre de soldadura sin plomo Sn99Ag0.3Cu0.7"},"content":{"rendered":"<h2><strong>Introducci\u00f3n<\/strong><\/h2>\n<p>Sn99Ag0.3Cu0.7 solder wire is a popular lead-free alternative in the electronics industry. This composition provides excellent solderability, ensuring strong and reliable electrical connections. With a relatively low melting point, it can be easily processed during soldering operations. SAC0307 solder wire is widely used in manufacturing various electronic products, from small consumer electronics to complex circuit boards, due to its high &#8211; quality performance and compliance with environmental regulations.<\/p>\n<div class=\"row\"  id=\"row-1333937247\">\n\n\t<div id=\"col-663332346\" class=\"col medium-4 small-12 large-4\"  >\n\t\t\t\t<div class=\"col-inner\"  >\n\t\t\t\n\t\t\t\n\t<div class=\"box has-hover   has-hover box-text-bottom\" >\n\n\t\t<div class=\"box-image\" >\n\t\t\t\t\t\t<div class=\"\" >\n\t\t\t\t<img loading=\"lazy\" decoding=\"async\" width=\"600\" height=\"600\" src=\"https:\/\/keweisolder.com\/wp-content\/uploads\/2024\/09\/solderable-wire.webp\" class=\"attachment- size-\" alt=\"alambre de soldadura sin plomo\" srcset=\"https:\/\/keweisolder.com\/wp-content\/uploads\/2024\/09\/solderable-wire.webp 600w, https:\/\/keweisolder.com\/wp-content\/uploads\/2024\/09\/solderable-wire-300x300.webp 300w, https:\/\/keweisolder.com\/wp-content\/uploads\/2024\/09\/solderable-wire-150x150.webp 150w, https:\/\/keweisolder.com\/wp-content\/uploads\/2024\/09\/solderable-wire-12x12.webp 12w, https:\/\/keweisolder.com\/wp-content\/uploads\/2024\/09\/solderable-wire-100x100.webp 100w\" sizes=\"auto, (max-width: 600px) 100vw, 600px\" \/>\t\t\t\t\t\t\t\t\t\t\t<\/div>\n\t\t\t\t\t<\/div>\n\n\t\t<div class=\"box-text text-center\" >\n\t\t\t<div class=\"box-text-inner\">\n\t\t\t\t\n<h4>Gama de pesos<\/h4>\n<p>50 g, 200 g, 500 g, 1000 g por bobina<\/p>\n\t\t\t<\/div>\n\t\t<\/div>\n\t<\/div>\n\t\n\t\t<\/div>\n\t\t\t\t\t<\/div>\n\n\t\n\n\t<div id=\"col-1110769266\" class=\"col medium-4 small-12 large-4\"  >\n\t\t\t\t<div class=\"col-inner\"  >\n\t\t\t\n\t\t\t\n\t<div class=\"box has-hover   has-hover box-text-bottom\" >\n\n\t\t<div class=\"box-image\" >\n\t\t\t\t\t\t<div class=\"\" >\n\t\t\t\t<img loading=\"lazy\" decoding=\"async\" width=\"600\" height=\"600\" src=\"https:\/\/keweisolder.com\/wp-content\/uploads\/2024\/10\/lead-free-solder-wire.webp\" class=\"attachment- size-\" alt=\"alambre de soldadura sin plomo\" srcset=\"https:\/\/keweisolder.com\/wp-content\/uploads\/2024\/10\/lead-free-solder-wire.webp 600w, https:\/\/keweisolder.com\/wp-content\/uploads\/2024\/10\/lead-free-solder-wire-300x300.webp 300w, https:\/\/keweisolder.com\/wp-content\/uploads\/2024\/10\/lead-free-solder-wire-150x150.webp 150w, https:\/\/keweisolder.com\/wp-content\/uploads\/2024\/10\/lead-free-solder-wire-12x12.webp 12w, https:\/\/keweisolder.com\/wp-content\/uploads\/2024\/10\/lead-free-solder-wire-100x100.webp 100w\" sizes=\"auto, (max-width: 600px) 100vw, 600px\" \/>\t\t\t\t\t\t\t\t\t\t\t<\/div>\n\t\t\t\t\t<\/div>\n\n\t\t<div class=\"box-text text-center\" >\n\t\t\t<div class=\"box-text-inner\">\n\t\t\t\t\n<h4>Gama de di\u00e1metros de alambre<\/h4>\n<p>0,80 mm, 1,00 mm, 1,50 mm, 2,00 mm, etc.<\/p>\n\t\t\t<\/div>\n\t\t<\/div>\n\t<\/div>\n\t\n\t\t<\/div>\n\t\t\t\t\t<\/div>\n\n\t\n\n\t<div id=\"col-1123715835\" class=\"col medium-4 small-12 large-4\"  >\n\t\t\t\t<div class=\"col-inner\"  >\n\t\t\t\n\t\t\t\n\t<div class=\"box has-hover   has-hover box-text-bottom\" >\n\n\t\t<div class=\"box-image\" >\n\t\t\t\t\t\t<div class=\"\" >\n\t\t\t\t<img loading=\"lazy\" decoding=\"async\" width=\"300\" height=\"300\" src=\"https:\/\/keweisolder.com\/wp-content\/uploads\/2024\/10\/lead-free-solder-wire-2-300x300.webp\" class=\"attachment-medium size-medium\" alt=\"alambre de soldadura sin plomo\" srcset=\"https:\/\/keweisolder.com\/wp-content\/uploads\/2024\/10\/lead-free-solder-wire-2-300x300.webp 300w, https:\/\/keweisolder.com\/wp-content\/uploads\/2024\/10\/lead-free-solder-wire-2-150x150.webp 150w, https:\/\/keweisolder.com\/wp-content\/uploads\/2024\/10\/lead-free-solder-wire-2-12x12.webp 12w, https:\/\/keweisolder.com\/wp-content\/uploads\/2024\/10\/lead-free-solder-wire-2-100x100.webp 100w, https:\/\/keweisolder.com\/wp-content\/uploads\/2024\/10\/lead-free-solder-wire-2.webp 600w\" sizes=\"auto, (max-width: 300px) 100vw, 300px\" \/>\t\t\t\t\t\t\t\t\t\t\t<\/div>\n\t\t\t\t\t<\/div>\n\n\t\t<div class=\"box-text text-center\" >\n\t\t\t<div class=\"box-text-inner\">\n\t\t\t\t\n<h4>Paquete<\/h4>\n<p>Puede adaptarse a las necesidades del cliente<\/p>\n\t\t\t<\/div>\n\t\t<\/div>\n\t<\/div>\n\t\n\t\t<\/div>\n\t\t\t\t\t<\/div>\n\n\t\n<\/div>\n<h2 style=\"text-align: left;\"><strong>Par\u00e1metro<\/strong><\/h2>\n\n<table id=\"tablepress-19\" class=\"tablepress tablepress-id-19\">\n<thead>\n<tr class=\"row-1\">\n\t<th class=\"column-1\">Sn<\/th><th class=\"column-2\">Pb<\/th><th class=\"column-3\">Ag<\/th><th class=\"column-4\">Cu<\/th><th class=\"column-5\">Bi<\/th><th class=\"column-6\">Sb<\/th><th class=\"column-7\">Fe<\/th><th class=\"column-8\">Al<\/th><th class=\"column-9\">Cd<\/th>\n<\/tr>\n<\/thead>\n<tbody class=\"row-striping row-hover\">\n<tr class=\"row-2\">\n\t<td class=\"column-1\">Bal<\/td><td class=\"column-2\"><0.10<\/td><td class=\"column-3\">0.3\u00b10.1<\/td><td class=\"column-4\">0.7\u00b10.2<\/td><td class=\"column-5\"><0.10<\/td><td class=\"column-6\"><0.10<\/td><td class=\"column-7\"><0.02<\/td><td class=\"column-8\"><0.001<\/td><td class=\"column-9\"><0.01<\/td>\n<\/tr>\n<\/tbody>\n<\/table>\n<!-- #tablepress-19 from cache -->\n<div class=\"video video-fit mb\" style=\"padding-top:56.25%;\"><p><iframe loading=\"lazy\" title=\"F\u00e1brica de alambre de soldadura\" width=\"1020\" height=\"574\" src=\"https:\/\/www.youtube.com\/embed\/iiv3yXsA0TY?feature=oembed\" frameborder=\"0\" allow=\"accelerometer; autoplay; clipboard-write; encrypted-media; gyroscope; picture-in-picture; web-share\" referrerpolicy=\"strict-origin-when-cross-origin\" allowfullscreen><\/iframe><\/p>\n<\/div>\n<h2 style=\"text-align: left;\"><strong>Env\u00edo<\/strong><\/h2>\n\t<div class=\"img has-hover x md-x lg-x y md-y lg-y\" id=\"image_1866319493\">\n\t\t\t\t\t\t\t\t<div class=\"img-inner dark\" >\n\t\t\t<img loading=\"lazy\" decoding=\"async\" width=\"900\" height=\"675\" src=\"https:\/\/keweisolder.com\/wp-content\/uploads\/2024\/10\/shipment-2.webp\" class=\"attachment-original size-original\" alt=\"env\u00edo\" srcset=\"https:\/\/keweisolder.com\/wp-content\/uploads\/2024\/10\/shipment-2.webp 900w, https:\/\/keweisolder.com\/wp-content\/uploads\/2024\/10\/shipment-2-300x225.webp 300w, https:\/\/keweisolder.com\/wp-content\/uploads\/2024\/10\/shipment-2-768x576.webp 768w, https:\/\/keweisolder.com\/wp-content\/uploads\/2024\/10\/shipment-2-16x12.webp 16w, https:\/\/keweisolder.com\/wp-content\/uploads\/2024\/10\/shipment-2-600x450.webp 600w\" sizes=\"auto, (max-width: 900px) 100vw, 900px\" \/>\t\t\t\t\t\t\n\t\t\t\t\t<\/div>\n\t\t\t\t\t\t\t\t\n<style>\n#image_1866319493 {\n  width: 100%;\n}\n<\/style>\n\t<\/div>\n\t\n<h2 style=\"text-align: left;\"><strong>PREGUNTAS FRECUENTES<\/strong><\/h2>\n<p><b data-spm-anchor-id=\"a2700.details.0.i37.58051a0442HZr9\">1. 1. \u00bfQui\u00e9nes somos?<\/b><br \/>\nSomos la f\u00e1brica de esta\u00f1o con sede en Guangdong, China, a partir de 2018, vender al mercado nacional (15.00%), Sudeste de Asia (13.00%), Am\u00e9rica del Norte (10.00%), Asia del Sur (10.00%), Oriente Medio (9.00%), Europa del Norte (8.00%), Am\u00e9rica del Sur (8.00%), Europa del Sur (6.00%), \u00c1frica (4.00%), Europa Occidental (5.00%), etc.00%),Sudam\u00e9rica(8,00%),Europa Meridional(6,00%),Europa Oriental(5,00%),\u00c1frica(4,00%),Europa Occidental(4,00%),Centroam\u00e9rica(3,00%),Asia Oriental(3,00%),Ocean\u00eda(2,00%). En total, en nuestra oficina trabajan entre 101 y 200 personas.<\/p>\n<p><b>2. \u00bfC\u00f3mo podemos garantizar la calidad?<\/b><br \/>\nSiempre una muestra de preproducci\u00f3n antes de la producci\u00f3n en serie;<br \/>\nSiempre Inspecci\u00f3n final antes del env\u00edo;<\/p>\n<p><b>3. \u00bfQu\u00e9 puede comprarnos?<\/b><br \/>\nAlambre de soldadura,Barra de soldadura,Pasta de soldadura,Alambre de cobre,Alambre de aluminio<\/p>\n<p><b>4. \u00bfPor qu\u00e9 deber\u00eda comprarnos a nosotros y no a otros proveedores?<\/b><br \/>\nKewei esta\u00f1o manufaturer, se centran principalmente en productos de soldadura de I + D, producci\u00f3n y distribuci\u00f3n a todo el mundo. Actualmente tenemos alambre de soldadura \/ barra de soldadura \/ pasta de soldadura \/ bolas de esta\u00f1o \/ flujo de soldadura \/ pasta de flujo en productos sin plomo \/ sin halc\u00f3n, herramientas de hardware, etc.<\/p>\n<p><b>5. \u00bfQu\u00e9 servicios podemos prestar?<\/b><br \/>\nCondiciones de entrega aceptadas: FOB,CFR,CIF,EXW,DDP,DDU,Entrega urgente\uff1b<br \/>\nDivisa de pago aceptada: USD, EUR, JPY, CAD, AUD, HKD, CNY;<br \/>\nTipo de pago aceptado: T\/T,PayPal,Western Union,Efectivo;<br \/>\nIdioma que habla:Ingl\u00e9s,Chino,Espa\u00f1ol,Japon\u00e9s,Portugu\u00e9s,Alem\u00e1n,\u00c1rabe,Franc\u00e9s,Ruso,Coreano,Hindi,Italiano<\/p>","protected":false},"excerpt":{"rendered":"<p>Hilo de soldadura sin plomo de alta calidad para soldadura profesional. Ideal para electr\u00f3nica, garantiza uniones fiables y cumple las normas medioambientales. Mejore su experiencia de soldadura con nuestro alambre superior.<\/p>","protected":false},"featured_media":1851,"template":"","meta":[],"product_brand":[],"product_cat":[15,40],"product_tag":[],"class_list":{"0":"post-2045","1":"product","2":"type-product","3":"status-publish","4":"has-post-thumbnail","6":"product_cat-solder-wire","7":"product_cat-lead-free-solder-wire","9":"first","10":"instock","11":"shipping-taxable","12":"product-type-simple"},"yoast_head":"<!-- This site is optimized with the Yoast SEO plugin v25.5 - https:\/\/yoast.com\/wordpress\/plugins\/seo\/ -->\n<title>SAC0307 Lead Free Solder Wire Tin Factory<\/title>\n<meta name=\"description\" content=\"SAC0307 Lead Free Solder Wire Tin Factory RoHs Compliant High Purity Soldering Wire\" \/>\n<meta name=\"robots\" content=\"index, follow, max-snippet:-1, max-image-preview:large, max-video-preview:-1\" \/>\n<link rel=\"canonical\" href=\"https:\/\/keweisolder.com\/es\/manufacturer\/lead-free-solder-wire-sn99ag0-3cu0-7\/\" \/>\n<meta property=\"og:locale\" content=\"es_ES\" \/>\n<meta property=\"og:type\" content=\"article\" \/>\n<meta property=\"og:title\" content=\"SAC0307 Lead Free Solder Wire Tin Factory\" \/>\n<meta property=\"og:description\" content=\"SAC0307 Lead Free Solder Wire Tin Factory RoHs Compliant High Purity Soldering Wire\" \/>\n<meta property=\"og:url\" content=\"https:\/\/keweisolder.com\/es\/manufacturer\/lead-free-solder-wire-sn99ag0-3cu0-7\/\" \/>\n<meta property=\"og:site_name\" content=\"Kewei Industries HK Limited\" \/>\n<meta property=\"article:modified_time\" content=\"2025-04-16T11:41:29+00:00\" \/>\n<meta property=\"og:image\" content=\"https:\/\/keweisolder.com\/wp-content\/uploads\/2024\/09\/lead-free-solder-manufacturer.webp\" \/>\n\t<meta property=\"og:image:width\" content=\"600\" \/>\n\t<meta property=\"og:image:height\" content=\"600\" \/>\n\t<meta property=\"og:image:type\" content=\"image\/webp\" \/>\n<meta name=\"twitter:card\" content=\"summary_large_image\" \/>\n<meta name=\"twitter:label1\" content=\"Tiempo de lectura\" \/>\n\t<meta name=\"twitter:data1\" content=\"2 minutos\" \/>\n<script type=\"application\/ld+json\" class=\"yoast-schema-graph\">{\"@context\":\"https:\/\/schema.org\",\"@graph\":[{\"@type\":\"WebPage\",\"@id\":\"https:\/\/keweisolder.com\/manufacturer\/lead-free-solder-wire-sn99ag0-3cu0-7\/\",\"url\":\"https:\/\/keweisolder.com\/manufacturer\/lead-free-solder-wire-sn99ag0-3cu0-7\/\",\"name\":\"SAC0307 Lead Free Solder Wire Tin Factory\",\"isPartOf\":{\"@id\":\"https:\/\/keweisolder.com\/#website\"},\"primaryImageOfPage\":{\"@id\":\"https:\/\/keweisolder.com\/manufacturer\/lead-free-solder-wire-sn99ag0-3cu0-7\/#primaryimage\"},\"image\":{\"@id\":\"https:\/\/keweisolder.com\/manufacturer\/lead-free-solder-wire-sn99ag0-3cu0-7\/#primaryimage\"},\"thumbnailUrl\":\"https:\/\/keweisolder.com\/wp-content\/uploads\/2024\/09\/lead-free-solder-manufacturer.webp\",\"datePublished\":\"2025-04-16T07:55:20+00:00\",\"dateModified\":\"2025-04-16T11:41:29+00:00\",\"description\":\"SAC0307 Lead Free Solder Wire Tin Factory RoHs Compliant High Purity Soldering Wire\",\"breadcrumb\":{\"@id\":\"https:\/\/keweisolder.com\/manufacturer\/lead-free-solder-wire-sn99ag0-3cu0-7\/#breadcrumb\"},\"inLanguage\":\"es\",\"potentialAction\":[{\"@type\":\"ReadAction\",\"target\":[\"https:\/\/keweisolder.com\/manufacturer\/lead-free-solder-wire-sn99ag0-3cu0-7\/\"]}]},{\"@type\":\"ImageObject\",\"inLanguage\":\"es\",\"@id\":\"https:\/\/keweisolder.com\/manufacturer\/lead-free-solder-wire-sn99ag0-3cu0-7\/#primaryimage\",\"url\":\"https:\/\/keweisolder.com\/wp-content\/uploads\/2024\/09\/lead-free-solder-manufacturer.webp\",\"contentUrl\":\"https:\/\/keweisolder.com\/wp-content\/uploads\/2024\/09\/lead-free-solder-manufacturer.webp\",\"width\":600,\"height\":600,\"caption\":\"lead free solder manufacturer\"},{\"@type\":\"BreadcrumbList\",\"@id\":\"https:\/\/keweisolder.com\/manufacturer\/lead-free-solder-wire-sn99ag0-3cu0-7\/#breadcrumb\",\"itemListElement\":[{\"@type\":\"ListItem\",\"position\":1,\"name\":\"Portada\",\"item\":\"https:\/\/keweisolder.com\/\"},{\"@type\":\"ListItem\",\"position\":2,\"name\":\"Products\",\"item\":\"https:\/\/keweisolder.com\/shop\/\"},{\"@type\":\"ListItem\",\"position\":3,\"name\":\"Lead Free Solder Wire Sn99Ag0.3Cu0.7\"}]},{\"@type\":\"WebSite\",\"@id\":\"https:\/\/keweisolder.com\/#website\",\"url\":\"https:\/\/keweisolder.com\/\",\"name\":\"Kewei Industries HK Limited\",\"description\":\"Tin factoty mainly making soldering related products.\",\"potentialAction\":[{\"@type\":\"SearchAction\",\"target\":{\"@type\":\"EntryPoint\",\"urlTemplate\":\"https:\/\/keweisolder.com\/?s={search_term_string}\"},\"query-input\":{\"@type\":\"PropertyValueSpecification\",\"valueRequired\":true,\"valueName\":\"search_term_string\"}}],\"inLanguage\":\"es\"}]}<\/script>\n<!-- \/ Yoast SEO plugin. -->","yoast_head_json":{"title":"SAC0307 Alambre de soldadura sin plomo F\u00e1brica de esta\u00f1o","description":"SAC0307 Lead Free Solder Wire Tin Factory RoHs Compliant High Purity Soldering Wire","robots":{"index":"index","follow":"follow","max-snippet":"max-snippet:-1","max-image-preview":"max-image-preview:large","max-video-preview":"max-video-preview:-1"},"canonical":"https:\/\/keweisolder.com\/es\/manufacturer\/lead-free-solder-wire-sn99ag0-3cu0-7\/","og_locale":"es_ES","og_type":"article","og_title":"SAC0307 Lead Free Solder Wire Tin Factory","og_description":"SAC0307 Lead Free Solder Wire Tin Factory RoHs Compliant High Purity Soldering Wire","og_url":"https:\/\/keweisolder.com\/es\/manufacturer\/lead-free-solder-wire-sn99ag0-3cu0-7\/","og_site_name":"Kewei Industries HK Limited","article_modified_time":"2025-04-16T11:41:29+00:00","og_image":[{"width":600,"height":600,"url":"https:\/\/keweisolder.com\/wp-content\/uploads\/2024\/09\/lead-free-solder-manufacturer.webp","type":"image\/webp"}],"twitter_card":"summary_large_image","twitter_misc":{"Tiempo de lectura":"2 minutos"},"schema":{"@context":"https:\/\/schema.org","@graph":[{"@type":"WebPage","@id":"https:\/\/keweisolder.com\/manufacturer\/lead-free-solder-wire-sn99ag0-3cu0-7\/","url":"https:\/\/keweisolder.com\/manufacturer\/lead-free-solder-wire-sn99ag0-3cu0-7\/","name":"SAC0307 Alambre de soldadura sin plomo F\u00e1brica de esta\u00f1o","isPartOf":{"@id":"https:\/\/keweisolder.com\/#website"},"primaryImageOfPage":{"@id":"https:\/\/keweisolder.com\/manufacturer\/lead-free-solder-wire-sn99ag0-3cu0-7\/#primaryimage"},"image":{"@id":"https:\/\/keweisolder.com\/manufacturer\/lead-free-solder-wire-sn99ag0-3cu0-7\/#primaryimage"},"thumbnailUrl":"https:\/\/keweisolder.com\/wp-content\/uploads\/2024\/09\/lead-free-solder-manufacturer.webp","datePublished":"2025-04-16T07:55:20+00:00","dateModified":"2025-04-16T11:41:29+00:00","description":"SAC0307 Lead Free Solder Wire Tin Factory RoHs Compliant High Purity Soldering Wire","breadcrumb":{"@id":"https:\/\/keweisolder.com\/manufacturer\/lead-free-solder-wire-sn99ag0-3cu0-7\/#breadcrumb"},"inLanguage":"es","potentialAction":[{"@type":"ReadAction","target":["https:\/\/keweisolder.com\/manufacturer\/lead-free-solder-wire-sn99ag0-3cu0-7\/"]}]},{"@type":"ImageObject","inLanguage":"es","@id":"https:\/\/keweisolder.com\/manufacturer\/lead-free-solder-wire-sn99ag0-3cu0-7\/#primaryimage","url":"https:\/\/keweisolder.com\/wp-content\/uploads\/2024\/09\/lead-free-solder-manufacturer.webp","contentUrl":"https:\/\/keweisolder.com\/wp-content\/uploads\/2024\/09\/lead-free-solder-manufacturer.webp","width":600,"height":600,"caption":"lead free solder manufacturer"},{"@type":"BreadcrumbList","@id":"https:\/\/keweisolder.com\/manufacturer\/lead-free-solder-wire-sn99ag0-3cu0-7\/#breadcrumb","itemListElement":[{"@type":"ListItem","position":1,"name":"Portada","item":"https:\/\/keweisolder.com\/"},{"@type":"ListItem","position":2,"name":"Products","item":"https:\/\/keweisolder.com\/shop\/"},{"@type":"ListItem","position":3,"name":"Lead Free Solder Wire Sn99Ag0.3Cu0.7"}]},{"@type":"WebSite","@id":"https:\/\/keweisolder.com\/#website","url":"https:\/\/keweisolder.com\/","name":"Industrias Kewei HK Limited","description":"F\u00e1brica de esta\u00f1o que fabrica principalmente productos relacionados con la soldadura.","potentialAction":[{"@type":"SearchAction","target":{"@type":"EntryPoint","urlTemplate":"https:\/\/keweisolder.com\/?s={search_term_string}"},"query-input":{"@type":"PropertyValueSpecification","valueRequired":true,"valueName":"search_term_string"}}],"inLanguage":"es"}]}},"_links":{"self":[{"href":"https:\/\/keweisolder.com\/es\/wp-json\/wp\/v2\/product\/2045","targetHints":{"allow":["GET"]}}],"collection":[{"href":"https:\/\/keweisolder.com\/es\/wp-json\/wp\/v2\/product"}],"about":[{"href":"https:\/\/keweisolder.com\/es\/wp-json\/wp\/v2\/types\/product"}],"wp:featuredmedia":[{"embeddable":true,"href":"https:\/\/keweisolder.com\/es\/wp-json\/wp\/v2\/media\/1851"}],"wp:attachment":[{"href":"https:\/\/keweisolder.com\/es\/wp-json\/wp\/v2\/media?parent=2045"}],"wp:term":[{"taxonomy":"product_brand","embeddable":true,"href":"https:\/\/keweisolder.com\/es\/wp-json\/wp\/v2\/product_brand?post=2045"},{"taxonomy":"product_cat","embeddable":true,"href":"https:\/\/keweisolder.com\/es\/wp-json\/wp\/v2\/product_cat?post=2045"},{"taxonomy":"product_tag","embeddable":true,"href":"https:\/\/keweisolder.com\/es\/wp-json\/wp\/v2\/product_tag?post=2045"}],"curies":[{"name":"wp","href":"https:\/\/api.w.org\/{rel}","templated":true}]}}