{"id":2062,"date":"2025-05-29T04:20:49","date_gmt":"2025-05-29T04:20:49","guid":{"rendered":"https:\/\/keweisolder.com\/?post_type=product&#038;p=2062"},"modified":"2025-05-30T03:35:46","modified_gmt":"2025-05-30T03:35:46","slug":"lead-solder-wire-sn50pb50","status":"publish","type":"product","link":"https:\/\/keweisolder.com\/es\/manufacturer\/lead-solder-wire-sn50pb50\/","title":{"rendered":"Alambre de soldadura de plomo Sn50Pb50"},"content":{"rendered":"<h2><strong>Introducci\u00f3n<\/strong><\/h2>\n<p>El alambre de soldadura Sn50Pb50 de Kewei es un material de soldadura de alto rendimiento. Mediante el ajuste de la f\u00f3rmula, puede satisfacer los requisitos de diversos proyectos de ensamblaje electr\u00f3nico. El alambre para soldadura KWSW-505 de Kewei logra un equilibrio perfecto entre el punto de fusi\u00f3n y la eficiencia de la soldadura, garantizando conexiones el\u00e9ctricas firmes y fiables. Este alambre de soldadura se somete a un estricto control de calidad en f\u00e1brica, presentando una precisi\u00f3n de di\u00e1metro constante (0,3 mm-3,0 mm) y una distribuci\u00f3n uniforme del fundente de colofonia (1,1%-3,0%). Es la mejor elecci\u00f3n tanto para fabricantes profesionales como para aficionados al bricolaje.<\/p>\n<ul>\n<li><strong>Composici\u00f3n:<\/strong> La proporci\u00f3n 50\/50 proporciona un equilibrio que ofrece un buen rendimiento de soldadura. El esta\u00f1o act\u00faa como elemento primario, lo que reduce el punto de fusi\u00f3n y mejora las propiedades de humectaci\u00f3n, mientras que el plomo contribuye a la maleabilidad y resistencia de la soldadura.<\/li>\n<li><strong>Punto de fusi\u00f3n:<\/strong> Esta aleaci\u00f3n de soldadura suele fundir a unos 183-212\u00b0C, lo que la hace adecuada para diversas aplicaciones, ya que fluye bien a temperaturas relativamente bajas.<\/li>\n<li><strong>Aplicaciones:<\/strong> La soldadura Sn50Pb50 se utiliza ampliamente en el montaje de placas de circuitos electr\u00f3nicos debido a su excelente conductividad el\u00e9ctrica y resistencia mec\u00e1nica. Tambi\u00e9n se emplea en fontaner\u00eda y otras tareas de uni\u00f3n de metales en las que son esenciales la durabilidad y la fiabilidad de las conexiones.<\/li>\n<li><strong>Ventajas:<\/strong> La soldadura Sn50Pb50 es conocida por su facilidad de uso, sus buenas caracter\u00edsticas de flujo y la formaci\u00f3n de uniones fuertes y duraderas. Estas propiedades la convierten en una elecci\u00f3n popular entre los profesionales para tareas que requieren precisi\u00f3n y fiabilidad.<\/li>\n<li><strong>Consideraciones:<\/strong>\u00a0Debido a la presencia de plomo, este tipo de soldadura est\u00e1 sujeto a restricciones normativas en determinadas regiones, como la Uni\u00f3n Europea, en virtud de las directivas RoHS (Restricci\u00f3n de Sustancias Peligrosas). Las alternativas sin plomo se utilizan a menudo en aplicaciones que requieren el cumplimiento de estas normativas.<\/li>\n<\/ul>\n<div class=\"row\"  id=\"row-1595624713\">\n\n\t<div id=\"col-961696825\" class=\"col medium-4 small-12 large-4\"  >\n\t\t\t\t<div class=\"col-inner\"  >\n\t\t\t\n\t\t\t\n\t<div class=\"box has-hover   has-hover box-text-bottom\" >\n\n\t\t<div class=\"box-image\" >\n\t\t\t\t\t\t<div class=\"\" >\n\t\t\t\t<img loading=\"lazy\" decoding=\"async\" width=\"600\" height=\"600\" src=\"https:\/\/keweisolder.com\/wp-content\/uploads\/2024\/10\/lead-solder-wire.webp\" class=\"attachment- size-\" alt=\"alambre de soldadura de plomo\" srcset=\"https:\/\/keweisolder.com\/wp-content\/uploads\/2024\/10\/lead-solder-wire.webp 600w, https:\/\/keweisolder.com\/wp-content\/uploads\/2024\/10\/lead-solder-wire-300x300.webp 300w, https:\/\/keweisolder.com\/wp-content\/uploads\/2024\/10\/lead-solder-wire-150x150.webp 150w, https:\/\/keweisolder.com\/wp-content\/uploads\/2024\/10\/lead-solder-wire-12x12.webp 12w, https:\/\/keweisolder.com\/wp-content\/uploads\/2024\/10\/lead-solder-wire-100x100.webp 100w\" sizes=\"auto, (max-width: 600px) 100vw, 600px\" \/>\t\t\t\t\t\t\t\t\t\t\t<\/div>\n\t\t\t\t\t<\/div>\n\n\t\t<div class=\"box-text text-center\" >\n\t\t\t<div class=\"box-text-inner\">\n\t\t\t\t\n<h4>Gama de pesos<\/h4>\n<p>50 g, 200 g, 500 g, 1000 g por bobina<\/p>\n\t\t\t<\/div>\n\t\t<\/div>\n\t<\/div>\n\t\n\t\t<\/div>\n\t\t\t\t\t<\/div>\n\n\t\n\n\t<div id=\"col-1224136607\" class=\"col medium-4 small-12 large-4\"  >\n\t\t\t\t<div class=\"col-inner\"  >\n\t\t\t\n\t\t\t\n\t<div class=\"box has-hover   has-hover box-text-bottom\" >\n\n\t\t<div class=\"box-image\" >\n\t\t\t\t\t\t<div class=\"\" >\n\t\t\t\t<img loading=\"lazy\" decoding=\"async\" width=\"600\" height=\"600\" src=\"https:\/\/keweisolder.com\/wp-content\/uploads\/2024\/10\/lead-solder-wire-7.webp\" class=\"attachment- size-\" alt=\"alambre de soldadura de plomo\" srcset=\"https:\/\/keweisolder.com\/wp-content\/uploads\/2024\/10\/lead-solder-wire-7.webp 600w, https:\/\/keweisolder.com\/wp-content\/uploads\/2024\/10\/lead-solder-wire-7-300x300.webp 300w, https:\/\/keweisolder.com\/wp-content\/uploads\/2024\/10\/lead-solder-wire-7-150x150.webp 150w, https:\/\/keweisolder.com\/wp-content\/uploads\/2024\/10\/lead-solder-wire-7-12x12.webp 12w, https:\/\/keweisolder.com\/wp-content\/uploads\/2024\/10\/lead-solder-wire-7-100x100.webp 100w\" sizes=\"auto, (max-width: 600px) 100vw, 600px\" \/>\t\t\t\t\t\t\t\t\t\t\t<\/div>\n\t\t\t\t\t<\/div>\n\n\t\t<div class=\"box-text text-center\" >\n\t\t\t<div class=\"box-text-inner\">\n\t\t\t\t\n<h4>Gama de di\u00e1metros de alambre<\/h4>\n<p>0,80 mm, 1,00 mm, 1,50 mm, 2,00 mm, etc.<\/p>\n\t\t\t<\/div>\n\t\t<\/div>\n\t<\/div>\n\t\n\t\t<\/div>\n\t\t\t\t\t<\/div>\n\n\t\n\n\t<div id=\"col-277651547\" class=\"col medium-4 small-12 large-4\"  >\n\t\t\t\t<div class=\"col-inner\"  >\n\t\t\t\n\t\t\t\n\t<div class=\"box has-hover   has-hover box-text-bottom\" >\n\n\t\t<div class=\"box-image\" >\n\t\t\t\t\t\t<div class=\"\" >\n\t\t\t\t<img loading=\"lazy\" decoding=\"async\" width=\"300\" height=\"300\" src=\"https:\/\/keweisolder.com\/wp-content\/uploads\/2024\/10\/lead-solder-wire-9-300x300.webp\" class=\"attachment-medium size-medium\" alt=\"alambre de soldadura de plomo\" srcset=\"https:\/\/keweisolder.com\/wp-content\/uploads\/2024\/10\/lead-solder-wire-9-300x300.webp 300w, https:\/\/keweisolder.com\/wp-content\/uploads\/2024\/10\/lead-solder-wire-9-150x150.webp 150w, https:\/\/keweisolder.com\/wp-content\/uploads\/2024\/10\/lead-solder-wire-9-12x12.webp 12w, https:\/\/keweisolder.com\/wp-content\/uploads\/2024\/10\/lead-solder-wire-9-100x100.webp 100w, https:\/\/keweisolder.com\/wp-content\/uploads\/2024\/10\/lead-solder-wire-9.webp 600w\" sizes=\"auto, (max-width: 300px) 100vw, 300px\" \/>\t\t\t\t\t\t\t\t\t\t\t<\/div>\n\t\t\t\t\t<\/div>\n\n\t\t<div class=\"box-text text-center\" >\n\t\t\t<div class=\"box-text-inner\">\n\t\t\t\t\n<h4>Paquete<\/h4>\n<p>Puede adaptarse a las necesidades del cliente<\/p>\n\t\t\t<\/div>\n\t\t<\/div>\n\t<\/div>\n\t\n\t\t<\/div>\n\t\t\t\t\t<\/div>\n\n\t\n<\/div>\n<h2 style=\"text-align: left;\"><strong>Par\u00e1metro<\/strong><\/h2>\n\n<table id=\"tablepress-22\" class=\"tablepress tablepress-id-22\">\n<thead>\n<tr class=\"row-1\">\n\t<th class=\"column-1\">Par\u00e1metros t\u00e9cnicos<\/th><th class=\"column-2\">Detalles<\/th>\n<\/tr>\n<\/thead>\n<tbody class=\"row-striping row-hover\">\n<tr class=\"row-2\">\n\t<td class=\"column-1\">Nombre del producto<\/td><td class=\"column-2\">Alambre de soldadura<\/td>\n<\/tr>\n<tr class=\"row-3\">\n\t<td class=\"column-1\">Composici\u00f3n de la aleaci\u00f3n<\/td><td class=\"column-2\">Sn50Pb50<\/td>\n<\/tr>\n<tr class=\"row-4\">\n\t<td class=\"column-1\">N\u00ba de modelo<\/td><td class=\"column-2\">KWSW-505<\/td>\n<\/tr>\n<tr class=\"row-5\">\n\t<td class=\"column-1\">Punto de fusi\u00f3n<\/td><td class=\"column-2\">183-212C (361-414F)<\/td>\n<\/tr>\n<tr class=\"row-6\">\n\t<td class=\"column-1\">Densidad (g\/cm\u00b3)<\/td><td class=\"column-2\">8.5<\/td>\n<\/tr>\n<tr class=\"row-7\">\n\t<td class=\"column-1\">Di\u00e1metro<\/td><td class=\"column-2\">0,30-3,00 mm<\/td>\n<\/tr>\n<tr class=\"row-8\">\n\t<td class=\"column-1\">Contenido de flujo<\/td><td class=\"column-2\">2,0%-2,2%, Sin limpiar<\/td>\n<\/tr>\n<tr class=\"row-9\">\n\t<td class=\"column-1\">Peso<\/td><td class=\"column-2\">Carrete de 50g-1000g<\/td>\n<\/tr>\n<tr class=\"row-10\">\n\t<td class=\"column-1\">Aplicaci\u00f3n<\/td><td class=\"column-2\">Soldadura electr\u00f3nica, equipos de telecomunicaciones, electrodom\u00e9sticos, autom\u00f3viles<\/td>\n<\/tr>\n<\/tbody>\n<\/table>\n<!-- #tablepress-22 from cache -->\n<div class=\"video video-fit mb\" style=\"padding-top:56.25%;\"><p><iframe loading=\"lazy\" title=\"Alambre de soldadura de plomo Fabricantes\" width=\"1020\" height=\"574\" src=\"https:\/\/www.youtube.com\/embed\/M7JHni6Locc?feature=oembed\" frameborder=\"0\" allow=\"accelerometer; autoplay; clipboard-write; encrypted-media; gyroscope; picture-in-picture; web-share\" referrerpolicy=\"strict-origin-when-cross-origin\" allowfullscreen><\/iframe><\/p>\n<\/div>\n<h2 style=\"text-align: left;\"><strong>Env\u00edo<\/strong><\/h2>\n\t<div class=\"img has-hover x md-x lg-x y md-y lg-y\" id=\"image_992600827\">\n\t\t\t\t\t\t\t\t<div class=\"img-inner dark\" >\n\t\t\t<img loading=\"lazy\" decoding=\"async\" width=\"900\" height=\"675\" src=\"https:\/\/keweisolder.com\/wp-content\/uploads\/2024\/10\/shipment-2.webp\" class=\"attachment-original size-original\" alt=\"env\u00edo\" srcset=\"https:\/\/keweisolder.com\/wp-content\/uploads\/2024\/10\/shipment-2.webp 900w, https:\/\/keweisolder.com\/wp-content\/uploads\/2024\/10\/shipment-2-300x225.webp 300w, https:\/\/keweisolder.com\/wp-content\/uploads\/2024\/10\/shipment-2-768x576.webp 768w, https:\/\/keweisolder.com\/wp-content\/uploads\/2024\/10\/shipment-2-16x12.webp 16w, https:\/\/keweisolder.com\/wp-content\/uploads\/2024\/10\/shipment-2-600x450.webp 600w\" sizes=\"auto, (max-width: 900px) 100vw, 900px\" \/>\t\t\t\t\t\t\n\t\t\t\t\t<\/div>\n\t\t\t\t\t\t\t\t\n<style>\n#image_992600827 {\n  width: 100%;\n}\n<\/style>\n\t<\/div>\n\t\n<h2 style=\"text-align: left;\"><strong>PREGUNTAS FRECUENTES<\/strong><\/h2>\n<p><b data-spm-anchor-id=\"a2700.details.0.i37.58051a0442HZr9\">1. 1. \u00bfQui\u00e9nes somos?<\/b><br \/>\nSomos la f\u00e1brica de esta\u00f1o con sede en Guangdong, China, a partir de 2018, vender al mercado nacional (15.00%), Sudeste de Asia (13.00%), Am\u00e9rica del Norte (10.00%), Asia del Sur (10.00%), Oriente Medio (9.00%), Europa del Norte (8.00%), Am\u00e9rica del Sur (8.00%), Europa del Sur (6.00%), \u00c1frica (4.00%), Europa Occidental (5.00%), etc.00%),Sudam\u00e9rica(8,00%),Europa Meridional(6,00%),Europa Oriental(5,00%),\u00c1frica(4,00%),Europa Occidental(4,00%),Centroam\u00e9rica(3,00%),Asia Oriental(3,00%),Ocean\u00eda(2,00%). En total, en nuestra oficina trabajan entre 101 y 200 personas.<\/p>\n<p><b>2. \u00bfC\u00f3mo podemos garantizar la calidad?<\/b><br \/>\nSiempre una muestra de preproducci\u00f3n antes de la producci\u00f3n en serie;<br \/>\nSiempre Inspecci\u00f3n final antes del env\u00edo;<\/p>\n<p><b>3. \u00bfQu\u00e9 puede comprarnos?<\/b><br \/>\nAlambre de soldadura,Barra de soldadura,Pasta de soldadura,Fundente de soldadura,Herramientas de soldadura,Alambre de cobre,Alambre de aluminio<\/p>\n<p><b>4. \u00bfPor qu\u00e9 deber\u00eda comprarnos a nosotros y no a otros proveedores?<\/b><br \/>\nKewei esta\u00f1o manufaturer, se centran principalmente en productos de soldadura de I + D, producci\u00f3n y distribuci\u00f3n a todo el mundo. Actualmente tenemos alambre de soldadura \/ barra de soldadura \/ pasta de soldadura \/ bolas de esta\u00f1o \/ flujo de soldadura \/ pasta de flujo en productos sin plomo \/ sin halc\u00f3n, herramientas de hardware, etc.<\/p>\n<p><b>5. \u00bfQu\u00e9 servicios podemos prestar?<\/b><br \/>\nCondiciones de entrega aceptadas: FOB,CFR,CIF,EXW,DDP,DDU,Entrega urgente\uff1b<br \/>\nDivisa de pago aceptada: USD, EUR, JPY, CAD, AUD, HKD, CNY;<br \/>\nTipo de pago aceptado: T\/T,PayPal,Western Union,Efectivo;<br \/>\nIdioma que habla:Ingl\u00e9s,Chino,Espa\u00f1ol,Japon\u00e9s,Portugu\u00e9s,Alem\u00e1n,\u00c1rabe,Franc\u00e9s,Ruso,Coreano,Hindi,Italiano<\/p>","protected":false},"excerpt":{"rendered":"<ol>\n<li><strong>Calidad constante:<\/strong>\u00a0Un proveedor fiable garantiza un alambre de soldadura de alta calidad que cumple las normas del sector, mejorando el rendimiento y la durabilidad de sus productos electr\u00f3nicos.<\/li>\n<li><strong>Amplia gama de opciones:<\/strong>\u00a0Acceso a una variada selecci\u00f3n de tipos y especificaciones de hilo de soldadura, que le permite encontrar la combinaci\u00f3n perfecta para diversas aplicaciones y necesidades t\u00e9cnicas.<\/li>\n<li><strong>Precios competitivos:<\/strong>\u00a0Benef\u00edciese de estrategias de precios rentables que ayudan a reducir los costes de producci\u00f3n manteniendo al mismo tiempo una calidad y fiabilidad superiores del producto.<\/li>\n<li><strong>Apoyo de expertos:<\/strong>\u00a0Disfrute de un servicio de atenci\u00f3n al cliente especializado y de conocimientos t\u00e9cnicos, que le garantizan orientaci\u00f3n y soluciones adaptadas a sus requisitos de fabricaci\u00f3n espec\u00edficos.<\/li>\n<\/ol>","protected":false},"featured_media":1881,"template":"","meta":[],"product_brand":[],"product_cat":[15,41],"product_tag":[],"class_list":{"0":"post-2062","1":"product","2":"type-product","3":"status-publish","4":"has-post-thumbnail","6":"product_cat-solder-wire","7":"product_cat-lead-solder-wire","9":"first","10":"instock","11":"shipping-taxable","12":"product-type-simple"},"yoast_head":"<!-- This site is optimized with the Yoast SEO plugin v25.5 - https:\/\/yoast.com\/wordpress\/plugins\/seo\/ -->\n<title>Kewei Factory Rosin Core Solder Wire Sn50Pb50 Dia.3.0mm<\/title>\n<meta name=\"description\" content=\"Kewei Sn50Pb50 Solder Wire Strikes an Ideal Balance between Melting Point and Soldering Performance, Ensuring Reliable Electrical Connections.\" \/>\n<meta name=\"robots\" content=\"index, follow, max-snippet:-1, max-image-preview:large, max-video-preview:-1\" \/>\n<link rel=\"canonical\" href=\"https:\/\/keweisolder.com\/es\/manufacturer\/lead-solder-wire-sn50pb50\/\" \/>\n<meta property=\"og:locale\" content=\"es_ES\" \/>\n<meta property=\"og:type\" content=\"article\" \/>\n<meta property=\"og:title\" content=\"Kewei Factory Rosin Core Solder Wire Sn50Pb50 Dia.3.0mm\" \/>\n<meta property=\"og:description\" content=\"Kewei Sn50Pb50 Solder Wire Strikes an Ideal Balance between Melting Point and Soldering Performance, Ensuring Reliable Electrical Connections.\" \/>\n<meta property=\"og:url\" content=\"https:\/\/keweisolder.com\/es\/manufacturer\/lead-solder-wire-sn50pb50\/\" \/>\n<meta property=\"og:site_name\" content=\"Kewei Industries HK Limited\" \/>\n<meta property=\"article:modified_time\" content=\"2025-05-30T03:35:46+00:00\" \/>\n<meta property=\"og:image\" content=\"https:\/\/keweisolder.com\/wp-content\/uploads\/2024\/10\/lead-solder-wire-1.webp\" \/>\n\t<meta property=\"og:image:width\" content=\"600\" \/>\n\t<meta property=\"og:image:height\" content=\"600\" \/>\n\t<meta property=\"og:image:type\" content=\"image\/webp\" \/>\n<meta name=\"twitter:card\" content=\"summary_large_image\" \/>\n<meta name=\"twitter:label1\" content=\"Tiempo de lectura\" \/>\n\t<meta name=\"twitter:data1\" content=\"3 minutos\" \/>\n<script type=\"application\/ld+json\" class=\"yoast-schema-graph\">{\"@context\":\"https:\/\/schema.org\",\"@graph\":[{\"@type\":\"WebPage\",\"@id\":\"https:\/\/keweisolder.com\/manufacturer\/lead-solder-wire-sn50pb50\/\",\"url\":\"https:\/\/keweisolder.com\/manufacturer\/lead-solder-wire-sn50pb50\/\",\"name\":\"Kewei Factory Rosin Core Solder Wire Sn50Pb50 Dia.3.0mm\",\"isPartOf\":{\"@id\":\"https:\/\/keweisolder.com\/#website\"},\"primaryImageOfPage\":{\"@id\":\"https:\/\/keweisolder.com\/manufacturer\/lead-solder-wire-sn50pb50\/#primaryimage\"},\"image\":{\"@id\":\"https:\/\/keweisolder.com\/manufacturer\/lead-solder-wire-sn50pb50\/#primaryimage\"},\"thumbnailUrl\":\"https:\/\/keweisolder.com\/wp-content\/uploads\/2024\/10\/lead-solder-wire-1.webp\",\"datePublished\":\"2025-05-29T04:20:49+00:00\",\"dateModified\":\"2025-05-30T03:35:46+00:00\",\"description\":\"Kewei Sn50Pb50 Solder Wire Strikes an Ideal Balance between Melting Point and Soldering Performance, Ensuring Reliable Electrical Connections.\",\"breadcrumb\":{\"@id\":\"https:\/\/keweisolder.com\/manufacturer\/lead-solder-wire-sn50pb50\/#breadcrumb\"},\"inLanguage\":\"es\",\"potentialAction\":[{\"@type\":\"ReadAction\",\"target\":[\"https:\/\/keweisolder.com\/manufacturer\/lead-solder-wire-sn50pb50\/\"]}]},{\"@type\":\"ImageObject\",\"inLanguage\":\"es\",\"@id\":\"https:\/\/keweisolder.com\/manufacturer\/lead-solder-wire-sn50pb50\/#primaryimage\",\"url\":\"https:\/\/keweisolder.com\/wp-content\/uploads\/2024\/10\/lead-solder-wire-1.webp\",\"contentUrl\":\"https:\/\/keweisolder.com\/wp-content\/uploads\/2024\/10\/lead-solder-wire-1.webp\",\"width\":600,\"height\":600,\"caption\":\"lead solder wire\"},{\"@type\":\"BreadcrumbList\",\"@id\":\"https:\/\/keweisolder.com\/manufacturer\/lead-solder-wire-sn50pb50\/#breadcrumb\",\"itemListElement\":[{\"@type\":\"ListItem\",\"position\":1,\"name\":\"Portada\",\"item\":\"https:\/\/keweisolder.com\/\"},{\"@type\":\"ListItem\",\"position\":2,\"name\":\"Products\",\"item\":\"https:\/\/keweisolder.com\/shop\/\"},{\"@type\":\"ListItem\",\"position\":3,\"name\":\"Lead Solder Wire Sn50Pb50\"}]},{\"@type\":\"WebSite\",\"@id\":\"https:\/\/keweisolder.com\/#website\",\"url\":\"https:\/\/keweisolder.com\/\",\"name\":\"Kewei Industries HK Limited\",\"description\":\"Tin factoty mainly making soldering related products.\",\"potentialAction\":[{\"@type\":\"SearchAction\",\"target\":{\"@type\":\"EntryPoint\",\"urlTemplate\":\"https:\/\/keweisolder.com\/?s={search_term_string}\"},\"query-input\":{\"@type\":\"PropertyValueSpecification\",\"valueRequired\":true,\"valueName\":\"search_term_string\"}}],\"inLanguage\":\"es\"}]}<\/script>\n<!-- \/ Yoast SEO plugin. -->","yoast_head_json":{"title":"Kewei F\u00e1brica Rosin Core alambre de soldadura Sn50Pb50 Dia.3.0mm","description":"El alambre de soldadura Sn50Pb50 de Kewei logra un equilibrio ideal entre el punto de fusi\u00f3n y el rendimiento de la soldadura, garantizando conexiones el\u00e9ctricas fiables.","robots":{"index":"index","follow":"follow","max-snippet":"max-snippet:-1","max-image-preview":"max-image-preview:large","max-video-preview":"max-video-preview:-1"},"canonical":"https:\/\/keweisolder.com\/es\/manufacturer\/lead-solder-wire-sn50pb50\/","og_locale":"es_ES","og_type":"article","og_title":"Kewei Factory Rosin Core Solder Wire Sn50Pb50 Dia.3.0mm","og_description":"Kewei Sn50Pb50 Solder Wire Strikes an Ideal Balance between Melting Point and Soldering Performance, Ensuring Reliable Electrical Connections.","og_url":"https:\/\/keweisolder.com\/es\/manufacturer\/lead-solder-wire-sn50pb50\/","og_site_name":"Kewei Industries HK Limited","article_modified_time":"2025-05-30T03:35:46+00:00","og_image":[{"width":600,"height":600,"url":"https:\/\/keweisolder.com\/wp-content\/uploads\/2024\/10\/lead-solder-wire-1.webp","type":"image\/webp"}],"twitter_card":"summary_large_image","twitter_misc":{"Tiempo de lectura":"3 minutos"},"schema":{"@context":"https:\/\/schema.org","@graph":[{"@type":"WebPage","@id":"https:\/\/keweisolder.com\/manufacturer\/lead-solder-wire-sn50pb50\/","url":"https:\/\/keweisolder.com\/manufacturer\/lead-solder-wire-sn50pb50\/","name":"Kewei F\u00e1brica Rosin Core alambre de soldadura Sn50Pb50 Dia.3.0mm","isPartOf":{"@id":"https:\/\/keweisolder.com\/#website"},"primaryImageOfPage":{"@id":"https:\/\/keweisolder.com\/manufacturer\/lead-solder-wire-sn50pb50\/#primaryimage"},"image":{"@id":"https:\/\/keweisolder.com\/manufacturer\/lead-solder-wire-sn50pb50\/#primaryimage"},"thumbnailUrl":"https:\/\/keweisolder.com\/wp-content\/uploads\/2024\/10\/lead-solder-wire-1.webp","datePublished":"2025-05-29T04:20:49+00:00","dateModified":"2025-05-30T03:35:46+00:00","description":"El alambre de soldadura Sn50Pb50 de Kewei logra un equilibrio ideal entre el punto de fusi\u00f3n y el rendimiento de la soldadura, garantizando conexiones el\u00e9ctricas fiables.","breadcrumb":{"@id":"https:\/\/keweisolder.com\/manufacturer\/lead-solder-wire-sn50pb50\/#breadcrumb"},"inLanguage":"es","potentialAction":[{"@type":"ReadAction","target":["https:\/\/keweisolder.com\/manufacturer\/lead-solder-wire-sn50pb50\/"]}]},{"@type":"ImageObject","inLanguage":"es","@id":"https:\/\/keweisolder.com\/manufacturer\/lead-solder-wire-sn50pb50\/#primaryimage","url":"https:\/\/keweisolder.com\/wp-content\/uploads\/2024\/10\/lead-solder-wire-1.webp","contentUrl":"https:\/\/keweisolder.com\/wp-content\/uploads\/2024\/10\/lead-solder-wire-1.webp","width":600,"height":600,"caption":"lead solder wire"},{"@type":"BreadcrumbList","@id":"https:\/\/keweisolder.com\/manufacturer\/lead-solder-wire-sn50pb50\/#breadcrumb","itemListElement":[{"@type":"ListItem","position":1,"name":"Portada","item":"https:\/\/keweisolder.com\/"},{"@type":"ListItem","position":2,"name":"Products","item":"https:\/\/keweisolder.com\/shop\/"},{"@type":"ListItem","position":3,"name":"Lead Solder Wire Sn50Pb50"}]},{"@type":"WebSite","@id":"https:\/\/keweisolder.com\/#website","url":"https:\/\/keweisolder.com\/","name":"Industrias Kewei HK Limited","description":"F\u00e1brica de esta\u00f1o que fabrica principalmente productos relacionados con la soldadura.","potentialAction":[{"@type":"SearchAction","target":{"@type":"EntryPoint","urlTemplate":"https:\/\/keweisolder.com\/?s={search_term_string}"},"query-input":{"@type":"PropertyValueSpecification","valueRequired":true,"valueName":"search_term_string"}}],"inLanguage":"es"}]}},"_links":{"self":[{"href":"https:\/\/keweisolder.com\/es\/wp-json\/wp\/v2\/product\/2062","targetHints":{"allow":["GET"]}}],"collection":[{"href":"https:\/\/keweisolder.com\/es\/wp-json\/wp\/v2\/product"}],"about":[{"href":"https:\/\/keweisolder.com\/es\/wp-json\/wp\/v2\/types\/product"}],"wp:featuredmedia":[{"embeddable":true,"href":"https:\/\/keweisolder.com\/es\/wp-json\/wp\/v2\/media\/1881"}],"wp:attachment":[{"href":"https:\/\/keweisolder.com\/es\/wp-json\/wp\/v2\/media?parent=2062"}],"wp:term":[{"taxonomy":"product_brand","embeddable":true,"href":"https:\/\/keweisolder.com\/es\/wp-json\/wp\/v2\/product_brand?post=2062"},{"taxonomy":"product_cat","embeddable":true,"href":"https:\/\/keweisolder.com\/es\/wp-json\/wp\/v2\/product_cat?post=2062"},{"taxonomy":"product_tag","embeddable":true,"href":"https:\/\/keweisolder.com\/es\/wp-json\/wp\/v2\/product_tag?post=2062"}],"curies":[{"name":"wp","href":"https:\/\/api.w.org\/{rel}","templated":true}]}}