{"id":25,"date":"2023-03-05T10:39:43","date_gmt":"2023-03-05T10:39:43","guid":{"rendered":"https:\/\/keweisolder.com\/?page_id=25"},"modified":"2024-10-21T09:02:47","modified_gmt":"2024-10-21T09:02:47","slug":"about","status":"publish","type":"page","link":"https:\/\/keweisolder.com\/es_mx\/about\/","title":{"rendered":"Acerca de"},"content":{"rendered":"<section class=\"section\" id=\"section_929846967\">\n\t\t<div class=\"bg section-bg fill bg-fill  bg-loaded\" >\n\n\t\t\t\n\t\t\t\n\t\t\t\n\n\t\t<\/div>\n\n\t\t\n\n\t\t<div class=\"section-content relative\">\n\t\t\t\n<div class=\"row align-equal\"  id=\"row-1592078755\">\n\n\t<div id=\"col-591756390\" class=\"col medium-12 small-12 large-6 medium-col-first\"  >\n\t\t\t\t<div class=\"col-inner\"  >\n\t\t\t\n\t\t\t\n\t<div id=\"gap-1578007803\" class=\"gap-element clearfix\" style=\"display:block; height:auto;\">\n\t\t\n<style>\n#gap-1578007803 {\n  padding-top: 5px;\n}\n<\/style>\n\t<\/div>\n\t\n\t<div id=\"text-3672035446\" class=\"text\">\n\t\t\n<h2>INFORMACI\u00d3N SOBRE LA EMPRESA<\/h2>\n\t\t\n<style>\n#text-3672035446 {\n  font-size: 1rem;\n}\n@media (min-width:550px) {\n  #text-3672035446 {\n    font-size: 1rem;\n  }\n}\n@media (min-width:850px) {\n  #text-3672035446 {\n    font-size: 1.4rem;\n  }\n}\n<\/style>\n\t<\/div>\n\t\n<div class=\"is-divider divider clearfix\" style=\"max-width:50px;height:4px;background-color:rgb(59, 181, 76);\"><\/div>\n\t<div id=\"gap-614871415\" class=\"gap-element clearfix hide-for-small\" style=\"display:block; height:auto;\">\n\t\t\n<style>\n#gap-614871415 {\n  padding-top: 20px;\n}\n<\/style>\n\t<\/div>\n\t\n<p>Como fabricante l\u00edder en la industria de la soldadura, nuestra empresa se especializa en la producci\u00f3n de alambre de soldadura, pasta de soldadura, barras de soldadura y polvo de soldadura de alta calidad. Con a\u00f1os de experiencia y un fuerte enfoque en la innovaci\u00f3n, ofrecemos precios directos de f\u00e1brica, garantizando tarifas competitivas para todos nuestros clientes. Nuestros productos se elaboran para cumplir las normas m\u00e1s exigentes del sector, ofreciendo una calidad y fiabilidad excepcionales.<\/p>\n<p>Nos enorgullecemos de ofrecer soluciones personalizables para satisfacer las necesidades espec\u00edficas de los clientes, garantizando flexibilidad y satisfacci\u00f3n en cada pedido. Con un compromiso de entrega r\u00e1pida y un excelente servicio al cliente, somos su socio de confianza para todos los materiales de soldadura.<\/p>\n\t<div id=\"gap-424440309\" class=\"gap-element clearfix\" style=\"display:block; height:auto;\">\n\t\t\n<style>\n#gap-424440309 {\n  padding-top: 30px;\n}\n<\/style>\n\t<\/div>\n\t\n<a href=\"\/es_mx\/contact\/\" class=\"button primary\"  style=\"border-radius:99px;\">\n    <span>P\u00f3ngase en contacto con nosotros<\/span>\n  <\/a>\n\n\t\t<\/div>\n\t\t\t\t\n<style>\n#col-591756390 > .col-inner {\n  padding: 0px 0px 0px 0px;\n}\n@media (min-width:550px) {\n  #col-591756390 > .col-inner {\n    padding: 0px 0px 0px 0px;\n  }\n}\n@media (min-width:850px) {\n  #col-591756390 > .col-inner {\n    padding: 0px 20px 0px 0px;\n  }\n}\n<\/style>\n\t<\/div>\n\n\t\n\n\t<div id=\"col-310114737\" class=\"col medium-12 small-12 large-6\"  >\n\t\t\t\t<div class=\"col-inner\"  >\n\t\t\t\n\t\t\t\n<div class=\"video video-fit mb\" style=\"padding-top:75%;\"><p><iframe loading=\"lazy\" title=\"F\u00e1brica de alambre de soldadura\" width=\"1020\" height=\"574\" src=\"https:\/\/www.youtube.com\/embed\/ZoK8IGM2gLw?feature=oembed\" frameborder=\"0\" allow=\"accelerometer; autoplay; clipboard-write; encrypted-media; gyroscope; picture-in-picture; web-share\" referrerpolicy=\"strict-origin-when-cross-origin\" allowfullscreen><\/iframe><\/p>\n<\/div>\n\t\t<\/div>\n\t\t\t\t\n<style>\n#col-310114737 > .col-inner {\n  padding: 0px 0px 0px 0px;\n  border-radius: 8px;\n}\n@media (min-width:550px) {\n  #col-310114737 > .col-inner {\n    padding: 0px 0px 0px 0px;\n  }\n}\n@media (min-width:850px) {\n  #col-310114737 > .col-inner {\n    padding: 0px 0px 0px 20px;\n  }\n}\n<\/style>\n\t<\/div>\n\n\t\n<\/div>\n\t\t<\/div>\n\n\t\t\n<style>\n#section_929846967 {\n  padding-top: 30px;\n  padding-bottom: 30px;\n}\n@media (min-width:550px) {\n  #section_929846967 {\n    padding-top: 30px;\n    padding-bottom: 30px;\n  }\n}\n@media (min-width:850px) {\n  #section_929846967 {\n    padding-top: 80px;\n    padding-bottom: 80px;\n  }\n}\n<\/style>\n\t<\/section>\n\t\n\n\n\t<section class=\"section\" id=\"section_941347806\">\n\t\t<div class=\"bg section-bg fill bg-fill  bg-loaded\" >\n\n\t\t\t\n\t\t\t\n\t\t\t\n\n\t\t<\/div>\n\n\t\t\n\n\t\t<div class=\"section-content relative\">\n\t\t\t\n<div class=\"row\"  id=\"row-976981340\">\n\n\t<div id=\"col-1877002000\" class=\"col small-12 large-12\"  >\n\t\t\t\t<div class=\"col-inner\"  >\n\t\t\t\n\t\t\t\n\t<div id=\"text-2931526133\" class=\"text\">\n\t\t\n<h1><strong><span style=\"font-size: 100%;\">CERTIFICADO<\/span><\/strong><\/h1>\n\t\t\n<style>\n#text-2931526133 {\n  font-size: 1.3rem;\n  text-align: center;\n}\n<\/style>\n\t<\/div>\n\t\n\t\t<\/div>\n\t\t\t\t\t<\/div>\n\n\t\n\n\t<div id=\"col-1956836912\" class=\"col medium-4 small-12 large-4\"  >\n\t\t\t\t<div class=\"col-inner\"  >\n\t\t\t\n\t\t\t\n\t<div class=\"img has-hover x md-x lg-x y md-y lg-y\" id=\"image_1664035823\">\n\t\t\t\t\t\t\t\t<div class=\"img-inner dark\" >\n\t\t\t<img loading=\"lazy\" decoding=\"async\" width=\"724\" height=\"1024\" src=\"https:\/\/keweisolder.com\/wp-content\/uploads\/2024\/09\/Solder-Wire-Solder-Bar_ROHS-724x1024.webp\" class=\"attachment-large size-large\" alt=\"Aleaci\u00f3n de soldadura_ROHS\" srcset=\"https:\/\/keweisolder.com\/wp-content\/uploads\/2024\/09\/Solder-Wire-Solder-Bar_ROHS-724x1024.webp 724w, https:\/\/keweisolder.com\/wp-content\/uploads\/2024\/09\/Solder-Wire-Solder-Bar_ROHS-212x300.webp 212w, https:\/\/keweisolder.com\/wp-content\/uploads\/2024\/09\/Solder-Wire-Solder-Bar_ROHS-768x1086.webp 768w, https:\/\/keweisolder.com\/wp-content\/uploads\/2024\/09\/Solder-Wire-Solder-Bar_ROHS-8x12.webp 8w, https:\/\/keweisolder.com\/wp-content\/uploads\/2024\/09\/Solder-Wire-Solder-Bar_ROHS-600x849.webp 600w, https:\/\/keweisolder.com\/wp-content\/uploads\/2024\/09\/Solder-Wire-Solder-Bar_ROHS.webp 900w\" sizes=\"auto, (max-width: 724px) 100vw, 724px\" \/>\t\t\t\t\t\t\n\t\t\t\t\t<\/div>\n\t\t\t\t\t\t\t\t\n<style>\n#image_1664035823 {\n  width: 100%;\n}\n<\/style>\n\t<\/div>\n\t\n\t\t<\/div>\n\t\t\t\t\t<\/div>\n\n\t\n\n\t<div id=\"col-1561177840\" class=\"col medium-4 small-12 large-4\"  >\n\t\t\t\t<div class=\"col-inner\"  >\n\t\t\t\n\t\t\t\n\t<div class=\"img has-hover x md-x lg-x y md-y lg-y\" id=\"image_1315363978\">\n\t\t\t\t\t\t\t\t<div class=\"img-inner dark\" >\n\t\t\t<img loading=\"lazy\" decoding=\"async\" width=\"724\" height=\"1024\" src=\"https:\/\/keweisolder.com\/wp-content\/uploads\/2024\/09\/Solder-wire-Solder-Bar_REACH-724x1024.webp\" class=\"attachment-large size-large\" alt=\"Aleaci\u00f3n de soldadura_REACH\" srcset=\"https:\/\/keweisolder.com\/wp-content\/uploads\/2024\/09\/Solder-wire-Solder-Bar_REACH-724x1024.webp 724w, https:\/\/keweisolder.com\/wp-content\/uploads\/2024\/09\/Solder-wire-Solder-Bar_REACH-212x300.webp 212w, https:\/\/keweisolder.com\/wp-content\/uploads\/2024\/09\/Solder-wire-Solder-Bar_REACH-768x1086.webp 768w, https:\/\/keweisolder.com\/wp-content\/uploads\/2024\/09\/Solder-wire-Solder-Bar_REACH-8x12.webp 8w, https:\/\/keweisolder.com\/wp-content\/uploads\/2024\/09\/Solder-wire-Solder-Bar_REACH-600x849.webp 600w, https:\/\/keweisolder.com\/wp-content\/uploads\/2024\/09\/Solder-wire-Solder-Bar_REACH.webp 900w\" sizes=\"auto, (max-width: 724px) 100vw, 724px\" \/>\t\t\t\t\t\t\n\t\t\t\t\t<\/div>\n\t\t\t\t\t\t\t\t\n<style>\n#image_1315363978 {\n  width: 100%;\n}\n<\/style>\n\t<\/div>\n\t\n\t\t<\/div>\n\t\t\t\t\t<\/div>\n\n\t\n\n\t<div id=\"col-442264796\" class=\"col medium-4 small-12 large-4\"  >\n\t\t\t\t<div class=\"col-inner\"  >\n\t\t\t\n\t\t\t\n\t<div class=\"img has-hover x md-x lg-x y md-y lg-y\" id=\"image_531565166\">\n\t\t\t\t\t\t\t\t<div class=\"img-inner dark\" >\n\t\t\t<img loading=\"lazy\" decoding=\"async\" width=\"724\" height=\"1024\" src=\"https:\/\/keweisolder.com\/wp-content\/uploads\/2024\/09\/lead-free-solder-wire_Halogen-724x1024.webp\" class=\"attachment-large size-large\" alt=\"Soldadura Aleaci\u00f3n_Hal\u00f3gena\" srcset=\"https:\/\/keweisolder.com\/wp-content\/uploads\/2024\/09\/lead-free-solder-wire_Halogen-724x1024.webp 724w, https:\/\/keweisolder.com\/wp-content\/uploads\/2024\/09\/lead-free-solder-wire_Halogen-212x300.webp 212w, https:\/\/keweisolder.com\/wp-content\/uploads\/2024\/09\/lead-free-solder-wire_Halogen-768x1086.webp 768w, https:\/\/keweisolder.com\/wp-content\/uploads\/2024\/09\/lead-free-solder-wire_Halogen-8x12.webp 8w, https:\/\/keweisolder.com\/wp-content\/uploads\/2024\/09\/lead-free-solder-wire_Halogen-600x849.webp 600w, https:\/\/keweisolder.com\/wp-content\/uploads\/2024\/09\/lead-free-solder-wire_Halogen.webp 900w\" sizes=\"auto, (max-width: 724px) 100vw, 724px\" \/>\t\t\t\t\t\t\n\t\t\t\t\t<\/div>\n\t\t\t\t\t\t\t\t\n<style>\n#image_531565166 {\n  width: 100%;\n}\n<\/style>\n\t<\/div>\n\t\n\t\t<\/div>\n\t\t\t\t\t<\/div>\n\n\t\n<\/div>\n\t<div id=\"gap-497430097\" class=\"gap-element clearfix\" style=\"display:block; height:auto;\">\n\t\t\n<style>\n#gap-497430097 {\n  padding-top: 30px;\n}\n<\/style>\n\t<\/div>\n\t\n\t\t<\/div>\n\n\t\t\n<style>\n#section_941347806 {\n  padding-top: 30px;\n  padding-bottom: 30px;\n}\n<\/style>\n\t<\/section>\n\t\n\t<section class=\"section\" id=\"section_889069498\">\n\t\t<div class=\"bg section-bg fill bg-fill  bg-loaded\" >\n\n\t\t\t\t<div class=\"video-overlay no-click fill\"><\/div>\n\t<div id=\"ytplayer-405\" class=\"ux-youtube fill object-fit hide-for-medium\" data-videoid=\"https:\/\/youtu.be\/IUzC21jFZPg\" data-loop=\"1\" data-audio=\"0\"><\/div>\n\n\t\t\t<div class=\"section-bg-overlay absolute fill\"><\/div>\n\t\t\t\n\n\t\t<\/div>\n\n\t\t\n\n\t\t<div class=\"section-content relative\">\n\t\t\t\n\t<div id=\"gap-1262634544\" class=\"gap-element clearfix\" style=\"display:block; height:auto;\">\n\t\t\n<style>\n#gap-1262634544 {\n  padding-top: 30px;\n}\n<\/style>\n\t<\/div>\n\t\n<div class=\"row align-center\"  id=\"row-757435481\">\n\n\t<div id=\"col-1648378923\" class=\"col medium-10 small-12 large-10\"  >\n\t\t\t\t<div class=\"col-inner\"  >\n\t\t\t\n\t\t\t\n\t<div id=\"text-719186140\" class=\"text\">\n\t\t\n<div class=\"fusion-text fusion-text-1\">\n<h2 class=\"fusion-responsive-typography-calculated\" data-lineheight=\"47.6px\" data-fontsize=\"34\"><span style=\"color: #fafafa;\"><strong><em>Fabricante mundial de productos de soldadura<\/em><\/strong><\/span><\/h2>\n<\/div>\n\t\t\n<style>\n#text-719186140 {\n  font-size: 1.35rem;\n  text-align: center;\n  color: rgb(255,255,255);\n}\n#text-719186140 > * {\n  color: rgb(255,255,255);\n}\n<\/style>\n\t<\/div>\n\t\n<div class=\"text-center\"><div class=\"is-divider divider clearfix\" style=\"background-color:rgb(255, 255, 255);\"><\/div><\/div>\n\t\t<\/div>\n\t\t\t\t\n<style>\n#col-1648378923 > .col-inner {\n  margin: 0px 0px -20px 0px;\n}\n<\/style>\n\t<\/div>\n\n\t\n<\/div>\n<div class=\"row\"  id=\"row-722199402\">\n\n\t<div id=\"col-2068578607\" class=\"col small-12 large-12\"  >\n\t\t\t\t<div class=\"col-inner text-center\"  >\n\t\t\t\n\t\t\t\n<a href=\"\/es_mx\/shop\/\" class=\"button white\"  style=\"border-radius:99px;\">\n    <span>M\u00e1s informaci\u00f3n<\/span>\n  <\/a>\n\n\t\t<\/div>\n\t\t\t\t\n<style>\n#col-2068578607 > .col-inner {\n  margin: 0px 0px -20px 0px;\n}\n<\/style>\n\t<\/div>\n\n\t\n<\/div>\n\t\t<\/div>\n\n\t\t\n<style>\n#section_889069498 {\n  padding-top: 30px;\n  padding-bottom: 30px;\n}\n#section_889069498 .section-bg-overlay {\n  background-color: rgb(58, 181, 75);\n}\n<\/style>\n\t<\/section>\n\t\n\t<section class=\"section\" id=\"section_1771375441\">\n\t\t<div class=\"bg section-bg fill bg-fill  bg-loaded\" >\n\n\t\t\t\n\t\t\t\n\t\t\t\n\n\t\t<\/div>\n\n\t\t\n\n\t\t<div class=\"section-content relative\">\n\t\t\t\n<div class=\"row\"  id=\"row-1106933873\">\n\n\t<div id=\"col-1968982479\" class=\"col small-12 large-12\"  >\n\t\t\t\t<div class=\"col-inner\"  >\n\t\t\t\n\t\t\t\n\t<div id=\"gap-242368156\" class=\"gap-element clearfix hide-for-medium\" style=\"display:block; height:auto;\">\n\t\t\n<style>\n#gap-242368156 {\n  padding-top: 30px;\n}\n<\/style>\n\t<\/div>\n\t\n\t\t<\/div>\n\t\t\t\t\n<style>\n#col-1968982479 > .col-inner {\n  margin: 0px 0px -20px 0px;\n}\n<\/style>\n\t<\/div>\n\n\t\n<\/div>\n<div class=\"row align-equal\" style=\"max-width:1400px\" id=\"row-1662461205\">\n\n\t<div id=\"col-2075820376\" class=\"col medium-12 small-12 large-6\"  >\n\t\t\t\t<div class=\"col-inner\"  >\n\t\t\t\n\t\t\t\n\t<div class=\"img has-hover x md-x lg-x y md-y lg-y\" id=\"image_1472937107\">\n\t\t\t\t\t\t\t\t<div class=\"img-inner box-shadow-1 box-shadow-5-hover dark\" >\n\t\t\t<img loading=\"lazy\" decoding=\"async\" width=\"747\" height=\"519\" src=\"https:\/\/keweisolder.com\/wp-content\/uploads\/2024\/09\/solder-wireing-manufacturer-2.webp\" class=\"attachment-original size-original\" alt=\"soldadura fabricante de cableado\" srcset=\"https:\/\/keweisolder.com\/wp-content\/uploads\/2024\/09\/solder-wireing-manufacturer-2.webp 747w, https:\/\/keweisolder.com\/wp-content\/uploads\/2024\/09\/solder-wireing-manufacturer-2-300x208.webp 300w, https:\/\/keweisolder.com\/wp-content\/uploads\/2024\/09\/solder-wireing-manufacturer-2-18x12.webp 18w, https:\/\/keweisolder.com\/wp-content\/uploads\/2024\/09\/solder-wireing-manufacturer-2-600x417.webp 600w\" sizes=\"auto, (max-width: 747px) 100vw, 747px\" \/>\t\t\t\t\t\t\n\t\t\t\t\t<\/div>\n\t\t\t\t\t\t\t\t\n<style>\n#image_1472937107 {\n  width: 100%;\n}\n@media (min-width:550px) {\n  #image_1472937107 {\n    width: 100%;\n  }\n}\n<\/style>\n\t<\/div>\n\t\n\t\t<\/div>\n\t\t\t\t\n<style>\n#col-2075820376 > .col-inner {\n  padding: 0px 0px 0px 0px;\n}\n@media (min-width:550px) {\n  #col-2075820376 > .col-inner {\n    padding: 0px 0px 0px 0px;\n  }\n}\n@media (min-width:850px) {\n  #col-2075820376 > .col-inner {\n    padding: 0px 30px 0px 0px;\n  }\n}\n<\/style>\n\t<\/div>\n\n\t\n\n\t<div id=\"col-886678588\" class=\"col medium-12 small-12 large-6 medium-col-first\"  >\n\t\t\t\t<div class=\"col-inner\"  >\n\t\t\t\n\t\t\t\n\t<div id=\"text-4274094922\" class=\"text\">\n\t\t\n<h2>EQUIPO CORPORATIVO<\/h2>\n\t\t\n<style>\n#text-4274094922 {\n  font-size: 1rem;\n}\n@media (min-width:550px) {\n  #text-4274094922 {\n    font-size: 1rem;\n  }\n}\n@media (min-width:850px) {\n  #text-4274094922 {\n    font-size: 1.3rem;\n  }\n}\n<\/style>\n\t<\/div>\n\t\n<div class=\"is-divider divider clearfix\" style=\"max-width:50px;height:4px;background-color:rgb(59, 181, 76);\"><\/div>\n\t<div id=\"gap-470465259\" class=\"gap-element clearfix\" style=\"display:block; height:auto;\">\n\t\t\n<style>\n#gap-470465259 {\n  padding-top: 20px;\n}\n<\/style>\n\t<\/div>\n\t\n<p>Como l\u00edder <strong>fabricante de soldadura<\/strong>Nuestro equipo est\u00e1 formado por profesionales cualificados con amplia experiencia en el sector de la soldadura. Desde especialistas en producci\u00f3n hasta expertos en control de calidad, nos aseguramos de que cada producto cumpla las normas m\u00e1s exigentes. En nuestra <strong>f\u00e1brica de soldadura<\/strong>Nuestros ingenieros trabajan en estrecha colaboraci\u00f3n con los clientes para ofrecerles <strong>servicios personalizables<\/strong>ofreciendo soluciones a medida que se adaptan a sus necesidades espec\u00edficas de soldadura. Nuestro equipo se compromete a ofrecer productos excepcionales y una excelente atenci\u00f3n al cliente, garantizando resultados fiables y asociaciones a largo plazo.<\/p>\n\t<div id=\"gap-1223797425\" class=\"gap-element clearfix\" style=\"display:block; height:auto;\">\n\t\t\n<style>\n#gap-1223797425 {\n  padding-top: 30px;\n}\n<\/style>\n\t<\/div>\n\t\n<a href=\"\/es_mx\/contact\/\" class=\"button primary\"  style=\"border-radius:99px;\">\n    <span>\u00danete a nosotros<\/span>\n  <\/a>\n\n\t\t<\/div>\n\t\t\t\t\n<style>\n#col-886678588 > .col-inner {\n  padding: 0px 0px 0px 0px;\n}\n@media (min-width:550px) {\n  #col-886678588 > .col-inner {\n    padding: 0px 0px 0px 0px;\n  }\n}\n@media (min-width:850px) {\n  #col-886678588 > .col-inner {\n    padding: 0px 90px 0px 30px;\n  }\n}\n<\/style>\n\t<\/div>\n\n\t\n<\/div>\n\t\t<\/div>\n\n\t\t\n<style>\n#section_1771375441 {\n  padding-top: 0px;\n  padding-bottom: 0px;\n}\n@media (min-width:550px) {\n  #section_1771375441 {\n    padding-top: 0px;\n    padding-bottom: 0px;\n  }\n}\n@media (min-width:850px) {\n  #section_1771375441 {\n    padding-top: 50px;\n    padding-bottom: 50px;\n  }\n}\n<\/style>\n\t<\/section>","protected":false},"excerpt":{"rendered":"","protected":false},"author":1,"featured_media":0,"parent":0,"menu_order":0,"comment_status":"closed","ping_status":"closed","template":"page-blank.php","meta":{"footnotes":""},"class_list":["post-25","page","type-page","status-publish","hentry"],"yoast_head":"<!-- This site is optimized with the Yoast SEO plugin v25.5 - https:\/\/yoast.com\/wordpress\/plugins\/seo\/ -->\n<title>about Kewei Solder<\/title>\n<meta name=\"description\" content=\"Kewei Solder \u2013 a leading manufacturer of solder assembly materials, dedicated to producing high-quality soldering materials for a variety of industries.\" \/>\n<meta name=\"robots\" content=\"index, follow, max-snippet:-1, max-image-preview:large, max-video-preview:-1\" \/>\n<link rel=\"canonical\" href=\"https:\/\/keweisolder.com\/es_mx\/about\/\" \/>\n<meta property=\"og:locale\" content=\"es_MX\" \/>\n<meta property=\"og:type\" content=\"article\" \/>\n<meta property=\"og:title\" content=\"about Kewei Solder\" \/>\n<meta property=\"og:description\" content=\"Kewei Solder \u2013 a leading manufacturer of solder assembly materials, dedicated to producing high-quality soldering materials for a variety of industries.\" \/>\n<meta property=\"og:url\" content=\"https:\/\/keweisolder.com\/es_mx\/about\/\" \/>\n<meta property=\"og:site_name\" content=\"Kewei Industries HK Limited\" \/>\n<meta property=\"article:modified_time\" content=\"2024-10-21T09:02:47+00:00\" \/>\n<meta name=\"twitter:card\" content=\"summary_large_image\" \/>\n<meta name=\"twitter:label1\" content=\"Tiempo de lectura\" \/>\n\t<meta name=\"twitter:data1\" content=\"4 minutos\" \/>\n<script type=\"application\/ld+json\" class=\"yoast-schema-graph\">{\"@context\":\"https:\/\/schema.org\",\"@graph\":[{\"@type\":\"WebPage\",\"@id\":\"https:\/\/keweisolder.com\/about\/\",\"url\":\"https:\/\/keweisolder.com\/about\/\",\"name\":\"about Kewei Solder\",\"isPartOf\":{\"@id\":\"https:\/\/keweisolder.com\/#website\"},\"datePublished\":\"2023-03-05T10:39:43+00:00\",\"dateModified\":\"2024-10-21T09:02:47+00:00\",\"description\":\"Kewei Solder \u2013 a leading manufacturer of solder assembly materials, dedicated to producing high-quality soldering materials for a variety of industries.\",\"breadcrumb\":{\"@id\":\"https:\/\/keweisolder.com\/about\/#breadcrumb\"},\"inLanguage\":\"es\",\"potentialAction\":[{\"@type\":\"ReadAction\",\"target\":[\"https:\/\/keweisolder.com\/about\/\"]}]},{\"@type\":\"BreadcrumbList\",\"@id\":\"https:\/\/keweisolder.com\/about\/#breadcrumb\",\"itemListElement\":[{\"@type\":\"ListItem\",\"position\":1,\"name\":\"Inicio\",\"item\":\"https:\/\/keweisolder.com\/\"},{\"@type\":\"ListItem\",\"position\":2,\"name\":\"About\"}]},{\"@type\":\"WebSite\",\"@id\":\"https:\/\/keweisolder.com\/#website\",\"url\":\"https:\/\/keweisolder.com\/\",\"name\":\"Kewei Industries HK Limited\",\"description\":\"Tin factoty mainly making soldering related products.\",\"potentialAction\":[{\"@type\":\"SearchAction\",\"target\":{\"@type\":\"EntryPoint\",\"urlTemplate\":\"https:\/\/keweisolder.com\/?s={search_term_string}\"},\"query-input\":{\"@type\":\"PropertyValueSpecification\",\"valueRequired\":true,\"valueName\":\"search_term_string\"}}],\"inLanguage\":\"es\"}]}<\/script>\n<!-- \/ Yoast SEO plugin. -->","yoast_head_json":{"title":"sobre Kewei Solder","description":"Kewei Solder: fabricante l\u00edder de materiales de ensamblaje de soldadura, dedicado a la producci\u00f3n de materiales de soldadura de alta calidad para diversas industrias.","robots":{"index":"index","follow":"follow","max-snippet":"max-snippet:-1","max-image-preview":"max-image-preview:large","max-video-preview":"max-video-preview:-1"},"canonical":"https:\/\/keweisolder.com\/es_mx\/about\/","og_locale":"es_MX","og_type":"article","og_title":"about Kewei Solder","og_description":"Kewei Solder \u2013 a leading manufacturer of solder assembly materials, dedicated to producing high-quality soldering materials for a variety of industries.","og_url":"https:\/\/keweisolder.com\/es_mx\/about\/","og_site_name":"Kewei Industries HK Limited","article_modified_time":"2024-10-21T09:02:47+00:00","twitter_card":"summary_large_image","twitter_misc":{"Tiempo de lectura":"4 minutos"},"schema":{"@context":"https:\/\/schema.org","@graph":[{"@type":"WebPage","@id":"https:\/\/keweisolder.com\/about\/","url":"https:\/\/keweisolder.com\/about\/","name":"sobre Kewei Solder","isPartOf":{"@id":"https:\/\/keweisolder.com\/#website"},"datePublished":"2023-03-05T10:39:43+00:00","dateModified":"2024-10-21T09:02:47+00:00","description":"Kewei Solder: fabricante l\u00edder de materiales de ensamblaje de soldadura, dedicado a la producci\u00f3n de materiales de soldadura de alta calidad para diversas industrias.","breadcrumb":{"@id":"https:\/\/keweisolder.com\/about\/#breadcrumb"},"inLanguage":"es","potentialAction":[{"@type":"ReadAction","target":["https:\/\/keweisolder.com\/about\/"]}]},{"@type":"BreadcrumbList","@id":"https:\/\/keweisolder.com\/about\/#breadcrumb","itemListElement":[{"@type":"ListItem","position":1,"name":"Inicio","item":"https:\/\/keweisolder.com\/"},{"@type":"ListItem","position":2,"name":"About"}]},{"@type":"WebSite","@id":"https:\/\/keweisolder.com\/#website","url":"https:\/\/keweisolder.com\/","name":"Industrias Kewei HK Limited","description":"F\u00e1brica de esta\u00f1o que fabrica principalmente productos relacionados con la soldadura.","potentialAction":[{"@type":"SearchAction","target":{"@type":"EntryPoint","urlTemplate":"https:\/\/keweisolder.com\/?s={search_term_string}"},"query-input":{"@type":"PropertyValueSpecification","valueRequired":true,"valueName":"search_term_string"}}],"inLanguage":"es"}]}},"_links":{"self":[{"href":"https:\/\/keweisolder.com\/es_mx\/wp-json\/wp\/v2\/pages\/25","targetHints":{"allow":["GET"]}}],"collection":[{"href":"https:\/\/keweisolder.com\/es_mx\/wp-json\/wp\/v2\/pages"}],"about":[{"href":"https:\/\/keweisolder.com\/es_mx\/wp-json\/wp\/v2\/types\/page"}],"author":[{"embeddable":true,"href":"https:\/\/keweisolder.com\/es_mx\/wp-json\/wp\/v2\/users\/1"}],"replies":[{"embeddable":true,"href":"https:\/\/keweisolder.com\/es_mx\/wp-json\/wp\/v2\/comments?post=25"}],"version-history":[{"count":0,"href":"https:\/\/keweisolder.com\/es_mx\/wp-json\/wp\/v2\/pages\/25\/revisions"}],"wp:attachment":[{"href":"https:\/\/keweisolder.com\/es_mx\/wp-json\/wp\/v2\/media?parent=25"}],"curies":[{"name":"wp","href":"https:\/\/api.w.org\/{rel}","templated":true}]}}