{"id":1611,"date":"2024-09-21T13:05:03","date_gmt":"2024-09-21T13:05:03","guid":{"rendered":"https:\/\/keweisolder.com\/?post_type=product&#038;p=1611"},"modified":"2024-10-18T11:02:48","modified_gmt":"2024-10-18T11:02:48","slug":"solder-bar","status":"publish","type":"product","link":"https:\/\/keweisolder.com\/es_mx\/manufacturer\/solder-bar\/","title":{"rendered":"Barra de soldadura"},"content":{"rendered":"<table id=\"tablepress-8\" class=\"tablepress tablepress-id-8\">\n<thead>\n<tr class=\"row-1\">\n\t<th class=\"column-1\">Modelo<\/th><th class=\"column-2\">Punto de fusi\u00f3n<\/th><th class=\"column-3\">Densidad<\/th>\n<\/tr>\n<\/thead>\n<tbody class=\"row-striping row-hover\">\n<tr class=\"row-2\">\n\t<td class=\"column-1\">Sn63Pb37<\/td><td class=\"column-2\">183<\/td><td class=\"column-3\">8.4<\/td>\n<\/tr>\n<tr class=\"row-3\">\n\t<td class=\"column-1\">Sn60Pb40<\/td><td class=\"column-2\">183~190<\/td><td class=\"column-3\">8.5<\/td>\n<\/tr>\n<tr class=\"row-4\">\n\t<td class=\"column-1\">Sn55Pb45<\/td><td class=\"column-2\">183~203<\/td><td class=\"column-3\">8.7<\/td>\n<\/tr>\n<tr class=\"row-5\">\n\t<td class=\"column-1\">Sn50Pb50<\/td><td class=\"column-2\">183~216<\/td><td class=\"column-3\">8.9<\/td>\n<\/tr>\n<tr class=\"row-6\">\n\t<td class=\"column-1\">Sn45Pb55<\/td><td class=\"column-2\">183~227<\/td><td class=\"column-3\">9.1<\/td>\n<\/tr>\n<tr class=\"row-7\">\n\t<td class=\"column-1\">Sn40Pb60<\/td><td class=\"column-2\">183~238<\/td><td class=\"column-3\">9.3<\/td>\n<\/tr>\n<tr class=\"row-8\">\n\t<td class=\"column-1\">Sn35Pb65<\/td><td class=\"column-2\">183~247<\/td><td class=\"column-3\">9.5<\/td>\n<\/tr>\n<tr class=\"row-9\">\n\t<td class=\"column-1\">Sn30Pb70<\/td><td class=\"column-2\">183~255<\/td><td class=\"column-3\">9.7<\/td>\n<\/tr>\n<tr class=\"row-10\">\n\t<td class=\"column-1\">Sn25Pb75<\/td><td class=\"column-2\">183-266<\/td><td class=\"column-3\">9.9<\/td>\n<\/tr>\n<tr class=\"row-11\">\n\t<td class=\"column-1\">Sn99,3Cu0,7<\/td><td class=\"column-2\">227<\/td><td class=\"column-3\">7.4<\/td>\n<\/tr>\n<\/tbody>\n<\/table>\n<!-- #tablepress-8 from cache -->\n<h2>Por qu\u00e9 elegir nuestra barra de soldadura<\/h2>\n<div class=\"row\"  id=\"row-1563832392\">\n\n\t<div id=\"col-80233316\" class=\"col medium-4 small-12 large-4\"  >\n\t\t\t\t<div class=\"col-inner\"  >\n\t\t\t\n\t\t\t\n\t<div class=\"box has-hover   has-hover box-text-bottom\" >\n\n\t\t<div class=\"box-image\" >\n\t\t\t\t\t\t<div class=\"\" >\n\t\t\t\t<img loading=\"lazy\" decoding=\"async\" width=\"600\" height=\"600\" src=\"https:\/\/keweisolder.com\/wp-content\/uploads\/2024\/10\/solder-bar-4.webp\" class=\"attachment- size-\" alt=\"barra de soldadura\" srcset=\"https:\/\/keweisolder.com\/wp-content\/uploads\/2024\/10\/solder-bar-4.webp 600w, https:\/\/keweisolder.com\/wp-content\/uploads\/2024\/10\/solder-bar-4-300x300.webp 300w, https:\/\/keweisolder.com\/wp-content\/uploads\/2024\/10\/solder-bar-4-150x150.webp 150w, https:\/\/keweisolder.com\/wp-content\/uploads\/2024\/10\/solder-bar-4-12x12.webp 12w, https:\/\/keweisolder.com\/wp-content\/uploads\/2024\/10\/solder-bar-4-100x100.webp 100w\" sizes=\"auto, (max-width: 600px) 100vw, 600px\" \/>\t\t\t\t\t\t\t\t\t\t\t<\/div>\n\t\t\t\t\t<\/div>\n\n\t\t<div class=\"box-text text-center\" >\n\t\t\t<div class=\"box-text-inner\">\n\t\t\t\t\n<h4>Soldaduras brillantes<\/h4>\n\t\t\t<\/div>\n\t\t<\/div>\n\t<\/div>\n\t\n\t\t<\/div>\n\t\t\t\t\t<\/div>\n\n\t\n\n\t<div id=\"col-1536044724\" class=\"col medium-4 small-12 large-4\"  >\n\t\t\t\t<div class=\"col-inner\"  >\n\t\t\t\n\t\t\t\n\t<div class=\"box has-hover   has-hover box-text-bottom\" >\n\n\t\t<div class=\"box-image\" >\n\t\t\t\t\t\t<div class=\"\" >\n\t\t\t\t<img loading=\"lazy\" decoding=\"async\" width=\"600\" height=\"600\" src=\"https:\/\/keweisolder.com\/wp-content\/uploads\/2024\/10\/solder-bar-3.webp\" class=\"attachment- size-\" alt=\"barra de soldadura\" srcset=\"https:\/\/keweisolder.com\/wp-content\/uploads\/2024\/10\/solder-bar-3.webp 600w, https:\/\/keweisolder.com\/wp-content\/uploads\/2024\/10\/solder-bar-3-300x300.webp 300w, https:\/\/keweisolder.com\/wp-content\/uploads\/2024\/10\/solder-bar-3-150x150.webp 150w, https:\/\/keweisolder.com\/wp-content\/uploads\/2024\/10\/solder-bar-3-12x12.webp 12w, https:\/\/keweisolder.com\/wp-content\/uploads\/2024\/10\/solder-bar-3-100x100.webp 100w\" sizes=\"auto, (max-width: 600px) 100vw, 600px\" \/>\t\t\t\t\t\t\t\t\t\t\t<\/div>\n\t\t\t\t\t<\/div>\n\n\t\t<div class=\"box-text text-center\" >\n\t\t\t<div class=\"box-text-inner\">\n\t\t\t\t\n<h4>Alta eficacia de soldadura<\/h4>\n\t\t\t<\/div>\n\t\t<\/div>\n\t<\/div>\n\t\n\t\t<\/div>\n\t\t\t\t\t<\/div>\n\n\t\n\n\t<div id=\"col-2133645492\" class=\"col medium-4 small-12 large-4\"  >\n\t\t\t\t<div class=\"col-inner\"  >\n\t\t\t\n\t\t\t\n\t<div class=\"box has-hover   has-hover box-text-bottom\" >\n\n\t\t<div class=\"box-image\" >\n\t\t\t\t\t\t<div class=\"\" >\n\t\t\t\t<img loading=\"lazy\" decoding=\"async\" width=\"600\" height=\"600\" src=\"https:\/\/keweisolder.com\/wp-content\/uploads\/2024\/10\/solder-bar-1.webp\" class=\"attachment- size-\" alt=\"barra de soldadura\" srcset=\"https:\/\/keweisolder.com\/wp-content\/uploads\/2024\/10\/solder-bar-1.webp 600w, https:\/\/keweisolder.com\/wp-content\/uploads\/2024\/10\/solder-bar-1-300x300.webp 300w, https:\/\/keweisolder.com\/wp-content\/uploads\/2024\/10\/solder-bar-1-150x150.webp 150w, https:\/\/keweisolder.com\/wp-content\/uploads\/2024\/10\/solder-bar-1-12x12.webp 12w, https:\/\/keweisolder.com\/wp-content\/uploads\/2024\/10\/solder-bar-1-100x100.webp 100w\" sizes=\"auto, (max-width: 600px) 100vw, 600px\" \/>\t\t\t\t\t\t\t\t\t\t\t<\/div>\n\t\t\t\t\t<\/div>\n\n\t\t<div class=\"box-text text-center\" >\n\t\t\t<div class=\"box-text-inner\">\n\t\t\t\t\n<h4>Alta pureza y antioxidante<\/h4>\n\t\t\t<\/div>\n\t\t<\/div>\n\t<\/div>\n\t\n\t\t<\/div>\n\t\t\t\t\t<\/div>\n\n\t\n\n\t<div id=\"col-1910126692\" class=\"col medium-4 small-12 large-4\"  >\n\t\t\t\t<div class=\"col-inner\"  >\n\t\t\t\n\t\t\t\n\t<div class=\"box has-hover   has-hover box-text-bottom\" >\n\n\t\t<div class=\"box-image\" >\n\t\t\t\t\t\t<div class=\"image-cover\" style=\"padding-top:75%;\">\n\t\t\t\t<img loading=\"lazy\" decoding=\"async\" width=\"750\" height=\"500\" src=\"https:\/\/keweisolder.com\/wp-content\/uploads\/2024\/09\/solder-wire-suppliers.webp\" class=\"attachment- size-\" alt=\"proveedores de alambre para soldadura\" srcset=\"https:\/\/keweisolder.com\/wp-content\/uploads\/2024\/09\/solder-wire-suppliers.webp 750w, https:\/\/keweisolder.com\/wp-content\/uploads\/2024\/09\/solder-wire-suppliers-300x200.webp 300w, https:\/\/keweisolder.com\/wp-content\/uploads\/2024\/09\/solder-wire-suppliers-18x12.webp 18w, https:\/\/keweisolder.com\/wp-content\/uploads\/2024\/09\/solder-wire-suppliers-600x400.webp 600w\" sizes=\"auto, (max-width: 750px) 100vw, 750px\" \/>\t\t\t\t\t\t\t\t\t\t\t<\/div>\n\t\t\t\t\t<\/div>\n\n\t\t<div class=\"box-text text-center\" >\n\t\t\t<div class=\"box-text-inner\">\n\t\t\t\t\n<h4>Servicio de f\u00e1brica<\/h4>\n\t\t\t<\/div>\n\t\t<\/div>\n\t<\/div>\n\t\n\t\t<\/div>\n\t\t\t\t\t<\/div>\n\n\t\n\n\t<div id=\"col-1336213315\" class=\"col medium-4 small-12 large-4\"  >\n\t\t\t\t<div class=\"col-inner\"  >\n\t\t\t\n\t\t\t\n\t<div class=\"box has-hover   has-hover box-text-bottom\" >\n\n\t\t<div class=\"box-image\" >\n\t\t\t\t\t\t<div class=\"\" >\n\t\t\t\t<img loading=\"lazy\" decoding=\"async\" width=\"900\" height=\"675\" src=\"https:\/\/keweisolder.com\/wp-content\/uploads\/2024\/10\/shipment-2.webp\" class=\"attachment- size-\" alt=\"env\u00edo\" srcset=\"https:\/\/keweisolder.com\/wp-content\/uploads\/2024\/10\/shipment-2.webp 900w, https:\/\/keweisolder.com\/wp-content\/uploads\/2024\/10\/shipment-2-300x225.webp 300w, https:\/\/keweisolder.com\/wp-content\/uploads\/2024\/10\/shipment-2-768x576.webp 768w, https:\/\/keweisolder.com\/wp-content\/uploads\/2024\/10\/shipment-2-16x12.webp 16w, https:\/\/keweisolder.com\/wp-content\/uploads\/2024\/10\/shipment-2-600x450.webp 600w\" sizes=\"auto, (max-width: 900px) 100vw, 900px\" \/>\t\t\t\t\t\t\t\t\t\t\t<\/div>\n\t\t\t\t\t<\/div>\n\n\t\t<div class=\"box-text text-center\" >\n\t\t\t<div class=\"box-text-inner\">\n\t\t\t\t\n<h4>Entrega r\u00e1pida<\/h4>\n\t\t\t<\/div>\n\t\t<\/div>\n\t<\/div>\n\t\n\t\t<\/div>\n\t\t\t\t\t<\/div>\n\n\t\n\n\t<div id=\"col-965943549\" class=\"col medium-4 small-12 large-4\"  >\n\t\t\t\t<div class=\"col-inner\"  >\n\t\t\t\n\t\t\t\n\t<div class=\"box has-hover   has-hover box-text-bottom\" >\n\n\t\t<div class=\"box-image\" >\n\t\t\t\t\t\t<div class=\"image-cover\" style=\"padding-top:75%;\">\n\t\t\t\t<img loading=\"lazy\" decoding=\"async\" width=\"750\" height=\"500\" src=\"https:\/\/keweisolder.com\/wp-content\/uploads\/2024\/09\/solder-wire-suppliers5.webp\" class=\"attachment- size-\" alt=\"proveedores de alambre para soldadura\" srcset=\"https:\/\/keweisolder.com\/wp-content\/uploads\/2024\/09\/solder-wire-suppliers5.webp 750w, https:\/\/keweisolder.com\/wp-content\/uploads\/2024\/09\/solder-wire-suppliers5-300x200.webp 300w, https:\/\/keweisolder.com\/wp-content\/uploads\/2024\/09\/solder-wire-suppliers5-18x12.webp 18w, https:\/\/keweisolder.com\/wp-content\/uploads\/2024\/09\/solder-wire-suppliers5-600x400.webp 600w\" sizes=\"auto, (max-width: 750px) 100vw, 750px\" \/>\t\t\t\t\t\t\t\t\t\t\t<\/div>\n\t\t\t\t\t<\/div>\n\n\t\t<div class=\"box-text text-center\" >\n\t\t\t<div class=\"box-text-inner\">\n\t\t\t\t\n<h4>Equipo profesional<\/h4>\n\t\t\t<\/div>\n\t\t<\/div>\n\t<\/div>\n\t\n\t\t<\/div>\n\t\t\t\t\t<\/div>\n\n\t\n<\/div>\n<div class=\"video video-fit mb\" style=\"padding-top:56.25%;\"><p><iframe loading=\"lazy\" title=\"Barra de soldadura sin plomo de f\u00e1brica\" width=\"1020\" height=\"574\" src=\"https:\/\/www.youtube.com\/embed\/rRYd6nkJrNg?feature=oembed\" frameborder=\"0\" allow=\"accelerometer; autoplay; clipboard-write; encrypted-media; gyroscope; picture-in-picture; web-share\" referrerpolicy=\"strict-origin-when-cross-origin\" allowfullscreen><\/iframe><\/p>\n<\/div>\n<h2><strong>PREGUNTAS FRECUENTES<\/strong><\/h2>\n<p><b data-spm-anchor-id=\"a2700.details.0.i37.58051a0442HZr9\">1. 1. \u00bfQui\u00e9nes somos?<\/b><br \/>\nSomos la f\u00e1brica de esta\u00f1o con sede en Guangdong, China, a partir de 2018, vender al mercado interno (15.00%), Sudeste de Asia (13.00%), Am\u00e9rica del Norte (10.00%), Asia del Sur (10.00%), Oriente Medio (9.00%), Europa del Norte (8.00%), Am\u00e9rica del Sur (8.00%), Europa del Sur (6.00%), \u00c1frica (4.00%), Europa Occidental (5.00%).00%),Sudam\u00e9rica(8,00%),Europa Meridional(6,00%),Europa Oriental(5,00%),\u00c1frica(4,00%),Europa Occidental(4,00%),Centroam\u00e9rica(3,00%),Asia Oriental(3,00%),Ocean\u00eda(2,00%). En total, en nuestra oficina trabajan entre 101 y 200 personas.<\/p>\n<p><b>2. \u00bfC\u00f3mo podemos garantizar la calidad?<\/b><br \/>\nSiempre una muestra de preproducci\u00f3n antes de la producci\u00f3n en serie;<br \/>\nSiempre Inspecci\u00f3n final antes del env\u00edo;<\/p>\n<p><b>3. \u00bfQu\u00e9 puede comprarnos?<\/b><br \/>\nAlambre de soldadura,Barra de soldadura,Pasta de soldadura,Alambre de cobre,Alambre de aluminio<\/p>\n<p><b>4. \u00bfPor qu\u00e9 deber\u00eda comprarnos a nosotros y no a otros proveedores?<\/b><br \/>\nKewei esta\u00f1o manufaturer, se centran principalmente en productos de soldadura de I + D, producci\u00f3n y distribuci\u00f3n a todo el mundo. Actualmente tenemos alambre de soldadura \/ barra de soldadura \/ pasta de soldadura \/ bolas de esta\u00f1o \/ flujo de soldadura \/ pasta de flujo en productos sin plomo \/ sin halc\u00f3n, herramientas de hardware, etc.<\/p>\n<p><b>5. \u00bfQu\u00e9 servicios podemos prestar?<\/b><br \/>\nCondiciones de entrega aceptadas: FOB,CFR,CIF,EXW,DDP,DDU,Entrega urgente\uff1b<br \/>\nDivisa de pago aceptada: USD, EUR, JPY, CAD, AUD, HKD, CNY;<br \/>\nTipo de pago aceptado: T\/T,PayPal,Western Union,Efectivo;<br \/>\nIdioma que habla:Ingl\u00e9s,Chino,Espa\u00f1ol,Japon\u00e9s,Portugu\u00e9s,Alem\u00e1n,\u00c1rabe,Franc\u00e9s,Ruso,Coreano,Hindi,Italiano<\/p>","protected":false},"excerpt":{"rendered":"<ul>\n<li><span style=\"font-size: 75%;\"><strong>Aleaci\u00f3n de alta pureza<\/strong>: Nuestras barras de soldadura est\u00e1n fabricadas con metales de gran pureza, lo que garantiza una excelente conductividad el\u00e9ctrica y uniones soldadas resistentes y duraderas.<\/span><\/li>\n<li><span style=\"font-size: 75%;\"><strong>Fundici\u00f3n suave<\/strong>: La barra de soldadura funde uniformemente, proporcionando un flujo consistente y haci\u00e9ndola ideal tanto para procesos de soldadura manual como por ola.<\/span><\/li>\n<li><span style=\"font-size: 75%;\"><strong>Formaci\u00f3n de escoria baja<\/strong>: Dise\u00f1ado para minimizar la formaci\u00f3n de escoria durante la soldadura, garantizando operaciones m\u00e1s limpias y reduciendo el desperdicio de material.<\/span><\/li>\n<li><span style=\"font-size: 75%;\"><strong>Opciones sin plomo<\/strong>: Ofrecemos barras de soldadura sin plomo que cumplen la normativa RoHS, as\u00ed como barras de soldadura con plomo tradicionales para diversas necesidades industriales.<\/span><\/li>\n<li><span style=\"font-size: 75%;\"><strong>Aplicaciones vers\u00e1tiles<\/strong>: Perfecta para ensamblaje electr\u00f3nico, fontaner\u00eda y soldadura industrial en general, ofreciendo conexiones fiables y duraderas.<\/span><\/li>\n<\/ul>","protected":false},"featured_media":1589,"template":"","meta":[],"product_brand":[],"product_cat":[37],"product_tag":[],"class_list":{"0":"post-1611","1":"product","2":"type-product","3":"status-publish","4":"has-post-thumbnail","6":"product_cat-solder-bar","8":"first","9":"instock","10":"shipping-taxable","11":"product-type-simple"},"yoast_head":"<!-- This site is optimized with the Yoast SEO plugin v25.5 - https:\/\/yoast.com\/wordpress\/plugins\/seo\/ -->\n<title>High Quality Solder Bar Manufacturer - Wholesale &amp; OEM Solution<\/title>\n<meta name=\"description\" content=\"As a leading solder bar manufacturer, we specialize in providing OEM solutions,tailored to meet the diverse needs of industries worldwide.\" \/>\n<meta name=\"robots\" content=\"index, follow, max-snippet:-1, max-image-preview:large, max-video-preview:-1\" \/>\n<link rel=\"canonical\" href=\"https:\/\/keweisolder.com\/es_mx\/manufacturer\/solder-bar\/\" \/>\n<meta property=\"og:locale\" content=\"es_MX\" \/>\n<meta property=\"og:type\" content=\"article\" \/>\n<meta property=\"og:title\" content=\"High Quality Solder Bar Manufacturer - Wholesale &amp; OEM Solution\" \/>\n<meta property=\"og:description\" content=\"As a leading solder bar manufacturer, we specialize in providing OEM solutions,tailored to meet the diverse needs of industries worldwide.\" \/>\n<meta property=\"og:url\" content=\"https:\/\/keweisolder.com\/es_mx\/manufacturer\/solder-bar\/\" \/>\n<meta property=\"og:site_name\" content=\"Kewei Industries HK Limited\" \/>\n<meta property=\"article:modified_time\" content=\"2024-10-18T11:02:48+00:00\" \/>\n<meta property=\"og:image\" content=\"https:\/\/keweisolder.com\/wp-content\/uploads\/2024\/09\/solder-bar.webp\" \/>\n\t<meta property=\"og:image:width\" content=\"900\" \/>\n\t<meta property=\"og:image:height\" content=\"900\" \/>\n\t<meta property=\"og:image:type\" content=\"image\/webp\" \/>\n<meta name=\"twitter:card\" content=\"summary_large_image\" \/>\n<meta name=\"twitter:label1\" content=\"Tiempo de lectura\" \/>\n\t<meta name=\"twitter:data1\" content=\"2 minutos\" \/>\n<script type=\"application\/ld+json\" class=\"yoast-schema-graph\">{\"@context\":\"https:\/\/schema.org\",\"@graph\":[{\"@type\":\"WebPage\",\"@id\":\"https:\/\/keweisolder.com\/manufacturer\/solder-bar\/\",\"url\":\"https:\/\/keweisolder.com\/manufacturer\/solder-bar\/\",\"name\":\"High Quality Solder Bar Manufacturer - Wholesale & OEM Solution\",\"isPartOf\":{\"@id\":\"https:\/\/keweisolder.com\/#website\"},\"primaryImageOfPage\":{\"@id\":\"https:\/\/keweisolder.com\/manufacturer\/solder-bar\/#primaryimage\"},\"image\":{\"@id\":\"https:\/\/keweisolder.com\/manufacturer\/solder-bar\/#primaryimage\"},\"thumbnailUrl\":\"https:\/\/keweisolder.com\/wp-content\/uploads\/2024\/09\/solder-bar.webp\",\"datePublished\":\"2024-09-21T13:05:03+00:00\",\"dateModified\":\"2024-10-18T11:02:48+00:00\",\"description\":\"As a leading solder bar manufacturer, we specialize in providing OEM solutions,tailored to meet the diverse needs of industries worldwide.\",\"breadcrumb\":{\"@id\":\"https:\/\/keweisolder.com\/manufacturer\/solder-bar\/#breadcrumb\"},\"inLanguage\":\"es\",\"potentialAction\":[{\"@type\":\"ReadAction\",\"target\":[\"https:\/\/keweisolder.com\/manufacturer\/solder-bar\/\"]}]},{\"@type\":\"ImageObject\",\"inLanguage\":\"es\",\"@id\":\"https:\/\/keweisolder.com\/manufacturer\/solder-bar\/#primaryimage\",\"url\":\"https:\/\/keweisolder.com\/wp-content\/uploads\/2024\/09\/solder-bar.webp\",\"contentUrl\":\"https:\/\/keweisolder.com\/wp-content\/uploads\/2024\/09\/solder-bar.webp\",\"width\":900,\"height\":900,\"caption\":\"solder bar\"},{\"@type\":\"BreadcrumbList\",\"@id\":\"https:\/\/keweisolder.com\/manufacturer\/solder-bar\/#breadcrumb\",\"itemListElement\":[{\"@type\":\"ListItem\",\"position\":1,\"name\":\"Inicio\",\"item\":\"https:\/\/keweisolder.com\/\"},{\"@type\":\"ListItem\",\"position\":2,\"name\":\"Products\",\"item\":\"https:\/\/keweisolder.com\/shop\/\"},{\"@type\":\"ListItem\",\"position\":3,\"name\":\"Solder Bar\"}]},{\"@type\":\"WebSite\",\"@id\":\"https:\/\/keweisolder.com\/#website\",\"url\":\"https:\/\/keweisolder.com\/\",\"name\":\"Kewei Industries HK Limited\",\"description\":\"Tin factoty mainly making soldering related products.\",\"potentialAction\":[{\"@type\":\"SearchAction\",\"target\":{\"@type\":\"EntryPoint\",\"urlTemplate\":\"https:\/\/keweisolder.com\/?s={search_term_string}\"},\"query-input\":{\"@type\":\"PropertyValueSpecification\",\"valueRequired\":true,\"valueName\":\"search_term_string\"}}],\"inLanguage\":\"es\"}]}<\/script>\n<!-- \/ Yoast SEO plugin. -->","yoast_head_json":{"title":"Fabricante de barras de soldadura de alta calidad - Soluci\u00f3n al por mayor y OEM","description":"Como fabricante l\u00edder de barras de soldadura, estamos especializados en ofrecer soluciones OEM, adaptadas para satisfacer las diversas necesidades de las industrias de todo el mundo.","robots":{"index":"index","follow":"follow","max-snippet":"max-snippet:-1","max-image-preview":"max-image-preview:large","max-video-preview":"max-video-preview:-1"},"canonical":"https:\/\/keweisolder.com\/es_mx\/manufacturer\/solder-bar\/","og_locale":"es_MX","og_type":"article","og_title":"High Quality Solder Bar Manufacturer - Wholesale & OEM Solution","og_description":"As a leading solder bar manufacturer, we specialize in providing OEM solutions,tailored to meet the diverse needs of industries worldwide.","og_url":"https:\/\/keweisolder.com\/es_mx\/manufacturer\/solder-bar\/","og_site_name":"Kewei Industries HK Limited","article_modified_time":"2024-10-18T11:02:48+00:00","og_image":[{"width":900,"height":900,"url":"https:\/\/keweisolder.com\/wp-content\/uploads\/2024\/09\/solder-bar.webp","type":"image\/webp"}],"twitter_card":"summary_large_image","twitter_misc":{"Tiempo de lectura":"2 minutos"},"schema":{"@context":"https:\/\/schema.org","@graph":[{"@type":"WebPage","@id":"https:\/\/keweisolder.com\/manufacturer\/solder-bar\/","url":"https:\/\/keweisolder.com\/manufacturer\/solder-bar\/","name":"Fabricante de barras de soldadura de alta calidad - Soluci\u00f3n al por mayor y OEM","isPartOf":{"@id":"https:\/\/keweisolder.com\/#website"},"primaryImageOfPage":{"@id":"https:\/\/keweisolder.com\/manufacturer\/solder-bar\/#primaryimage"},"image":{"@id":"https:\/\/keweisolder.com\/manufacturer\/solder-bar\/#primaryimage"},"thumbnailUrl":"https:\/\/keweisolder.com\/wp-content\/uploads\/2024\/09\/solder-bar.webp","datePublished":"2024-09-21T13:05:03+00:00","dateModified":"2024-10-18T11:02:48+00:00","description":"Como fabricante l\u00edder de barras de soldadura, estamos especializados en ofrecer soluciones OEM, adaptadas para satisfacer las diversas necesidades de las industrias de todo el mundo.","breadcrumb":{"@id":"https:\/\/keweisolder.com\/manufacturer\/solder-bar\/#breadcrumb"},"inLanguage":"es","potentialAction":[{"@type":"ReadAction","target":["https:\/\/keweisolder.com\/manufacturer\/solder-bar\/"]}]},{"@type":"ImageObject","inLanguage":"es","@id":"https:\/\/keweisolder.com\/manufacturer\/solder-bar\/#primaryimage","url":"https:\/\/keweisolder.com\/wp-content\/uploads\/2024\/09\/solder-bar.webp","contentUrl":"https:\/\/keweisolder.com\/wp-content\/uploads\/2024\/09\/solder-bar.webp","width":900,"height":900,"caption":"solder bar"},{"@type":"BreadcrumbList","@id":"https:\/\/keweisolder.com\/manufacturer\/solder-bar\/#breadcrumb","itemListElement":[{"@type":"ListItem","position":1,"name":"Inicio","item":"https:\/\/keweisolder.com\/"},{"@type":"ListItem","position":2,"name":"Products","item":"https:\/\/keweisolder.com\/shop\/"},{"@type":"ListItem","position":3,"name":"Solder Bar"}]},{"@type":"WebSite","@id":"https:\/\/keweisolder.com\/#website","url":"https:\/\/keweisolder.com\/","name":"Industrias Kewei HK Limited","description":"F\u00e1brica de esta\u00f1o que fabrica principalmente productos relacionados con la soldadura.","potentialAction":[{"@type":"SearchAction","target":{"@type":"EntryPoint","urlTemplate":"https:\/\/keweisolder.com\/?s={search_term_string}"},"query-input":{"@type":"PropertyValueSpecification","valueRequired":true,"valueName":"search_term_string"}}],"inLanguage":"es"}]}},"_links":{"self":[{"href":"https:\/\/keweisolder.com\/es_mx\/wp-json\/wp\/v2\/product\/1611","targetHints":{"allow":["GET"]}}],"collection":[{"href":"https:\/\/keweisolder.com\/es_mx\/wp-json\/wp\/v2\/product"}],"about":[{"href":"https:\/\/keweisolder.com\/es_mx\/wp-json\/wp\/v2\/types\/product"}],"wp:featuredmedia":[{"embeddable":true,"href":"https:\/\/keweisolder.com\/es_mx\/wp-json\/wp\/v2\/media\/1589"}],"wp:attachment":[{"href":"https:\/\/keweisolder.com\/es_mx\/wp-json\/wp\/v2\/media?parent=1611"}],"wp:term":[{"taxonomy":"product_brand","embeddable":true,"href":"https:\/\/keweisolder.com\/es_mx\/wp-json\/wp\/v2\/product_brand?post=1611"},{"taxonomy":"product_cat","embeddable":true,"href":"https:\/\/keweisolder.com\/es_mx\/wp-json\/wp\/v2\/product_cat?post=1611"},{"taxonomy":"product_tag","embeddable":true,"href":"https:\/\/keweisolder.com\/es_mx\/wp-json\/wp\/v2\/product_tag?post=1611"}],"curies":[{"name":"wp","href":"https:\/\/api.w.org\/{rel}","templated":true}]}}