{"id":1870,"date":"2024-10-16T08:26:05","date_gmt":"2024-10-16T08:26:05","guid":{"rendered":"https:\/\/keweisolder.com\/?post_type=product&#038;p=1870"},"modified":"2024-12-28T03:20:39","modified_gmt":"2024-12-28T03:20:39","slug":"lead-free-solder-wire-sn99-3cu0-7-for-electronics","status":"publish","type":"product","link":"https:\/\/keweisolder.com\/es_mx\/manufacturer\/lead-free-solder-wire-sn99-3cu0-7-for-electronics\/","title":{"rendered":"Alambre de soldadura sin plomo Sn99.3Cu0.7"},"content":{"rendered":"<h2><strong>Introducci\u00f3n<\/strong><\/h2>\n<p>En<strong> Hilo de soldadura sin plomo Sn99.3Cu0.7<\/strong> se compone de 99,396 de esta\u00f1o y 0,7% de cobre. Es conveniente para su uso en equipos de metal com\u00fan, tubos de cobre y placas de cobre. Este producto es un tipo convencional de soldadura respetuosa con el medio ambiente que adopta la tecnolog\u00eda de soldadura sin plomo. El di\u00e1metro del hilo puede superar los 0,18 mm.<\/p>\n<div class=\"row\"  id=\"row-1658027217\">\n\n\t<div id=\"col-443556534\" class=\"col medium-4 small-12 large-4\"  >\n\t\t\t\t<div class=\"col-inner\"  >\n\t\t\t\n\t\t\t\n\t<div class=\"box has-hover   has-hover box-text-bottom\" >\n\n\t\t<div class=\"box-image\" >\n\t\t\t\t\t\t<div class=\"\" >\n\t\t\t\t<img loading=\"lazy\" decoding=\"async\" width=\"600\" height=\"600\" src=\"https:\/\/keweisolder.com\/wp-content\/uploads\/2024\/09\/solderable-wire.webp\" class=\"attachment- size-\" alt=\"alambre de soldadura sin plomo\" srcset=\"https:\/\/keweisolder.com\/wp-content\/uploads\/2024\/09\/solderable-wire.webp 600w, https:\/\/keweisolder.com\/wp-content\/uploads\/2024\/09\/solderable-wire-300x300.webp 300w, https:\/\/keweisolder.com\/wp-content\/uploads\/2024\/09\/solderable-wire-150x150.webp 150w, https:\/\/keweisolder.com\/wp-content\/uploads\/2024\/09\/solderable-wire-12x12.webp 12w, https:\/\/keweisolder.com\/wp-content\/uploads\/2024\/09\/solderable-wire-100x100.webp 100w\" sizes=\"auto, (max-width: 600px) 100vw, 600px\" \/>\t\t\t\t\t\t\t\t\t\t\t<\/div>\n\t\t\t\t\t<\/div>\n\n\t\t<div class=\"box-text text-center\" >\n\t\t\t<div class=\"box-text-inner\">\n\t\t\t\t\n<h4>Gama de pesos<\/h4>\n<p>50 g, 200 g, 500 g, 1000 g por bobina<\/p>\n\t\t\t<\/div>\n\t\t<\/div>\n\t<\/div>\n\t\n\t\t<\/div>\n\t\t\t\t\t<\/div>\n\n\t\n\n\t<div id=\"col-1928595122\" class=\"col medium-4 small-12 large-4\"  >\n\t\t\t\t<div class=\"col-inner\"  >\n\t\t\t\n\t\t\t\n\t<div class=\"box has-hover   has-hover box-text-bottom\" >\n\n\t\t<div class=\"box-image\" >\n\t\t\t\t\t\t<div class=\"\" >\n\t\t\t\t<img loading=\"lazy\" decoding=\"async\" width=\"600\" height=\"600\" src=\"https:\/\/keweisolder.com\/wp-content\/uploads\/2024\/10\/lead-free-solder-wire.webp\" class=\"attachment- size-\" alt=\"alambre de soldadura sin plomo\" srcset=\"https:\/\/keweisolder.com\/wp-content\/uploads\/2024\/10\/lead-free-solder-wire.webp 600w, https:\/\/keweisolder.com\/wp-content\/uploads\/2024\/10\/lead-free-solder-wire-300x300.webp 300w, https:\/\/keweisolder.com\/wp-content\/uploads\/2024\/10\/lead-free-solder-wire-150x150.webp 150w, https:\/\/keweisolder.com\/wp-content\/uploads\/2024\/10\/lead-free-solder-wire-12x12.webp 12w, https:\/\/keweisolder.com\/wp-content\/uploads\/2024\/10\/lead-free-solder-wire-100x100.webp 100w\" sizes=\"auto, (max-width: 600px) 100vw, 600px\" \/>\t\t\t\t\t\t\t\t\t\t\t<\/div>\n\t\t\t\t\t<\/div>\n\n\t\t<div class=\"box-text text-center\" >\n\t\t\t<div class=\"box-text-inner\">\n\t\t\t\t\n<h4>Gama de di\u00e1metros de alambre<\/h4>\n<p>0,80 mm, 1,00 mm, 1,50 mm, 2,00 mm, etc.<\/p>\n\t\t\t<\/div>\n\t\t<\/div>\n\t<\/div>\n\t\n\t\t<\/div>\n\t\t\t\t\t<\/div>\n\n\t\n\n\t<div id=\"col-83558329\" class=\"col medium-4 small-12 large-4\"  >\n\t\t\t\t<div class=\"col-inner\"  >\n\t\t\t\n\t\t\t\n\t<div class=\"box has-hover   has-hover box-text-bottom\" >\n\n\t\t<div class=\"box-image\" >\n\t\t\t\t\t\t<div class=\"\" >\n\t\t\t\t<img loading=\"lazy\" decoding=\"async\" width=\"300\" height=\"300\" src=\"https:\/\/keweisolder.com\/wp-content\/uploads\/2024\/10\/lead-free-solder-wire-2-300x300.webp\" class=\"attachment-medium size-medium\" alt=\"alambre de soldadura sin plomo\" srcset=\"https:\/\/keweisolder.com\/wp-content\/uploads\/2024\/10\/lead-free-solder-wire-2-300x300.webp 300w, https:\/\/keweisolder.com\/wp-content\/uploads\/2024\/10\/lead-free-solder-wire-2-150x150.webp 150w, https:\/\/keweisolder.com\/wp-content\/uploads\/2024\/10\/lead-free-solder-wire-2-12x12.webp 12w, https:\/\/keweisolder.com\/wp-content\/uploads\/2024\/10\/lead-free-solder-wire-2-100x100.webp 100w, https:\/\/keweisolder.com\/wp-content\/uploads\/2024\/10\/lead-free-solder-wire-2.webp 600w\" sizes=\"auto, (max-width: 300px) 100vw, 300px\" \/>\t\t\t\t\t\t\t\t\t\t\t<\/div>\n\t\t\t\t\t<\/div>\n\n\t\t<div class=\"box-text text-center\" >\n\t\t\t<div class=\"box-text-inner\">\n\t\t\t\t\n<h4>Paquete<\/h4>\n<p>Puede adaptarse a las necesidades del cliente<\/p>\n\t\t\t<\/div>\n\t\t<\/div>\n\t<\/div>\n\t\n\t\t<\/div>\n\t\t\t\t\t<\/div>\n\n\t\n<\/div>\n<h2 style=\"text-align: left;\"><strong>Par\u00e1metro<\/strong><\/h2>\n\n<table id=\"tablepress-6\" class=\"tablepress tablepress-id-6\">\n<thead>\n<tr class=\"row-1\">\n\t<th class=\"column-1\">Par\u00e1metros t\u00e9cnicos<\/th><th class=\"column-2\">Valor<\/th>\n<\/tr>\n<\/thead>\n<tbody class=\"row-striping row-hover\">\n<tr class=\"row-2\">\n\t<td class=\"column-1\">Composici\u00f3n de la aleaci\u00f3n<\/td><td class=\"column-2\">Esta\u00f1o (Sn): aproximadamente 99,3%, Cobre (Cu): aproximadamente 0,7%. Otras impurezas se encuentran en niveles extremadamente bajos. <\/td>\n<\/tr>\n<tr class=\"row-3\">\n\t<td class=\"column-1\">Punto de fusi\u00f3n<\/td><td class=\"column-2\">Aproximadamente 227\u00b0C<\/td>\n<\/tr>\n<tr class=\"row-4\">\n\t<td class=\"column-1\">Densidad<\/td><td class=\"column-2\">En general, en torno a 7,37 - 7,4 g\/cm\u00b3.<\/td>\n<\/tr>\n<tr class=\"row-5\">\n\t<td class=\"column-1\">Di\u00e1metro del alambre<\/td><td class=\"column-2\">0,8 mm, 1,0 mm, etc., que pueden seleccionarse seg\u00fan los requisitos espec\u00edficos de soldadura.<\/td>\n<\/tr>\n<tr class=\"row-6\">\n\t<td class=\"column-1\">Contenido de flujo<\/td><td class=\"column-2\">on, generalmente en torno a 1,5% - 3%.<\/td>\n<\/tr>\n<tr class=\"row-7\">\n\t<td class=\"column-1\">Temperatura de funcionamiento de la soldadura<\/td><td class=\"column-2\">Normalmente entre 270\u00b0C - 320\u00b0C<\/td>\n<\/tr>\n<tr class=\"row-8\">\n\t<td class=\"column-1\">Soldabilidad<\/td><td class=\"column-2\">Tiene buena soldabilidad. Las juntas de soldadura son brillantes, llenas, y la fuerza de la conexi\u00f3n despu\u00e9s de soldar es alta.<\/td>\n<\/tr>\n<tr class=\"row-9\">\n\t<td class=\"column-1\">Longitud de dispersi\u00f3n<\/td><td class=\"column-2\">Durante el proceso de soldadura, la longitud de propagaci\u00f3n del hilo de soldadura fundido suele ser inferior a 10 mm (este par\u00e1metro puede variar ligeramente en funci\u00f3n de las condiciones espec\u00edficas de soldadura y los m\u00e9todos de operaci\u00f3n).<\/td>\n<\/tr>\n<tr class=\"row-10\">\n\t<td class=\"column-1\">Apariencia<\/td><td class=\"column-2\">En circunstancias normales, el aspecto del alambre de soldadura sin plomo es gris plateado, con una superficie lisa y sin oxidaci\u00f3n, ennegrecimiento u otros fen\u00f3menos.<\/td>\n<\/tr>\n<\/tbody>\n<\/table>\n<!-- #tablepress-6 from cache -->\n<div class=\"video video-fit mb\" style=\"padding-top:56.25%;\"><p><iframe loading=\"lazy\" title=\"F\u00e1brica de alambre de soldadura\" width=\"1020\" height=\"574\" src=\"https:\/\/www.youtube.com\/embed\/iiv3yXsA0TY?feature=oembed\" frameborder=\"0\" allow=\"accelerometer; autoplay; clipboard-write; encrypted-media; gyroscope; picture-in-picture; web-share\" referrerpolicy=\"strict-origin-when-cross-origin\" allowfullscreen><\/iframe><\/p>\n<\/div>\n<h2 style=\"text-align: left;\"><strong>Env\u00edo<\/strong><\/h2>\n\t<div class=\"img has-hover x md-x lg-x y md-y lg-y\" id=\"image_1639061260\">\n\t\t\t\t\t\t\t\t<div class=\"img-inner dark\" >\n\t\t\t<img loading=\"lazy\" decoding=\"async\" width=\"900\" height=\"675\" src=\"https:\/\/keweisolder.com\/wp-content\/uploads\/2024\/10\/shipment-2.webp\" class=\"attachment-original size-original\" alt=\"env\u00edo\" srcset=\"https:\/\/keweisolder.com\/wp-content\/uploads\/2024\/10\/shipment-2.webp 900w, https:\/\/keweisolder.com\/wp-content\/uploads\/2024\/10\/shipment-2-300x225.webp 300w, https:\/\/keweisolder.com\/wp-content\/uploads\/2024\/10\/shipment-2-768x576.webp 768w, https:\/\/keweisolder.com\/wp-content\/uploads\/2024\/10\/shipment-2-16x12.webp 16w, https:\/\/keweisolder.com\/wp-content\/uploads\/2024\/10\/shipment-2-600x450.webp 600w\" sizes=\"auto, (max-width: 900px) 100vw, 900px\" \/>\t\t\t\t\t\t\n\t\t\t\t\t<\/div>\n\t\t\t\t\t\t\t\t\n<style>\n#image_1639061260 {\n  width: 100%;\n}\n<\/style>\n\t<\/div>\n\t\n<h2 style=\"text-align: left;\"><strong>PREGUNTAS FRECUENTES<\/strong><\/h2>\n<p><b data-spm-anchor-id=\"a2700.details.0.i37.58051a0442HZr9\">1. 1. \u00bfQui\u00e9nes somos?<\/b><br \/>\nSomos la f\u00e1brica de esta\u00f1o con sede en Guangdong, China, a partir de 2018, vender al mercado interno (15.00%), Sudeste de Asia (13.00%), Am\u00e9rica del Norte (10.00%), Asia del Sur (10.00%), Oriente Medio (9.00%), Europa del Norte (8.00%), Am\u00e9rica del Sur (8.00%), Europa del Sur (6.00%), \u00c1frica (4.00%), Europa Occidental (5.00%).00%),Sudam\u00e9rica(8,00%),Europa Meridional(6,00%),Europa Oriental(5,00%),\u00c1frica(4,00%),Europa Occidental(4,00%),Centroam\u00e9rica(3,00%),Asia Oriental(3,00%),Ocean\u00eda(2,00%). En total, en nuestra oficina trabajan entre 101 y 200 personas.<\/p>\n<p><b>2. \u00bfC\u00f3mo podemos garantizar la calidad?<\/b><br \/>\nSiempre una muestra de preproducci\u00f3n antes de la producci\u00f3n en serie;<br \/>\nSiempre Inspecci\u00f3n final antes del env\u00edo;<\/p>\n<p><b>3. \u00bfQu\u00e9 puede comprarnos?<\/b><br \/>\nAlambre de soldadura,Barra de soldadura,Pasta de soldadura,Alambre de cobre,Alambre de aluminio<\/p>\n<p><b>4. \u00bfPor qu\u00e9 deber\u00eda comprarnos a nosotros y no a otros proveedores?<\/b><br \/>\nKewei esta\u00f1o manufaturer, se centran principalmente en productos de soldadura de I + D, producci\u00f3n y distribuci\u00f3n a todo el mundo. Actualmente tenemos alambre de soldadura \/ barra de soldadura \/ pasta de soldadura \/ bolas de esta\u00f1o \/ flujo de soldadura \/ pasta de flujo en productos sin plomo \/ sin halc\u00f3n, herramientas de hardware, etc.<\/p>\n<p><b>5. \u00bfQu\u00e9 servicios podemos prestar?<\/b><br \/>\nCondiciones de entrega aceptadas: FOB,CFR,CIF,EXW,DDP,DDU,Entrega urgente\uff1b<br \/>\nDivisa de pago aceptada: USD, EUR, JPY, CAD, AUD, HKD, CNY;<br \/>\nTipo de pago aceptado: T\/T,PayPal,Western Union,Efectivo;<br \/>\nIdioma que habla:Ingl\u00e9s,Chino,Espa\u00f1ol,Japon\u00e9s,Portugu\u00e9s,Alem\u00e1n,\u00c1rabe,Franc\u00e9s,Ruso,Coreano,Hindi,Italiano<\/p>","protected":false},"excerpt":{"rendered":"<p>Alambre de soldadura sin plomo de alta calidad para soldadura profesional. Ideal para electr\u00f3nica, garantiza uniones fiables y cumple las normas medioambientales. Mejore su experiencia de soldadura con nuestro alambre superior.<\/p>","protected":false},"featured_media":1853,"template":"","meta":[],"product_brand":[],"product_cat":[15,40],"product_tag":[],"class_list":{"0":"post-1870","1":"product","2":"type-product","3":"status-publish","4":"has-post-thumbnail","6":"product_cat-solder-wire","7":"product_cat-lead-free-solder-wire","9":"first","10":"instock","11":"shipping-taxable","12":"product-type-simple"},"yoast_head":"<!-- This site is optimized with the Yoast SEO plugin v25.5 - https:\/\/yoast.com\/wordpress\/plugins\/seo\/ -->\n<title>Hot Sale High Quality Lead Free Solder Wire from Solder Wire Factory<\/title>\n<meta name=\"description\" content=\"Premium lead free solder wire Sn99.3Cu0.7 available! It offers excellent soldering performance for electronic devices. Environment - friendly and long - lasting\" \/>\n<meta name=\"robots\" content=\"index, follow, max-snippet:-1, max-image-preview:large, max-video-preview:-1\" \/>\n<link rel=\"canonical\" href=\"https:\/\/keweisolder.com\/es_mx\/manufacturer\/lead-free-solder-wire-sn99-3cu0-7-for-electronics\/\" \/>\n<meta property=\"og:locale\" content=\"es_MX\" \/>\n<meta property=\"og:type\" content=\"article\" \/>\n<meta property=\"og:title\" content=\"Hot Sale High Quality Lead Free Solder Wire from Solder Wire Factory\" \/>\n<meta property=\"og:description\" content=\"Premium lead free solder wire Sn99.3Cu0.7 available! It offers excellent soldering performance for electronic devices. Environment - friendly and long - lasting\" \/>\n<meta property=\"og:url\" content=\"https:\/\/keweisolder.com\/es_mx\/manufacturer\/lead-free-solder-wire-sn99-3cu0-7-for-electronics\/\" \/>\n<meta property=\"og:site_name\" content=\"Kewei Industries HK Limited\" \/>\n<meta property=\"article:modified_time\" content=\"2024-12-28T03:20:39+00:00\" \/>\n<meta property=\"og:image\" content=\"https:\/\/keweisolder.com\/wp-content\/uploads\/2024\/09\/solderable-wire.webp\" \/>\n\t<meta property=\"og:image:width\" content=\"600\" \/>\n\t<meta property=\"og:image:height\" content=\"600\" \/>\n\t<meta property=\"og:image:type\" content=\"image\/webp\" \/>\n<meta name=\"twitter:card\" content=\"summary_large_image\" \/>\n<meta name=\"twitter:label1\" content=\"Tiempo de lectura\" \/>\n\t<meta name=\"twitter:data1\" content=\"2 minutos\" \/>\n<script type=\"application\/ld+json\" class=\"yoast-schema-graph\">{\"@context\":\"https:\/\/schema.org\",\"@graph\":[{\"@type\":\"WebPage\",\"@id\":\"https:\/\/keweisolder.com\/manufacturer\/lead-free-solder-wire-sn99-3cu0-7-for-electronics\/\",\"url\":\"https:\/\/keweisolder.com\/manufacturer\/lead-free-solder-wire-sn99-3cu0-7-for-electronics\/\",\"name\":\"Hot Sale High Quality Lead Free Solder Wire from Solder Wire Factory\",\"isPartOf\":{\"@id\":\"https:\/\/keweisolder.com\/#website\"},\"primaryImageOfPage\":{\"@id\":\"https:\/\/keweisolder.com\/manufacturer\/lead-free-solder-wire-sn99-3cu0-7-for-electronics\/#primaryimage\"},\"image\":{\"@id\":\"https:\/\/keweisolder.com\/manufacturer\/lead-free-solder-wire-sn99-3cu0-7-for-electronics\/#primaryimage\"},\"thumbnailUrl\":\"https:\/\/keweisolder.com\/wp-content\/uploads\/2024\/09\/solderable-wire.webp\",\"datePublished\":\"2024-10-16T08:26:05+00:00\",\"dateModified\":\"2024-12-28T03:20:39+00:00\",\"description\":\"Premium lead free solder wire Sn99.3Cu0.7 available! It offers excellent soldering performance for electronic devices. Environment - friendly and long - lasting\",\"breadcrumb\":{\"@id\":\"https:\/\/keweisolder.com\/manufacturer\/lead-free-solder-wire-sn99-3cu0-7-for-electronics\/#breadcrumb\"},\"inLanguage\":\"es\",\"potentialAction\":[{\"@type\":\"ReadAction\",\"target\":[\"https:\/\/keweisolder.com\/manufacturer\/lead-free-solder-wire-sn99-3cu0-7-for-electronics\/\"]}]},{\"@type\":\"ImageObject\",\"inLanguage\":\"es\",\"@id\":\"https:\/\/keweisolder.com\/manufacturer\/lead-free-solder-wire-sn99-3cu0-7-for-electronics\/#primaryimage\",\"url\":\"https:\/\/keweisolder.com\/wp-content\/uploads\/2024\/09\/solderable-wire.webp\",\"contentUrl\":\"https:\/\/keweisolder.com\/wp-content\/uploads\/2024\/09\/solderable-wire.webp\",\"width\":600,\"height\":600,\"caption\":\"lead free solder wire\"},{\"@type\":\"BreadcrumbList\",\"@id\":\"https:\/\/keweisolder.com\/manufacturer\/lead-free-solder-wire-sn99-3cu0-7-for-electronics\/#breadcrumb\",\"itemListElement\":[{\"@type\":\"ListItem\",\"position\":1,\"name\":\"Inicio\",\"item\":\"https:\/\/keweisolder.com\/\"},{\"@type\":\"ListItem\",\"position\":2,\"name\":\"Products\",\"item\":\"https:\/\/keweisolder.com\/shop\/\"},{\"@type\":\"ListItem\",\"position\":3,\"name\":\"Lead Free Solder Wire Sn99.3Cu0.7\"}]},{\"@type\":\"WebSite\",\"@id\":\"https:\/\/keweisolder.com\/#website\",\"url\":\"https:\/\/keweisolder.com\/\",\"name\":\"Kewei Industries HK Limited\",\"description\":\"Tin factoty mainly making soldering related products.\",\"potentialAction\":[{\"@type\":\"SearchAction\",\"target\":{\"@type\":\"EntryPoint\",\"urlTemplate\":\"https:\/\/keweisolder.com\/?s={search_term_string}\"},\"query-input\":{\"@type\":\"PropertyValueSpecification\",\"valueRequired\":true,\"valueName\":\"search_term_string\"}}],\"inLanguage\":\"es\"}]}<\/script>\n<!-- \/ Yoast SEO plugin. -->","yoast_head_json":{"title":"Venta caliente de alta calidad sin plomo alambre de soldadura de la f\u00e1brica de alambre de soldadura","description":"Alambre de soldadura sin plomo Sn99.3Cu0.7 de primera calidad. Ofrece un excelente rendimiento de soldadura para dispositivos electr\u00f3nicos. Respetuoso con el medio ambiente y de larga duraci\u00f3n","robots":{"index":"index","follow":"follow","max-snippet":"max-snippet:-1","max-image-preview":"max-image-preview:large","max-video-preview":"max-video-preview:-1"},"canonical":"https:\/\/keweisolder.com\/es_mx\/manufacturer\/lead-free-solder-wire-sn99-3cu0-7-for-electronics\/","og_locale":"es_MX","og_type":"article","og_title":"Hot Sale High Quality Lead Free Solder Wire from Solder Wire Factory","og_description":"Premium lead free solder wire Sn99.3Cu0.7 available! It offers excellent soldering performance for electronic devices. Environment - friendly and long - lasting","og_url":"https:\/\/keweisolder.com\/es_mx\/manufacturer\/lead-free-solder-wire-sn99-3cu0-7-for-electronics\/","og_site_name":"Kewei Industries HK Limited","article_modified_time":"2024-12-28T03:20:39+00:00","og_image":[{"width":600,"height":600,"url":"https:\/\/keweisolder.com\/wp-content\/uploads\/2024\/09\/solderable-wire.webp","type":"image\/webp"}],"twitter_card":"summary_large_image","twitter_misc":{"Tiempo de lectura":"2 minutos"},"schema":{"@context":"https:\/\/schema.org","@graph":[{"@type":"WebPage","@id":"https:\/\/keweisolder.com\/manufacturer\/lead-free-solder-wire-sn99-3cu0-7-for-electronics\/","url":"https:\/\/keweisolder.com\/manufacturer\/lead-free-solder-wire-sn99-3cu0-7-for-electronics\/","name":"Venta caliente de alta calidad sin plomo alambre de soldadura de la f\u00e1brica de alambre de soldadura","isPartOf":{"@id":"https:\/\/keweisolder.com\/#website"},"primaryImageOfPage":{"@id":"https:\/\/keweisolder.com\/manufacturer\/lead-free-solder-wire-sn99-3cu0-7-for-electronics\/#primaryimage"},"image":{"@id":"https:\/\/keweisolder.com\/manufacturer\/lead-free-solder-wire-sn99-3cu0-7-for-electronics\/#primaryimage"},"thumbnailUrl":"https:\/\/keweisolder.com\/wp-content\/uploads\/2024\/09\/solderable-wire.webp","datePublished":"2024-10-16T08:26:05+00:00","dateModified":"2024-12-28T03:20:39+00:00","description":"Alambre de soldadura sin plomo Sn99.3Cu0.7 de primera calidad. Ofrece un excelente rendimiento de soldadura para dispositivos electr\u00f3nicos. Respetuoso con el medio ambiente y de larga duraci\u00f3n","breadcrumb":{"@id":"https:\/\/keweisolder.com\/manufacturer\/lead-free-solder-wire-sn99-3cu0-7-for-electronics\/#breadcrumb"},"inLanguage":"es","potentialAction":[{"@type":"ReadAction","target":["https:\/\/keweisolder.com\/manufacturer\/lead-free-solder-wire-sn99-3cu0-7-for-electronics\/"]}]},{"@type":"ImageObject","inLanguage":"es","@id":"https:\/\/keweisolder.com\/manufacturer\/lead-free-solder-wire-sn99-3cu0-7-for-electronics\/#primaryimage","url":"https:\/\/keweisolder.com\/wp-content\/uploads\/2024\/09\/solderable-wire.webp","contentUrl":"https:\/\/keweisolder.com\/wp-content\/uploads\/2024\/09\/solderable-wire.webp","width":600,"height":600,"caption":"lead free solder wire"},{"@type":"BreadcrumbList","@id":"https:\/\/keweisolder.com\/manufacturer\/lead-free-solder-wire-sn99-3cu0-7-for-electronics\/#breadcrumb","itemListElement":[{"@type":"ListItem","position":1,"name":"Inicio","item":"https:\/\/keweisolder.com\/"},{"@type":"ListItem","position":2,"name":"Products","item":"https:\/\/keweisolder.com\/shop\/"},{"@type":"ListItem","position":3,"name":"Lead Free Solder Wire Sn99.3Cu0.7"}]},{"@type":"WebSite","@id":"https:\/\/keweisolder.com\/#website","url":"https:\/\/keweisolder.com\/","name":"Industrias Kewei HK Limited","description":"F\u00e1brica de esta\u00f1o que fabrica principalmente productos relacionados con la soldadura.","potentialAction":[{"@type":"SearchAction","target":{"@type":"EntryPoint","urlTemplate":"https:\/\/keweisolder.com\/?s={search_term_string}"},"query-input":{"@type":"PropertyValueSpecification","valueRequired":true,"valueName":"search_term_string"}}],"inLanguage":"es"}]}},"_links":{"self":[{"href":"https:\/\/keweisolder.com\/es_mx\/wp-json\/wp\/v2\/product\/1870","targetHints":{"allow":["GET"]}}],"collection":[{"href":"https:\/\/keweisolder.com\/es_mx\/wp-json\/wp\/v2\/product"}],"about":[{"href":"https:\/\/keweisolder.com\/es_mx\/wp-json\/wp\/v2\/types\/product"}],"wp:featuredmedia":[{"embeddable":true,"href":"https:\/\/keweisolder.com\/es_mx\/wp-json\/wp\/v2\/media\/1853"}],"wp:attachment":[{"href":"https:\/\/keweisolder.com\/es_mx\/wp-json\/wp\/v2\/media?parent=1870"}],"wp:term":[{"taxonomy":"product_brand","embeddable":true,"href":"https:\/\/keweisolder.com\/es_mx\/wp-json\/wp\/v2\/product_brand?post=1870"},{"taxonomy":"product_cat","embeddable":true,"href":"https:\/\/keweisolder.com\/es_mx\/wp-json\/wp\/v2\/product_cat?post=1870"},{"taxonomy":"product_tag","embeddable":true,"href":"https:\/\/keweisolder.com\/es_mx\/wp-json\/wp\/v2\/product_tag?post=1870"}],"curies":[{"name":"wp","href":"https:\/\/api.w.org\/{rel}","templated":true}]}}