{"id":2050,"date":"2025-04-16T11:50:55","date_gmt":"2025-04-16T11:50:55","guid":{"rendered":"https:\/\/keweisolder.com\/?post_type=product&#038;p=2050"},"modified":"2025-07-01T03:31:29","modified_gmt":"2025-07-01T03:31:29","slug":"sn96-5ag3cu0-5-solder-wire-with-rohs-compliant","status":"publish","type":"product","link":"https:\/\/keweisolder.com\/es_mx\/manufacturer\/sn96-5ag3cu0-5-solder-wire-with-rohs-compliant\/","title":{"rendered":"Lead Free Solder Wire Sn96.5Ag3.0Cu0.5"},"content":{"rendered":"<h2><strong>Introducci\u00f3n<\/strong><\/h2>\n<p>KEWEI SAC305 lead-free solder wire is a commonly used welding material in the electronics industry. It is composed of Sn96.5Ag3.0Cu0.5, meeting environmental protection requirements such as RoHS and REACH. With a melting point of about 217\u2103, it has good wettability and soldering reliability, which can form firm solder joints. This solder wire features low spatter, little smoke, and good solderability, and is widely used in manual soldering, selective soldering, wave soldering, and SMT soldering for instruments, home appliances, and other products.<\/p>\n<div class=\"row\"  id=\"row-1507015596\">\n\n\t<div id=\"col-717906513\" class=\"col medium-4 small-12 large-4\"  >\n\t\t\t\t<div class=\"col-inner\"  >\n\t\t\t\n\t\t\t\n\t<div class=\"box has-hover   has-hover box-text-bottom\" >\n\n\t\t<div class=\"box-image\" >\n\t\t\t\t\t\t<div class=\"\" >\n\t\t\t\t<img loading=\"lazy\" decoding=\"async\" width=\"600\" height=\"600\" src=\"https:\/\/keweisolder.com\/wp-content\/uploads\/2024\/09\/solderable-wire.webp\" class=\"attachment- size-\" alt=\"alambre de soldadura sin plomo\" srcset=\"https:\/\/keweisolder.com\/wp-content\/uploads\/2024\/09\/solderable-wire.webp 600w, https:\/\/keweisolder.com\/wp-content\/uploads\/2024\/09\/solderable-wire-300x300.webp 300w, https:\/\/keweisolder.com\/wp-content\/uploads\/2024\/09\/solderable-wire-150x150.webp 150w, https:\/\/keweisolder.com\/wp-content\/uploads\/2024\/09\/solderable-wire-12x12.webp 12w, https:\/\/keweisolder.com\/wp-content\/uploads\/2024\/09\/solderable-wire-100x100.webp 100w\" sizes=\"auto, (max-width: 600px) 100vw, 600px\" \/>\t\t\t\t\t\t\t\t\t\t\t<\/div>\n\t\t\t\t\t<\/div>\n\n\t\t<div class=\"box-text text-center\" >\n\t\t\t<div class=\"box-text-inner\">\n\t\t\t\t\n<h4>Gama de pesos<\/h4>\n<p>50 g, 200 g, 500 g, 1000 g por bobina<\/p>\n\t\t\t<\/div>\n\t\t<\/div>\n\t<\/div>\n\t\n\t\t<\/div>\n\t\t\t\t\t<\/div>\n\n\t\n\n\t<div id=\"col-267474842\" class=\"col medium-4 small-12 large-4\"  >\n\t\t\t\t<div class=\"col-inner\"  >\n\t\t\t\n\t\t\t\n\t<div class=\"box has-hover   has-hover box-text-bottom\" >\n\n\t\t<div class=\"box-image\" >\n\t\t\t\t\t\t<div class=\"\" >\n\t\t\t\t<img loading=\"lazy\" decoding=\"async\" width=\"600\" height=\"600\" src=\"https:\/\/keweisolder.com\/wp-content\/uploads\/2024\/10\/lead-free-solder-wire.webp\" class=\"attachment- size-\" alt=\"alambre de soldadura sin plomo\" srcset=\"https:\/\/keweisolder.com\/wp-content\/uploads\/2024\/10\/lead-free-solder-wire.webp 600w, https:\/\/keweisolder.com\/wp-content\/uploads\/2024\/10\/lead-free-solder-wire-300x300.webp 300w, https:\/\/keweisolder.com\/wp-content\/uploads\/2024\/10\/lead-free-solder-wire-150x150.webp 150w, https:\/\/keweisolder.com\/wp-content\/uploads\/2024\/10\/lead-free-solder-wire-12x12.webp 12w, https:\/\/keweisolder.com\/wp-content\/uploads\/2024\/10\/lead-free-solder-wire-100x100.webp 100w\" sizes=\"auto, (max-width: 600px) 100vw, 600px\" \/>\t\t\t\t\t\t\t\t\t\t\t<\/div>\n\t\t\t\t\t<\/div>\n\n\t\t<div class=\"box-text text-center\" >\n\t\t\t<div class=\"box-text-inner\">\n\t\t\t\t\n<h4>Gama de di\u00e1metros de alambre<\/h4>\n<p>0,80 mm, 1,00 mm, 1,50 mm, 2,00 mm, etc.<\/p>\n\t\t\t<\/div>\n\t\t<\/div>\n\t<\/div>\n\t\n\t\t<\/div>\n\t\t\t\t\t<\/div>\n\n\t\n\n\t<div id=\"col-828065109\" class=\"col medium-4 small-12 large-4\"  >\n\t\t\t\t<div class=\"col-inner\"  >\n\t\t\t\n\t\t\t\n\t<div class=\"box has-hover   has-hover box-text-bottom\" >\n\n\t\t<div class=\"box-image\" >\n\t\t\t\t\t\t<div class=\"\" >\n\t\t\t\t<img loading=\"lazy\" decoding=\"async\" width=\"300\" height=\"300\" src=\"https:\/\/keweisolder.com\/wp-content\/uploads\/2024\/10\/lead-free-solder-wire-2-300x300.webp\" class=\"attachment-medium size-medium\" alt=\"alambre de soldadura sin plomo\" srcset=\"https:\/\/keweisolder.com\/wp-content\/uploads\/2024\/10\/lead-free-solder-wire-2-300x300.webp 300w, https:\/\/keweisolder.com\/wp-content\/uploads\/2024\/10\/lead-free-solder-wire-2-150x150.webp 150w, https:\/\/keweisolder.com\/wp-content\/uploads\/2024\/10\/lead-free-solder-wire-2-12x12.webp 12w, https:\/\/keweisolder.com\/wp-content\/uploads\/2024\/10\/lead-free-solder-wire-2-100x100.webp 100w, https:\/\/keweisolder.com\/wp-content\/uploads\/2024\/10\/lead-free-solder-wire-2.webp 600w\" sizes=\"auto, (max-width: 300px) 100vw, 300px\" \/>\t\t\t\t\t\t\t\t\t\t\t<\/div>\n\t\t\t\t\t<\/div>\n\n\t\t<div class=\"box-text text-center\" >\n\t\t\t<div class=\"box-text-inner\">\n\t\t\t\t\n<h4>Paquete<\/h4>\n<p>Puede adaptarse a las necesidades del cliente<\/p>\n\t\t\t<\/div>\n\t\t<\/div>\n\t<\/div>\n\t\n\t\t<\/div>\n\t\t\t\t\t<\/div>\n\n\t\n<\/div>\n<h2 style=\"text-align: left;\"><strong>Par\u00e1metro<\/strong><\/h2>\n\n<table id=\"tablepress-24\" class=\"tablepress tablepress-id-24\">\n<thead>\n<tr class=\"row-1\">\n\t<th class=\"column-1\">Nombre del producto<\/th><th class=\"column-2\">Alambre de soldadura<\/th>\n<\/tr>\n<\/thead>\n<tbody class=\"row-striping row-hover\">\n<tr class=\"row-2\">\n\t<td class=\"column-1\">Composici\u00f3n<\/td><td class=\"column-2\">Sn96,5Ag3,0Cu0,5<\/td>\n<\/tr>\n<tr class=\"row-3\">\n\t<td class=\"column-1\">Model no.<\/td><td class=\"column-2\">SAC305<\/td>\n<\/tr>\n<tr class=\"row-4\">\n\t<td class=\"column-1\">Flux<\/td><td class=\"column-2\">2.0%-2.2%<\/td>\n<\/tr>\n<tr class=\"row-5\">\n\t<td class=\"column-1\">Diameter<\/td><td class=\"column-2\">0.8mm-2.0mm<\/td>\n<\/tr>\n<tr class=\"row-6\">\n\t<td class=\"column-1\">Peso<\/td><td class=\"column-2\">50g-1000g<\/td>\n<\/tr>\n<tr class=\"row-7\">\n\t<td class=\"column-1\">Material<\/td><td class=\"column-2\">Tin\/Copper\/Silver<\/td>\n<\/tr>\n<tr class=\"row-8\">\n\t<td class=\"column-1\">Caracter\u00edstica<\/td><td class=\"column-2\">Lead Free Solder Wire<\/td>\n<\/tr>\n<tr class=\"row-9\">\n\t<td class=\"column-1\">Aplicaci\u00f3n<\/td><td class=\"column-2\">SMT\/PCB Assembly, Smartphones\/Laptops, Automotive Electronics, Medical Devices, Aerospace\/Aviation<\/td>\n<\/tr>\n<\/tbody>\n<\/table>\n<!-- #tablepress-24 from cache -->\n<div class=\"video video-fit mb\" style=\"padding-top:56.25%;\"><p><iframe loading=\"lazy\" title=\"F\u00e1brica de alambre de soldadura\" width=\"1020\" height=\"574\" src=\"https:\/\/www.youtube.com\/embed\/iiv3yXsA0TY?feature=oembed\" frameborder=\"0\" allow=\"accelerometer; autoplay; clipboard-write; encrypted-media; gyroscope; picture-in-picture; web-share\" referrerpolicy=\"strict-origin-when-cross-origin\" allowfullscreen><\/iframe><\/p>\n<\/div>\n<h2 style=\"text-align: left;\"><strong>Env\u00edo<\/strong><\/h2>\n\t<div class=\"img has-hover x md-x lg-x y md-y lg-y\" id=\"image_2138959934\">\n\t\t\t\t\t\t\t\t<div class=\"img-inner dark\" >\n\t\t\t<img loading=\"lazy\" decoding=\"async\" width=\"900\" height=\"675\" src=\"https:\/\/keweisolder.com\/wp-content\/uploads\/2024\/10\/shipment-2.webp\" class=\"attachment-original size-original\" alt=\"env\u00edo\" srcset=\"https:\/\/keweisolder.com\/wp-content\/uploads\/2024\/10\/shipment-2.webp 900w, https:\/\/keweisolder.com\/wp-content\/uploads\/2024\/10\/shipment-2-300x225.webp 300w, https:\/\/keweisolder.com\/wp-content\/uploads\/2024\/10\/shipment-2-768x576.webp 768w, https:\/\/keweisolder.com\/wp-content\/uploads\/2024\/10\/shipment-2-16x12.webp 16w, https:\/\/keweisolder.com\/wp-content\/uploads\/2024\/10\/shipment-2-600x450.webp 600w\" sizes=\"auto, (max-width: 900px) 100vw, 900px\" \/>\t\t\t\t\t\t\n\t\t\t\t\t<\/div>\n\t\t\t\t\t\t\t\t\n<style>\n#image_2138959934 {\n  width: 100%;\n}\n<\/style>\n\t<\/div>\n\t\n<h2 style=\"text-align: left;\"><strong>PREGUNTAS FRECUENTES<\/strong><\/h2>\n<p><b data-spm-anchor-id=\"a2700.details.0.i37.58051a0442HZr9\">1. 1. \u00bfQui\u00e9nes somos?<\/b><br \/>\nSomos la f\u00e1brica de esta\u00f1o con sede en Guangdong, China, a partir de 2018, vender al mercado interno (15.00%), Sudeste de Asia (13.00%), Am\u00e9rica del Norte (10.00%), Asia del Sur (10.00%), Oriente Medio (9.00%), Europa del Norte (8.00%), Am\u00e9rica del Sur (8.00%), Europa del Sur (6.00%), \u00c1frica (4.00%), Europa Occidental (5.00%).00%),Sudam\u00e9rica(8,00%),Europa Meridional(6,00%),Europa Oriental(5,00%),\u00c1frica(4,00%),Europa Occidental(4,00%),Centroam\u00e9rica(3,00%),Asia Oriental(3,00%),Ocean\u00eda(2,00%). En total, en nuestra oficina trabajan entre 101 y 200 personas.<\/p>\n<p><b>2. \u00bfC\u00f3mo podemos garantizar la calidad?<\/b><br \/>\nSiempre una muestra de preproducci\u00f3n antes de la producci\u00f3n en serie;<br \/>\nSiempre Inspecci\u00f3n final antes del env\u00edo;<\/p>\n<p><b>3. \u00bfQu\u00e9 puede comprarnos?<\/b><br \/>\nAlambre de soldadura,Barra de soldadura,Pasta de soldadura,Alambre de cobre,Alambre de aluminio<\/p>\n<p><b>4. \u00bfPor qu\u00e9 deber\u00eda comprarnos a nosotros y no a otros proveedores?<\/b><br \/>\nKewei esta\u00f1o manufaturer, se centran principalmente en productos de soldadura de I + D, producci\u00f3n y distribuci\u00f3n a todo el mundo. Actualmente tenemos alambre de soldadura \/ barra de soldadura \/ pasta de soldadura \/ bolas de esta\u00f1o \/ flujo de soldadura \/ pasta de flujo en productos sin plomo \/ sin halc\u00f3n, herramientas de hardware, etc.<\/p>\n<p><b>5. \u00bfQu\u00e9 servicios podemos prestar?<\/b><br \/>\nCondiciones de entrega aceptadas: FOB,CFR,CIF,EXW,DDP,DDU,Entrega urgente\uff1b<br \/>\nDivisa de pago aceptada: USD, EUR, JPY, CAD, AUD, HKD, CNY;<br \/>\nTipo de pago aceptado: T\/T,PayPal,Western Union,Efectivo;<br \/>\nIdioma que habla:Ingl\u00e9s,Chino,Espa\u00f1ol,Japon\u00e9s,Portugu\u00e9s,Alem\u00e1n,\u00c1rabe,Franc\u00e9s,Ruso,Coreano,Hindi,Italiano<\/p>","protected":false},"excerpt":{"rendered":"<p>Alambre de soldadura sin plomo de alta calidad para soldadura profesional. Ideal para electr\u00f3nica, garantiza uniones fiables y cumple las normas medioambientales. Mejore su experiencia de soldadura con nuestro alambre superior.<\/p>","protected":false},"featured_media":1871,"template":"","meta":[],"product_brand":[],"product_cat":[15,40],"product_tag":[],"class_list":{"0":"post-2050","1":"product","2":"type-product","3":"status-publish","4":"has-post-thumbnail","6":"product_cat-solder-wire","7":"product_cat-lead-free-solder-wire","9":"first","10":"instock","11":"shipping-taxable","12":"product-type-simple"},"yoast_head":"<!-- This site is optimized with the Yoast SEO plugin v25.5 - https:\/\/yoast.com\/wordpress\/plugins\/seo\/ -->\n<title>Kewei Factory SAC305 Lead-Free Solder Wire High Purity Tin Alloy<\/title>\n<meta name=\"description\" content=\"Tin Factory Offers Sn96.5Ag3.0Cu0.5 Lead-free Solder Wire with A Melting Point of 217\u2103, Compliant with RoHS and REACH Standards\" \/>\n<meta name=\"robots\" content=\"index, follow, max-snippet:-1, max-image-preview:large, max-video-preview:-1\" \/>\n<link rel=\"canonical\" href=\"https:\/\/keweisolder.com\/es_mx\/manufacturer\/sn96-5ag3cu0-5-solder-wire-with-rohs-compliant\/\" \/>\n<meta property=\"og:locale\" content=\"es_MX\" \/>\n<meta property=\"og:type\" content=\"article\" \/>\n<meta property=\"og:title\" content=\"Kewei Factory SAC305 Lead-Free Solder Wire High Purity Tin Alloy\" \/>\n<meta property=\"og:description\" content=\"Tin Factory Offers Sn96.5Ag3.0Cu0.5 Lead-free Solder Wire with A Melting Point of 217\u2103, Compliant with RoHS and REACH Standards\" \/>\n<meta property=\"og:url\" content=\"https:\/\/keweisolder.com\/es_mx\/manufacturer\/sn96-5ag3cu0-5-solder-wire-with-rohs-compliant\/\" \/>\n<meta property=\"og:site_name\" content=\"Kewei Industries HK Limited\" \/>\n<meta property=\"article:modified_time\" content=\"2025-07-01T03:31:29+00:00\" \/>\n<meta property=\"og:image\" content=\"https:\/\/keweisolder.com\/wp-content\/uploads\/2024\/10\/lead-free-solder-wire-3.webp\" \/>\n\t<meta property=\"og:image:width\" content=\"600\" \/>\n\t<meta property=\"og:image:height\" content=\"600\" \/>\n\t<meta property=\"og:image:type\" content=\"image\/webp\" \/>\n<meta name=\"twitter:card\" content=\"summary_large_image\" \/>\n<meta name=\"twitter:label1\" content=\"Tiempo de lectura\" \/>\n\t<meta name=\"twitter:data1\" content=\"2 minutos\" \/>\n<script type=\"application\/ld+json\" class=\"yoast-schema-graph\">{\"@context\":\"https:\/\/schema.org\",\"@graph\":[{\"@type\":\"WebPage\",\"@id\":\"https:\/\/keweisolder.com\/manufacturer\/sn96-5ag3cu0-5-solder-wire-with-rohs-compliant\/\",\"url\":\"https:\/\/keweisolder.com\/manufacturer\/sn96-5ag3cu0-5-solder-wire-with-rohs-compliant\/\",\"name\":\"Kewei Factory SAC305 Lead-Free Solder Wire High Purity Tin Alloy\",\"isPartOf\":{\"@id\":\"https:\/\/keweisolder.com\/#website\"},\"primaryImageOfPage\":{\"@id\":\"https:\/\/keweisolder.com\/manufacturer\/sn96-5ag3cu0-5-solder-wire-with-rohs-compliant\/#primaryimage\"},\"image\":{\"@id\":\"https:\/\/keweisolder.com\/manufacturer\/sn96-5ag3cu0-5-solder-wire-with-rohs-compliant\/#primaryimage\"},\"thumbnailUrl\":\"https:\/\/keweisolder.com\/wp-content\/uploads\/2024\/10\/lead-free-solder-wire-3.webp\",\"datePublished\":\"2025-04-16T11:50:55+00:00\",\"dateModified\":\"2025-07-01T03:31:29+00:00\",\"description\":\"Tin Factory Offers Sn96.5Ag3.0Cu0.5 Lead-free Solder Wire with A Melting Point of 217\u2103, Compliant with RoHS and REACH Standards\",\"breadcrumb\":{\"@id\":\"https:\/\/keweisolder.com\/manufacturer\/sn96-5ag3cu0-5-solder-wire-with-rohs-compliant\/#breadcrumb\"},\"inLanguage\":\"es\",\"potentialAction\":[{\"@type\":\"ReadAction\",\"target\":[\"https:\/\/keweisolder.com\/manufacturer\/sn96-5ag3cu0-5-solder-wire-with-rohs-compliant\/\"]}]},{\"@type\":\"ImageObject\",\"inLanguage\":\"es\",\"@id\":\"https:\/\/keweisolder.com\/manufacturer\/sn96-5ag3cu0-5-solder-wire-with-rohs-compliant\/#primaryimage\",\"url\":\"https:\/\/keweisolder.com\/wp-content\/uploads\/2024\/10\/lead-free-solder-wire-3.webp\",\"contentUrl\":\"https:\/\/keweisolder.com\/wp-content\/uploads\/2024\/10\/lead-free-solder-wire-3.webp\",\"width\":600,\"height\":600,\"caption\":\"lead free solder wire\"},{\"@type\":\"BreadcrumbList\",\"@id\":\"https:\/\/keweisolder.com\/manufacturer\/sn96-5ag3cu0-5-solder-wire-with-rohs-compliant\/#breadcrumb\",\"itemListElement\":[{\"@type\":\"ListItem\",\"position\":1,\"name\":\"Inicio\",\"item\":\"https:\/\/keweisolder.com\/\"},{\"@type\":\"ListItem\",\"position\":2,\"name\":\"Products\",\"item\":\"https:\/\/keweisolder.com\/shop\/\"},{\"@type\":\"ListItem\",\"position\":3,\"name\":\"Lead Free Solder Wire Sn96.5Ag3.0Cu0.5\"}]},{\"@type\":\"WebSite\",\"@id\":\"https:\/\/keweisolder.com\/#website\",\"url\":\"https:\/\/keweisolder.com\/\",\"name\":\"Kewei Industries HK Limited\",\"description\":\"Tin factoty mainly making soldering related products.\",\"potentialAction\":[{\"@type\":\"SearchAction\",\"target\":{\"@type\":\"EntryPoint\",\"urlTemplate\":\"https:\/\/keweisolder.com\/?s={search_term_string}\"},\"query-input\":{\"@type\":\"PropertyValueSpecification\",\"valueRequired\":true,\"valueName\":\"search_term_string\"}}],\"inLanguage\":\"es\"}]}<\/script>\n<!-- \/ Yoast SEO plugin. -->","yoast_head_json":{"title":"Kewei Factory SAC305 Lead-Free Solder Wire High Purity Tin Alloy","description":"Tin Factory Offers Sn96.5Ag3.0Cu0.5 Lead-free Solder Wire with A Melting Point of 217\u2103, Compliant with RoHS and REACH Standards","robots":{"index":"index","follow":"follow","max-snippet":"max-snippet:-1","max-image-preview":"max-image-preview:large","max-video-preview":"max-video-preview:-1"},"canonical":"https:\/\/keweisolder.com\/es_mx\/manufacturer\/sn96-5ag3cu0-5-solder-wire-with-rohs-compliant\/","og_locale":"es_MX","og_type":"article","og_title":"Kewei Factory SAC305 Lead-Free Solder Wire High Purity Tin Alloy","og_description":"Tin Factory Offers Sn96.5Ag3.0Cu0.5 Lead-free Solder Wire with A Melting Point of 217\u2103, Compliant with RoHS and REACH Standards","og_url":"https:\/\/keweisolder.com\/es_mx\/manufacturer\/sn96-5ag3cu0-5-solder-wire-with-rohs-compliant\/","og_site_name":"Kewei Industries HK Limited","article_modified_time":"2025-07-01T03:31:29+00:00","og_image":[{"width":600,"height":600,"url":"https:\/\/keweisolder.com\/wp-content\/uploads\/2024\/10\/lead-free-solder-wire-3.webp","type":"image\/webp"}],"twitter_card":"summary_large_image","twitter_misc":{"Tiempo de lectura":"2 minutos"},"schema":{"@context":"https:\/\/schema.org","@graph":[{"@type":"WebPage","@id":"https:\/\/keweisolder.com\/manufacturer\/sn96-5ag3cu0-5-solder-wire-with-rohs-compliant\/","url":"https:\/\/keweisolder.com\/manufacturer\/sn96-5ag3cu0-5-solder-wire-with-rohs-compliant\/","name":"Kewei Factory SAC305 Lead-Free Solder Wire High Purity Tin Alloy","isPartOf":{"@id":"https:\/\/keweisolder.com\/#website"},"primaryImageOfPage":{"@id":"https:\/\/keweisolder.com\/manufacturer\/sn96-5ag3cu0-5-solder-wire-with-rohs-compliant\/#primaryimage"},"image":{"@id":"https:\/\/keweisolder.com\/manufacturer\/sn96-5ag3cu0-5-solder-wire-with-rohs-compliant\/#primaryimage"},"thumbnailUrl":"https:\/\/keweisolder.com\/wp-content\/uploads\/2024\/10\/lead-free-solder-wire-3.webp","datePublished":"2025-04-16T11:50:55+00:00","dateModified":"2025-07-01T03:31:29+00:00","description":"Tin Factory Offers Sn96.5Ag3.0Cu0.5 Lead-free Solder Wire with A Melting Point of 217\u2103, Compliant with RoHS and REACH Standards","breadcrumb":{"@id":"https:\/\/keweisolder.com\/manufacturer\/sn96-5ag3cu0-5-solder-wire-with-rohs-compliant\/#breadcrumb"},"inLanguage":"es","potentialAction":[{"@type":"ReadAction","target":["https:\/\/keweisolder.com\/manufacturer\/sn96-5ag3cu0-5-solder-wire-with-rohs-compliant\/"]}]},{"@type":"ImageObject","inLanguage":"es","@id":"https:\/\/keweisolder.com\/manufacturer\/sn96-5ag3cu0-5-solder-wire-with-rohs-compliant\/#primaryimage","url":"https:\/\/keweisolder.com\/wp-content\/uploads\/2024\/10\/lead-free-solder-wire-3.webp","contentUrl":"https:\/\/keweisolder.com\/wp-content\/uploads\/2024\/10\/lead-free-solder-wire-3.webp","width":600,"height":600,"caption":"lead free solder wire"},{"@type":"BreadcrumbList","@id":"https:\/\/keweisolder.com\/manufacturer\/sn96-5ag3cu0-5-solder-wire-with-rohs-compliant\/#breadcrumb","itemListElement":[{"@type":"ListItem","position":1,"name":"Inicio","item":"https:\/\/keweisolder.com\/"},{"@type":"ListItem","position":2,"name":"Products","item":"https:\/\/keweisolder.com\/shop\/"},{"@type":"ListItem","position":3,"name":"Lead Free Solder Wire Sn96.5Ag3.0Cu0.5"}]},{"@type":"WebSite","@id":"https:\/\/keweisolder.com\/#website","url":"https:\/\/keweisolder.com\/","name":"Industrias Kewei HK Limited","description":"F\u00e1brica de esta\u00f1o que fabrica principalmente productos relacionados con la soldadura.","potentialAction":[{"@type":"SearchAction","target":{"@type":"EntryPoint","urlTemplate":"https:\/\/keweisolder.com\/?s={search_term_string}"},"query-input":{"@type":"PropertyValueSpecification","valueRequired":true,"valueName":"search_term_string"}}],"inLanguage":"es"}]}},"_links":{"self":[{"href":"https:\/\/keweisolder.com\/es_mx\/wp-json\/wp\/v2\/product\/2050","targetHints":{"allow":["GET"]}}],"collection":[{"href":"https:\/\/keweisolder.com\/es_mx\/wp-json\/wp\/v2\/product"}],"about":[{"href":"https:\/\/keweisolder.com\/es_mx\/wp-json\/wp\/v2\/types\/product"}],"wp:featuredmedia":[{"embeddable":true,"href":"https:\/\/keweisolder.com\/es_mx\/wp-json\/wp\/v2\/media\/1871"}],"wp:attachment":[{"href":"https:\/\/keweisolder.com\/es_mx\/wp-json\/wp\/v2\/media?parent=2050"}],"wp:term":[{"taxonomy":"product_brand","embeddable":true,"href":"https:\/\/keweisolder.com\/es_mx\/wp-json\/wp\/v2\/product_brand?post=2050"},{"taxonomy":"product_cat","embeddable":true,"href":"https:\/\/keweisolder.com\/es_mx\/wp-json\/wp\/v2\/product_cat?post=2050"},{"taxonomy":"product_tag","embeddable":true,"href":"https:\/\/keweisolder.com\/es_mx\/wp-json\/wp\/v2\/product_tag?post=2050"}],"curies":[{"name":"wp","href":"https:\/\/api.w.org\/{rel}","templated":true}]}}