{"id":25,"date":"2023-03-05T10:39:43","date_gmt":"2023-03-05T10:39:43","guid":{"rendered":"https:\/\/keweisolder.com\/?page_id=25"},"modified":"2024-10-21T09:02:47","modified_gmt":"2024-10-21T09:02:47","slug":"about","status":"publish","type":"page","link":"https:\/\/keweisolder.com\/fr\/about\/","title":{"rendered":"A propos de"},"content":{"rendered":"<section class=\"section\" id=\"section_761656224\">\n\t\t<div class=\"bg section-bg fill bg-fill  bg-loaded\" >\n\n\t\t\t\n\t\t\t\n\t\t\t\n\n\t\t<\/div>\n\n\t\t\n\n\t\t<div class=\"section-content relative\">\n\t\t\t\n<div class=\"row align-equal\"  id=\"row-642230087\">\n\n\t<div id=\"col-917515376\" class=\"col medium-12 small-12 large-6 medium-col-first\"  >\n\t\t\t\t<div class=\"col-inner\"  >\n\t\t\t\n\t\t\t\n\t<div id=\"gap-555709265\" class=\"gap-element clearfix\" style=\"display:block; height:auto;\">\n\t\t\n<style>\n#gap-555709265 {\n  padding-top: 5px;\n}\n<\/style>\n\t<\/div>\n\t\n\t<div id=\"text-841100598\" class=\"text\">\n\t\t\n<h2>INFORMATIONS SUR L'ENTREPRISE<\/h2>\n\t\t\n<style>\n#text-841100598 {\n  font-size: 1rem;\n}\n@media (min-width:550px) {\n  #text-841100598 {\n    font-size: 1rem;\n  }\n}\n@media (min-width:850px) {\n  #text-841100598 {\n    font-size: 1.4rem;\n  }\n}\n<\/style>\n\t<\/div>\n\t\n<div class=\"is-divider divider clearfix\" style=\"max-width:50px;height:4px;background-color:rgb(59, 181, 76);\"><\/div>\n\t<div id=\"gap-172885554\" class=\"gap-element clearfix hide-for-small\" style=\"display:block; height:auto;\">\n\t\t\n<style>\n#gap-172885554 {\n  padding-top: 20px;\n}\n<\/style>\n\t<\/div>\n\t\n<p>En tant que fabricant leader dans l'industrie du brasage, notre soci\u00e9t\u00e9 est sp\u00e9cialis\u00e9e dans la production de fils de soudure, de p\u00e2tes \u00e0 braser, de barres de soudure et de poudres de soudure de haute qualit\u00e9. Avec des ann\u00e9es d'exp\u00e9rience et un fort accent sur l'innovation, nous fournissons des prix directs d'usine, garantissant des tarifs comp\u00e9titifs pour tous nos clients. Nos produits sont con\u00e7us pour r\u00e9pondre aux normes industrielles les plus strictes, offrant une qualit\u00e9 et une fiabilit\u00e9 exceptionnelles.<\/p>\n<p>Nous sommes fiers d'offrir des solutions personnalis\u00e9es pour r\u00e9pondre aux besoins sp\u00e9cifiques de nos clients, garantissant ainsi flexibilit\u00e9 et satisfaction pour chaque commande. Avec un engagement de livraison rapide et un service client exceptionnel, nous sommes votre partenaire de confiance pour tous les mat\u00e9riaux de soudure.<\/p>\n\t<div id=\"gap-1867574942\" class=\"gap-element clearfix\" style=\"display:block; height:auto;\">\n\t\t\n<style>\n#gap-1867574942 {\n  padding-top: 30px;\n}\n<\/style>\n\t<\/div>\n\t\n<a href=\"\/fr\/contact\/\" class=\"button primary\"  style=\"border-radius:99px;\">\n    <span>Nous contacter<\/span>\n  <\/a>\n\n\t\t<\/div>\n\t\t\t\t\n<style>\n#col-917515376 > .col-inner {\n  padding: 0px 0px 0px 0px;\n}\n@media (min-width:550px) {\n  #col-917515376 > .col-inner {\n    padding: 0px 0px 0px 0px;\n  }\n}\n@media (min-width:850px) {\n  #col-917515376 > .col-inner {\n    padding: 0px 20px 0px 0px;\n  }\n}\n<\/style>\n\t<\/div>\n\n\t\n\n\t<div id=\"col-1049947388\" class=\"col medium-12 small-12 large-6\"  >\n\t\t\t\t<div class=\"col-inner\"  >\n\t\t\t\n\t\t\t\n<div class=\"video video-fit mb\" style=\"padding-top:75%;\"><p><iframe loading=\"lazy\" title=\"Usine de fils \u00e0 souder\" width=\"1020\" height=\"574\" src=\"https:\/\/www.youtube.com\/embed\/ZoK8IGM2gLw?feature=oembed\" frameborder=\"0\" allow=\"accelerometer; autoplay; clipboard-write; encrypted-media; gyroscope; picture-in-picture; web-share\" referrerpolicy=\"strict-origin-when-cross-origin\" allowfullscreen><\/iframe><\/p>\n<\/div>\n\t\t<\/div>\n\t\t\t\t\n<style>\n#col-1049947388 > .col-inner {\n  padding: 0px 0px 0px 0px;\n  border-radius: 8px;\n}\n@media (min-width:550px) {\n  #col-1049947388 > .col-inner {\n    padding: 0px 0px 0px 0px;\n  }\n}\n@media (min-width:850px) {\n  #col-1049947388 > .col-inner {\n    padding: 0px 0px 0px 20px;\n  }\n}\n<\/style>\n\t<\/div>\n\n\t\n<\/div>\n\t\t<\/div>\n\n\t\t\n<style>\n#section_761656224 {\n  padding-top: 30px;\n  padding-bottom: 30px;\n}\n@media (min-width:550px) {\n  #section_761656224 {\n    padding-top: 30px;\n    padding-bottom: 30px;\n  }\n}\n@media (min-width:850px) {\n  #section_761656224 {\n    padding-top: 80px;\n    padding-bottom: 80px;\n  }\n}\n<\/style>\n\t<\/section>\n\t\n\n\n\t<section class=\"section\" id=\"section_870010996\">\n\t\t<div class=\"bg section-bg fill bg-fill  bg-loaded\" >\n\n\t\t\t\n\t\t\t\n\t\t\t\n\n\t\t<\/div>\n\n\t\t\n\n\t\t<div class=\"section-content relative\">\n\t\t\t\n<div class=\"row\"  id=\"row-1506039651\">\n\n\t<div id=\"col-1362417301\" class=\"col small-12 large-12\"  >\n\t\t\t\t<div class=\"col-inner\"  >\n\t\t\t\n\t\t\t\n\t<div id=\"text-420803818\" class=\"text\">\n\t\t\n<h1><strong><span style=\"font-size: 100%;\">CERTIFICAT<\/span><\/strong><\/h1>\n\t\t\n<style>\n#text-420803818 {\n  font-size: 1.3rem;\n  text-align: center;\n}\n<\/style>\n\t<\/div>\n\t\n\t\t<\/div>\n\t\t\t\t\t<\/div>\n\n\t\n\n\t<div id=\"col-96250860\" class=\"col medium-4 small-12 large-4\"  >\n\t\t\t\t<div class=\"col-inner\"  >\n\t\t\t\n\t\t\t\n\t<div class=\"img has-hover x md-x lg-x y md-y lg-y\" id=\"image_1381095342\">\n\t\t\t\t\t\t\t\t<div class=\"img-inner dark\" >\n\t\t\t<img loading=\"lazy\" decoding=\"async\" width=\"724\" height=\"1024\" src=\"https:\/\/keweisolder.com\/wp-content\/uploads\/2024\/09\/Solder-Wire-Solder-Bar_ROHS-724x1024.webp\" class=\"attachment-large size-large\" alt=\"Alliage de soudure_ROHS\" srcset=\"https:\/\/keweisolder.com\/wp-content\/uploads\/2024\/09\/Solder-Wire-Solder-Bar_ROHS-724x1024.webp 724w, https:\/\/keweisolder.com\/wp-content\/uploads\/2024\/09\/Solder-Wire-Solder-Bar_ROHS-212x300.webp 212w, https:\/\/keweisolder.com\/wp-content\/uploads\/2024\/09\/Solder-Wire-Solder-Bar_ROHS-768x1086.webp 768w, https:\/\/keweisolder.com\/wp-content\/uploads\/2024\/09\/Solder-Wire-Solder-Bar_ROHS-8x12.webp 8w, https:\/\/keweisolder.com\/wp-content\/uploads\/2024\/09\/Solder-Wire-Solder-Bar_ROHS-600x849.webp 600w, https:\/\/keweisolder.com\/wp-content\/uploads\/2024\/09\/Solder-Wire-Solder-Bar_ROHS.webp 900w\" sizes=\"auto, (max-width: 724px) 100vw, 724px\" \/>\t\t\t\t\t\t\n\t\t\t\t\t<\/div>\n\t\t\t\t\t\t\t\t\n<style>\n#image_1381095342 {\n  width: 100%;\n}\n<\/style>\n\t<\/div>\n\t\n\t\t<\/div>\n\t\t\t\t\t<\/div>\n\n\t\n\n\t<div id=\"col-1882863778\" class=\"col medium-4 small-12 large-4\"  >\n\t\t\t\t<div class=\"col-inner\"  >\n\t\t\t\n\t\t\t\n\t<div class=\"img has-hover x md-x lg-x y md-y lg-y\" id=\"image_1474797124\">\n\t\t\t\t\t\t\t\t<div class=\"img-inner dark\" >\n\t\t\t<img loading=\"lazy\" decoding=\"async\" width=\"724\" height=\"1024\" src=\"https:\/\/keweisolder.com\/wp-content\/uploads\/2024\/09\/Solder-wire-Solder-Bar_REACH-724x1024.webp\" class=\"attachment-large size-large\" alt=\"Alliage de soudure_REACH\" srcset=\"https:\/\/keweisolder.com\/wp-content\/uploads\/2024\/09\/Solder-wire-Solder-Bar_REACH-724x1024.webp 724w, https:\/\/keweisolder.com\/wp-content\/uploads\/2024\/09\/Solder-wire-Solder-Bar_REACH-212x300.webp 212w, https:\/\/keweisolder.com\/wp-content\/uploads\/2024\/09\/Solder-wire-Solder-Bar_REACH-768x1086.webp 768w, https:\/\/keweisolder.com\/wp-content\/uploads\/2024\/09\/Solder-wire-Solder-Bar_REACH-8x12.webp 8w, https:\/\/keweisolder.com\/wp-content\/uploads\/2024\/09\/Solder-wire-Solder-Bar_REACH-600x849.webp 600w, https:\/\/keweisolder.com\/wp-content\/uploads\/2024\/09\/Solder-wire-Solder-Bar_REACH.webp 900w\" sizes=\"auto, (max-width: 724px) 100vw, 724px\" \/>\t\t\t\t\t\t\n\t\t\t\t\t<\/div>\n\t\t\t\t\t\t\t\t\n<style>\n#image_1474797124 {\n  width: 100%;\n}\n<\/style>\n\t<\/div>\n\t\n\t\t<\/div>\n\t\t\t\t\t<\/div>\n\n\t\n\n\t<div id=\"col-1724089713\" class=\"col medium-4 small-12 large-4\"  >\n\t\t\t\t<div class=\"col-inner\"  >\n\t\t\t\n\t\t\t\n\t<div class=\"img has-hover x md-x lg-x y md-y lg-y\" id=\"image_595299136\">\n\t\t\t\t\t\t\t\t<div class=\"img-inner dark\" >\n\t\t\t<img loading=\"lazy\" decoding=\"async\" width=\"724\" height=\"1024\" src=\"https:\/\/keweisolder.com\/wp-content\/uploads\/2024\/09\/lead-free-solder-wire_Halogen-724x1024.webp\" class=\"attachment-large size-large\" alt=\"Alliage de soudure_Halog\u00e8ne\" srcset=\"https:\/\/keweisolder.com\/wp-content\/uploads\/2024\/09\/lead-free-solder-wire_Halogen-724x1024.webp 724w, https:\/\/keweisolder.com\/wp-content\/uploads\/2024\/09\/lead-free-solder-wire_Halogen-212x300.webp 212w, https:\/\/keweisolder.com\/wp-content\/uploads\/2024\/09\/lead-free-solder-wire_Halogen-768x1086.webp 768w, https:\/\/keweisolder.com\/wp-content\/uploads\/2024\/09\/lead-free-solder-wire_Halogen-8x12.webp 8w, https:\/\/keweisolder.com\/wp-content\/uploads\/2024\/09\/lead-free-solder-wire_Halogen-600x849.webp 600w, https:\/\/keweisolder.com\/wp-content\/uploads\/2024\/09\/lead-free-solder-wire_Halogen.webp 900w\" sizes=\"auto, (max-width: 724px) 100vw, 724px\" \/>\t\t\t\t\t\t\n\t\t\t\t\t<\/div>\n\t\t\t\t\t\t\t\t\n<style>\n#image_595299136 {\n  width: 100%;\n}\n<\/style>\n\t<\/div>\n\t\n\t\t<\/div>\n\t\t\t\t\t<\/div>\n\n\t\n<\/div>\n\t<div id=\"gap-1802213889\" class=\"gap-element clearfix\" style=\"display:block; height:auto;\">\n\t\t\n<style>\n#gap-1802213889 {\n  padding-top: 30px;\n}\n<\/style>\n\t<\/div>\n\t\n\t\t<\/div>\n\n\t\t\n<style>\n#section_870010996 {\n  padding-top: 30px;\n  padding-bottom: 30px;\n}\n<\/style>\n\t<\/section>\n\t\n\t<section class=\"section\" id=\"section_914930810\">\n\t\t<div class=\"bg section-bg fill bg-fill  bg-loaded\" >\n\n\t\t\t\t<div class=\"video-overlay no-click fill\"><\/div>\n\t<div id=\"ytplayer-986\" class=\"ux-youtube fill object-fit hide-for-medium\" data-videoid=\"https:\/\/youtu.be\/IUzC21jFZPg\" data-loop=\"1\" data-audio=\"0\"><\/div>\n\n\t\t\t<div class=\"section-bg-overlay absolute fill\"><\/div>\n\t\t\t\n\n\t\t<\/div>\n\n\t\t\n\n\t\t<div class=\"section-content relative\">\n\t\t\t\n\t<div id=\"gap-123916995\" class=\"gap-element clearfix\" style=\"display:block; height:auto;\">\n\t\t\n<style>\n#gap-123916995 {\n  padding-top: 30px;\n}\n<\/style>\n\t<\/div>\n\t\n<div class=\"row align-center\"  id=\"row-754130449\">\n\n\t<div id=\"col-1544690797\" class=\"col medium-10 small-12 large-10\"  >\n\t\t\t\t<div class=\"col-inner\"  >\n\t\t\t\n\t\t\t\n\t<div id=\"text-3659469270\" class=\"text\">\n\t\t\n<div class=\"fusion-text fusion-text-1\">\n<h2 class=\"fusion-responsive-typography-calculated\" data-lineheight=\"47.6px\" data-fontsize=\"34\"><span style=\"color: #fafafa;\"><strong><em>Un fabricant mondial de produits de soudure et de brasage<\/em><\/strong><\/span><\/h2>\n<\/div>\n\t\t\n<style>\n#text-3659469270 {\n  font-size: 1.35rem;\n  text-align: center;\n  color: rgb(255,255,255);\n}\n#text-3659469270 > * {\n  color: rgb(255,255,255);\n}\n<\/style>\n\t<\/div>\n\t\n<div class=\"text-center\"><div class=\"is-divider divider clearfix\" style=\"background-color:rgb(255, 255, 255);\"><\/div><\/div>\n\t\t<\/div>\n\t\t\t\t\n<style>\n#col-1544690797 > .col-inner {\n  margin: 0px 0px -20px 0px;\n}\n<\/style>\n\t<\/div>\n\n\t\n<\/div>\n<div class=\"row\"  id=\"row-1467361802\">\n\n\t<div id=\"col-515889764\" class=\"col small-12 large-12\"  >\n\t\t\t\t<div class=\"col-inner text-center\"  >\n\t\t\t\n\t\t\t\n<a href=\"\/fr\/shop\/\" class=\"button white\"  style=\"border-radius:99px;\">\n    <span>En savoir plus<\/span>\n  <\/a>\n\n\t\t<\/div>\n\t\t\t\t\n<style>\n#col-515889764 > .col-inner {\n  margin: 0px 0px -20px 0px;\n}\n<\/style>\n\t<\/div>\n\n\t\n<\/div>\n\t\t<\/div>\n\n\t\t\n<style>\n#section_914930810 {\n  padding-top: 30px;\n  padding-bottom: 30px;\n}\n#section_914930810 .section-bg-overlay {\n  background-color: rgb(58, 181, 75);\n}\n<\/style>\n\t<\/section>\n\t\n\t<section class=\"section\" id=\"section_2112028333\">\n\t\t<div class=\"bg section-bg fill bg-fill  bg-loaded\" >\n\n\t\t\t\n\t\t\t\n\t\t\t\n\n\t\t<\/div>\n\n\t\t\n\n\t\t<div class=\"section-content relative\">\n\t\t\t\n<div class=\"row\"  id=\"row-1128416860\">\n\n\t<div id=\"col-866833647\" class=\"col small-12 large-12\"  >\n\t\t\t\t<div class=\"col-inner\"  >\n\t\t\t\n\t\t\t\n\t<div id=\"gap-1743540870\" class=\"gap-element clearfix hide-for-medium\" style=\"display:block; height:auto;\">\n\t\t\n<style>\n#gap-1743540870 {\n  padding-top: 30px;\n}\n<\/style>\n\t<\/div>\n\t\n\t\t<\/div>\n\t\t\t\t\n<style>\n#col-866833647 > .col-inner {\n  margin: 0px 0px -20px 0px;\n}\n<\/style>\n\t<\/div>\n\n\t\n<\/div>\n<div class=\"row align-equal\" style=\"max-width:1400px\" id=\"row-966541185\">\n\n\t<div id=\"col-1144941689\" class=\"col medium-12 small-12 large-6\"  >\n\t\t\t\t<div class=\"col-inner\"  >\n\t\t\t\n\t\t\t\n\t<div class=\"img has-hover x md-x lg-x y md-y lg-y\" id=\"image_892998228\">\n\t\t\t\t\t\t\t\t<div class=\"img-inner box-shadow-1 box-shadow-5-hover dark\" >\n\t\t\t<img loading=\"lazy\" decoding=\"async\" width=\"747\" height=\"519\" src=\"https:\/\/keweisolder.com\/wp-content\/uploads\/2024\/09\/solder-wireing-manufacturer-2.webp\" class=\"attachment-original size-original\" alt=\"fabricant de c\u00e2bles \u00e0 souder\" srcset=\"https:\/\/keweisolder.com\/wp-content\/uploads\/2024\/09\/solder-wireing-manufacturer-2.webp 747w, https:\/\/keweisolder.com\/wp-content\/uploads\/2024\/09\/solder-wireing-manufacturer-2-300x208.webp 300w, https:\/\/keweisolder.com\/wp-content\/uploads\/2024\/09\/solder-wireing-manufacturer-2-18x12.webp 18w, https:\/\/keweisolder.com\/wp-content\/uploads\/2024\/09\/solder-wireing-manufacturer-2-600x417.webp 600w\" sizes=\"auto, (max-width: 747px) 100vw, 747px\" \/>\t\t\t\t\t\t\n\t\t\t\t\t<\/div>\n\t\t\t\t\t\t\t\t\n<style>\n#image_892998228 {\n  width: 100%;\n}\n@media (min-width:550px) {\n  #image_892998228 {\n    width: 100%;\n  }\n}\n<\/style>\n\t<\/div>\n\t\n\t\t<\/div>\n\t\t\t\t\n<style>\n#col-1144941689 > .col-inner {\n  padding: 0px 0px 0px 0px;\n}\n@media (min-width:550px) {\n  #col-1144941689 > .col-inner {\n    padding: 0px 0px 0px 0px;\n  }\n}\n@media (min-width:850px) {\n  #col-1144941689 > .col-inner {\n    padding: 0px 30px 0px 0px;\n  }\n}\n<\/style>\n\t<\/div>\n\n\t\n\n\t<div id=\"col-918817267\" class=\"col medium-12 small-12 large-6 medium-col-first\"  >\n\t\t\t\t<div class=\"col-inner\"  >\n\t\t\t\n\t\t\t\n\t<div id=\"text-4131044647\" class=\"text\">\n\t\t\n<h2>L'\u00c9QUIPE DE LA SOCI\u00c9T\u00c9<\/h2>\n\t\t\n<style>\n#text-4131044647 {\n  font-size: 1rem;\n}\n@media (min-width:550px) {\n  #text-4131044647 {\n    font-size: 1rem;\n  }\n}\n@media (min-width:850px) {\n  #text-4131044647 {\n    font-size: 1.3rem;\n  }\n}\n<\/style>\n\t<\/div>\n\t\n<div class=\"is-divider divider clearfix\" style=\"max-width:50px;height:4px;background-color:rgb(59, 181, 76);\"><\/div>\n\t<div id=\"gap-1524444729\" class=\"gap-element clearfix\" style=\"display:block; height:auto;\">\n\t\t\n<style>\n#gap-1524444729 {\n  padding-top: 20px;\n}\n<\/style>\n\t<\/div>\n\t\n<p>En tant que leader <strong>fabricant de soudure<\/strong>Notre \u00e9quipe est compos\u00e9e de professionnels qualifi\u00e9s poss\u00e9dant une vaste exp\u00e9rience dans l'industrie du brasage. Des sp\u00e9cialistes de la production aux experts du contr\u00f4le de la qualit\u00e9, nous veillons \u00e0 ce que chaque produit r\u00e9ponde aux normes les plus strictes. \u00c0 notre <strong>usine de brasage<\/strong>Nos ing\u00e9nieurs sp\u00e9cialis\u00e9s travaillent en \u00e9troite collaboration avec les clients pour leur offrir <strong>services personnalisables<\/strong>Notre \u00e9quipe s'engage \u00e0 fournir des produits exceptionnels et une assistance client\u00e8le hors pair, garantissant des r\u00e9sultats fiables et des partenariats \u00e0 long terme. Notre \u00e9quipe s'engage \u00e0 fournir des produits exceptionnels et une assistance client\u00e8le hors pair, garantissant ainsi des r\u00e9sultats fiables et des partenariats \u00e0 long terme.<\/p>\n\t<div id=\"gap-1772882333\" class=\"gap-element clearfix\" style=\"display:block; height:auto;\">\n\t\t\n<style>\n#gap-1772882333 {\n  padding-top: 30px;\n}\n<\/style>\n\t<\/div>\n\t\n<a href=\"\/fr\/contact\/\" class=\"button primary\"  style=\"border-radius:99px;\">\n    <span>Rejoignez-nous maintenant<\/span>\n  <\/a>\n\n\t\t<\/div>\n\t\t\t\t\n<style>\n#col-918817267 > .col-inner {\n  padding: 0px 0px 0px 0px;\n}\n@media (min-width:550px) {\n  #col-918817267 > .col-inner {\n    padding: 0px 0px 0px 0px;\n  }\n}\n@media (min-width:850px) {\n  #col-918817267 > .col-inner {\n    padding: 0px 90px 0px 30px;\n  }\n}\n<\/style>\n\t<\/div>\n\n\t\n<\/div>\n\t\t<\/div>\n\n\t\t\n<style>\n#section_2112028333 {\n  padding-top: 0px;\n  padding-bottom: 0px;\n}\n@media (min-width:550px) {\n  #section_2112028333 {\n    padding-top: 0px;\n    padding-bottom: 0px;\n  }\n}\n@media (min-width:850px) {\n  #section_2112028333 {\n    padding-top: 50px;\n    padding-bottom: 50px;\n  }\n}\n<\/style>\n\t<\/section>","protected":false},"excerpt":{"rendered":"","protected":false},"author":1,"featured_media":0,"parent":0,"menu_order":0,"comment_status":"closed","ping_status":"closed","template":"page-blank.php","meta":{"footnotes":""},"class_list":["post-25","page","type-page","status-publish","hentry"],"yoast_head":"<!-- This site is optimized with the Yoast SEO plugin v25.5 - https:\/\/yoast.com\/wordpress\/plugins\/seo\/ -->\n<title>about Kewei Solder<\/title>\n<meta name=\"description\" content=\"Kewei Solder \u2013 a leading manufacturer of solder assembly materials, dedicated to producing high-quality soldering materials for a variety of industries.\" \/>\n<meta name=\"robots\" content=\"index, follow, max-snippet:-1, max-image-preview:large, max-video-preview:-1\" \/>\n<link rel=\"canonical\" href=\"https:\/\/keweisolder.com\/fr\/about\/\" \/>\n<meta property=\"og:locale\" content=\"fr_FR\" \/>\n<meta property=\"og:type\" content=\"article\" \/>\n<meta property=\"og:title\" content=\"about Kewei Solder\" \/>\n<meta property=\"og:description\" content=\"Kewei Solder \u2013 a leading manufacturer of solder assembly materials, dedicated to producing high-quality soldering materials for a variety of industries.\" \/>\n<meta property=\"og:url\" content=\"https:\/\/keweisolder.com\/fr\/about\/\" \/>\n<meta property=\"og:site_name\" content=\"Kewei Industries HK Limited\" \/>\n<meta property=\"article:modified_time\" content=\"2024-10-21T09:02:47+00:00\" \/>\n<meta name=\"twitter:card\" content=\"summary_large_image\" \/>\n<meta name=\"twitter:label1\" content=\"Dur\u00e9e de lecture estim\u00e9e\" \/>\n\t<meta name=\"twitter:data1\" content=\"4 minutes\" \/>\n<script type=\"application\/ld+json\" class=\"yoast-schema-graph\">{\"@context\":\"https:\/\/schema.org\",\"@graph\":[{\"@type\":\"WebPage\",\"@id\":\"https:\/\/keweisolder.com\/about\/\",\"url\":\"https:\/\/keweisolder.com\/about\/\",\"name\":\"about Kewei Solder\",\"isPartOf\":{\"@id\":\"https:\/\/keweisolder.com\/#website\"},\"datePublished\":\"2023-03-05T10:39:43+00:00\",\"dateModified\":\"2024-10-21T09:02:47+00:00\",\"description\":\"Kewei Solder \u2013 a leading manufacturer of solder assembly materials, dedicated to producing high-quality soldering materials for a variety of industries.\",\"breadcrumb\":{\"@id\":\"https:\/\/keweisolder.com\/about\/#breadcrumb\"},\"inLanguage\":\"fr-FR\",\"potentialAction\":[{\"@type\":\"ReadAction\",\"target\":[\"https:\/\/keweisolder.com\/about\/\"]}]},{\"@type\":\"BreadcrumbList\",\"@id\":\"https:\/\/keweisolder.com\/about\/#breadcrumb\",\"itemListElement\":[{\"@type\":\"ListItem\",\"position\":1,\"name\":\"Accueil\",\"item\":\"https:\/\/keweisolder.com\/\"},{\"@type\":\"ListItem\",\"position\":2,\"name\":\"About\"}]},{\"@type\":\"WebSite\",\"@id\":\"https:\/\/keweisolder.com\/#website\",\"url\":\"https:\/\/keweisolder.com\/\",\"name\":\"Kewei Industries HK Limited\",\"description\":\"Tin factoty mainly making soldering related products.\",\"potentialAction\":[{\"@type\":\"SearchAction\",\"target\":{\"@type\":\"EntryPoint\",\"urlTemplate\":\"https:\/\/keweisolder.com\/?s={search_term_string}\"},\"query-input\":{\"@type\":\"PropertyValueSpecification\",\"valueRequired\":true,\"valueName\":\"search_term_string\"}}],\"inLanguage\":\"fr-FR\"}]}<\/script>\n<!-- \/ Yoast SEO plugin. -->","yoast_head_json":{"title":"\u00e0 propos de Kewei Solder","description":"Kewei Solder - un fabricant de premier plan de mat\u00e9riaux d'assemblage par brasage, qui se consacre \u00e0 la production de mat\u00e9riaux de brasage de haute qualit\u00e9 pour une vari\u00e9t\u00e9 d'industries.","robots":{"index":"index","follow":"follow","max-snippet":"max-snippet:-1","max-image-preview":"max-image-preview:large","max-video-preview":"max-video-preview:-1"},"canonical":"https:\/\/keweisolder.com\/fr\/about\/","og_locale":"fr_FR","og_type":"article","og_title":"about Kewei Solder","og_description":"Kewei Solder \u2013 a leading manufacturer of solder assembly materials, dedicated to producing high-quality soldering materials for a variety of industries.","og_url":"https:\/\/keweisolder.com\/fr\/about\/","og_site_name":"Kewei Industries HK Limited","article_modified_time":"2024-10-21T09:02:47+00:00","twitter_card":"summary_large_image","twitter_misc":{"Dur\u00e9e de lecture estim\u00e9e":"4 minutes"},"schema":{"@context":"https:\/\/schema.org","@graph":[{"@type":"WebPage","@id":"https:\/\/keweisolder.com\/about\/","url":"https:\/\/keweisolder.com\/about\/","name":"\u00e0 propos de Kewei Solder","isPartOf":{"@id":"https:\/\/keweisolder.com\/#website"},"datePublished":"2023-03-05T10:39:43+00:00","dateModified":"2024-10-21T09:02:47+00:00","description":"Kewei Solder - un fabricant de premier plan de mat\u00e9riaux d'assemblage par brasage, qui se consacre \u00e0 la production de mat\u00e9riaux de brasage de haute qualit\u00e9 pour une vari\u00e9t\u00e9 d'industries.","breadcrumb":{"@id":"https:\/\/keweisolder.com\/about\/#breadcrumb"},"inLanguage":"fr-FR","potentialAction":[{"@type":"ReadAction","target":["https:\/\/keweisolder.com\/about\/"]}]},{"@type":"BreadcrumbList","@id":"https:\/\/keweisolder.com\/about\/#breadcrumb","itemListElement":[{"@type":"ListItem","position":1,"name":"Accueil","item":"https:\/\/keweisolder.com\/"},{"@type":"ListItem","position":2,"name":"About"}]},{"@type":"WebSite","@id":"https:\/\/keweisolder.com\/#website","url":"https:\/\/keweisolder.com\/","name":"Kewei Industries HK Limited","description":"La soci\u00e9t\u00e9 Tin Factoty fabrique principalement des produits li\u00e9s \u00e0 la soudure.","potentialAction":[{"@type":"SearchAction","target":{"@type":"EntryPoint","urlTemplate":"https:\/\/keweisolder.com\/?s={search_term_string}"},"query-input":{"@type":"PropertyValueSpecification","valueRequired":true,"valueName":"search_term_string"}}],"inLanguage":"fr-FR"}]}},"_links":{"self":[{"href":"https:\/\/keweisolder.com\/fr\/wp-json\/wp\/v2\/pages\/25","targetHints":{"allow":["GET"]}}],"collection":[{"href":"https:\/\/keweisolder.com\/fr\/wp-json\/wp\/v2\/pages"}],"about":[{"href":"https:\/\/keweisolder.com\/fr\/wp-json\/wp\/v2\/types\/page"}],"author":[{"embeddable":true,"href":"https:\/\/keweisolder.com\/fr\/wp-json\/wp\/v2\/users\/1"}],"replies":[{"embeddable":true,"href":"https:\/\/keweisolder.com\/fr\/wp-json\/wp\/v2\/comments?post=25"}],"version-history":[{"count":0,"href":"https:\/\/keweisolder.com\/fr\/wp-json\/wp\/v2\/pages\/25\/revisions"}],"wp:attachment":[{"href":"https:\/\/keweisolder.com\/fr\/wp-json\/wp\/v2\/media?parent=25"}],"curies":[{"name":"wp","href":"https:\/\/api.w.org\/{rel}","templated":true}]}}