{"id":1611,"date":"2024-09-21T13:05:03","date_gmt":"2024-09-21T13:05:03","guid":{"rendered":"https:\/\/keweisolder.com\/?post_type=product&#038;p=1611"},"modified":"2024-10-18T11:02:48","modified_gmt":"2024-10-18T11:02:48","slug":"solder-bar","status":"publish","type":"product","link":"https:\/\/keweisolder.com\/fr\/manufacturer\/solder-bar\/","title":{"rendered":"Barre de soudure"},"content":{"rendered":"<table id=\"tablepress-8\" class=\"tablepress tablepress-id-8\">\n<thead>\n<tr class=\"row-1\">\n\t<th class=\"column-1\">Mod\u00e8le<\/th><th class=\"column-2\">Point de fusion<\/th><th class=\"column-3\">Densit\u00e9<\/th>\n<\/tr>\n<\/thead>\n<tbody class=\"row-striping row-hover\">\n<tr class=\"row-2\">\n\t<td class=\"column-1\">Sn63Pb37<\/td><td class=\"column-2\">183<\/td><td class=\"column-3\">8.4<\/td>\n<\/tr>\n<tr class=\"row-3\">\n\t<td class=\"column-1\">Sn60Pb40<\/td><td class=\"column-2\">183~190<\/td><td class=\"column-3\">8.5<\/td>\n<\/tr>\n<tr class=\"row-4\">\n\t<td class=\"column-1\">Sn55Pb45<\/td><td class=\"column-2\">183~203<\/td><td class=\"column-3\">8.7<\/td>\n<\/tr>\n<tr class=\"row-5\">\n\t<td class=\"column-1\">Sn50Pb50<\/td><td class=\"column-2\">183~216<\/td><td class=\"column-3\">8.9<\/td>\n<\/tr>\n<tr class=\"row-6\">\n\t<td class=\"column-1\">Sn45Pb55<\/td><td class=\"column-2\">183~227<\/td><td class=\"column-3\">9.1<\/td>\n<\/tr>\n<tr class=\"row-7\">\n\t<td class=\"column-1\">Sn40Pb60<\/td><td class=\"column-2\">183~238<\/td><td class=\"column-3\">9.3<\/td>\n<\/tr>\n<tr class=\"row-8\">\n\t<td class=\"column-1\">Sn35Pb65<\/td><td class=\"column-2\">183~247<\/td><td class=\"column-3\">9.5<\/td>\n<\/tr>\n<tr class=\"row-9\">\n\t<td class=\"column-1\">Sn30Pb70<\/td><td class=\"column-2\">183~255<\/td><td class=\"column-3\">9.7<\/td>\n<\/tr>\n<tr class=\"row-10\">\n\t<td class=\"column-1\">Sn25Pb75<\/td><td class=\"column-2\">183-266<\/td><td class=\"column-3\">9.9<\/td>\n<\/tr>\n<tr class=\"row-11\">\n\t<td class=\"column-1\">Sn99.3Cu0.7<\/td><td class=\"column-2\">227<\/td><td class=\"column-3\">7.4<\/td>\n<\/tr>\n<\/tbody>\n<\/table>\n<!-- #tablepress-8 from cache -->\n<h2>Pourquoi choisir notre barre de soudure<\/h2>\n<div class=\"row\"  id=\"row-1374984091\">\n\n\t<div id=\"col-1902842972\" class=\"col medium-4 small-12 large-4\"  >\n\t\t\t\t<div class=\"col-inner\"  >\n\t\t\t\n\t\t\t\n\t<div class=\"box has-hover   has-hover box-text-bottom\" >\n\n\t\t<div class=\"box-image\" >\n\t\t\t\t\t\t<div class=\"\" >\n\t\t\t\t<img loading=\"lazy\" decoding=\"async\" width=\"600\" height=\"600\" src=\"https:\/\/keweisolder.com\/wp-content\/uploads\/2024\/10\/solder-bar-4.webp\" class=\"attachment- size-\" alt=\"barre de soudure\" srcset=\"https:\/\/keweisolder.com\/wp-content\/uploads\/2024\/10\/solder-bar-4.webp 600w, https:\/\/keweisolder.com\/wp-content\/uploads\/2024\/10\/solder-bar-4-300x300.webp 300w, https:\/\/keweisolder.com\/wp-content\/uploads\/2024\/10\/solder-bar-4-150x150.webp 150w, https:\/\/keweisolder.com\/wp-content\/uploads\/2024\/10\/solder-bar-4-12x12.webp 12w, https:\/\/keweisolder.com\/wp-content\/uploads\/2024\/10\/solder-bar-4-100x100.webp 100w\" sizes=\"auto, (max-width: 600px) 100vw, 600px\" \/>\t\t\t\t\t\t\t\t\t\t\t<\/div>\n\t\t\t\t\t<\/div>\n\n\t\t<div class=\"box-text text-center\" >\n\t\t\t<div class=\"box-text-inner\">\n\t\t\t\t\n<h4>Joints de soudure brillants<\/h4>\n\t\t\t<\/div>\n\t\t<\/div>\n\t<\/div>\n\t\n\t\t<\/div>\n\t\t\t\t\t<\/div>\n\n\t\n\n\t<div id=\"col-777218248\" class=\"col medium-4 small-12 large-4\"  >\n\t\t\t\t<div class=\"col-inner\"  >\n\t\t\t\n\t\t\t\n\t<div class=\"box has-hover   has-hover box-text-bottom\" >\n\n\t\t<div class=\"box-image\" >\n\t\t\t\t\t\t<div class=\"\" >\n\t\t\t\t<img loading=\"lazy\" decoding=\"async\" width=\"600\" height=\"600\" src=\"https:\/\/keweisolder.com\/wp-content\/uploads\/2024\/10\/solder-bar-3.webp\" class=\"attachment- size-\" alt=\"barre de soudure\" srcset=\"https:\/\/keweisolder.com\/wp-content\/uploads\/2024\/10\/solder-bar-3.webp 600w, https:\/\/keweisolder.com\/wp-content\/uploads\/2024\/10\/solder-bar-3-300x300.webp 300w, https:\/\/keweisolder.com\/wp-content\/uploads\/2024\/10\/solder-bar-3-150x150.webp 150w, https:\/\/keweisolder.com\/wp-content\/uploads\/2024\/10\/solder-bar-3-12x12.webp 12w, https:\/\/keweisolder.com\/wp-content\/uploads\/2024\/10\/solder-bar-3-100x100.webp 100w\" sizes=\"auto, (max-width: 600px) 100vw, 600px\" \/>\t\t\t\t\t\t\t\t\t\t\t<\/div>\n\t\t\t\t\t<\/div>\n\n\t\t<div class=\"box-text text-center\" >\n\t\t\t<div class=\"box-text-inner\">\n\t\t\t\t\n<h4>Efficacit\u00e9 de soudage \u00e9lev\u00e9e<\/h4>\n\t\t\t<\/div>\n\t\t<\/div>\n\t<\/div>\n\t\n\t\t<\/div>\n\t\t\t\t\t<\/div>\n\n\t\n\n\t<div id=\"col-1926092721\" class=\"col medium-4 small-12 large-4\"  >\n\t\t\t\t<div class=\"col-inner\"  >\n\t\t\t\n\t\t\t\n\t<div class=\"box has-hover   has-hover box-text-bottom\" >\n\n\t\t<div class=\"box-image\" >\n\t\t\t\t\t\t<div class=\"\" >\n\t\t\t\t<img loading=\"lazy\" decoding=\"async\" width=\"600\" height=\"600\" src=\"https:\/\/keweisolder.com\/wp-content\/uploads\/2024\/10\/solder-bar-1.webp\" class=\"attachment- size-\" alt=\"barre de soudure\" srcset=\"https:\/\/keweisolder.com\/wp-content\/uploads\/2024\/10\/solder-bar-1.webp 600w, https:\/\/keweisolder.com\/wp-content\/uploads\/2024\/10\/solder-bar-1-300x300.webp 300w, https:\/\/keweisolder.com\/wp-content\/uploads\/2024\/10\/solder-bar-1-150x150.webp 150w, https:\/\/keweisolder.com\/wp-content\/uploads\/2024\/10\/solder-bar-1-12x12.webp 12w, https:\/\/keweisolder.com\/wp-content\/uploads\/2024\/10\/solder-bar-1-100x100.webp 100w\" sizes=\"auto, (max-width: 600px) 100vw, 600px\" \/>\t\t\t\t\t\t\t\t\t\t\t<\/div>\n\t\t\t\t\t<\/div>\n\n\t\t<div class=\"box-text text-center\" >\n\t\t\t<div class=\"box-text-inner\">\n\t\t\t\t\n<h4>Haute puret\u00e9 et antioxydant<\/h4>\n\t\t\t<\/div>\n\t\t<\/div>\n\t<\/div>\n\t\n\t\t<\/div>\n\t\t\t\t\t<\/div>\n\n\t\n\n\t<div id=\"col-925651554\" class=\"col medium-4 small-12 large-4\"  >\n\t\t\t\t<div class=\"col-inner\"  >\n\t\t\t\n\t\t\t\n\t<div class=\"box has-hover   has-hover box-text-bottom\" >\n\n\t\t<div class=\"box-image\" >\n\t\t\t\t\t\t<div class=\"image-cover\" style=\"padding-top:75%;\">\n\t\t\t\t<img loading=\"lazy\" decoding=\"async\" width=\"750\" height=\"500\" src=\"https:\/\/keweisolder.com\/wp-content\/uploads\/2024\/09\/solder-wire-suppliers.webp\" class=\"attachment- size-\" alt=\"fournisseurs de fil de soudure\" srcset=\"https:\/\/keweisolder.com\/wp-content\/uploads\/2024\/09\/solder-wire-suppliers.webp 750w, https:\/\/keweisolder.com\/wp-content\/uploads\/2024\/09\/solder-wire-suppliers-300x200.webp 300w, https:\/\/keweisolder.com\/wp-content\/uploads\/2024\/09\/solder-wire-suppliers-18x12.webp 18w, https:\/\/keweisolder.com\/wp-content\/uploads\/2024\/09\/solder-wire-suppliers-600x400.webp 600w\" sizes=\"auto, (max-width: 750px) 100vw, 750px\" \/>\t\t\t\t\t\t\t\t\t\t\t<\/div>\n\t\t\t\t\t<\/div>\n\n\t\t<div class=\"box-text text-center\" >\n\t\t\t<div class=\"box-text-inner\">\n\t\t\t\t\n<h4>Service apr\u00e8s-vente<\/h4>\n\t\t\t<\/div>\n\t\t<\/div>\n\t<\/div>\n\t\n\t\t<\/div>\n\t\t\t\t\t<\/div>\n\n\t\n\n\t<div id=\"col-231133489\" class=\"col medium-4 small-12 large-4\"  >\n\t\t\t\t<div class=\"col-inner\"  >\n\t\t\t\n\t\t\t\n\t<div class=\"box has-hover   has-hover box-text-bottom\" >\n\n\t\t<div class=\"box-image\" >\n\t\t\t\t\t\t<div class=\"\" >\n\t\t\t\t<img loading=\"lazy\" decoding=\"async\" width=\"900\" height=\"675\" src=\"https:\/\/keweisolder.com\/wp-content\/uploads\/2024\/10\/shipment-2.webp\" class=\"attachment- size-\" alt=\"transport\" srcset=\"https:\/\/keweisolder.com\/wp-content\/uploads\/2024\/10\/shipment-2.webp 900w, https:\/\/keweisolder.com\/wp-content\/uploads\/2024\/10\/shipment-2-300x225.webp 300w, https:\/\/keweisolder.com\/wp-content\/uploads\/2024\/10\/shipment-2-768x576.webp 768w, https:\/\/keweisolder.com\/wp-content\/uploads\/2024\/10\/shipment-2-16x12.webp 16w, https:\/\/keweisolder.com\/wp-content\/uploads\/2024\/10\/shipment-2-600x450.webp 600w\" sizes=\"auto, (max-width: 900px) 100vw, 900px\" \/>\t\t\t\t\t\t\t\t\t\t\t<\/div>\n\t\t\t\t\t<\/div>\n\n\t\t<div class=\"box-text text-center\" >\n\t\t\t<div class=\"box-text-inner\">\n\t\t\t\t\n<h4>Livraison rapide<\/h4>\n\t\t\t<\/div>\n\t\t<\/div>\n\t<\/div>\n\t\n\t\t<\/div>\n\t\t\t\t\t<\/div>\n\n\t\n\n\t<div id=\"col-506030110\" class=\"col medium-4 small-12 large-4\"  >\n\t\t\t\t<div class=\"col-inner\"  >\n\t\t\t\n\t\t\t\n\t<div class=\"box has-hover   has-hover box-text-bottom\" >\n\n\t\t<div class=\"box-image\" >\n\t\t\t\t\t\t<div class=\"image-cover\" style=\"padding-top:75%;\">\n\t\t\t\t<img loading=\"lazy\" decoding=\"async\" width=\"750\" height=\"500\" src=\"https:\/\/keweisolder.com\/wp-content\/uploads\/2024\/09\/solder-wire-suppliers5.webp\" class=\"attachment- size-\" alt=\"fournisseurs de fil de soudure\" srcset=\"https:\/\/keweisolder.com\/wp-content\/uploads\/2024\/09\/solder-wire-suppliers5.webp 750w, https:\/\/keweisolder.com\/wp-content\/uploads\/2024\/09\/solder-wire-suppliers5-300x200.webp 300w, https:\/\/keweisolder.com\/wp-content\/uploads\/2024\/09\/solder-wire-suppliers5-18x12.webp 18w, https:\/\/keweisolder.com\/wp-content\/uploads\/2024\/09\/solder-wire-suppliers5-600x400.webp 600w\" sizes=\"auto, (max-width: 750px) 100vw, 750px\" \/>\t\t\t\t\t\t\t\t\t\t\t<\/div>\n\t\t\t\t\t<\/div>\n\n\t\t<div class=\"box-text text-center\" >\n\t\t\t<div class=\"box-text-inner\">\n\t\t\t\t\n<h4>\u00c9quipe professionnelle<\/h4>\n\t\t\t<\/div>\n\t\t<\/div>\n\t<\/div>\n\t\n\t\t<\/div>\n\t\t\t\t\t<\/div>\n\n\t\n<\/div>\n<div class=\"video video-fit mb\" style=\"padding-top:56.25%;\"><p><iframe loading=\"lazy\" title=\"Barre de soudure sans plomb\" width=\"1020\" height=\"574\" src=\"https:\/\/www.youtube.com\/embed\/rRYd6nkJrNg?feature=oembed\" frameborder=\"0\" allow=\"accelerometer; autoplay; clipboard-write; encrypted-media; gyroscope; picture-in-picture; web-share\" referrerpolicy=\"strict-origin-when-cross-origin\" allowfullscreen><\/iframe><\/p>\n<\/div>\n<h2><strong>FAQ<\/strong><\/h2>\n<p><b data-spm-anchor-id=\"a2700.details.0.i37.58051a0442HZr9\">1. Qui sommes-nous ?<\/b><br \/>\nNous sommes une usine Tin bas\u00e9e \u00e0 Guangdong, Chine, d\u00e9but 2018, vendre \u00e0 Domestic Market(15.00%),Southeast Asia(13.00%),North America(10.00%),South Asia(10.00%),Mid East(9.00%),Northern Europe(8.00%),Am\u00e9rique du Sud(8.00%),Europe du Sud(6.00%),Europe de l'Est(5.00%),Afrique(4.00%),Europe de l'Ouest(4.00%),Am\u00e9rique centrale(3.00%),Asie de l'Est(3.00%),Oc\u00e9anie(2.00%). Notre bureau compte au total entre 101 et 200 personnes.<\/p>\n<p><b>2. Comment pouvons-nous garantir la qualit\u00e9 ?<\/b><br \/>\nIl y a toujours un \u00e9chantillon de pr\u00e9production avant la production en s\u00e9rie ;<br \/>\nL'inspection finale est toujours effectu\u00e9e avant l'exp\u00e9dition ;<\/p>\n<p><b>3. que pouvez-vous acheter chez nous ?<\/b><br \/>\nFil de soudure,Barre de soudure,P\u00e2te \u00e0 braser,Fil de cuivre,Fil d'aluminium<\/p>\n<p><b>4. Pourquoi devriez-vous acheter chez nous plut\u00f4t que chez d'autres fournisseurs ?<\/b><br \/>\nKewei Tin manufaturer, principalement ax\u00e9 sur la R&amp;D, la production et la distribution de produits de soudure dans le monde entier. Actuellement, nous proposons des fils \u00e0 souder, des barres \u00e0 souder, de la p\u00e2te \u00e0 souder, des billes d'\u00e9tain, des flux de soudure et des p\u00e2tes \u00e0 souder sans plomb ni halgon, des outils de quincaillerie, etc.<\/p>\n<p><b>5. Quels services pouvons-nous fournir ?<\/b><br \/>\nConditions de livraison accept\u00e9es : FOB, CFR, CIF, EXW, DDP, DDU, Livraison Express\uff1b.<br \/>\nDevise de paiement accept\u00e9e : USD, EUR, JPY, CAD, AUD, HKD, CNY ;<br \/>\nType de paiement accept\u00e9 : T\/T, PayPal, Western Union, Esp\u00e8ces ;<br \/>\nLangues parl\u00e9es : anglais, chinois, espagnol, japonais, portugais, allemand, arabe, fran\u00e7ais, russe, cor\u00e9en, hindi, italien.<\/p>","protected":false},"excerpt":{"rendered":"<ul>\n<li><span style=\"font-size: 75%;\"><strong>Alliage de haute puret\u00e9<\/strong>: Nos barres de soudure sont fabriqu\u00e9es \u00e0 partir de m\u00e9taux de haute puret\u00e9, ce qui garantit une excellente conductivit\u00e9 \u00e9lectrique et des joints de soudure solides et durables.<\/span><\/li>\n<li><span style=\"font-size: 75%;\"><strong>Fusion en douceur<\/strong>: La barre de soudure fond uniform\u00e9ment, ce qui permet un \u00e9coulement r\u00e9gulier et la rend id\u00e9ale pour les processus de soudure manuelle et \u00e0 la vague.<\/span><\/li>\n<li><span style=\"font-size: 75%;\"><strong>Faible formation de crasse<\/strong>: Con\u00e7u pour minimiser la formation de crasse pendant le brasage, ce qui garantit des op\u00e9rations plus propres et une r\u00e9duction des d\u00e9chets de mat\u00e9riaux.<\/span><\/li>\n<li><span style=\"font-size: 75%;\"><strong>Options sans plomb<\/strong>: Nous proposons des barres de soudure sans plomb conformes \u00e0 la r\u00e9glementation RoHS, ainsi que des barres de soudure au plomb traditionnelles pour divers besoins industriels.<\/span><\/li>\n<li><span style=\"font-size: 75%;\"><strong>Applications polyvalentes<\/strong>: Parfait pour l'assemblage \u00e9lectronique, la plomberie et le brasage industriel g\u00e9n\u00e9ral, offrant des connexions fiables et durables.<\/span><\/li>\n<\/ul>","protected":false},"featured_media":1589,"template":"","meta":[],"product_brand":[],"product_cat":[37],"product_tag":[],"class_list":{"0":"post-1611","1":"product","2":"type-product","3":"status-publish","4":"has-post-thumbnail","6":"product_cat-solder-bar","8":"first","9":"instock","10":"shipping-taxable","11":"product-type-simple"},"yoast_head":"<!-- This site is optimized with the Yoast SEO plugin v25.5 - https:\/\/yoast.com\/wordpress\/plugins\/seo\/ -->\n<title>High Quality Solder Bar Manufacturer - Wholesale &amp; OEM Solution<\/title>\n<meta name=\"description\" content=\"As a leading solder bar manufacturer, we specialize in providing OEM solutions,tailored to meet the diverse needs of industries worldwide.\" \/>\n<meta name=\"robots\" content=\"index, follow, max-snippet:-1, max-image-preview:large, max-video-preview:-1\" \/>\n<link rel=\"canonical\" href=\"https:\/\/keweisolder.com\/fr\/manufacturer\/solder-bar\/\" \/>\n<meta property=\"og:locale\" content=\"fr_FR\" \/>\n<meta property=\"og:type\" content=\"article\" \/>\n<meta property=\"og:title\" content=\"High Quality Solder Bar Manufacturer - Wholesale &amp; OEM Solution\" \/>\n<meta property=\"og:description\" content=\"As a leading solder bar manufacturer, we specialize in providing OEM solutions,tailored to meet the diverse needs of industries worldwide.\" \/>\n<meta property=\"og:url\" content=\"https:\/\/keweisolder.com\/fr\/manufacturer\/solder-bar\/\" \/>\n<meta property=\"og:site_name\" content=\"Kewei Industries HK Limited\" \/>\n<meta property=\"article:modified_time\" content=\"2024-10-18T11:02:48+00:00\" \/>\n<meta property=\"og:image\" content=\"https:\/\/keweisolder.com\/wp-content\/uploads\/2024\/09\/solder-bar.webp\" \/>\n\t<meta property=\"og:image:width\" content=\"900\" \/>\n\t<meta property=\"og:image:height\" content=\"900\" \/>\n\t<meta property=\"og:image:type\" content=\"image\/webp\" \/>\n<meta name=\"twitter:card\" content=\"summary_large_image\" \/>\n<meta name=\"twitter:label1\" content=\"Dur\u00e9e de lecture estim\u00e9e\" \/>\n\t<meta name=\"twitter:data1\" content=\"2 minutes\" \/>\n<script type=\"application\/ld+json\" class=\"yoast-schema-graph\">{\"@context\":\"https:\/\/schema.org\",\"@graph\":[{\"@type\":\"WebPage\",\"@id\":\"https:\/\/keweisolder.com\/manufacturer\/solder-bar\/\",\"url\":\"https:\/\/keweisolder.com\/manufacturer\/solder-bar\/\",\"name\":\"High Quality Solder Bar Manufacturer - Wholesale & OEM Solution\",\"isPartOf\":{\"@id\":\"https:\/\/keweisolder.com\/#website\"},\"primaryImageOfPage\":{\"@id\":\"https:\/\/keweisolder.com\/manufacturer\/solder-bar\/#primaryimage\"},\"image\":{\"@id\":\"https:\/\/keweisolder.com\/manufacturer\/solder-bar\/#primaryimage\"},\"thumbnailUrl\":\"https:\/\/keweisolder.com\/wp-content\/uploads\/2024\/09\/solder-bar.webp\",\"datePublished\":\"2024-09-21T13:05:03+00:00\",\"dateModified\":\"2024-10-18T11:02:48+00:00\",\"description\":\"As a leading solder bar manufacturer, we specialize in providing OEM solutions,tailored to meet the diverse needs of industries worldwide.\",\"breadcrumb\":{\"@id\":\"https:\/\/keweisolder.com\/manufacturer\/solder-bar\/#breadcrumb\"},\"inLanguage\":\"fr-FR\",\"potentialAction\":[{\"@type\":\"ReadAction\",\"target\":[\"https:\/\/keweisolder.com\/manufacturer\/solder-bar\/\"]}]},{\"@type\":\"ImageObject\",\"inLanguage\":\"fr-FR\",\"@id\":\"https:\/\/keweisolder.com\/manufacturer\/solder-bar\/#primaryimage\",\"url\":\"https:\/\/keweisolder.com\/wp-content\/uploads\/2024\/09\/solder-bar.webp\",\"contentUrl\":\"https:\/\/keweisolder.com\/wp-content\/uploads\/2024\/09\/solder-bar.webp\",\"width\":900,\"height\":900,\"caption\":\"solder bar\"},{\"@type\":\"BreadcrumbList\",\"@id\":\"https:\/\/keweisolder.com\/manufacturer\/solder-bar\/#breadcrumb\",\"itemListElement\":[{\"@type\":\"ListItem\",\"position\":1,\"name\":\"Accueil\",\"item\":\"https:\/\/keweisolder.com\/\"},{\"@type\":\"ListItem\",\"position\":2,\"name\":\"Products\",\"item\":\"https:\/\/keweisolder.com\/shop\/\"},{\"@type\":\"ListItem\",\"position\":3,\"name\":\"Solder Bar\"}]},{\"@type\":\"WebSite\",\"@id\":\"https:\/\/keweisolder.com\/#website\",\"url\":\"https:\/\/keweisolder.com\/\",\"name\":\"Kewei Industries HK Limited\",\"description\":\"Tin factoty mainly making soldering related products.\",\"potentialAction\":[{\"@type\":\"SearchAction\",\"target\":{\"@type\":\"EntryPoint\",\"urlTemplate\":\"https:\/\/keweisolder.com\/?s={search_term_string}\"},\"query-input\":{\"@type\":\"PropertyValueSpecification\",\"valueRequired\":true,\"valueName\":\"search_term_string\"}}],\"inLanguage\":\"fr-FR\"}]}<\/script>\n<!-- \/ Yoast SEO plugin. -->","yoast_head_json":{"title":"Fabricant de barres \u00e0 souder de haute qualit\u00e9 - Vente en gros et solutions OEM","description":"En tant que fabricant leader de barres de soudure, nous sommes sp\u00e9cialis\u00e9s dans la fourniture de solutions OEM, con\u00e7ues pour r\u00e9pondre aux divers besoins des industries du monde entier.","robots":{"index":"index","follow":"follow","max-snippet":"max-snippet:-1","max-image-preview":"max-image-preview:large","max-video-preview":"max-video-preview:-1"},"canonical":"https:\/\/keweisolder.com\/fr\/manufacturer\/solder-bar\/","og_locale":"fr_FR","og_type":"article","og_title":"High Quality Solder Bar Manufacturer - Wholesale & OEM Solution","og_description":"As a leading solder bar manufacturer, we specialize in providing OEM solutions,tailored to meet the diverse needs of industries worldwide.","og_url":"https:\/\/keweisolder.com\/fr\/manufacturer\/solder-bar\/","og_site_name":"Kewei Industries HK Limited","article_modified_time":"2024-10-18T11:02:48+00:00","og_image":[{"width":900,"height":900,"url":"https:\/\/keweisolder.com\/wp-content\/uploads\/2024\/09\/solder-bar.webp","type":"image\/webp"}],"twitter_card":"summary_large_image","twitter_misc":{"Dur\u00e9e de lecture estim\u00e9e":"2 minutes"},"schema":{"@context":"https:\/\/schema.org","@graph":[{"@type":"WebPage","@id":"https:\/\/keweisolder.com\/manufacturer\/solder-bar\/","url":"https:\/\/keweisolder.com\/manufacturer\/solder-bar\/","name":"Fabricant de barres \u00e0 souder de haute qualit\u00e9 - Vente en gros et solutions OEM","isPartOf":{"@id":"https:\/\/keweisolder.com\/#website"},"primaryImageOfPage":{"@id":"https:\/\/keweisolder.com\/manufacturer\/solder-bar\/#primaryimage"},"image":{"@id":"https:\/\/keweisolder.com\/manufacturer\/solder-bar\/#primaryimage"},"thumbnailUrl":"https:\/\/keweisolder.com\/wp-content\/uploads\/2024\/09\/solder-bar.webp","datePublished":"2024-09-21T13:05:03+00:00","dateModified":"2024-10-18T11:02:48+00:00","description":"En tant que fabricant leader de barres de soudure, nous sommes sp\u00e9cialis\u00e9s dans la fourniture de solutions OEM, con\u00e7ues pour r\u00e9pondre aux divers besoins des industries du monde entier.","breadcrumb":{"@id":"https:\/\/keweisolder.com\/manufacturer\/solder-bar\/#breadcrumb"},"inLanguage":"fr-FR","potentialAction":[{"@type":"ReadAction","target":["https:\/\/keweisolder.com\/manufacturer\/solder-bar\/"]}]},{"@type":"ImageObject","inLanguage":"fr-FR","@id":"https:\/\/keweisolder.com\/manufacturer\/solder-bar\/#primaryimage","url":"https:\/\/keweisolder.com\/wp-content\/uploads\/2024\/09\/solder-bar.webp","contentUrl":"https:\/\/keweisolder.com\/wp-content\/uploads\/2024\/09\/solder-bar.webp","width":900,"height":900,"caption":"solder bar"},{"@type":"BreadcrumbList","@id":"https:\/\/keweisolder.com\/manufacturer\/solder-bar\/#breadcrumb","itemListElement":[{"@type":"ListItem","position":1,"name":"Accueil","item":"https:\/\/keweisolder.com\/"},{"@type":"ListItem","position":2,"name":"Products","item":"https:\/\/keweisolder.com\/shop\/"},{"@type":"ListItem","position":3,"name":"Solder Bar"}]},{"@type":"WebSite","@id":"https:\/\/keweisolder.com\/#website","url":"https:\/\/keweisolder.com\/","name":"Kewei Industries HK Limited","description":"La soci\u00e9t\u00e9 Tin Factoty fabrique principalement des produits li\u00e9s \u00e0 la soudure.","potentialAction":[{"@type":"SearchAction","target":{"@type":"EntryPoint","urlTemplate":"https:\/\/keweisolder.com\/?s={search_term_string}"},"query-input":{"@type":"PropertyValueSpecification","valueRequired":true,"valueName":"search_term_string"}}],"inLanguage":"fr-FR"}]}},"_links":{"self":[{"href":"https:\/\/keweisolder.com\/fr\/wp-json\/wp\/v2\/product\/1611","targetHints":{"allow":["GET"]}}],"collection":[{"href":"https:\/\/keweisolder.com\/fr\/wp-json\/wp\/v2\/product"}],"about":[{"href":"https:\/\/keweisolder.com\/fr\/wp-json\/wp\/v2\/types\/product"}],"wp:featuredmedia":[{"embeddable":true,"href":"https:\/\/keweisolder.com\/fr\/wp-json\/wp\/v2\/media\/1589"}],"wp:attachment":[{"href":"https:\/\/keweisolder.com\/fr\/wp-json\/wp\/v2\/media?parent=1611"}],"wp:term":[{"taxonomy":"product_brand","embeddable":true,"href":"https:\/\/keweisolder.com\/fr\/wp-json\/wp\/v2\/product_brand?post=1611"},{"taxonomy":"product_cat","embeddable":true,"href":"https:\/\/keweisolder.com\/fr\/wp-json\/wp\/v2\/product_cat?post=1611"},{"taxonomy":"product_tag","embeddable":true,"href":"https:\/\/keweisolder.com\/fr\/wp-json\/wp\/v2\/product_tag?post=1611"}],"curies":[{"name":"wp","href":"https:\/\/api.w.org\/{rel}","templated":true}]}}