{"id":2050,"date":"2025-04-16T11:50:55","date_gmt":"2025-04-16T11:50:55","guid":{"rendered":"https:\/\/keweisolder.com\/?post_type=product&#038;p=2050"},"modified":"2025-07-01T03:31:29","modified_gmt":"2025-07-01T03:31:29","slug":"sn96-5ag3cu0-5-solder-wire-with-rohs-compliant","status":"publish","type":"product","link":"https:\/\/keweisolder.com\/fr\/manufacturer\/sn96-5ag3cu0-5-solder-wire-with-rohs-compliant\/","title":{"rendered":"Lead Free Solder Wire Sn96.5Ag3.0Cu0.5"},"content":{"rendered":"<h2><strong>Introduction<\/strong><\/h2>\n<p>KEWEI SAC305 lead-free solder wire is a commonly used welding material in the electronics industry. It is composed of Sn96.5Ag3.0Cu0.5, meeting environmental protection requirements such as RoHS and REACH. With a melting point of about 217\u2103, it has good wettability and soldering reliability, which can form firm solder joints. This solder wire features low spatter, little smoke, and good solderability, and is widely used in manual soldering, selective soldering, wave soldering, and SMT soldering for instruments, home appliances, and other products.<\/p>\n<div class=\"row\"  id=\"row-1129501867\">\n\n\t<div id=\"col-1166359682\" class=\"col medium-4 small-12 large-4\"  >\n\t\t\t\t<div class=\"col-inner\"  >\n\t\t\t\n\t\t\t\n\t<div class=\"box has-hover   has-hover box-text-bottom\" >\n\n\t\t<div class=\"box-image\" >\n\t\t\t\t\t\t<div class=\"\" >\n\t\t\t\t<img loading=\"lazy\" decoding=\"async\" width=\"600\" height=\"600\" src=\"https:\/\/keweisolder.com\/wp-content\/uploads\/2024\/09\/solderable-wire.webp\" class=\"attachment- size-\" alt=\"fil de soudure sans plomb\" srcset=\"https:\/\/keweisolder.com\/wp-content\/uploads\/2024\/09\/solderable-wire.webp 600w, https:\/\/keweisolder.com\/wp-content\/uploads\/2024\/09\/solderable-wire-300x300.webp 300w, https:\/\/keweisolder.com\/wp-content\/uploads\/2024\/09\/solderable-wire-150x150.webp 150w, https:\/\/keweisolder.com\/wp-content\/uploads\/2024\/09\/solderable-wire-12x12.webp 12w, https:\/\/keweisolder.com\/wp-content\/uploads\/2024\/09\/solderable-wire-100x100.webp 100w\" sizes=\"auto, (max-width: 600px) 100vw, 600px\" \/>\t\t\t\t\t\t\t\t\t\t\t<\/div>\n\t\t\t\t\t<\/div>\n\n\t\t<div class=\"box-text text-center\" >\n\t\t\t<div class=\"box-text-inner\">\n\t\t\t\t\n<h4>Gamme de poids<\/h4>\n<p>50g, 200g, 500g, 1000g par bobine<\/p>\n\t\t\t<\/div>\n\t\t<\/div>\n\t<\/div>\n\t\n\t\t<\/div>\n\t\t\t\t\t<\/div>\n\n\t\n\n\t<div id=\"col-1956562973\" class=\"col medium-4 small-12 large-4\"  >\n\t\t\t\t<div class=\"col-inner\"  >\n\t\t\t\n\t\t\t\n\t<div class=\"box has-hover   has-hover box-text-bottom\" >\n\n\t\t<div class=\"box-image\" >\n\t\t\t\t\t\t<div class=\"\" >\n\t\t\t\t<img loading=\"lazy\" decoding=\"async\" width=\"600\" height=\"600\" src=\"https:\/\/keweisolder.com\/wp-content\/uploads\/2024\/10\/lead-free-solder-wire.webp\" class=\"attachment- size-\" alt=\"fil de soudure sans plomb\" srcset=\"https:\/\/keweisolder.com\/wp-content\/uploads\/2024\/10\/lead-free-solder-wire.webp 600w, https:\/\/keweisolder.com\/wp-content\/uploads\/2024\/10\/lead-free-solder-wire-300x300.webp 300w, https:\/\/keweisolder.com\/wp-content\/uploads\/2024\/10\/lead-free-solder-wire-150x150.webp 150w, https:\/\/keweisolder.com\/wp-content\/uploads\/2024\/10\/lead-free-solder-wire-12x12.webp 12w, https:\/\/keweisolder.com\/wp-content\/uploads\/2024\/10\/lead-free-solder-wire-100x100.webp 100w\" sizes=\"auto, (max-width: 600px) 100vw, 600px\" \/>\t\t\t\t\t\t\t\t\t\t\t<\/div>\n\t\t\t\t\t<\/div>\n\n\t\t<div class=\"box-text text-center\" >\n\t\t\t<div class=\"box-text-inner\">\n\t\t\t\t\n<h4>Gamme de diam\u00e8tres de fil<\/h4>\n<p>0,80mm, 1,00mm, 1,50mm, 2,00mm etc...<\/p>\n\t\t\t<\/div>\n\t\t<\/div>\n\t<\/div>\n\t\n\t\t<\/div>\n\t\t\t\t\t<\/div>\n\n\t\n\n\t<div id=\"col-1623663798\" class=\"col medium-4 small-12 large-4\"  >\n\t\t\t\t<div class=\"col-inner\"  >\n\t\t\t\n\t\t\t\n\t<div class=\"box has-hover   has-hover box-text-bottom\" >\n\n\t\t<div class=\"box-image\" >\n\t\t\t\t\t\t<div class=\"\" >\n\t\t\t\t<img loading=\"lazy\" decoding=\"async\" width=\"300\" height=\"300\" src=\"https:\/\/keweisolder.com\/wp-content\/uploads\/2024\/10\/lead-free-solder-wire-2-300x300.webp\" class=\"attachment-medium size-medium\" alt=\"fil de soudure sans plomb\" srcset=\"https:\/\/keweisolder.com\/wp-content\/uploads\/2024\/10\/lead-free-solder-wire-2-300x300.webp 300w, https:\/\/keweisolder.com\/wp-content\/uploads\/2024\/10\/lead-free-solder-wire-2-150x150.webp 150w, https:\/\/keweisolder.com\/wp-content\/uploads\/2024\/10\/lead-free-solder-wire-2-12x12.webp 12w, https:\/\/keweisolder.com\/wp-content\/uploads\/2024\/10\/lead-free-solder-wire-2-100x100.webp 100w, https:\/\/keweisolder.com\/wp-content\/uploads\/2024\/10\/lead-free-solder-wire-2.webp 600w\" sizes=\"auto, (max-width: 300px) 100vw, 300px\" \/>\t\t\t\t\t\t\t\t\t\t\t<\/div>\n\t\t\t\t\t<\/div>\n\n\t\t<div class=\"box-text text-center\" >\n\t\t\t<div class=\"box-text-inner\">\n\t\t\t\t\n<h4>Paquet<\/h4>\n<p>Peut \u00eatre personnalis\u00e9 selon les besoins du client<\/p>\n\t\t\t<\/div>\n\t\t<\/div>\n\t<\/div>\n\t\n\t\t<\/div>\n\t\t\t\t\t<\/div>\n\n\t\n<\/div>\n<h2 style=\"text-align: left;\"><strong>Param\u00e8tres<\/strong><\/h2>\n\n<table id=\"tablepress-24\" class=\"tablepress tablepress-id-24\">\n<thead>\n<tr class=\"row-1\">\n\t<th class=\"column-1\">Nom du produit<\/th><th class=\"column-2\">Fil \u00e0 souder<\/th>\n<\/tr>\n<\/thead>\n<tbody class=\"row-striping row-hover\">\n<tr class=\"row-2\">\n\t<td class=\"column-1\">Composition<\/td><td class=\"column-2\">Sn96,5Ag3,0Cu0,5<\/td>\n<\/tr>\n<tr class=\"row-3\">\n\t<td class=\"column-1\">Model no.<\/td><td class=\"column-2\">SAC305<\/td>\n<\/tr>\n<tr class=\"row-4\">\n\t<td class=\"column-1\">Flux<\/td><td class=\"column-2\">2.0%-2.2%<\/td>\n<\/tr>\n<tr class=\"row-5\">\n\t<td class=\"column-1\">Diameter<\/td><td class=\"column-2\">0.8mm-2.0mm<\/td>\n<\/tr>\n<tr class=\"row-6\">\n\t<td class=\"column-1\">Poids<\/td><td class=\"column-2\">50g-1000g<\/td>\n<\/tr>\n<tr class=\"row-7\">\n\t<td class=\"column-1\">Mat\u00e9riau<\/td><td class=\"column-2\">Tin\/Copper\/Silver<\/td>\n<\/tr>\n<tr class=\"row-8\">\n\t<td class=\"column-1\">Fonctionnalit\u00e9<\/td><td class=\"column-2\">Lead Free Solder Wire<\/td>\n<\/tr>\n<tr class=\"row-9\">\n\t<td class=\"column-1\">Application<\/td><td class=\"column-2\">SMT\/PCB Assembly, Smartphones\/Laptops, Automotive Electronics, Medical Devices, Aerospace\/Aviation<\/td>\n<\/tr>\n<\/tbody>\n<\/table>\n<!-- #tablepress-24 from cache -->\n<div class=\"video video-fit mb\" style=\"padding-top:56.25%;\"><p><iframe loading=\"lazy\" title=\"Usine de fils \u00e0 souder\" width=\"1020\" height=\"574\" src=\"https:\/\/www.youtube.com\/embed\/iiv3yXsA0TY?feature=oembed\" frameborder=\"0\" allow=\"accelerometer; autoplay; clipboard-write; encrypted-media; gyroscope; picture-in-picture; web-share\" referrerpolicy=\"strict-origin-when-cross-origin\" allowfullscreen><\/iframe><\/p>\n<\/div>\n<h2 style=\"text-align: left;\"><strong>Exp\u00e9dition<\/strong><\/h2>\n\t<div class=\"img has-hover x md-x lg-x y md-y lg-y\" id=\"image_632746389\">\n\t\t\t\t\t\t\t\t<div class=\"img-inner dark\" >\n\t\t\t<img loading=\"lazy\" decoding=\"async\" width=\"900\" height=\"675\" src=\"https:\/\/keweisolder.com\/wp-content\/uploads\/2024\/10\/shipment-2.webp\" class=\"attachment-original size-original\" alt=\"transport\" srcset=\"https:\/\/keweisolder.com\/wp-content\/uploads\/2024\/10\/shipment-2.webp 900w, https:\/\/keweisolder.com\/wp-content\/uploads\/2024\/10\/shipment-2-300x225.webp 300w, https:\/\/keweisolder.com\/wp-content\/uploads\/2024\/10\/shipment-2-768x576.webp 768w, https:\/\/keweisolder.com\/wp-content\/uploads\/2024\/10\/shipment-2-16x12.webp 16w, https:\/\/keweisolder.com\/wp-content\/uploads\/2024\/10\/shipment-2-600x450.webp 600w\" sizes=\"auto, (max-width: 900px) 100vw, 900px\" \/>\t\t\t\t\t\t\n\t\t\t\t\t<\/div>\n\t\t\t\t\t\t\t\t\n<style>\n#image_632746389 {\n  width: 100%;\n}\n<\/style>\n\t<\/div>\n\t\n<h2 style=\"text-align: left;\"><strong>FAQ<\/strong><\/h2>\n<p><b data-spm-anchor-id=\"a2700.details.0.i37.58051a0442HZr9\">1. Qui sommes-nous ?<\/b><br \/>\nNous sommes une usine Tin bas\u00e9e \u00e0 Guangdong, Chine, d\u00e9but 2018, vendre \u00e0 Domestic Market(15.00%),Southeast Asia(13.00%),North America(10.00%),South Asia(10.00%),Mid East(9.00%),Northern Europe(8.00%),Am\u00e9rique du Sud(8.00%),Europe du Sud(6.00%),Europe de l'Est(5.00%),Afrique(4.00%),Europe de l'Ouest(4.00%),Am\u00e9rique centrale(3.00%),Asie de l'Est(3.00%),Oc\u00e9anie(2.00%). Notre bureau compte au total entre 101 et 200 personnes.<\/p>\n<p><b>2. Comment pouvons-nous garantir la qualit\u00e9 ?<\/b><br \/>\nIl y a toujours un \u00e9chantillon de pr\u00e9production avant la production en s\u00e9rie ;<br \/>\nL'inspection finale est toujours effectu\u00e9e avant l'exp\u00e9dition ;<\/p>\n<p><b>3. que pouvez-vous acheter chez nous ?<\/b><br \/>\nFil de soudure,Barre de soudure,P\u00e2te \u00e0 braser,Fil de cuivre,Fil d'aluminium<\/p>\n<p><b>4. Pourquoi devriez-vous acheter chez nous plut\u00f4t que chez d'autres fournisseurs ?<\/b><br \/>\nKewei Tin manufaturer, principalement ax\u00e9 sur la R&amp;D, la production et la distribution de produits de soudure dans le monde entier. Actuellement, nous proposons des fils \u00e0 souder, des barres \u00e0 souder, de la p\u00e2te \u00e0 souder, des billes d'\u00e9tain, des flux de soudure et des p\u00e2tes \u00e0 souder sans plomb ni halgon, des outils de quincaillerie, etc.<\/p>\n<p><b>5. Quels services pouvons-nous fournir ?<\/b><br \/>\nConditions de livraison accept\u00e9es : FOB, CFR, CIF, EXW, DDP, DDU, Livraison Express\uff1b.<br \/>\nDevise de paiement accept\u00e9e : USD, EUR, JPY, CAD, AUD, HKD, CNY ;<br \/>\nType de paiement accept\u00e9 : T\/T, PayPal, Western Union, Esp\u00e8ces ;<br \/>\nLangues parl\u00e9es : anglais, chinois, espagnol, japonais, portugais, allemand, arabe, fran\u00e7ais, russe, cor\u00e9en, hindi, italien.<\/p>","protected":false},"excerpt":{"rendered":"<p>Fil de soudure sans plomb de haute qualit\u00e9 pour le soudage professionnel. Id\u00e9al pour l'\u00e9lectronique, il garantit des joints fiables et r\u00e9pond aux normes environnementales. Am\u00e9liorez votre exp\u00e9rience de la soudure avec notre fil de qualit\u00e9 sup\u00e9rieure.<\/p>","protected":false},"featured_media":1871,"template":"","meta":[],"product_brand":[],"product_cat":[15,40],"product_tag":[],"class_list":{"0":"post-2050","1":"product","2":"type-product","3":"status-publish","4":"has-post-thumbnail","6":"product_cat-solder-wire","7":"product_cat-lead-free-solder-wire","9":"first","10":"instock","11":"shipping-taxable","12":"product-type-simple"},"yoast_head":"<!-- This site is optimized with the Yoast SEO plugin v25.5 - https:\/\/yoast.com\/wordpress\/plugins\/seo\/ -->\n<title>Kewei Factory SAC305 Lead-Free Solder Wire High Purity Tin Alloy<\/title>\n<meta name=\"description\" content=\"Tin Factory Offers Sn96.5Ag3.0Cu0.5 Lead-free Solder Wire with A Melting Point of 217\u2103, Compliant with RoHS and REACH Standards\" \/>\n<meta name=\"robots\" content=\"index, follow, max-snippet:-1, max-image-preview:large, max-video-preview:-1\" \/>\n<link rel=\"canonical\" href=\"https:\/\/keweisolder.com\/fr\/manufacturer\/sn96-5ag3cu0-5-solder-wire-with-rohs-compliant\/\" \/>\n<meta property=\"og:locale\" content=\"fr_FR\" \/>\n<meta property=\"og:type\" content=\"article\" \/>\n<meta property=\"og:title\" content=\"Kewei Factory SAC305 Lead-Free Solder Wire High Purity Tin Alloy\" \/>\n<meta property=\"og:description\" content=\"Tin Factory Offers Sn96.5Ag3.0Cu0.5 Lead-free Solder Wire with A Melting Point of 217\u2103, Compliant with RoHS and REACH Standards\" \/>\n<meta property=\"og:url\" content=\"https:\/\/keweisolder.com\/fr\/manufacturer\/sn96-5ag3cu0-5-solder-wire-with-rohs-compliant\/\" \/>\n<meta property=\"og:site_name\" content=\"Kewei Industries HK Limited\" \/>\n<meta property=\"article:modified_time\" content=\"2025-07-01T03:31:29+00:00\" \/>\n<meta property=\"og:image\" content=\"https:\/\/keweisolder.com\/wp-content\/uploads\/2024\/10\/lead-free-solder-wire-3.webp\" \/>\n\t<meta property=\"og:image:width\" content=\"600\" \/>\n\t<meta property=\"og:image:height\" content=\"600\" \/>\n\t<meta property=\"og:image:type\" content=\"image\/webp\" \/>\n<meta name=\"twitter:card\" content=\"summary_large_image\" \/>\n<meta name=\"twitter:label1\" content=\"Dur\u00e9e de lecture estim\u00e9e\" \/>\n\t<meta name=\"twitter:data1\" content=\"2 minutes\" \/>\n<script type=\"application\/ld+json\" class=\"yoast-schema-graph\">{\"@context\":\"https:\/\/schema.org\",\"@graph\":[{\"@type\":\"WebPage\",\"@id\":\"https:\/\/keweisolder.com\/manufacturer\/sn96-5ag3cu0-5-solder-wire-with-rohs-compliant\/\",\"url\":\"https:\/\/keweisolder.com\/manufacturer\/sn96-5ag3cu0-5-solder-wire-with-rohs-compliant\/\",\"name\":\"Kewei Factory SAC305 Lead-Free Solder Wire High Purity Tin Alloy\",\"isPartOf\":{\"@id\":\"https:\/\/keweisolder.com\/#website\"},\"primaryImageOfPage\":{\"@id\":\"https:\/\/keweisolder.com\/manufacturer\/sn96-5ag3cu0-5-solder-wire-with-rohs-compliant\/#primaryimage\"},\"image\":{\"@id\":\"https:\/\/keweisolder.com\/manufacturer\/sn96-5ag3cu0-5-solder-wire-with-rohs-compliant\/#primaryimage\"},\"thumbnailUrl\":\"https:\/\/keweisolder.com\/wp-content\/uploads\/2024\/10\/lead-free-solder-wire-3.webp\",\"datePublished\":\"2025-04-16T11:50:55+00:00\",\"dateModified\":\"2025-07-01T03:31:29+00:00\",\"description\":\"Tin Factory Offers Sn96.5Ag3.0Cu0.5 Lead-free Solder Wire with A Melting Point of 217\u2103, Compliant with RoHS and REACH Standards\",\"breadcrumb\":{\"@id\":\"https:\/\/keweisolder.com\/manufacturer\/sn96-5ag3cu0-5-solder-wire-with-rohs-compliant\/#breadcrumb\"},\"inLanguage\":\"fr-FR\",\"potentialAction\":[{\"@type\":\"ReadAction\",\"target\":[\"https:\/\/keweisolder.com\/manufacturer\/sn96-5ag3cu0-5-solder-wire-with-rohs-compliant\/\"]}]},{\"@type\":\"ImageObject\",\"inLanguage\":\"fr-FR\",\"@id\":\"https:\/\/keweisolder.com\/manufacturer\/sn96-5ag3cu0-5-solder-wire-with-rohs-compliant\/#primaryimage\",\"url\":\"https:\/\/keweisolder.com\/wp-content\/uploads\/2024\/10\/lead-free-solder-wire-3.webp\",\"contentUrl\":\"https:\/\/keweisolder.com\/wp-content\/uploads\/2024\/10\/lead-free-solder-wire-3.webp\",\"width\":600,\"height\":600,\"caption\":\"lead free solder wire\"},{\"@type\":\"BreadcrumbList\",\"@id\":\"https:\/\/keweisolder.com\/manufacturer\/sn96-5ag3cu0-5-solder-wire-with-rohs-compliant\/#breadcrumb\",\"itemListElement\":[{\"@type\":\"ListItem\",\"position\":1,\"name\":\"Accueil\",\"item\":\"https:\/\/keweisolder.com\/\"},{\"@type\":\"ListItem\",\"position\":2,\"name\":\"Products\",\"item\":\"https:\/\/keweisolder.com\/shop\/\"},{\"@type\":\"ListItem\",\"position\":3,\"name\":\"Lead Free Solder Wire Sn96.5Ag3.0Cu0.5\"}]},{\"@type\":\"WebSite\",\"@id\":\"https:\/\/keweisolder.com\/#website\",\"url\":\"https:\/\/keweisolder.com\/\",\"name\":\"Kewei Industries HK Limited\",\"description\":\"Tin factoty mainly making soldering related products.\",\"potentialAction\":[{\"@type\":\"SearchAction\",\"target\":{\"@type\":\"EntryPoint\",\"urlTemplate\":\"https:\/\/keweisolder.com\/?s={search_term_string}\"},\"query-input\":{\"@type\":\"PropertyValueSpecification\",\"valueRequired\":true,\"valueName\":\"search_term_string\"}}],\"inLanguage\":\"fr-FR\"}]}<\/script>\n<!-- \/ Yoast SEO plugin. -->","yoast_head_json":{"title":"Kewei Factory SAC305 Lead-Free Solder Wire High Purity Tin Alloy","description":"Tin Factory Offers Sn96.5Ag3.0Cu0.5 Lead-free Solder Wire with A Melting Point of 217\u2103, Compliant with RoHS and REACH Standards","robots":{"index":"index","follow":"follow","max-snippet":"max-snippet:-1","max-image-preview":"max-image-preview:large","max-video-preview":"max-video-preview:-1"},"canonical":"https:\/\/keweisolder.com\/fr\/manufacturer\/sn96-5ag3cu0-5-solder-wire-with-rohs-compliant\/","og_locale":"fr_FR","og_type":"article","og_title":"Kewei Factory SAC305 Lead-Free Solder Wire High Purity Tin Alloy","og_description":"Tin Factory Offers Sn96.5Ag3.0Cu0.5 Lead-free Solder Wire with A Melting Point of 217\u2103, Compliant with RoHS and REACH Standards","og_url":"https:\/\/keweisolder.com\/fr\/manufacturer\/sn96-5ag3cu0-5-solder-wire-with-rohs-compliant\/","og_site_name":"Kewei Industries HK Limited","article_modified_time":"2025-07-01T03:31:29+00:00","og_image":[{"width":600,"height":600,"url":"https:\/\/keweisolder.com\/wp-content\/uploads\/2024\/10\/lead-free-solder-wire-3.webp","type":"image\/webp"}],"twitter_card":"summary_large_image","twitter_misc":{"Dur\u00e9e de lecture estim\u00e9e":"2 minutes"},"schema":{"@context":"https:\/\/schema.org","@graph":[{"@type":"WebPage","@id":"https:\/\/keweisolder.com\/manufacturer\/sn96-5ag3cu0-5-solder-wire-with-rohs-compliant\/","url":"https:\/\/keweisolder.com\/manufacturer\/sn96-5ag3cu0-5-solder-wire-with-rohs-compliant\/","name":"Kewei Factory SAC305 Lead-Free Solder Wire High Purity Tin Alloy","isPartOf":{"@id":"https:\/\/keweisolder.com\/#website"},"primaryImageOfPage":{"@id":"https:\/\/keweisolder.com\/manufacturer\/sn96-5ag3cu0-5-solder-wire-with-rohs-compliant\/#primaryimage"},"image":{"@id":"https:\/\/keweisolder.com\/manufacturer\/sn96-5ag3cu0-5-solder-wire-with-rohs-compliant\/#primaryimage"},"thumbnailUrl":"https:\/\/keweisolder.com\/wp-content\/uploads\/2024\/10\/lead-free-solder-wire-3.webp","datePublished":"2025-04-16T11:50:55+00:00","dateModified":"2025-07-01T03:31:29+00:00","description":"Tin Factory Offers Sn96.5Ag3.0Cu0.5 Lead-free Solder Wire with A Melting Point of 217\u2103, Compliant with RoHS and REACH Standards","breadcrumb":{"@id":"https:\/\/keweisolder.com\/manufacturer\/sn96-5ag3cu0-5-solder-wire-with-rohs-compliant\/#breadcrumb"},"inLanguage":"fr-FR","potentialAction":[{"@type":"ReadAction","target":["https:\/\/keweisolder.com\/manufacturer\/sn96-5ag3cu0-5-solder-wire-with-rohs-compliant\/"]}]},{"@type":"ImageObject","inLanguage":"fr-FR","@id":"https:\/\/keweisolder.com\/manufacturer\/sn96-5ag3cu0-5-solder-wire-with-rohs-compliant\/#primaryimage","url":"https:\/\/keweisolder.com\/wp-content\/uploads\/2024\/10\/lead-free-solder-wire-3.webp","contentUrl":"https:\/\/keweisolder.com\/wp-content\/uploads\/2024\/10\/lead-free-solder-wire-3.webp","width":600,"height":600,"caption":"lead free solder wire"},{"@type":"BreadcrumbList","@id":"https:\/\/keweisolder.com\/manufacturer\/sn96-5ag3cu0-5-solder-wire-with-rohs-compliant\/#breadcrumb","itemListElement":[{"@type":"ListItem","position":1,"name":"Accueil","item":"https:\/\/keweisolder.com\/"},{"@type":"ListItem","position":2,"name":"Products","item":"https:\/\/keweisolder.com\/shop\/"},{"@type":"ListItem","position":3,"name":"Lead Free Solder Wire Sn96.5Ag3.0Cu0.5"}]},{"@type":"WebSite","@id":"https:\/\/keweisolder.com\/#website","url":"https:\/\/keweisolder.com\/","name":"Kewei Industries HK Limited","description":"La soci\u00e9t\u00e9 Tin Factoty fabrique principalement des produits li\u00e9s \u00e0 la soudure.","potentialAction":[{"@type":"SearchAction","target":{"@type":"EntryPoint","urlTemplate":"https:\/\/keweisolder.com\/?s={search_term_string}"},"query-input":{"@type":"PropertyValueSpecification","valueRequired":true,"valueName":"search_term_string"}}],"inLanguage":"fr-FR"}]}},"_links":{"self":[{"href":"https:\/\/keweisolder.com\/fr\/wp-json\/wp\/v2\/product\/2050","targetHints":{"allow":["GET"]}}],"collection":[{"href":"https:\/\/keweisolder.com\/fr\/wp-json\/wp\/v2\/product"}],"about":[{"href":"https:\/\/keweisolder.com\/fr\/wp-json\/wp\/v2\/types\/product"}],"wp:featuredmedia":[{"embeddable":true,"href":"https:\/\/keweisolder.com\/fr\/wp-json\/wp\/v2\/media\/1871"}],"wp:attachment":[{"href":"https:\/\/keweisolder.com\/fr\/wp-json\/wp\/v2\/media?parent=2050"}],"wp:term":[{"taxonomy":"product_brand","embeddable":true,"href":"https:\/\/keweisolder.com\/fr\/wp-json\/wp\/v2\/product_brand?post=2050"},{"taxonomy":"product_cat","embeddable":true,"href":"https:\/\/keweisolder.com\/fr\/wp-json\/wp\/v2\/product_cat?post=2050"},{"taxonomy":"product_tag","embeddable":true,"href":"https:\/\/keweisolder.com\/fr\/wp-json\/wp\/v2\/product_tag?post=2050"}],"curies":[{"name":"wp","href":"https:\/\/api.w.org\/{rel}","templated":true}]}}