{"id":25,"date":"2023-03-05T10:39:43","date_gmt":"2023-03-05T10:39:43","guid":{"rendered":"https:\/\/keweisolder.com\/?page_id=25"},"modified":"2024-10-21T09:02:47","modified_gmt":"2024-10-21T09:02:47","slug":"about","status":"publish","type":"page","link":"https:\/\/keweisolder.com\/it\/about\/","title":{"rendered":"Circa"},"content":{"rendered":"<section class=\"section\" id=\"section_61928315\">\n\t\t<div class=\"bg section-bg fill bg-fill  bg-loaded\" >\n\n\t\t\t\n\t\t\t\n\t\t\t\n\n\t\t<\/div>\n\n\t\t\n\n\t\t<div class=\"section-content relative\">\n\t\t\t\n<div class=\"row align-equal\"  id=\"row-1834602084\">\n\n\t<div id=\"col-922743015\" class=\"col medium-12 small-12 large-6 medium-col-first\"  >\n\t\t\t\t<div class=\"col-inner\"  >\n\t\t\t\n\t\t\t\n\t<div id=\"gap-609048601\" class=\"gap-element clearfix\" style=\"display:block; height:auto;\">\n\t\t\n<style>\n#gap-609048601 {\n  padding-top: 5px;\n}\n<\/style>\n\t<\/div>\n\t\n\t<div id=\"text-3405768096\" class=\"text\">\n\t\t\n<h2>INFO AZIENDALI<\/h2>\n\t\t\n<style>\n#text-3405768096 {\n  font-size: 1rem;\n}\n@media (min-width:550px) {\n  #text-3405768096 {\n    font-size: 1rem;\n  }\n}\n@media (min-width:850px) {\n  #text-3405768096 {\n    font-size: 1.4rem;\n  }\n}\n<\/style>\n\t<\/div>\n\t\n<div class=\"is-divider divider clearfix\" style=\"max-width:50px;height:4px;background-color:rgb(59, 181, 76);\"><\/div>\n\t<div id=\"gap-921006978\" class=\"gap-element clearfix hide-for-small\" style=\"display:block; height:auto;\">\n\t\t\n<style>\n#gap-921006978 {\n  padding-top: 20px;\n}\n<\/style>\n\t<\/div>\n\t\n<p>In qualit\u00e0 di produttore leader nel settore della saldatura, la nostra azienda \u00e8 specializzata nella produzione di filo di saldatura, pasta saldante, barre saldanti e polvere saldante di alta qualit\u00e0. Con anni di esperienza e una forte attenzione all'innovazione, forniamo prezzi diretti di fabbrica, garantendo tariffe competitive per tutti i nostri clienti. I nostri prodotti sono realizzati per soddisfare i pi\u00f9 elevati standard industriali, offrendo qualit\u00e0 e affidabilit\u00e0 eccezionali.<\/p>\n<p>Siamo orgogliosi di offrire soluzioni personalizzabili per soddisfare le esigenze specifiche dei clienti, garantendo flessibilit\u00e0 e soddisfazione per ogni ordine. Con l'impegno a garantire consegne rapide e un servizio clienti eccellente, siamo il vostro partner di fiducia per tutti i materiali di saldatura.<\/p>\n\t<div id=\"gap-88041539\" class=\"gap-element clearfix\" style=\"display:block; height:auto;\">\n\t\t\n<style>\n#gap-88041539 {\n  padding-top: 30px;\n}\n<\/style>\n\t<\/div>\n\t\n<a href=\"\/it\/contact\/\" class=\"button primary\"  style=\"border-radius:99px;\">\n    <span>Contatto<\/span>\n  <\/a>\n\n\t\t<\/div>\n\t\t\t\t\n<style>\n#col-922743015 > .col-inner {\n  padding: 0px 0px 0px 0px;\n}\n@media (min-width:550px) {\n  #col-922743015 > .col-inner {\n    padding: 0px 0px 0px 0px;\n  }\n}\n@media (min-width:850px) {\n  #col-922743015 > .col-inner {\n    padding: 0px 20px 0px 0px;\n  }\n}\n<\/style>\n\t<\/div>\n\n\t\n\n\t<div id=\"col-1215558367\" class=\"col medium-12 small-12 large-6\"  >\n\t\t\t\t<div class=\"col-inner\"  >\n\t\t\t\n\t\t\t\n<div class=\"video video-fit mb\" style=\"padding-top:75%;\"><p><iframe loading=\"lazy\" title=\"Fabbrica di fili per saldatura\" width=\"1020\" height=\"574\" src=\"https:\/\/www.youtube.com\/embed\/ZoK8IGM2gLw?feature=oembed\" frameborder=\"0\" allow=\"accelerometer; autoplay; clipboard-write; encrypted-media; gyroscope; picture-in-picture; web-share\" referrerpolicy=\"strict-origin-when-cross-origin\" allowfullscreen><\/iframe><\/p>\n<\/div>\n\t\t<\/div>\n\t\t\t\t\n<style>\n#col-1215558367 > .col-inner {\n  padding: 0px 0px 0px 0px;\n  border-radius: 8px;\n}\n@media (min-width:550px) {\n  #col-1215558367 > .col-inner {\n    padding: 0px 0px 0px 0px;\n  }\n}\n@media (min-width:850px) {\n  #col-1215558367 > .col-inner {\n    padding: 0px 0px 0px 20px;\n  }\n}\n<\/style>\n\t<\/div>\n\n\t\n<\/div>\n\t\t<\/div>\n\n\t\t\n<style>\n#section_61928315 {\n  padding-top: 30px;\n  padding-bottom: 30px;\n}\n@media (min-width:550px) {\n  #section_61928315 {\n    padding-top: 30px;\n    padding-bottom: 30px;\n  }\n}\n@media (min-width:850px) {\n  #section_61928315 {\n    padding-top: 80px;\n    padding-bottom: 80px;\n  }\n}\n<\/style>\n\t<\/section>\n\t\n\n\n\t<section class=\"section\" id=\"section_292566844\">\n\t\t<div class=\"bg section-bg fill bg-fill  bg-loaded\" >\n\n\t\t\t\n\t\t\t\n\t\t\t\n\n\t\t<\/div>\n\n\t\t\n\n\t\t<div class=\"section-content relative\">\n\t\t\t\n<div class=\"row\"  id=\"row-1512458361\">\n\n\t<div id=\"col-1830391184\" class=\"col small-12 large-12\"  >\n\t\t\t\t<div class=\"col-inner\"  >\n\t\t\t\n\t\t\t\n\t<div id=\"text-1515483890\" class=\"text\">\n\t\t\n<h1><strong><span style=\"font-size: 100%;\">CERTIFICATO<\/span><\/strong><\/h1>\n\t\t\n<style>\n#text-1515483890 {\n  font-size: 1.3rem;\n  text-align: center;\n}\n<\/style>\n\t<\/div>\n\t\n\t\t<\/div>\n\t\t\t\t\t<\/div>\n\n\t\n\n\t<div id=\"col-1313234467\" class=\"col medium-4 small-12 large-4\"  >\n\t\t\t\t<div class=\"col-inner\"  >\n\t\t\t\n\t\t\t\n\t<div class=\"img has-hover x md-x lg-x y md-y lg-y\" id=\"image_859883083\">\n\t\t\t\t\t\t\t\t<div class=\"img-inner dark\" >\n\t\t\t<img loading=\"lazy\" decoding=\"async\" width=\"724\" height=\"1024\" src=\"https:\/\/keweisolder.com\/wp-content\/uploads\/2024\/09\/Solder-Wire-Solder-Bar_ROHS-724x1024.webp\" class=\"attachment-large size-large\" alt=\"Lega di saldatura_ROHS\" srcset=\"https:\/\/keweisolder.com\/wp-content\/uploads\/2024\/09\/Solder-Wire-Solder-Bar_ROHS-724x1024.webp 724w, https:\/\/keweisolder.com\/wp-content\/uploads\/2024\/09\/Solder-Wire-Solder-Bar_ROHS-212x300.webp 212w, https:\/\/keweisolder.com\/wp-content\/uploads\/2024\/09\/Solder-Wire-Solder-Bar_ROHS-768x1086.webp 768w, https:\/\/keweisolder.com\/wp-content\/uploads\/2024\/09\/Solder-Wire-Solder-Bar_ROHS-8x12.webp 8w, https:\/\/keweisolder.com\/wp-content\/uploads\/2024\/09\/Solder-Wire-Solder-Bar_ROHS-600x849.webp 600w, https:\/\/keweisolder.com\/wp-content\/uploads\/2024\/09\/Solder-Wire-Solder-Bar_ROHS.webp 900w\" sizes=\"auto, (max-width: 724px) 100vw, 724px\" \/>\t\t\t\t\t\t\n\t\t\t\t\t<\/div>\n\t\t\t\t\t\t\t\t\n<style>\n#image_859883083 {\n  width: 100%;\n}\n<\/style>\n\t<\/div>\n\t\n\t\t<\/div>\n\t\t\t\t\t<\/div>\n\n\t\n\n\t<div id=\"col-1682419118\" class=\"col medium-4 small-12 large-4\"  >\n\t\t\t\t<div class=\"col-inner\"  >\n\t\t\t\n\t\t\t\n\t<div class=\"img has-hover x md-x lg-x y md-y lg-y\" id=\"image_1657851472\">\n\t\t\t\t\t\t\t\t<div class=\"img-inner dark\" >\n\t\t\t<img loading=\"lazy\" decoding=\"async\" width=\"724\" height=\"1024\" src=\"https:\/\/keweisolder.com\/wp-content\/uploads\/2024\/09\/Solder-wire-Solder-Bar_REACH-724x1024.webp\" class=\"attachment-large size-large\" alt=\"Lega di saldatura_REACH\" srcset=\"https:\/\/keweisolder.com\/wp-content\/uploads\/2024\/09\/Solder-wire-Solder-Bar_REACH-724x1024.webp 724w, https:\/\/keweisolder.com\/wp-content\/uploads\/2024\/09\/Solder-wire-Solder-Bar_REACH-212x300.webp 212w, https:\/\/keweisolder.com\/wp-content\/uploads\/2024\/09\/Solder-wire-Solder-Bar_REACH-768x1086.webp 768w, https:\/\/keweisolder.com\/wp-content\/uploads\/2024\/09\/Solder-wire-Solder-Bar_REACH-8x12.webp 8w, https:\/\/keweisolder.com\/wp-content\/uploads\/2024\/09\/Solder-wire-Solder-Bar_REACH-600x849.webp 600w, https:\/\/keweisolder.com\/wp-content\/uploads\/2024\/09\/Solder-wire-Solder-Bar_REACH.webp 900w\" sizes=\"auto, (max-width: 724px) 100vw, 724px\" \/>\t\t\t\t\t\t\n\t\t\t\t\t<\/div>\n\t\t\t\t\t\t\t\t\n<style>\n#image_1657851472 {\n  width: 100%;\n}\n<\/style>\n\t<\/div>\n\t\n\t\t<\/div>\n\t\t\t\t\t<\/div>\n\n\t\n\n\t<div id=\"col-1071812345\" class=\"col medium-4 small-12 large-4\"  >\n\t\t\t\t<div class=\"col-inner\"  >\n\t\t\t\n\t\t\t\n\t<div class=\"img has-hover x md-x lg-x y md-y lg-y\" id=\"image_985072288\">\n\t\t\t\t\t\t\t\t<div class=\"img-inner dark\" >\n\t\t\t<img loading=\"lazy\" decoding=\"async\" width=\"724\" height=\"1024\" src=\"https:\/\/keweisolder.com\/wp-content\/uploads\/2024\/09\/lead-free-solder-wire_Halogen-724x1024.webp\" class=\"attachment-large size-large\" alt=\"Lega di saldatura_alogena\" srcset=\"https:\/\/keweisolder.com\/wp-content\/uploads\/2024\/09\/lead-free-solder-wire_Halogen-724x1024.webp 724w, https:\/\/keweisolder.com\/wp-content\/uploads\/2024\/09\/lead-free-solder-wire_Halogen-212x300.webp 212w, https:\/\/keweisolder.com\/wp-content\/uploads\/2024\/09\/lead-free-solder-wire_Halogen-768x1086.webp 768w, https:\/\/keweisolder.com\/wp-content\/uploads\/2024\/09\/lead-free-solder-wire_Halogen-8x12.webp 8w, https:\/\/keweisolder.com\/wp-content\/uploads\/2024\/09\/lead-free-solder-wire_Halogen-600x849.webp 600w, https:\/\/keweisolder.com\/wp-content\/uploads\/2024\/09\/lead-free-solder-wire_Halogen.webp 900w\" sizes=\"auto, (max-width: 724px) 100vw, 724px\" \/>\t\t\t\t\t\t\n\t\t\t\t\t<\/div>\n\t\t\t\t\t\t\t\t\n<style>\n#image_985072288 {\n  width: 100%;\n}\n<\/style>\n\t<\/div>\n\t\n\t\t<\/div>\n\t\t\t\t\t<\/div>\n\n\t\n<\/div>\n\t<div id=\"gap-1529897500\" class=\"gap-element clearfix\" style=\"display:block; height:auto;\">\n\t\t\n<style>\n#gap-1529897500 {\n  padding-top: 30px;\n}\n<\/style>\n\t<\/div>\n\t\n\t\t<\/div>\n\n\t\t\n<style>\n#section_292566844 {\n  padding-top: 30px;\n  padding-bottom: 30px;\n}\n<\/style>\n\t<\/section>\n\t\n\t<section class=\"section\" id=\"section_1766465938\">\n\t\t<div class=\"bg section-bg fill bg-fill  bg-loaded\" >\n\n\t\t\t\t<div class=\"video-overlay no-click fill\"><\/div>\n\t<div id=\"ytplayer-213\" class=\"ux-youtube fill object-fit hide-for-medium\" data-videoid=\"https:\/\/youtu.be\/IUzC21jFZPg\" data-loop=\"1\" data-audio=\"0\"><\/div>\n\n\t\t\t<div class=\"section-bg-overlay absolute fill\"><\/div>\n\t\t\t\n\n\t\t<\/div>\n\n\t\t\n\n\t\t<div class=\"section-content relative\">\n\t\t\t\n\t<div id=\"gap-1216059795\" class=\"gap-element clearfix\" style=\"display:block; height:auto;\">\n\t\t\n<style>\n#gap-1216059795 {\n  padding-top: 30px;\n}\n<\/style>\n\t<\/div>\n\t\n<div class=\"row align-center\"  id=\"row-133513391\">\n\n\t<div id=\"col-1420746903\" class=\"col medium-10 small-12 large-10\"  >\n\t\t\t\t<div class=\"col-inner\"  >\n\t\t\t\n\t\t\t\n\t<div id=\"text-2074317279\" class=\"text\">\n\t\t\n<div class=\"fusion-text fusion-text-1\">\n<h2 class=\"fusion-responsive-typography-calculated\" data-lineheight=\"47.6px\" data-fontsize=\"34\"><span style=\"color: #fafafa;\"><strong><em>Un produttore mondiale di prodotti per la saldatura e la brasatura<\/em><\/strong><\/span><\/h2>\n<\/div>\n\t\t\n<style>\n#text-2074317279 {\n  font-size: 1.35rem;\n  text-align: center;\n  color: rgb(255,255,255);\n}\n#text-2074317279 > * {\n  color: rgb(255,255,255);\n}\n<\/style>\n\t<\/div>\n\t\n<div class=\"text-center\"><div class=\"is-divider divider clearfix\" style=\"background-color:rgb(255, 255, 255);\"><\/div><\/div>\n\t\t<\/div>\n\t\t\t\t\n<style>\n#col-1420746903 > .col-inner {\n  margin: 0px 0px -20px 0px;\n}\n<\/style>\n\t<\/div>\n\n\t\n<\/div>\n<div class=\"row\"  id=\"row-1168502933\">\n\n\t<div id=\"col-1568064742\" class=\"col small-12 large-12\"  >\n\t\t\t\t<div class=\"col-inner text-center\"  >\n\t\t\t\n\t\t\t\n<a href=\"\/it\/shop\/\" class=\"button white\"  style=\"border-radius:99px;\">\n    <span>Per saperne di pi\u00f9<\/span>\n  <\/a>\n\n\t\t<\/div>\n\t\t\t\t\n<style>\n#col-1568064742 > .col-inner {\n  margin: 0px 0px -20px 0px;\n}\n<\/style>\n\t<\/div>\n\n\t\n<\/div>\n\t\t<\/div>\n\n\t\t\n<style>\n#section_1766465938 {\n  padding-top: 30px;\n  padding-bottom: 30px;\n}\n#section_1766465938 .section-bg-overlay {\n  background-color: rgb(58, 181, 75);\n}\n<\/style>\n\t<\/section>\n\t\n\t<section class=\"section\" id=\"section_1855272806\">\n\t\t<div class=\"bg section-bg fill bg-fill  bg-loaded\" >\n\n\t\t\t\n\t\t\t\n\t\t\t\n\n\t\t<\/div>\n\n\t\t\n\n\t\t<div class=\"section-content relative\">\n\t\t\t\n<div class=\"row\"  id=\"row-1540957154\">\n\n\t<div id=\"col-100175815\" class=\"col small-12 large-12\"  >\n\t\t\t\t<div class=\"col-inner\"  >\n\t\t\t\n\t\t\t\n\t<div id=\"gap-1802470533\" class=\"gap-element clearfix hide-for-medium\" style=\"display:block; height:auto;\">\n\t\t\n<style>\n#gap-1802470533 {\n  padding-top: 30px;\n}\n<\/style>\n\t<\/div>\n\t\n\t\t<\/div>\n\t\t\t\t\n<style>\n#col-100175815 > .col-inner {\n  margin: 0px 0px -20px 0px;\n}\n<\/style>\n\t<\/div>\n\n\t\n<\/div>\n<div class=\"row align-equal\" style=\"max-width:1400px\" id=\"row-288487848\">\n\n\t<div id=\"col-366801366\" class=\"col medium-12 small-12 large-6\"  >\n\t\t\t\t<div class=\"col-inner\"  >\n\t\t\t\n\t\t\t\n\t<div class=\"img has-hover x md-x lg-x y md-y lg-y\" id=\"image_323074900\">\n\t\t\t\t\t\t\t\t<div class=\"img-inner box-shadow-1 box-shadow-5-hover dark\" >\n\t\t\t<img loading=\"lazy\" decoding=\"async\" width=\"747\" height=\"519\" src=\"https:\/\/keweisolder.com\/wp-content\/uploads\/2024\/09\/solder-wireing-manufacturer-2.webp\" class=\"attachment-original size-original\" alt=\"produttore di cablaggi a saldare\" srcset=\"https:\/\/keweisolder.com\/wp-content\/uploads\/2024\/09\/solder-wireing-manufacturer-2.webp 747w, https:\/\/keweisolder.com\/wp-content\/uploads\/2024\/09\/solder-wireing-manufacturer-2-300x208.webp 300w, https:\/\/keweisolder.com\/wp-content\/uploads\/2024\/09\/solder-wireing-manufacturer-2-18x12.webp 18w, https:\/\/keweisolder.com\/wp-content\/uploads\/2024\/09\/solder-wireing-manufacturer-2-600x417.webp 600w\" sizes=\"auto, (max-width: 747px) 100vw, 747px\" \/>\t\t\t\t\t\t\n\t\t\t\t\t<\/div>\n\t\t\t\t\t\t\t\t\n<style>\n#image_323074900 {\n  width: 100%;\n}\n@media (min-width:550px) {\n  #image_323074900 {\n    width: 100%;\n  }\n}\n<\/style>\n\t<\/div>\n\t\n\t\t<\/div>\n\t\t\t\t\n<style>\n#col-366801366 > .col-inner {\n  padding: 0px 0px 0px 0px;\n}\n@media (min-width:550px) {\n  #col-366801366 > .col-inner {\n    padding: 0px 0px 0px 0px;\n  }\n}\n@media (min-width:850px) {\n  #col-366801366 > .col-inner {\n    padding: 0px 30px 0px 0px;\n  }\n}\n<\/style>\n\t<\/div>\n\n\t\n\n\t<div id=\"col-1841111160\" class=\"col medium-12 small-12 large-6 medium-col-first\"  >\n\t\t\t\t<div class=\"col-inner\"  >\n\t\t\t\n\t\t\t\n\t<div id=\"text-1506761206\" class=\"text\">\n\t\t\n<h2>SQUADRA AZIENDALE<\/h2>\n\t\t\n<style>\n#text-1506761206 {\n  font-size: 1rem;\n}\n@media (min-width:550px) {\n  #text-1506761206 {\n    font-size: 1rem;\n  }\n}\n@media (min-width:850px) {\n  #text-1506761206 {\n    font-size: 1.3rem;\n  }\n}\n<\/style>\n\t<\/div>\n\t\n<div class=\"is-divider divider clearfix\" style=\"max-width:50px;height:4px;background-color:rgb(59, 181, 76);\"><\/div>\n\t<div id=\"gap-1577595591\" class=\"gap-element clearfix\" style=\"display:block; height:auto;\">\n\t\t\n<style>\n#gap-1577595591 {\n  padding-top: 20px;\n}\n<\/style>\n\t<\/div>\n\t\n<p>In qualit\u00e0 di leader <strong>produttore di saldature<\/strong>Il nostro team \u00e8 composto da professionisti qualificati con una vasta esperienza nel settore della saldatura. Dagli specialisti della produzione agli esperti del controllo qualit\u00e0, garantiamo che ogni prodotto soddisfi gli standard pi\u00f9 elevati. Presso la nostra <strong>fabbrica di saldatura<\/strong>I nostri ingegneri dedicati lavorano a stretto contatto con i clienti per offrire <strong>servizi personalizzabili<\/strong>fornendo soluzioni su misura in linea con le vostre specifiche esigenze di saldatura. Il nostro team si impegna a fornire prodotti eccezionali e un'assistenza clienti straordinaria, assicurando risultati affidabili e partnership a lungo termine.<\/p>\n\t<div id=\"gap-766233216\" class=\"gap-element clearfix\" style=\"display:block; height:auto;\">\n\t\t\n<style>\n#gap-766233216 {\n  padding-top: 30px;\n}\n<\/style>\n\t<\/div>\n\t\n<a href=\"\/it\/contact\/\" class=\"button primary\"  style=\"border-radius:99px;\">\n    <span>Unisciti a noi ora<\/span>\n  <\/a>\n\n\t\t<\/div>\n\t\t\t\t\n<style>\n#col-1841111160 > .col-inner {\n  padding: 0px 0px 0px 0px;\n}\n@media (min-width:550px) {\n  #col-1841111160 > .col-inner {\n    padding: 0px 0px 0px 0px;\n  }\n}\n@media (min-width:850px) {\n  #col-1841111160 > .col-inner {\n    padding: 0px 90px 0px 30px;\n  }\n}\n<\/style>\n\t<\/div>\n\n\t\n<\/div>\n\t\t<\/div>\n\n\t\t\n<style>\n#section_1855272806 {\n  padding-top: 0px;\n  padding-bottom: 0px;\n}\n@media (min-width:550px) {\n  #section_1855272806 {\n    padding-top: 0px;\n    padding-bottom: 0px;\n  }\n}\n@media (min-width:850px) {\n  #section_1855272806 {\n    padding-top: 50px;\n    padding-bottom: 50px;\n  }\n}\n<\/style>\n\t<\/section>","protected":false},"excerpt":{"rendered":"","protected":false},"author":1,"featured_media":0,"parent":0,"menu_order":0,"comment_status":"closed","ping_status":"closed","template":"page-blank.php","meta":{"footnotes":""},"class_list":["post-25","page","type-page","status-publish","hentry"],"yoast_head":"<!-- This site is optimized with the Yoast SEO plugin v25.5 - https:\/\/yoast.com\/wordpress\/plugins\/seo\/ -->\n<title>about Kewei Solder<\/title>\n<meta name=\"description\" content=\"Kewei Solder \u2013 a leading manufacturer of solder assembly materials, dedicated to producing high-quality soldering materials for a variety of industries.\" \/>\n<meta name=\"robots\" content=\"index, follow, max-snippet:-1, max-image-preview:large, max-video-preview:-1\" \/>\n<link rel=\"canonical\" href=\"https:\/\/keweisolder.com\/it\/about\/\" \/>\n<meta property=\"og:locale\" content=\"it_IT\" \/>\n<meta property=\"og:type\" content=\"article\" \/>\n<meta property=\"og:title\" content=\"about Kewei Solder\" \/>\n<meta property=\"og:description\" content=\"Kewei Solder \u2013 a leading manufacturer of solder assembly materials, dedicated to producing high-quality soldering materials for a variety of industries.\" \/>\n<meta property=\"og:url\" content=\"https:\/\/keweisolder.com\/it\/about\/\" \/>\n<meta property=\"og:site_name\" content=\"Kewei Industries HK Limited\" \/>\n<meta property=\"article:modified_time\" content=\"2024-10-21T09:02:47+00:00\" \/>\n<meta name=\"twitter:card\" content=\"summary_large_image\" \/>\n<meta name=\"twitter:label1\" content=\"Tempo di lettura stimato\" \/>\n\t<meta name=\"twitter:data1\" content=\"4 minuti\" \/>\n<script type=\"application\/ld+json\" class=\"yoast-schema-graph\">{\"@context\":\"https:\/\/schema.org\",\"@graph\":[{\"@type\":\"WebPage\",\"@id\":\"https:\/\/keweisolder.com\/about\/\",\"url\":\"https:\/\/keweisolder.com\/about\/\",\"name\":\"about Kewei Solder\",\"isPartOf\":{\"@id\":\"https:\/\/keweisolder.com\/#website\"},\"datePublished\":\"2023-03-05T10:39:43+00:00\",\"dateModified\":\"2024-10-21T09:02:47+00:00\",\"description\":\"Kewei Solder \u2013 a leading manufacturer of solder assembly materials, dedicated to producing high-quality soldering materials for a variety of industries.\",\"breadcrumb\":{\"@id\":\"https:\/\/keweisolder.com\/about\/#breadcrumb\"},\"inLanguage\":\"it-IT\",\"potentialAction\":[{\"@type\":\"ReadAction\",\"target\":[\"https:\/\/keweisolder.com\/about\/\"]}]},{\"@type\":\"BreadcrumbList\",\"@id\":\"https:\/\/keweisolder.com\/about\/#breadcrumb\",\"itemListElement\":[{\"@type\":\"ListItem\",\"position\":1,\"name\":\"Home\",\"item\":\"https:\/\/keweisolder.com\/\"},{\"@type\":\"ListItem\",\"position\":2,\"name\":\"About\"}]},{\"@type\":\"WebSite\",\"@id\":\"https:\/\/keweisolder.com\/#website\",\"url\":\"https:\/\/keweisolder.com\/\",\"name\":\"Kewei Industries HK Limited\",\"description\":\"Tin factoty mainly making soldering related products.\",\"potentialAction\":[{\"@type\":\"SearchAction\",\"target\":{\"@type\":\"EntryPoint\",\"urlTemplate\":\"https:\/\/keweisolder.com\/?s={search_term_string}\"},\"query-input\":{\"@type\":\"PropertyValueSpecification\",\"valueRequired\":true,\"valueName\":\"search_term_string\"}}],\"inLanguage\":\"it-IT\"}]}<\/script>\n<!-- \/ Yoast SEO plugin. -->","yoast_head_json":{"title":"su Kewei Solder","description":"Kewei Solder \u00e8 un produttore leader di materiali di assemblaggio per saldatura, dedicato alla produzione di materiali di saldatura di alta qualit\u00e0 per una variet\u00e0 di settori.","robots":{"index":"index","follow":"follow","max-snippet":"max-snippet:-1","max-image-preview":"max-image-preview:large","max-video-preview":"max-video-preview:-1"},"canonical":"https:\/\/keweisolder.com\/it\/about\/","og_locale":"it_IT","og_type":"article","og_title":"about Kewei Solder","og_description":"Kewei Solder \u2013 a leading manufacturer of solder assembly materials, dedicated to producing high-quality soldering materials for a variety of industries.","og_url":"https:\/\/keweisolder.com\/it\/about\/","og_site_name":"Kewei Industries HK Limited","article_modified_time":"2024-10-21T09:02:47+00:00","twitter_card":"summary_large_image","twitter_misc":{"Tempo di lettura stimato":"4 minuti"},"schema":{"@context":"https:\/\/schema.org","@graph":[{"@type":"WebPage","@id":"https:\/\/keweisolder.com\/about\/","url":"https:\/\/keweisolder.com\/about\/","name":"su Kewei Solder","isPartOf":{"@id":"https:\/\/keweisolder.com\/#website"},"datePublished":"2023-03-05T10:39:43+00:00","dateModified":"2024-10-21T09:02:47+00:00","description":"Kewei Solder \u00e8 un produttore leader di materiali di assemblaggio per saldatura, dedicato alla produzione di materiali di saldatura di alta qualit\u00e0 per una variet\u00e0 di settori.","breadcrumb":{"@id":"https:\/\/keweisolder.com\/about\/#breadcrumb"},"inLanguage":"it-IT","potentialAction":[{"@type":"ReadAction","target":["https:\/\/keweisolder.com\/about\/"]}]},{"@type":"BreadcrumbList","@id":"https:\/\/keweisolder.com\/about\/#breadcrumb","itemListElement":[{"@type":"ListItem","position":1,"name":"Home","item":"https:\/\/keweisolder.com\/"},{"@type":"ListItem","position":2,"name":"About"}]},{"@type":"WebSite","@id":"https:\/\/keweisolder.com\/#website","url":"https:\/\/keweisolder.com\/","name":"Kewei Industries HK Limited","description":"La fabbrica di stagno produce principalmente prodotti per la saldatura.","potentialAction":[{"@type":"SearchAction","target":{"@type":"EntryPoint","urlTemplate":"https:\/\/keweisolder.com\/?s={search_term_string}"},"query-input":{"@type":"PropertyValueSpecification","valueRequired":true,"valueName":"search_term_string"}}],"inLanguage":"it-IT"}]}},"_links":{"self":[{"href":"https:\/\/keweisolder.com\/it\/wp-json\/wp\/v2\/pages\/25","targetHints":{"allow":["GET"]}}],"collection":[{"href":"https:\/\/keweisolder.com\/it\/wp-json\/wp\/v2\/pages"}],"about":[{"href":"https:\/\/keweisolder.com\/it\/wp-json\/wp\/v2\/types\/page"}],"author":[{"embeddable":true,"href":"https:\/\/keweisolder.com\/it\/wp-json\/wp\/v2\/users\/1"}],"replies":[{"embeddable":true,"href":"https:\/\/keweisolder.com\/it\/wp-json\/wp\/v2\/comments?post=25"}],"version-history":[{"count":0,"href":"https:\/\/keweisolder.com\/it\/wp-json\/wp\/v2\/pages\/25\/revisions"}],"wp:attachment":[{"href":"https:\/\/keweisolder.com\/it\/wp-json\/wp\/v2\/media?parent=25"}],"curies":[{"name":"wp","href":"https:\/\/api.w.org\/{rel}","templated":true}]}}