{"id":1870,"date":"2024-10-16T08:26:05","date_gmt":"2024-10-16T08:26:05","guid":{"rendered":"https:\/\/keweisolder.com\/?post_type=product&#038;p=1870"},"modified":"2024-12-28T03:20:39","modified_gmt":"2024-12-28T03:20:39","slug":"lead-free-solder-wire-sn99-3cu0-7-for-electronics","status":"publish","type":"product","link":"https:\/\/keweisolder.com\/it\/manufacturer\/lead-free-solder-wire-sn99-3cu0-7-for-electronics\/","title":{"rendered":"Filo per saldatura senza piombo Sn99.3Cu0.7"},"content":{"rendered":"<h2><strong>Introduzione<\/strong><\/h2>\n<p>Il<strong> Filo per saldatura senza piombo Sn99.3Cu0.7<\/strong> \u00e8 composto da 99,396 stagno e 0,7% rame. \u00c8 ideale per l'utilizzo in apparecchiature metalliche comuni, tubi di rame e piastre di rame. Questo prodotto \u00e8 una saldatura ecologica di tipo convenzionale che adotta la tecnologia di saldatura senza piombo. Il diametro del filo pu\u00f2 raggiungere pi\u00f9 di 0,18 mm.<\/p>\n<div class=\"row\"  id=\"row-105802603\">\n\n\t<div id=\"col-1663016644\" class=\"col medium-4 small-12 large-4\"  >\n\t\t\t\t<div class=\"col-inner\"  >\n\t\t\t\n\t\t\t\n\t<div class=\"box has-hover   has-hover box-text-bottom\" >\n\n\t\t<div class=\"box-image\" >\n\t\t\t\t\t\t<div class=\"\" >\n\t\t\t\t<img loading=\"lazy\" decoding=\"async\" width=\"600\" height=\"600\" src=\"https:\/\/keweisolder.com\/wp-content\/uploads\/2024\/09\/solderable-wire.webp\" class=\"attachment- size-\" alt=\"filo di saldatura senza piombo\" srcset=\"https:\/\/keweisolder.com\/wp-content\/uploads\/2024\/09\/solderable-wire.webp 600w, https:\/\/keweisolder.com\/wp-content\/uploads\/2024\/09\/solderable-wire-300x300.webp 300w, https:\/\/keweisolder.com\/wp-content\/uploads\/2024\/09\/solderable-wire-150x150.webp 150w, https:\/\/keweisolder.com\/wp-content\/uploads\/2024\/09\/solderable-wire-12x12.webp 12w, https:\/\/keweisolder.com\/wp-content\/uploads\/2024\/09\/solderable-wire-100x100.webp 100w\" sizes=\"auto, (max-width: 600px) 100vw, 600px\" \/>\t\t\t\t\t\t\t\t\t\t\t<\/div>\n\t\t\t\t\t<\/div>\n\n\t\t<div class=\"box-text text-center\" >\n\t\t\t<div class=\"box-text-inner\">\n\t\t\t\t\n<h4>Gamma di peso<\/h4>\n<p>50g, 200g, 500g, 1000g per bobina<\/p>\n\t\t\t<\/div>\n\t\t<\/div>\n\t<\/div>\n\t\n\t\t<\/div>\n\t\t\t\t\t<\/div>\n\n\t\n\n\t<div id=\"col-1286368954\" class=\"col medium-4 small-12 large-4\"  >\n\t\t\t\t<div class=\"col-inner\"  >\n\t\t\t\n\t\t\t\n\t<div class=\"box has-hover   has-hover box-text-bottom\" >\n\n\t\t<div class=\"box-image\" >\n\t\t\t\t\t\t<div class=\"\" >\n\t\t\t\t<img loading=\"lazy\" decoding=\"async\" width=\"600\" height=\"600\" src=\"https:\/\/keweisolder.com\/wp-content\/uploads\/2024\/10\/lead-free-solder-wire.webp\" class=\"attachment- size-\" alt=\"filo di saldatura senza piombo\" srcset=\"https:\/\/keweisolder.com\/wp-content\/uploads\/2024\/10\/lead-free-solder-wire.webp 600w, https:\/\/keweisolder.com\/wp-content\/uploads\/2024\/10\/lead-free-solder-wire-300x300.webp 300w, https:\/\/keweisolder.com\/wp-content\/uploads\/2024\/10\/lead-free-solder-wire-150x150.webp 150w, https:\/\/keweisolder.com\/wp-content\/uploads\/2024\/10\/lead-free-solder-wire-12x12.webp 12w, https:\/\/keweisolder.com\/wp-content\/uploads\/2024\/10\/lead-free-solder-wire-100x100.webp 100w\" sizes=\"auto, (max-width: 600px) 100vw, 600px\" \/>\t\t\t\t\t\t\t\t\t\t\t<\/div>\n\t\t\t\t\t<\/div>\n\n\t\t<div class=\"box-text text-center\" >\n\t\t\t<div class=\"box-text-inner\">\n\t\t\t\t\n<h4>Gamma di diametri dei fili<\/h4>\n<p>0,80 mm, 1,00 mm, 1,50 mm, 2,00 mm ecc...<\/p>\n\t\t\t<\/div>\n\t\t<\/div>\n\t<\/div>\n\t\n\t\t<\/div>\n\t\t\t\t\t<\/div>\n\n\t\n\n\t<div id=\"col-1371690476\" class=\"col medium-4 small-12 large-4\"  >\n\t\t\t\t<div class=\"col-inner\"  >\n\t\t\t\n\t\t\t\n\t<div class=\"box has-hover   has-hover box-text-bottom\" >\n\n\t\t<div class=\"box-image\" >\n\t\t\t\t\t\t<div class=\"\" >\n\t\t\t\t<img loading=\"lazy\" decoding=\"async\" width=\"300\" height=\"300\" src=\"https:\/\/keweisolder.com\/wp-content\/uploads\/2024\/10\/lead-free-solder-wire-2-300x300.webp\" class=\"attachment-medium size-medium\" alt=\"filo di saldatura senza piombo\" srcset=\"https:\/\/keweisolder.com\/wp-content\/uploads\/2024\/10\/lead-free-solder-wire-2-300x300.webp 300w, https:\/\/keweisolder.com\/wp-content\/uploads\/2024\/10\/lead-free-solder-wire-2-150x150.webp 150w, https:\/\/keweisolder.com\/wp-content\/uploads\/2024\/10\/lead-free-solder-wire-2-12x12.webp 12w, https:\/\/keweisolder.com\/wp-content\/uploads\/2024\/10\/lead-free-solder-wire-2-100x100.webp 100w, https:\/\/keweisolder.com\/wp-content\/uploads\/2024\/10\/lead-free-solder-wire-2.webp 600w\" sizes=\"auto, (max-width: 300px) 100vw, 300px\" \/>\t\t\t\t\t\t\t\t\t\t\t<\/div>\n\t\t\t\t\t<\/div>\n\n\t\t<div class=\"box-text text-center\" >\n\t\t\t<div class=\"box-text-inner\">\n\t\t\t\t\n<h4>Pacchetto<\/h4>\n<p>Pu\u00f2 custmzie come requisito dei clienti<\/p>\n\t\t\t<\/div>\n\t\t<\/div>\n\t<\/div>\n\t\n\t\t<\/div>\n\t\t\t\t\t<\/div>\n\n\t\n<\/div>\n<h2 style=\"text-align: left;\"><strong>Parametro<\/strong><\/h2>\n\n<table id=\"tablepress-6\" class=\"tablepress tablepress-id-6\">\n<thead>\n<tr class=\"row-1\">\n\t<th class=\"column-1\">Parametri tecnici<\/th><th class=\"column-2\">Valore<\/th>\n<\/tr>\n<\/thead>\n<tbody class=\"row-striping row-hover\">\n<tr class=\"row-2\">\n\t<td class=\"column-1\">Composizione della lega<\/td><td class=\"column-2\">Stagno (Sn): circa 99,3%, Rame (Cu): circa 0,7%. Le altre impurit\u00e0 sono a livelli estremamente bassi. <\/td>\n<\/tr>\n<tr class=\"row-3\">\n\t<td class=\"column-1\">Punto di fusione<\/td><td class=\"column-2\">Circa 227\u00b0C<\/td>\n<\/tr>\n<tr class=\"row-4\">\n\t<td class=\"column-1\">Densit\u00e0<\/td><td class=\"column-2\">Generalmente intorno a 7,37 - 7,4 g\/cm\u00b3<\/td>\n<\/tr>\n<tr class=\"row-5\">\n\t<td class=\"column-1\">Diametro del filo<\/td><td class=\"column-2\">0,8 mm, 1,0 mm, ecc. che possono essere selezionati in base alle specifiche esigenze di saldatura.<\/td>\n<\/tr>\n<tr class=\"row-6\">\n\t<td class=\"column-1\">Contenuto del flusso<\/td><td class=\"column-2\">in genere intorno a 1,5% - 3%.<\/td>\n<\/tr>\n<tr class=\"row-7\">\n\t<td class=\"column-1\">Temperatura di esercizio della saldatura<\/td><td class=\"column-2\">Di solito tra 270\u00b0C e 320\u00b0C<\/td>\n<\/tr>\n<tr class=\"row-8\">\n\t<td class=\"column-1\">Saldabilit\u00e0<\/td><td class=\"column-2\">Ha una buona saldabilit\u00e0. I giunti di saldatura sono brillanti e pieni e la forza di connessione dopo la saldatura \u00e8 elevata.<\/td>\n<\/tr>\n<tr class=\"row-9\">\n\t<td class=\"column-1\">Lunghezza della diffusione<\/td><td class=\"column-2\">Durante il processo di saldatura, la lunghezza di diffusione del filo di saldatura fuso \u00e8 generalmente inferiore a 10 mm (questo parametro pu\u00f2 variare leggermente a seconda delle condizioni di saldatura e dei metodi operativi specifici).<\/td>\n<\/tr>\n<tr class=\"row-10\">\n\t<td class=\"column-1\">Aspetto<\/td><td class=\"column-2\">In circostanze normali, l'aspetto del filo di saldatura senza piombo \u00e8 grigio-argento, con una superficie liscia e senza ossidazione, annerimento o altri fenomeni.<\/td>\n<\/tr>\n<\/tbody>\n<\/table>\n<!-- #tablepress-6 from cache -->\n<div class=\"video video-fit mb\" style=\"padding-top:56.25%;\"><p><iframe loading=\"lazy\" title=\"Fabbrica di fili per saldatura\" width=\"1020\" height=\"574\" src=\"https:\/\/www.youtube.com\/embed\/iiv3yXsA0TY?feature=oembed\" frameborder=\"0\" allow=\"accelerometer; autoplay; clipboard-write; encrypted-media; gyroscope; picture-in-picture; web-share\" referrerpolicy=\"strict-origin-when-cross-origin\" allowfullscreen><\/iframe><\/p>\n<\/div>\n<h2 style=\"text-align: left;\"><strong>Spedizione<\/strong><\/h2>\n\t<div class=\"img has-hover x md-x lg-x y md-y lg-y\" id=\"image_1835685046\">\n\t\t\t\t\t\t\t\t<div class=\"img-inner dark\" >\n\t\t\t<img loading=\"lazy\" decoding=\"async\" width=\"900\" height=\"675\" src=\"https:\/\/keweisolder.com\/wp-content\/uploads\/2024\/10\/shipment-2.webp\" class=\"attachment-original size-original\" alt=\"spedizione\" srcset=\"https:\/\/keweisolder.com\/wp-content\/uploads\/2024\/10\/shipment-2.webp 900w, https:\/\/keweisolder.com\/wp-content\/uploads\/2024\/10\/shipment-2-300x225.webp 300w, https:\/\/keweisolder.com\/wp-content\/uploads\/2024\/10\/shipment-2-768x576.webp 768w, https:\/\/keweisolder.com\/wp-content\/uploads\/2024\/10\/shipment-2-16x12.webp 16w, https:\/\/keweisolder.com\/wp-content\/uploads\/2024\/10\/shipment-2-600x450.webp 600w\" sizes=\"auto, (max-width: 900px) 100vw, 900px\" \/>\t\t\t\t\t\t\n\t\t\t\t\t<\/div>\n\t\t\t\t\t\t\t\t\n<style>\n#image_1835685046 {\n  width: 100%;\n}\n<\/style>\n\t<\/div>\n\t\n<h2 style=\"text-align: left;\"><strong>FAQ<\/strong><\/h2>\n<p><b data-spm-anchor-id=\"a2700.details.0.i37.58051a0442HZr9\">1. Chi siamo?<\/b><br \/>\nSiamo fabbrica di latta con sede a Guangdong, Cina, iniziare dal 2018, vendere al mercato interno (15.00%), Sud-Est asiatico (13.00%), Nord America (10.00%), Asia meridionale (10.00%), Medio Oriente (9.00%), Europa settentrionale (8..Europa del Nord(8.00%),Sud America(8.00%),Europa del Sud(6.00%),Europa dell'Est(5.00%),Africa(4.00%),Europa dell'Ovest(4.00%),America Centrale(3.00%),Asia dell'Est(3.00%),Oceania(2.00%). Nel nostro ufficio lavorano in totale circa 101-200 persone.<\/p>\n<p><b>2. Come possiamo garantire la qualit\u00e0?<\/b><br \/>\nSempre un campione di pre-produzione prima della produzione di massa;<br \/>\nIspezione finale prima della spedizione;<\/p>\n<p><b>3. Cosa potete acquistare da noi?<\/b><br \/>\nFilo di saldatura, barra saldante, pasta saldante, filo di rame, filo di alluminio<\/p>\n<p><b>4. Perch\u00e9 dovreste acquistare da noi e non da altri fornitori?<\/b><br \/>\nKewei Tin manufaturer, si concentra principalmente sulla R&amp;S dei prodotti di saldatura, sulla produzione e sulla distribuzione in tutto il mondo. Attualmente disponiamo di filo per saldatura\/barre saldanti\/pasta saldante\/sfere di stagno\/flusso di saldatura\/pasta di fluido in prodotti senza piombo\/algo, strumenti hardware ecc.<\/p>\n<p><b>5. Quali servizi possiamo fornire?<\/b><br \/>\nTermini di consegna accettati: FOB, CFR, CIF, EXW, DDP, DDU, Consegna espressa\uff1b<br \/>\nValuta di pagamento accettata: USD, EUR, JPY, CAD, AUD, HKD, CNY;<br \/>\nTipo di pagamento accettato: T\/T, PayPal, Western Union, contanti;<br \/>\nLingua parlata: inglese, cinese, spagnolo, giapponese, portoghese, tedesco, arabo, francese, russo, coreano, hindi, italiano.<\/p>","protected":false},"excerpt":{"rendered":"<p>Filo di saldatura senza piombo di alta qualit\u00e0 per saldature professionali. Ideale per l'elettronica, garantisce giunzioni affidabili e soddisfa gli standard ambientali. Migliorate la vostra esperienza di saldatura con il nostro filo di qualit\u00e0 superiore.<\/p>","protected":false},"featured_media":1853,"template":"","meta":[],"product_brand":[],"product_cat":[15,40],"product_tag":[],"class_list":{"0":"post-1870","1":"product","2":"type-product","3":"status-publish","4":"has-post-thumbnail","6":"product_cat-solder-wire","7":"product_cat-lead-free-solder-wire","9":"first","10":"instock","11":"shipping-taxable","12":"product-type-simple"},"yoast_head":"<!-- This site is optimized with the Yoast SEO plugin v25.5 - https:\/\/yoast.com\/wordpress\/plugins\/seo\/ -->\n<title>Hot Sale High Quality Lead Free Solder Wire from Solder Wire Factory<\/title>\n<meta name=\"description\" content=\"Premium lead free solder wire Sn99.3Cu0.7 available! It offers excellent soldering performance for electronic devices. Environment - friendly and long - lasting\" \/>\n<meta name=\"robots\" content=\"index, follow, max-snippet:-1, max-image-preview:large, max-video-preview:-1\" \/>\n<link rel=\"canonical\" href=\"https:\/\/keweisolder.com\/it\/manufacturer\/lead-free-solder-wire-sn99-3cu0-7-for-electronics\/\" \/>\n<meta property=\"og:locale\" content=\"it_IT\" \/>\n<meta property=\"og:type\" content=\"article\" \/>\n<meta property=\"og:title\" content=\"Hot Sale High Quality Lead Free Solder Wire from Solder Wire Factory\" \/>\n<meta property=\"og:description\" content=\"Premium lead free solder wire Sn99.3Cu0.7 available! It offers excellent soldering performance for electronic devices. Environment - friendly and long - lasting\" \/>\n<meta property=\"og:url\" content=\"https:\/\/keweisolder.com\/it\/manufacturer\/lead-free-solder-wire-sn99-3cu0-7-for-electronics\/\" \/>\n<meta property=\"og:site_name\" content=\"Kewei Industries HK Limited\" \/>\n<meta property=\"article:modified_time\" content=\"2024-12-28T03:20:39+00:00\" \/>\n<meta property=\"og:image\" content=\"https:\/\/keweisolder.com\/wp-content\/uploads\/2024\/09\/solderable-wire.webp\" \/>\n\t<meta property=\"og:image:width\" content=\"600\" \/>\n\t<meta property=\"og:image:height\" content=\"600\" \/>\n\t<meta property=\"og:image:type\" content=\"image\/webp\" \/>\n<meta name=\"twitter:card\" content=\"summary_large_image\" \/>\n<meta name=\"twitter:label1\" content=\"Tempo di lettura stimato\" \/>\n\t<meta name=\"twitter:data1\" content=\"2 minuti\" \/>\n<script type=\"application\/ld+json\" class=\"yoast-schema-graph\">{\"@context\":\"https:\/\/schema.org\",\"@graph\":[{\"@type\":\"WebPage\",\"@id\":\"https:\/\/keweisolder.com\/manufacturer\/lead-free-solder-wire-sn99-3cu0-7-for-electronics\/\",\"url\":\"https:\/\/keweisolder.com\/manufacturer\/lead-free-solder-wire-sn99-3cu0-7-for-electronics\/\",\"name\":\"Hot Sale High Quality Lead Free Solder Wire from Solder Wire Factory\",\"isPartOf\":{\"@id\":\"https:\/\/keweisolder.com\/#website\"},\"primaryImageOfPage\":{\"@id\":\"https:\/\/keweisolder.com\/manufacturer\/lead-free-solder-wire-sn99-3cu0-7-for-electronics\/#primaryimage\"},\"image\":{\"@id\":\"https:\/\/keweisolder.com\/manufacturer\/lead-free-solder-wire-sn99-3cu0-7-for-electronics\/#primaryimage\"},\"thumbnailUrl\":\"https:\/\/keweisolder.com\/wp-content\/uploads\/2024\/09\/solderable-wire.webp\",\"datePublished\":\"2024-10-16T08:26:05+00:00\",\"dateModified\":\"2024-12-28T03:20:39+00:00\",\"description\":\"Premium lead free solder wire Sn99.3Cu0.7 available! It offers excellent soldering performance for electronic devices. Environment - friendly and long - lasting\",\"breadcrumb\":{\"@id\":\"https:\/\/keweisolder.com\/manufacturer\/lead-free-solder-wire-sn99-3cu0-7-for-electronics\/#breadcrumb\"},\"inLanguage\":\"it-IT\",\"potentialAction\":[{\"@type\":\"ReadAction\",\"target\":[\"https:\/\/keweisolder.com\/manufacturer\/lead-free-solder-wire-sn99-3cu0-7-for-electronics\/\"]}]},{\"@type\":\"ImageObject\",\"inLanguage\":\"it-IT\",\"@id\":\"https:\/\/keweisolder.com\/manufacturer\/lead-free-solder-wire-sn99-3cu0-7-for-electronics\/#primaryimage\",\"url\":\"https:\/\/keweisolder.com\/wp-content\/uploads\/2024\/09\/solderable-wire.webp\",\"contentUrl\":\"https:\/\/keweisolder.com\/wp-content\/uploads\/2024\/09\/solderable-wire.webp\",\"width\":600,\"height\":600,\"caption\":\"lead free solder wire\"},{\"@type\":\"BreadcrumbList\",\"@id\":\"https:\/\/keweisolder.com\/manufacturer\/lead-free-solder-wire-sn99-3cu0-7-for-electronics\/#breadcrumb\",\"itemListElement\":[{\"@type\":\"ListItem\",\"position\":1,\"name\":\"Home\",\"item\":\"https:\/\/keweisolder.com\/\"},{\"@type\":\"ListItem\",\"position\":2,\"name\":\"Products\",\"item\":\"https:\/\/keweisolder.com\/shop\/\"},{\"@type\":\"ListItem\",\"position\":3,\"name\":\"Lead Free Solder Wire Sn99.3Cu0.7\"}]},{\"@type\":\"WebSite\",\"@id\":\"https:\/\/keweisolder.com\/#website\",\"url\":\"https:\/\/keweisolder.com\/\",\"name\":\"Kewei Industries HK Limited\",\"description\":\"Tin factoty mainly making soldering related products.\",\"potentialAction\":[{\"@type\":\"SearchAction\",\"target\":{\"@type\":\"EntryPoint\",\"urlTemplate\":\"https:\/\/keweisolder.com\/?s={search_term_string}\"},\"query-input\":{\"@type\":\"PropertyValueSpecification\",\"valueRequired\":true,\"valueName\":\"search_term_string\"}}],\"inLanguage\":\"it-IT\"}]}<\/script>\n<!-- \/ Yoast SEO plugin. -->","yoast_head_json":{"title":"Vendita calda di alta qualit\u00e0 senza piombo filo di saldatura dalla fabbrica di filo di saldatura","description":"\u00c8 disponibile il filo di saldatura senza piombo Sn99.3Cu0.7! Offre eccellenti prestazioni di saldatura per i dispositivi elettronici. Rispettoso dell'ambiente e di lunga durata","robots":{"index":"index","follow":"follow","max-snippet":"max-snippet:-1","max-image-preview":"max-image-preview:large","max-video-preview":"max-video-preview:-1"},"canonical":"https:\/\/keweisolder.com\/it\/manufacturer\/lead-free-solder-wire-sn99-3cu0-7-for-electronics\/","og_locale":"it_IT","og_type":"article","og_title":"Hot Sale High Quality Lead Free Solder Wire from Solder Wire Factory","og_description":"Premium lead free solder wire Sn99.3Cu0.7 available! It offers excellent soldering performance for electronic devices. Environment - friendly and long - lasting","og_url":"https:\/\/keweisolder.com\/it\/manufacturer\/lead-free-solder-wire-sn99-3cu0-7-for-electronics\/","og_site_name":"Kewei Industries HK Limited","article_modified_time":"2024-12-28T03:20:39+00:00","og_image":[{"width":600,"height":600,"url":"https:\/\/keweisolder.com\/wp-content\/uploads\/2024\/09\/solderable-wire.webp","type":"image\/webp"}],"twitter_card":"summary_large_image","twitter_misc":{"Tempo di lettura stimato":"2 minuti"},"schema":{"@context":"https:\/\/schema.org","@graph":[{"@type":"WebPage","@id":"https:\/\/keweisolder.com\/manufacturer\/lead-free-solder-wire-sn99-3cu0-7-for-electronics\/","url":"https:\/\/keweisolder.com\/manufacturer\/lead-free-solder-wire-sn99-3cu0-7-for-electronics\/","name":"Vendita calda di alta qualit\u00e0 senza piombo filo di saldatura dalla fabbrica di filo di saldatura","isPartOf":{"@id":"https:\/\/keweisolder.com\/#website"},"primaryImageOfPage":{"@id":"https:\/\/keweisolder.com\/manufacturer\/lead-free-solder-wire-sn99-3cu0-7-for-electronics\/#primaryimage"},"image":{"@id":"https:\/\/keweisolder.com\/manufacturer\/lead-free-solder-wire-sn99-3cu0-7-for-electronics\/#primaryimage"},"thumbnailUrl":"https:\/\/keweisolder.com\/wp-content\/uploads\/2024\/09\/solderable-wire.webp","datePublished":"2024-10-16T08:26:05+00:00","dateModified":"2024-12-28T03:20:39+00:00","description":"\u00c8 disponibile il filo di saldatura senza piombo Sn99.3Cu0.7! Offre eccellenti prestazioni di saldatura per i dispositivi elettronici. Rispettoso dell'ambiente e di lunga durata","breadcrumb":{"@id":"https:\/\/keweisolder.com\/manufacturer\/lead-free-solder-wire-sn99-3cu0-7-for-electronics\/#breadcrumb"},"inLanguage":"it-IT","potentialAction":[{"@type":"ReadAction","target":["https:\/\/keweisolder.com\/manufacturer\/lead-free-solder-wire-sn99-3cu0-7-for-electronics\/"]}]},{"@type":"ImageObject","inLanguage":"it-IT","@id":"https:\/\/keweisolder.com\/manufacturer\/lead-free-solder-wire-sn99-3cu0-7-for-electronics\/#primaryimage","url":"https:\/\/keweisolder.com\/wp-content\/uploads\/2024\/09\/solderable-wire.webp","contentUrl":"https:\/\/keweisolder.com\/wp-content\/uploads\/2024\/09\/solderable-wire.webp","width":600,"height":600,"caption":"lead free solder wire"},{"@type":"BreadcrumbList","@id":"https:\/\/keweisolder.com\/manufacturer\/lead-free-solder-wire-sn99-3cu0-7-for-electronics\/#breadcrumb","itemListElement":[{"@type":"ListItem","position":1,"name":"Home","item":"https:\/\/keweisolder.com\/"},{"@type":"ListItem","position":2,"name":"Products","item":"https:\/\/keweisolder.com\/shop\/"},{"@type":"ListItem","position":3,"name":"Lead Free Solder Wire Sn99.3Cu0.7"}]},{"@type":"WebSite","@id":"https:\/\/keweisolder.com\/#website","url":"https:\/\/keweisolder.com\/","name":"Kewei Industries HK Limited","description":"La fabbrica di stagno produce principalmente prodotti per la saldatura.","potentialAction":[{"@type":"SearchAction","target":{"@type":"EntryPoint","urlTemplate":"https:\/\/keweisolder.com\/?s={search_term_string}"},"query-input":{"@type":"PropertyValueSpecification","valueRequired":true,"valueName":"search_term_string"}}],"inLanguage":"it-IT"}]}},"_links":{"self":[{"href":"https:\/\/keweisolder.com\/it\/wp-json\/wp\/v2\/product\/1870","targetHints":{"allow":["GET"]}}],"collection":[{"href":"https:\/\/keweisolder.com\/it\/wp-json\/wp\/v2\/product"}],"about":[{"href":"https:\/\/keweisolder.com\/it\/wp-json\/wp\/v2\/types\/product"}],"wp:featuredmedia":[{"embeddable":true,"href":"https:\/\/keweisolder.com\/it\/wp-json\/wp\/v2\/media\/1853"}],"wp:attachment":[{"href":"https:\/\/keweisolder.com\/it\/wp-json\/wp\/v2\/media?parent=1870"}],"wp:term":[{"taxonomy":"product_brand","embeddable":true,"href":"https:\/\/keweisolder.com\/it\/wp-json\/wp\/v2\/product_brand?post=1870"},{"taxonomy":"product_cat","embeddable":true,"href":"https:\/\/keweisolder.com\/it\/wp-json\/wp\/v2\/product_cat?post=1870"},{"taxonomy":"product_tag","embeddable":true,"href":"https:\/\/keweisolder.com\/it\/wp-json\/wp\/v2\/product_tag?post=1870"}],"curies":[{"name":"wp","href":"https:\/\/api.w.org\/{rel}","templated":true}]}}