{"id":2029,"date":"2024-12-28T06:54:38","date_gmt":"2024-12-28T06:54:38","guid":{"rendered":"https:\/\/keweisolder.com\/?post_type=product&#038;p=2029"},"modified":"2024-12-28T07:13:52","modified_gmt":"2024-12-28T07:13:52","slug":"lead-solder-wire-sn60pb40","status":"publish","type":"product","link":"https:\/\/keweisolder.com\/it\/manufacturer\/lead-solder-wire-sn60pb40\/","title":{"rendered":"Filo di piombo a saldare Sn60Pb40"},"content":{"rendered":"<h2><strong>Introduzione<\/strong><\/h2>\n<p>Il filo di piombo Sn60Pb40 \u00e8 un tipo di saldatura comunemente utilizzato nelle applicazioni elettroniche e idrauliche. Sn60Pb40 indica che la saldatura \u00e8 composta da 60% di stagno (Sn) e 40% di piombo (Pb). Ecco un'analisi pi\u00f9 approfondita delle sue caratteristiche e dei suoi usi:<\/p>\n<ul>\n<li><strong>Composizione:<\/strong>\u00a0Il rapporto 60\/40 fornisce un equilibrio che offre buone prestazioni di saldatura. Lo stagno \u00e8 l'elemento principale, che abbassa il punto di fusione e migliora le propriet\u00e0 di bagnatura, mentre il piombo contribuisce alla malleabilit\u00e0 e alla resistenza della saldatura.<\/li>\n<li><strong>Punto di fusione:<\/strong>\u00a0Questa lega di saldatura fonde tipicamente a circa 183-190\u00b0C (361-374\u00b0F), il che la rende adatta a una variet\u00e0 di applicazioni, poich\u00e9 scorre bene a temperature relativamente basse.<\/li>\n<li><strong>Applicazioni:<\/strong>\u00a0La saldatura Sn60Pb40 \u00e8 ampiamente utilizzata nell'assemblaggio dei circuiti elettronici grazie alla sua eccellente conducibilit\u00e0 elettrica e resistenza meccanica. Viene impiegata anche in lavori di idraulica e in altre operazioni di giunzione di metalli in cui la durata e l'affidabilit\u00e0 delle connessioni sono essenziali.<\/li>\n<li><strong>Vantaggi:<\/strong>\u00a0La saldatura Sn60Pb40 \u00e8 nota per la sua facilit\u00e0 d'uso, le buone caratteristiche di fluidit\u00e0 e la formazione di giunzioni robuste e durevoli. Queste propriet\u00e0 la rendono una scelta popolare tra i professionisti per le attivit\u00e0 che richiedono precisione e affidabilit\u00e0.<\/li>\n<li><strong>Considerazioni:<\/strong>\u00a0A causa della presenza di piombo, questo tipo di saldatura \u00e8 soggetto a restrizioni normative in alcune regioni, come l'Unione Europea, in base alle direttive RoHS (Restriction of Hazardous Substances). Le alternative senza piombo sono spesso utilizzate nelle applicazioni che richiedono la conformit\u00e0 a queste normative.<\/li>\n<\/ul>\n<div class=\"row\"  id=\"row-1005290770\">\n\n\t<div id=\"col-1806006156\" class=\"col medium-4 small-12 large-4\"  >\n\t\t\t\t<div class=\"col-inner\"  >\n\t\t\t\n\t\t\t\n\t<div class=\"box has-hover   has-hover box-text-bottom\" >\n\n\t\t<div class=\"box-image\" >\n\t\t\t\t\t\t<div class=\"\" >\n\t\t\t\t<img loading=\"lazy\" decoding=\"async\" width=\"600\" height=\"600\" src=\"https:\/\/keweisolder.com\/wp-content\/uploads\/2024\/10\/lead-solder-wire.webp\" class=\"attachment- size-\" alt=\"filo di piombo per saldatura\" srcset=\"https:\/\/keweisolder.com\/wp-content\/uploads\/2024\/10\/lead-solder-wire.webp 600w, https:\/\/keweisolder.com\/wp-content\/uploads\/2024\/10\/lead-solder-wire-300x300.webp 300w, https:\/\/keweisolder.com\/wp-content\/uploads\/2024\/10\/lead-solder-wire-150x150.webp 150w, https:\/\/keweisolder.com\/wp-content\/uploads\/2024\/10\/lead-solder-wire-12x12.webp 12w, https:\/\/keweisolder.com\/wp-content\/uploads\/2024\/10\/lead-solder-wire-100x100.webp 100w\" sizes=\"auto, (max-width: 600px) 100vw, 600px\" \/>\t\t\t\t\t\t\t\t\t\t\t<\/div>\n\t\t\t\t\t<\/div>\n\n\t\t<div class=\"box-text text-center\" >\n\t\t\t<div class=\"box-text-inner\">\n\t\t\t\t\n<h4>Gamma di peso<\/h4>\n<p>50g, 200g, 500g, 1000g per bobina<\/p>\n\t\t\t<\/div>\n\t\t<\/div>\n\t<\/div>\n\t\n\t\t<\/div>\n\t\t\t\t\t<\/div>\n\n\t\n\n\t<div id=\"col-1315637854\" class=\"col medium-4 small-12 large-4\"  >\n\t\t\t\t<div class=\"col-inner\"  >\n\t\t\t\n\t\t\t\n\t<div class=\"box has-hover   has-hover box-text-bottom\" >\n\n\t\t<div class=\"box-image\" >\n\t\t\t\t\t\t<div class=\"\" >\n\t\t\t\t<img loading=\"lazy\" decoding=\"async\" width=\"600\" height=\"600\" src=\"https:\/\/keweisolder.com\/wp-content\/uploads\/2024\/10\/lead-solder-wire-7.webp\" class=\"attachment- size-\" alt=\"filo di piombo per saldatura\" srcset=\"https:\/\/keweisolder.com\/wp-content\/uploads\/2024\/10\/lead-solder-wire-7.webp 600w, https:\/\/keweisolder.com\/wp-content\/uploads\/2024\/10\/lead-solder-wire-7-300x300.webp 300w, https:\/\/keweisolder.com\/wp-content\/uploads\/2024\/10\/lead-solder-wire-7-150x150.webp 150w, https:\/\/keweisolder.com\/wp-content\/uploads\/2024\/10\/lead-solder-wire-7-12x12.webp 12w, https:\/\/keweisolder.com\/wp-content\/uploads\/2024\/10\/lead-solder-wire-7-100x100.webp 100w\" sizes=\"auto, (max-width: 600px) 100vw, 600px\" \/>\t\t\t\t\t\t\t\t\t\t\t<\/div>\n\t\t\t\t\t<\/div>\n\n\t\t<div class=\"box-text text-center\" >\n\t\t\t<div class=\"box-text-inner\">\n\t\t\t\t\n<h4>Gamma di diametri dei fili<\/h4>\n<p>0,80 mm, 1,00 mm, 1,50 mm, 2,00 mm ecc...<\/p>\n\t\t\t<\/div>\n\t\t<\/div>\n\t<\/div>\n\t\n\t\t<\/div>\n\t\t\t\t\t<\/div>\n\n\t\n\n\t<div id=\"col-2073560694\" class=\"col medium-4 small-12 large-4\"  >\n\t\t\t\t<div class=\"col-inner\"  >\n\t\t\t\n\t\t\t\n\t<div class=\"box has-hover   has-hover box-text-bottom\" >\n\n\t\t<div class=\"box-image\" >\n\t\t\t\t\t\t<div class=\"\" >\n\t\t\t\t<img loading=\"lazy\" decoding=\"async\" width=\"300\" height=\"300\" src=\"https:\/\/keweisolder.com\/wp-content\/uploads\/2024\/10\/lead-solder-wire-9-300x300.webp\" class=\"attachment-medium size-medium\" alt=\"filo di piombo per saldatura\" srcset=\"https:\/\/keweisolder.com\/wp-content\/uploads\/2024\/10\/lead-solder-wire-9-300x300.webp 300w, https:\/\/keweisolder.com\/wp-content\/uploads\/2024\/10\/lead-solder-wire-9-150x150.webp 150w, https:\/\/keweisolder.com\/wp-content\/uploads\/2024\/10\/lead-solder-wire-9-12x12.webp 12w, https:\/\/keweisolder.com\/wp-content\/uploads\/2024\/10\/lead-solder-wire-9-100x100.webp 100w, https:\/\/keweisolder.com\/wp-content\/uploads\/2024\/10\/lead-solder-wire-9.webp 600w\" sizes=\"auto, (max-width: 300px) 100vw, 300px\" \/>\t\t\t\t\t\t\t\t\t\t\t<\/div>\n\t\t\t\t\t<\/div>\n\n\t\t<div class=\"box-text text-center\" >\n\t\t\t<div class=\"box-text-inner\">\n\t\t\t\t\n<h4>Pacchetto<\/h4>\n<p>Pu\u00f2 custmzie come requisito dei clienti<\/p>\n\t\t\t<\/div>\n\t\t<\/div>\n\t<\/div>\n\t\n\t\t<\/div>\n\t\t\t\t\t<\/div>\n\n\t\n<\/div>\n<h2 style=\"text-align: left;\"><strong>Parametro<\/strong><\/h2>\n\n<table id=\"tablepress-14\" class=\"tablepress tablepress-id-14\">\n<thead>\n<tr class=\"row-1\">\n\t<th class=\"column-1\">Prodotto<\/th><th colspan=\"5\" class=\"column-2\">Filo di piombo a saldare Sn60Pb40<\/th>\n<\/tr>\n<\/thead>\n<tbody class=\"row-striping row-hover\">\n<tr class=\"row-2\">\n\t<td class=\"column-1\">Materiale Tipo chimico<\/td><td class=\"column-2\">Saldatura<\/td><td class=\"column-3\"><\/td><td class=\"column-4\"><\/td><td class=\"column-5\"><\/td><td class=\"column-6\"><\/td>\n<\/tr>\n<tr class=\"row-3\">\n\t<td class=\"column-1\">Composizione<\/td><td class=\"column-2\">CAS #<\/td><td class=\"column-3\">Contenuto percentuale (%)<\/td><td class=\"column-4\">PEL OSHA (mg\/m\u00b3)<\/td><td class=\"column-5\">TLV-TWA (mg\/m\u00b3)<\/td><td class=\"column-6\">TLV-STEL (mg\/m\u00b3)<\/td>\n<\/tr>\n<tr class=\"row-4\">\n\t<td class=\"column-1\">Sn<\/td><td class=\"column-2\">7440-31-5<\/td><td class=\"column-3\">44~46<\/td><td class=\"column-4\">2<\/td><td class=\"column-5\">2<\/td><td class=\"column-6\">N\/D<\/td>\n<\/tr>\n<tr class=\"row-5\">\n\t<td class=\"column-1\">Pb<\/td><td class=\"column-2\">7439-92-1<\/td><td class=\"column-3\">54~56<\/td><td class=\"column-4\">0.1<\/td><td class=\"column-5\">0.2<\/td><td class=\"column-6\">N\/D<\/td>\n<\/tr>\n<tr class=\"row-6\">\n\t<td class=\"column-1\">Colofonia\/Flusso<\/td><td class=\"column-2\">65997-06-0\t<\/td><td class=\"column-3\">2.0~3.0<\/td><td class=\"column-4\">N\/D<\/td><td class=\"column-5\">0.1<\/td><td class=\"column-6\">N\/D<\/td>\n<\/tr>\n<\/tbody>\n<\/table>\n<!-- #tablepress-14 from cache -->\n<div class=\"video video-fit mb\" style=\"padding-top:56.25%;\"><p><iframe loading=\"lazy\" title=\"Produttore di fili di piombo per saldatura\" width=\"1020\" height=\"574\" src=\"https:\/\/www.youtube.com\/embed\/M7JHni6Locc?feature=oembed\" frameborder=\"0\" allow=\"accelerometer; autoplay; clipboard-write; encrypted-media; gyroscope; picture-in-picture; web-share\" referrerpolicy=\"strict-origin-when-cross-origin\" allowfullscreen><\/iframe><\/p>\n<\/div>\n<h2 style=\"text-align: left;\"><strong>Spedizione<\/strong><\/h2>\n\t<div class=\"img has-hover x md-x lg-x y md-y lg-y\" id=\"image_270768289\">\n\t\t\t\t\t\t\t\t<div class=\"img-inner dark\" >\n\t\t\t<img loading=\"lazy\" decoding=\"async\" width=\"900\" height=\"675\" src=\"https:\/\/keweisolder.com\/wp-content\/uploads\/2024\/10\/shipment-2.webp\" class=\"attachment-original size-original\" alt=\"spedizione\" srcset=\"https:\/\/keweisolder.com\/wp-content\/uploads\/2024\/10\/shipment-2.webp 900w, https:\/\/keweisolder.com\/wp-content\/uploads\/2024\/10\/shipment-2-300x225.webp 300w, https:\/\/keweisolder.com\/wp-content\/uploads\/2024\/10\/shipment-2-768x576.webp 768w, https:\/\/keweisolder.com\/wp-content\/uploads\/2024\/10\/shipment-2-16x12.webp 16w, https:\/\/keweisolder.com\/wp-content\/uploads\/2024\/10\/shipment-2-600x450.webp 600w\" sizes=\"auto, (max-width: 900px) 100vw, 900px\" \/>\t\t\t\t\t\t\n\t\t\t\t\t<\/div>\n\t\t\t\t\t\t\t\t\n<style>\n#image_270768289 {\n  width: 100%;\n}\n<\/style>\n\t<\/div>\n\t\n<h2 style=\"text-align: left;\"><strong>FAQ<\/strong><\/h2>\n<p><b data-spm-anchor-id=\"a2700.details.0.i37.58051a0442HZr9\">1. Chi siamo?<\/b><br \/>\nSiamo fabbrica di latta con sede a Guangdong, Cina, iniziare dal 2018, vendere al mercato interno (15.00%), Sud-Est asiatico (13.00%), Nord America (10.00%), Asia meridionale (10.00%), Medio Oriente (9.00%), Europa settentrionale (8..Europa del Nord(8.00%),Sud America(8.00%),Europa del Sud(6.00%),Europa dell'Est(5.00%),Africa(4.00%),Europa dell'Ovest(4.00%),America Centrale(3.00%),Asia dell'Est(3.00%),Oceania(2.00%). Nel nostro ufficio lavorano in totale circa 101-200 persone.<\/p>\n<p><b>2. Come possiamo garantire la qualit\u00e0?<\/b><br \/>\nSempre un campione di pre-produzione prima della produzione di massa;<br \/>\nIspezione finale prima della spedizione;<\/p>\n<p><b>3. Cosa potete acquistare da noi?<\/b><br \/>\nFilo di saldatura, barra saldante, pasta saldante, filo di rame, filo di alluminio<\/p>\n<p><b>4. Perch\u00e9 dovreste acquistare da noi e non da altri fornitori?<\/b><br \/>\nKewei Tin manufaturer, si concentra principalmente sulla R&amp;S dei prodotti di saldatura, sulla produzione e sulla distribuzione in tutto il mondo. Attualmente disponiamo di filo per saldatura\/barre saldanti\/pasta saldante\/sfere di stagno\/flusso di saldatura\/pasta di fluido in prodotti senza piombo\/algo, strumenti hardware ecc.<\/p>\n<p><b>5. Quali servizi possiamo fornire?<\/b><br \/>\nTermini di consegna accettati: FOB, CFR, CIF, EXW, DDP, DDU, Consegna espressa\uff1b<br \/>\nValuta di pagamento accettata: USD, EUR, JPY, CAD, AUD, HKD, CNY;<br \/>\nTipo di pagamento accettato: T\/T, PayPal, Western Union, contanti;<br \/>\nLingua parlata: inglese, cinese, spagnolo, giapponese, portoghese, tedesco, arabo, francese, russo, coreano, hindi, italiano.<\/p>","protected":false},"excerpt":{"rendered":"<ol>\n<li><strong>Qualit\u00e0 costante:<\/strong>\u00a0Un fornitore affidabile garantisce un filo di saldatura di alta qualit\u00e0 che soddisfa gli standard industriali, migliorando le prestazioni e la durata dei vostri prodotti elettronici.<\/li>\n<li><strong>Ampia gamma di opzioni:<\/strong>\u00a0Accesso a una vasta selezione di tipi e specifiche di fili di saldatura, che vi consente di trovare l'abbinamento perfetto per varie applicazioni ed esigenze tecniche.<\/li>\n<li><strong>Prezzi competitivi:<\/strong>\u00a0Approfittate di strategie di prezzo convenienti che aiutano a ridurre i costi di produzione mantenendo una qualit\u00e0 e un'affidabilit\u00e0 del prodotto superiori.<\/li>\n<li><strong>Supporto di esperti:<\/strong>\u00a0Godete di un'assistenza clienti dedicata e di un'esperienza tecnica che vi assicuri una guida e soluzioni su misura per le vostre specifiche esigenze di produzione.<\/li>\n<\/ol>","protected":false},"featured_media":2030,"template":"","meta":[],"product_brand":[],"product_cat":[15,41],"product_tag":[],"class_list":{"0":"post-2029","1":"product","2":"type-product","3":"status-publish","4":"has-post-thumbnail","6":"product_cat-solder-wire","7":"product_cat-lead-solder-wire","9":"first","10":"instock","11":"shipping-taxable","12":"product-type-simple"},"yoast_head":"<!-- This site is optimized with the Yoast SEO plugin v25.5 - https:\/\/yoast.com\/wordpress\/plugins\/seo\/ -->\n<title>Top-Quality Solder Wire Supplier for Reliable Electronics Manufacturing<\/title>\n<meta name=\"description\" content=\"Partner with us for premium solder wire solutions tailored to enhance your electronics manufacturing. Experience unmatched quality and service from a trusted supplier.\" \/>\n<meta name=\"robots\" content=\"index, follow, max-snippet:-1, max-image-preview:large, max-video-preview:-1\" \/>\n<link rel=\"canonical\" href=\"https:\/\/keweisolder.com\/it\/manufacturer\/lead-solder-wire-sn60pb40\/\" \/>\n<meta property=\"og:locale\" content=\"it_IT\" \/>\n<meta property=\"og:type\" content=\"article\" \/>\n<meta property=\"og:title\" content=\"Top-Quality Solder Wire Supplier for Reliable Electronics Manufacturing\" \/>\n<meta property=\"og:description\" content=\"Partner with us for premium solder wire solutions tailored to enhance your electronics manufacturing. Experience unmatched quality and service from a trusted supplier.\" \/>\n<meta property=\"og:url\" content=\"https:\/\/keweisolder.com\/it\/manufacturer\/lead-solder-wire-sn60pb40\/\" \/>\n<meta property=\"og:site_name\" content=\"Kewei Industries HK Limited\" \/>\n<meta property=\"article:modified_time\" content=\"2024-12-28T07:13:52+00:00\" \/>\n<meta property=\"og:image\" content=\"https:\/\/keweisolder.com\/wp-content\/uploads\/2024\/12\/lead-solder-wire-6040.webp\" \/>\n\t<meta property=\"og:image:width\" content=\"600\" \/>\n\t<meta property=\"og:image:height\" content=\"600\" \/>\n\t<meta property=\"og:image:type\" content=\"image\/webp\" \/>\n<meta name=\"twitter:card\" content=\"summary_large_image\" \/>\n<meta name=\"twitter:label1\" content=\"Tempo di lettura stimato\" \/>\n\t<meta name=\"twitter:data1\" content=\"3 minuti\" \/>\n<script type=\"application\/ld+json\" class=\"yoast-schema-graph\">{\"@context\":\"https:\/\/schema.org\",\"@graph\":[{\"@type\":\"WebPage\",\"@id\":\"https:\/\/keweisolder.com\/manufacturer\/lead-solder-wire-sn60pb40\/\",\"url\":\"https:\/\/keweisolder.com\/manufacturer\/lead-solder-wire-sn60pb40\/\",\"name\":\"Top-Quality Solder Wire Supplier for Reliable Electronics Manufacturing\",\"isPartOf\":{\"@id\":\"https:\/\/keweisolder.com\/#website\"},\"primaryImageOfPage\":{\"@id\":\"https:\/\/keweisolder.com\/manufacturer\/lead-solder-wire-sn60pb40\/#primaryimage\"},\"image\":{\"@id\":\"https:\/\/keweisolder.com\/manufacturer\/lead-solder-wire-sn60pb40\/#primaryimage\"},\"thumbnailUrl\":\"https:\/\/keweisolder.com\/wp-content\/uploads\/2024\/12\/lead-solder-wire-6040.webp\",\"datePublished\":\"2024-12-28T06:54:38+00:00\",\"dateModified\":\"2024-12-28T07:13:52+00:00\",\"description\":\"Partner with us for premium solder wire solutions tailored to enhance your electronics manufacturing. Experience unmatched quality and service from a trusted supplier.\",\"breadcrumb\":{\"@id\":\"https:\/\/keweisolder.com\/manufacturer\/lead-solder-wire-sn60pb40\/#breadcrumb\"},\"inLanguage\":\"it-IT\",\"potentialAction\":[{\"@type\":\"ReadAction\",\"target\":[\"https:\/\/keweisolder.com\/manufacturer\/lead-solder-wire-sn60pb40\/\"]}]},{\"@type\":\"ImageObject\",\"inLanguage\":\"it-IT\",\"@id\":\"https:\/\/keweisolder.com\/manufacturer\/lead-solder-wire-sn60pb40\/#primaryimage\",\"url\":\"https:\/\/keweisolder.com\/wp-content\/uploads\/2024\/12\/lead-solder-wire-6040.webp\",\"contentUrl\":\"https:\/\/keweisolder.com\/wp-content\/uploads\/2024\/12\/lead-solder-wire-6040.webp\",\"width\":600,\"height\":600,\"caption\":\"lead solder wire 6040\"},{\"@type\":\"BreadcrumbList\",\"@id\":\"https:\/\/keweisolder.com\/manufacturer\/lead-solder-wire-sn60pb40\/#breadcrumb\",\"itemListElement\":[{\"@type\":\"ListItem\",\"position\":1,\"name\":\"Home\",\"item\":\"https:\/\/keweisolder.com\/\"},{\"@type\":\"ListItem\",\"position\":2,\"name\":\"Products\",\"item\":\"https:\/\/keweisolder.com\/shop\/\"},{\"@type\":\"ListItem\",\"position\":3,\"name\":\"Lead Solder Wire Sn60Pb40\"}]},{\"@type\":\"WebSite\",\"@id\":\"https:\/\/keweisolder.com\/#website\",\"url\":\"https:\/\/keweisolder.com\/\",\"name\":\"Kewei Industries HK Limited\",\"description\":\"Tin factoty mainly making soldering related products.\",\"potentialAction\":[{\"@type\":\"SearchAction\",\"target\":{\"@type\":\"EntryPoint\",\"urlTemplate\":\"https:\/\/keweisolder.com\/?s={search_term_string}\"},\"query-input\":{\"@type\":\"PropertyValueSpecification\",\"valueRequired\":true,\"valueName\":\"search_term_string\"}}],\"inLanguage\":\"it-IT\"}]}<\/script>\n<!-- \/ Yoast SEO plugin. -->","yoast_head_json":{"title":"Fornitore di fili per saldatura di alta qualit\u00e0 per una produzione elettronica affidabile","description":"Collaborate con noi per ottenere soluzioni di filo di saldatura di qualit\u00e0 superiore, studiate su misura per migliorare la vostra produzione elettronica. Provate la qualit\u00e0 e il servizio impareggiabili di un fornitore di fiducia.","robots":{"index":"index","follow":"follow","max-snippet":"max-snippet:-1","max-image-preview":"max-image-preview:large","max-video-preview":"max-video-preview:-1"},"canonical":"https:\/\/keweisolder.com\/it\/manufacturer\/lead-solder-wire-sn60pb40\/","og_locale":"it_IT","og_type":"article","og_title":"Top-Quality Solder Wire Supplier for Reliable Electronics Manufacturing","og_description":"Partner with us for premium solder wire solutions tailored to enhance your electronics manufacturing. Experience unmatched quality and service from a trusted supplier.","og_url":"https:\/\/keweisolder.com\/it\/manufacturer\/lead-solder-wire-sn60pb40\/","og_site_name":"Kewei Industries HK Limited","article_modified_time":"2024-12-28T07:13:52+00:00","og_image":[{"width":600,"height":600,"url":"https:\/\/keweisolder.com\/wp-content\/uploads\/2024\/12\/lead-solder-wire-6040.webp","type":"image\/webp"}],"twitter_card":"summary_large_image","twitter_misc":{"Tempo di lettura stimato":"3 minuti"},"schema":{"@context":"https:\/\/schema.org","@graph":[{"@type":"WebPage","@id":"https:\/\/keweisolder.com\/manufacturer\/lead-solder-wire-sn60pb40\/","url":"https:\/\/keweisolder.com\/manufacturer\/lead-solder-wire-sn60pb40\/","name":"Fornitore di fili per saldatura di alta qualit\u00e0 per una produzione elettronica affidabile","isPartOf":{"@id":"https:\/\/keweisolder.com\/#website"},"primaryImageOfPage":{"@id":"https:\/\/keweisolder.com\/manufacturer\/lead-solder-wire-sn60pb40\/#primaryimage"},"image":{"@id":"https:\/\/keweisolder.com\/manufacturer\/lead-solder-wire-sn60pb40\/#primaryimage"},"thumbnailUrl":"https:\/\/keweisolder.com\/wp-content\/uploads\/2024\/12\/lead-solder-wire-6040.webp","datePublished":"2024-12-28T06:54:38+00:00","dateModified":"2024-12-28T07:13:52+00:00","description":"Collaborate con noi per ottenere soluzioni di filo di saldatura di qualit\u00e0 superiore, studiate su misura per migliorare la vostra produzione elettronica. Provate la qualit\u00e0 e il servizio impareggiabili di un fornitore di fiducia.","breadcrumb":{"@id":"https:\/\/keweisolder.com\/manufacturer\/lead-solder-wire-sn60pb40\/#breadcrumb"},"inLanguage":"it-IT","potentialAction":[{"@type":"ReadAction","target":["https:\/\/keweisolder.com\/manufacturer\/lead-solder-wire-sn60pb40\/"]}]},{"@type":"ImageObject","inLanguage":"it-IT","@id":"https:\/\/keweisolder.com\/manufacturer\/lead-solder-wire-sn60pb40\/#primaryimage","url":"https:\/\/keweisolder.com\/wp-content\/uploads\/2024\/12\/lead-solder-wire-6040.webp","contentUrl":"https:\/\/keweisolder.com\/wp-content\/uploads\/2024\/12\/lead-solder-wire-6040.webp","width":600,"height":600,"caption":"lead solder wire 6040"},{"@type":"BreadcrumbList","@id":"https:\/\/keweisolder.com\/manufacturer\/lead-solder-wire-sn60pb40\/#breadcrumb","itemListElement":[{"@type":"ListItem","position":1,"name":"Home","item":"https:\/\/keweisolder.com\/"},{"@type":"ListItem","position":2,"name":"Products","item":"https:\/\/keweisolder.com\/shop\/"},{"@type":"ListItem","position":3,"name":"Lead Solder Wire Sn60Pb40"}]},{"@type":"WebSite","@id":"https:\/\/keweisolder.com\/#website","url":"https:\/\/keweisolder.com\/","name":"Kewei Industries HK Limited","description":"La fabbrica di stagno produce principalmente prodotti per la saldatura.","potentialAction":[{"@type":"SearchAction","target":{"@type":"EntryPoint","urlTemplate":"https:\/\/keweisolder.com\/?s={search_term_string}"},"query-input":{"@type":"PropertyValueSpecification","valueRequired":true,"valueName":"search_term_string"}}],"inLanguage":"it-IT"}]}},"_links":{"self":[{"href":"https:\/\/keweisolder.com\/it\/wp-json\/wp\/v2\/product\/2029","targetHints":{"allow":["GET"]}}],"collection":[{"href":"https:\/\/keweisolder.com\/it\/wp-json\/wp\/v2\/product"}],"about":[{"href":"https:\/\/keweisolder.com\/it\/wp-json\/wp\/v2\/types\/product"}],"wp:featuredmedia":[{"embeddable":true,"href":"https:\/\/keweisolder.com\/it\/wp-json\/wp\/v2\/media\/2030"}],"wp:attachment":[{"href":"https:\/\/keweisolder.com\/it\/wp-json\/wp\/v2\/media?parent=2029"}],"wp:term":[{"taxonomy":"product_brand","embeddable":true,"href":"https:\/\/keweisolder.com\/it\/wp-json\/wp\/v2\/product_brand?post=2029"},{"taxonomy":"product_cat","embeddable":true,"href":"https:\/\/keweisolder.com\/it\/wp-json\/wp\/v2\/product_cat?post=2029"},{"taxonomy":"product_tag","embeddable":true,"href":"https:\/\/keweisolder.com\/it\/wp-json\/wp\/v2\/product_tag?post=2029"}],"curies":[{"name":"wp","href":"https:\/\/api.w.org\/{rel}","templated":true}]}}